{"id":836,"date":"2022-11-27T00:45:55","date_gmt":"2022-11-27T00:45:55","guid":{"rendered":"https:\/\/mtn.cm\/\/?page_id=836"},"modified":"2022-12-22T10:18:49","modified_gmt":"2022-12-22T10:18:49","slug":"values","status":"publish","type":"page","link":"https:\/\/mtn.cm\/fr\/about\/our-story\/values\/","title":{"rendered":"Values"},"content":{"rendered":"<div class=\"single-banner-section\">\n    \n            <div id=\"banner-block_d934788d2afecf0daefb1e83368521c2\" class=\"banner alignwide\">\n                <div class=\"banner-section desktop-only alignedBottom textLight dark-overlay\" style=\"background:url(https:\/\/mtn.cm\/wp-content\/uploads\/2022\/11\/MTN_Mass_613681254-scaled.jpg);background-size: cover;background-position:center center;\">\n                    <div class =\"banner-heading-section\">    \n                        <div class=\"banner-section-container\">\n                                                     <p class=\"mtn-page-title yello-title\">\u00c0 propos de nous<\/p>\n                                                                                  <h1 class=\"mtn-heading yello-heading\"><p>Notre conviction, notre vision, notre objectif et notre strat\u00e9gie<\/p>\n<\/h1>\n                                                                             <p class=\"mtn-subheading yello-subheading\">Trouver ici plus d'information sur nous<\/p>\n                                                   \n                \n            \n                        <\/div>\n                      \n                    <\/div>\n                <\/div>\n                \n                <div class=\"banner-section mobile-only alignedBottom textLight dark-overlay\" style=\"background:url(https:\/\/mtn.cm\/wp-content\/uploads\/2022\/11\/MTN_Mass_613681254-scaled.jpg);background-size: cover;background-position:center center;\">\n                    <div class =\"banner-heading-section\">    \n                        <div class=\"banner-section-container\">\n                                                     <p class=\"mtn-page-title yello-title\">\u00c0 propos de nous<\/p>\n                                                                                  <h1 class=\"mtn-heading yello-heading\"><p>Notre conviction, notre vision, notre objectif et notre strat\u00e9gie<\/p>\n<\/h1>\n                                                                             <p class=\"mtn-subheading yello-subheading\">Trouver ici plus d'information sur nous<\/p>\n                                \n                        <\/div>\n                      \n                    <\/div>\n\n                <\/div>\n\n                <div class=\"banner-divider\">\n                <\/div>\n            <\/div>\n    \n            <\/div>\n\n\n\n<div id=\"section-paragraph-block_35b1c5cdc89f856a4808e996667b934a\" class=\"section-paragraph has-text-align-left\">\n<div class=\"mtn-body-text mtn-section paragraph\"><p>MTN est un op\u00e9rateur mobile \u00e9mergent \u00e0 la pointe du changement technologique et num\u00e9rique. De notre si\u00e8ge social \u00e0 Johannesburg et guid\u00e9s par nos valeurs, nous offrons un nouveau monde audacieux et num\u00e9rique \u00e0 nos clients en Afrique et au Moyen-Orient.Orient - l'une des r\u00e9gions les plus dynamiques au monde pour les t\u00e9l\u00e9communications mobiles.<\/p>\n<p>\u00c9tablis en Afrique du Sud \u00e0 l'aube de la d\u00e9mocratie en tant que leader de la transformation, nous avons connu une croissance rapide en investissant dans les technologies de pointe. infrastructure de communication et mise \u00e0 profit du talent de notre personnel. Nous offrons d\u00e9sormais des services voix, donn\u00e9es et num\u00e9rique aux commer\u00e7ants. clients dans les 21 pays dans lesquels nos op\u00e9rations sont des t\u00e9l\u00e9communications sous licence. Nous proposons \u00e9galement des solutions d'entreprise aux entreprises et aux clients du secteur public dans 23 pays au total.<\/p>\n<p>Notre marque est l'une des marques les plus admir\u00e9es en Afrique ainsi que certaines des marques africaines les plus pr\u00e9cieuses.<\/p>\n<p>&nbsp;<\/p>\n<\/div>\n<\/div>\n\n<div id=\"callout-large-block_598e188283f6968435e6083717c62f17\" class=\"callout-large\">\n    <div class=\"callout-section desktop-only overlaydark callout-content\" style=\"background:url(https:\/\/mtn.cm\/wp-content\/uploads\/2022\/11\/MTN_Mass_627662744-scaled.jpg);background-size:cover;background-position:center;\">\n        <div class =\"callout-cta-section textLight\">    \n            <h4 class = \"mtn-heading\">Nos valeurs<\/h4>\n            <p class =\"mtn-body-text\">En savoir plus sur notre conviction, notre vision, notre objectif et notre strat\u00e9gie<\/p>\n                    <\/div>\n    <\/div>\n\n    <div class=\"callout-section mobile-only overlaydark callout-content\" style=\"background:url(https:\/\/mtn.cm\/wp-content\/uploads\/2022\/11\/MTN_Mass_627662744-scaled.jpg);background-size:cover;background-position:center;\">\n        <div class =\"callout-cta-section textLight\">    \n            <h4 class = \"mtn-heading\">Nos valeurs<\/h4>\n            <p class =\"mtn-body-text\">En savoir plus sur notre conviction, notre vision, notre objectif et notre strat\u00e9gie<\/p>\n                    <\/div>\n    <\/div>\n<\/div>\n\n<div id=\"icon_with_text-block_f53d2f6c8501ce0608e498df71fc0cf9\" class=\"icon-with-text\">\n    <div class=\"text-icon-card-section\">\n                <div class=\"icon-card-grid displayCarousel\">\n                        <div class=\"icon-card\">\n                <div class=\"card-img-section\">\n                    <img decoding=\"async\" src=\"https:\/\/mtn.cm\/wp-content\/uploads\/2022\/11\/ic_INTERNET.svg\" alt=\"Our belief\">\n                <\/div>\n                <div class=\"icon-card-text-content\">\n                <p class=\"icon-card-label mtn-heading\">Notre conviction<\/p>\n                <div class=\"mtn-body-text\"><p>est que tout le monde m\u00e9rite les avantages d'une vie moderne et connect\u00e9e.<\/p>\n<\/div>\n                <\/div>\n            \n            <\/div>\n                        <div class=\"icon-card\">\n                <div class=\"card-img-section\">\n                    <img decoding=\"async\" src=\"https:\/\/mtn.cm\/wp-content\/uploads\/2022\/11\/operation.svg\" alt=\"Our Vision\">\n                <\/div>\n                <div class=\"icon-card-text-content\">\n                <p class=\"icon-card-label mtn-heading\">Notre vision<\/p>\n                <div class=\"mtn-body-text\"><p>dirige la livraison d'un nouveau monde audacieux et num\u00e9rique \u00e0 nos clients.<\/p>\n<\/div>\n                <\/div>\n            \n            <\/div>\n                        <div class=\"icon-card\">\n                <div class=\"card-img-section\">\n                    <img decoding=\"async\" src=\"https:\/\/mtn.cm\/wp-content\/uploads\/2022\/11\/about.svg\" alt=\"Our Goal\">\n                <\/div>\n                <div class=\"icon-card-text-content\">\n                <p class=\"icon-card-label mtn-heading\">Notre objectif<\/p>\n                <div class=\"mtn-body-text\"><p>est de rendre la vie de nos clients beaucoup PLUS \u00c9CLATANTE.<\/p>\n<\/div>\n                <\/div>\n            \n            <\/div>\n                        <div class=\"icon-card\">\n                <div class=\"card-img-section\">\n                    <img decoding=\"async\" src=\"https:\/\/mtn.cm\/wp-content\/uploads\/2022\/11\/subscribers.svg\" alt=\"Our Strategy\">\n                <\/div>\n                <div class=\"icon-card-text-content\">\n                <p class=\"icon-card-label mtn-heading\">Notre strat\u00e9gie<\/p>\n                <div class=\"mtn-body-text\"><p>La strat\u00e9gie op\u00e9rationnelle BRIGHT sert de boussole \u00e0 tous les MTNers<\/p>\n<\/div>\n                <\/div>\n            \n            <\/div>\n                    <\/div>\n            <\/div>\n<\/div>","protected":false},"excerpt":{"rendered":"","protected":false},"author":2,"featured_media":0,"parent":832,"menu_order":0,"comment_status":"closed","ping_status":"closed","template":"","meta":{"_acf_changed":false,"footnotes":""},"class_list":["post-836","page","type-page","status-publish","hentry"],"acf":[],"_links":{"self":[{"href":"https:\/\/mtn.cm\/fr\/wp-json\/wp\/v2\/pages\/836","targetHints":{"allow":["GET"]}}],"collection":[{"href":"https:\/\/mtn.cm\/fr\/wp-json\/wp\/v2\/pages"}],"about":[{"href":"https:\/\/mtn.cm\/fr\/wp-json\/wp\/v2\/types\/page"}],"author":[{"embeddable":true,"href":"https:\/\/mtn.cm\/fr\/wp-json\/wp\/v2\/users\/2"}],"replies":[{"embeddable":true,"href":"https:\/\/mtn.cm\/fr\/wp-json\/wp\/v2\/comments?post=836"}],"version-history":[{"count":16,"href":"https:\/\/mtn.cm\/fr\/wp-json\/wp\/v2\/pages\/836\/revisions"}],"predecessor-version":[{"id":19163,"href":"https:\/\/mtn.cm\/fr\/wp-json\/wp\/v2\/pages\/836\/revisions\/19163"}],"up":[{"embeddable":true,"href":"https:\/\/mtn.cm\/fr\/wp-json\/wp\/v2\/pages\/832"}],"wp:attachment":[{"href":"https:\/\/mtn.cm\/fr\/wp-json\/wp\/v2\/media?parent=836"}],"curies":[{"name":"wp","href":"https:\/\/api.w.org\/{rel}","templated":true}]}}