{"id":834,"date":"2022-11-27T00:45:33","date_gmt":"2022-11-27T00:45:33","guid":{"rendered":"https:\/\/mtn.cm\/\/?page_id=834"},"modified":"2022-12-22T10:16:26","modified_gmt":"2022-12-22T10:16:26","slug":"history","status":"publish","type":"page","link":"https:\/\/mtn.cm\/fr\/about\/our-story\/history\/","title":{"rendered":"L'histoire"},"content":{"rendered":"<div class=\"single-banner-section\">\n    \n            <div id=\"banner-block_e624c5572de3291fc0a570d3284e17c9\" class=\"banner alignwide\">\n                <div class=\"banner-section desktop-only alignedBottom textLight dark-overlay\" style=\"background:url(https:\/\/mtn.cm\/wp-content\/uploads\/2022\/11\/MTN_Youth_680263621.jpg);background-size: cover;background-position:center center;\">\n                    <div class =\"banner-heading-section\">    \n                        <div class=\"banner-section-container\">\n                                                     <p class=\"mtn-page-title yello-title\">\u00c0 propos de nous<\/p>\n                                                                                  <h1 class=\"mtn-heading yello-heading\"><p>Notre histoire<\/p>\n<\/h1>\n                                                                             <p class=\"mtn-subheading yello-subheading\">Trouver ici plus d'information sur nous<\/p>\n                                                   \n                \n            \n                        <\/div>\n                      \n                    <\/div>\n                <\/div>\n                \n                <div class=\"banner-section mobile-only alignedBottom textLight dark-overlay\" style=\"background:url(https:\/\/mtn.cm\/wp-content\/uploads\/2022\/11\/MTN_Youth_680263621.jpg);background-size: cover;background-position:center center;\">\n                    <div class =\"banner-heading-section\">    \n                        <div class=\"banner-section-container\">\n                                                     <p class=\"mtn-page-title yello-title\">\u00c0 propos de nous<\/p>\n                                                                                  <h1 class=\"mtn-heading yello-heading\"><p>Notre histoire<\/p>\n<\/h1>\n                                                                             <p class=\"mtn-subheading yello-subheading\">Trouver ici plus d'information sur nous<\/p>\n                                \n                        <\/div>\n                      \n                    <\/div>\n\n                <\/div>\n\n                <div class=\"banner-divider\">\n                <\/div>\n            <\/div>\n    \n            <\/div>\n\n\n\n<div class=\"wp-block-columns is-layout-flex wp-container-core-columns-is-layout-2671a238 wp-block-columns-is-layout-flex\" style=\"margin-top:var(--wp--preset--spacing--20);margin-bottom:var(--wp--preset--spacing--20);padding-top:var(--wp--preset--spacing--20);padding-right:var(--wp--preset--spacing--20);padding-bottom:var(--wp--preset--spacing--20);padding-left:var(--wp--preset--spacing--20)\">\n<div class=\"wp-block-column is-layout-flow wp-block-column-is-layout-flow\"><div id=\"section-heading-block_a1ef9989562d9387e9e733e9e759cee8\" class=\"section-heading has-text-align-left\">\n<div class=\"mtn-section\">\n<h3 class=\"mtn-heading size- section-heading\">Une Filiale<\/h3>\n<\/div>\n<\/div>\n\n\n<div id=\"section-paragraph-block_36ab8246fe225aa241f36a079c121666\" class=\"section-paragraph has-text-align-left\">\n<div class=\"mtn-body-text mtn-section paragraph\"><p>MTN Cameroun (MTNC) est une filiale du Groupe MTN cr\u00e9\u00e9e le 15 f\u00e9vrier 2000, suite \u00e0 l'acquisition par MTN International du premier op\u00e9rateur mobile au Cameroun, CAMTEL Mobile. En 19 ans d'activit\u00e9, MTN Cameroun s'est impos\u00e9 comme le leader du march\u00e9 des communications \u00e9lectroniques au Cameroun, et un partenaire incontournable de la croissance socio-\u00e9conomique du Cameroun.<\/p>\n<p>&nbsp;<\/p>\n<p>&nbsp;<\/p>\n<\/div>\n<\/div><\/div>\n\n\n\n<div class=\"wp-block-column is-layout-constrained wp-block-column-is-layout-constrained\"><div id=\"callout-large-block_df2c2492faaa91a2a4265c0e1f1097fa\" class=\"callout-large\">\n    <div class=\"callout-section desktop-only overlaynone callout-content\" style=\"background:url(https:\/\/mtn.cm\/wp-content\/uploads\/2022\/11\/MTN_SOHO_470322104-scaled.jpg);background-size:cover;background-position:center;\">\n        <div class =\"callout-cta-section textLight\">    \n            <h4 class = \"mtn-heading\"><\/h4>\n            <p class =\"mtn-body-text\"><\/p>\n                    <\/div>\n    <\/div>\n\n    <div class=\"callout-section mobile-only overlaynone callout-content\" style=\"background:url(https:\/\/mtn.cm\/wp-content\/uploads\/2022\/11\/MTN_SOHO_470322104-scaled.jpg);background-size:cover;background-position:center;\">\n        <div class =\"callout-cta-section textLight\">    \n            <h4 class = \"mtn-heading\"><\/h4>\n            <p class =\"mtn-body-text\"><\/p>\n                    <\/div>\n    <\/div>\n<\/div><\/div>\n<\/div>\n\n\n\n<div class=\"wp-block-columns is-layout-flex wp-container-core-columns-is-layout-2671a238 wp-block-columns-is-layout-flex\" style=\"margin-top:var(--wp--preset--spacing--20);margin-bottom:var(--wp--preset--spacing--20);padding-top:var(--wp--preset--spacing--20);padding-right:var(--wp--preset--spacing--20);padding-bottom:var(--wp--preset--spacing--20);padding-left:var(--wp--preset--spacing--20)\">\n<div class=\"wp-block-column is-layout-flow wp-block-column-is-layout-flow\"><div id=\"callout-large-block_f3b877747f8c4e0eab198db2dc1ae7f8\" class=\"callout-large\">\n    <div class=\"callout-section desktop-only overlaynone callout-content\" style=\"background:url(https:\/\/mtn.cm\/wp-content\/uploads\/2022\/11\/MTN_SME_474104309-scaled.jpg);background-size:cover;background-position:center;\">\n        <div class =\"callout-cta-section textLight\">    \n            <h4 class = \"mtn-heading\"><\/h4>\n            <p class =\"mtn-body-text\"><\/p>\n                    <\/div>\n    <\/div>\n\n    <div class=\"callout-section mobile-only overlaynone callout-content\" style=\"background:url(https:\/\/mtn.cm\/wp-content\/uploads\/2022\/11\/MTN_SME_474104309-scaled.jpg);background-size:cover;background-position:center;\">\n        <div class =\"callout-cta-section textLight\">    \n            <h4 class = \"mtn-heading\"><\/h4>\n            <p class =\"mtn-body-text\"><\/p>\n                    <\/div>\n    <\/div>\n<\/div><\/div>\n\n\n\n<div class=\"wp-block-column is-layout-constrained wp-container-core-column-is-layout-4df79160 wp-block-column-is-layout-constrained\" style=\"padding-top:0;padding-right:0;padding-bottom:0;padding-left:0\"><div id=\"large-heading-block_711f18204618562720f6514056dfe15a\" class=\"large-heading has-text-align-left\">\n<div class=\"mtn-section\">\n<h3 class=\"mtn-heading large-heading\">R\u00f4le majeur<\/h3>\n<\/div>\n<\/div>\n\n\n<div id=\"section-paragraph-block_63c3dfb8eec627f1655cd39eb6a3f9c1\" class=\"section-paragraph has-text-align-left\">\n<div class=\"mtn-body-text mtn-section paragraph\"><p>Depuis sa cr\u00e9ation, MTNC a massivement investi dans la construction d'un r\u00e9seau 2G,3G et 4G qui est aujourd'hui le plus robuste et le plus \u00e9tendu du pays, voire de la sous-r\u00e9gion Afrique centrale. L'extension de ce r\u00e9seau permet \u00e0 MTN de couvrir environ 93% de la population du Cameroun et d'avoir une pr\u00e9sence redondante ainsi qu'un service ininterrompu dans toutes les agglom\u00e9rations de plus de 50 000 habitants.<\/p>\n<\/div>\n<\/div><\/div>\n<\/div>\n\n\n\n<div class=\"wp-block-columns is-layout-flex wp-container-core-columns-is-layout-2671a238 wp-block-columns-is-layout-flex\" style=\"margin-top:var(--wp--preset--spacing--20);margin-bottom:var(--wp--preset--spacing--20);padding-top:var(--wp--preset--spacing--20);padding-right:var(--wp--preset--spacing--20);padding-bottom:var(--wp--preset--spacing--20);padding-left:var(--wp--preset--spacing--20)\">\n<div class=\"wp-block-column is-layout-flow wp-block-column-is-layout-flow\"><div id=\"section-heading-block_3d4a671150beee8703a405b4342c59ea\" class=\"section-heading has-text-align-left\">\n<div class=\"mtn-section\">\n<h3 class=\"mtn-heading size- section-heading\">Grand enjeux<\/h3>\n<\/div>\n<\/div>\n\n\n<div id=\"section-paragraph-block_34df2cd547ba2a3809354ab2a9f4f54d\" class=\"section-paragraph has-text-align-left\">\n<div class=\"mtn-body-text mtn-section paragraph\"><p>MTNC joue un r\u00f4le majeur dans l'\u00e9conomie camerounaise et est l'un de ses plus gros investisseurs priv\u00e9s (environ 1,5 milliard de dollars investis depuis 2000). La MTNC est \u00e9galement le deuxi\u00e8me contributeur aux recettes de l'\u00c9tat en termes de taxes et de droits de douane pay\u00e9s. Les investissements r\u00e9alis\u00e9s par MTNC ont conduit \u00e0 la croissance de plus d'un millier de PME partenaires et fournisseurs de l'entreprise. MTNC propose la connexion du Cameroun au c\u00e2ble sous-marin WACS, un outil strat\u00e9gique qui permet aux pays d'acc\u00e9der \u00e0 un Internet haut d\u00e9bit rentable et abondant.<\/p>\n<\/div>\n<\/div><\/div>\n\n\n\n<div class=\"wp-block-column is-layout-constrained wp-block-column-is-layout-constrained\"><div id=\"callout-large-block_74f3ea9d2bd5ff2ca879d55c0fcefbdd\" class=\"callout-large\">\n    <div class=\"callout-section desktop-only overlaynone callout-content\" style=\"background:url(https:\/\/mtn.cm\/wp-content\/uploads\/2022\/11\/MTN_SME_187616001-scaled.jpg);background-size:cover;background-position:center;\">\n        <div class =\"callout-cta-section textLight\">    \n            <h4 class = \"mtn-heading\"><\/h4>\n            <p class =\"mtn-body-text\"><\/p>\n                    <\/div>\n    <\/div>\n\n    <div class=\"callout-section mobile-only overlaynone callout-content\" style=\"background:url(https:\/\/mtn.cm\/wp-content\/uploads\/2022\/11\/MTN_SME_187616001-scaled.jpg);background-size:cover;background-position:center;\">\n        <div class =\"callout-cta-section textLight\">    \n            <h4 class = \"mtn-heading\"><\/h4>\n            <p class =\"mtn-body-text\"><\/p>\n                    <\/div>\n    <\/div>\n<\/div><\/div>\n<\/div>\n\n\n\n<div class=\"wp-block-columns is-layout-flex wp-container-core-columns-is-layout-2671a238 wp-block-columns-is-layout-flex\" style=\"margin-top:var(--wp--preset--spacing--20);margin-bottom:var(--wp--preset--spacing--20);padding-top:var(--wp--preset--spacing--20);padding-right:var(--wp--preset--spacing--20);padding-bottom:var(--wp--preset--spacing--20);padding-left:var(--wp--preset--spacing--20)\">\n<div class=\"wp-block-column is-layout-flow wp-block-column-is-layout-flow\"><div id=\"callout-large-block_7e7db1cd73a1a6110ede4bc385766026\" class=\"callout-large\">\n    <div class=\"callout-section desktop-only overlaynone callout-content\" style=\"background:url(https:\/\/mtn.cm\/wp-content\/uploads\/2022\/11\/MTN_MNC_870026572-scaled.jpg);background-size:cover;background-position:center;\">\n        <div class =\"callout-cta-section textLight\">    \n            <h4 class = \"mtn-heading\"><\/h4>\n            <p class =\"mtn-body-text\"><\/p>\n                    <\/div>\n    <\/div>\n\n    <div class=\"callout-section mobile-only overlaynone callout-content\" style=\"background:url(https:\/\/mtn.cm\/wp-content\/uploads\/2022\/11\/MTN_MNC_870026572-scaled.jpg);background-size:cover;background-position:center;\">\n        <div class =\"callout-cta-section textLight\">    \n            <h4 class = \"mtn-heading\"><\/h4>\n            <p class =\"mtn-body-text\"><\/p>\n                    <\/div>\n    <\/div>\n<\/div><\/div>\n\n\n\n<div class=\"wp-block-column is-layout-constrained wp-container-core-column-is-layout-4df79160 wp-block-column-is-layout-constrained\" style=\"padding-top:0;padding-right:0;padding-bottom:0;padding-left:0\"><div id=\"large-heading-block_ff17517a60fac51be69cfcd9b5f59a6f\" class=\"large-heading has-text-align-left\">\n<div class=\"mtn-section\">\n<h3 class=\"mtn-heading large-heading\">Depuis la cr\u00e9ation<\/h3>\n<\/div>\n<\/div>\n\n\n<div id=\"section-paragraph-block_771fbef2840b4e25c7121767613eb013\" class=\"section-paragraph has-text-align-left\">\n<div class=\"mtn-body-text mtn-section paragraph\"><p>Depuis l'an 2000, MTNC a cr\u00e9\u00e9 en moyenne 74 nouveaux emplois directs chaque ann\u00e9e soit au total plus d'un millier d'emplois directs dont 40% sont occup\u00e9s par des femmes. Le dynamisme de son activit\u00e9 assure un revenu quotidien \u00e0 environ  200 000 familles.<\/p>\n<p>En 2005, MTN cr\u00e9e la toute premi\u00e8re fondation d'entreprise au Cameroun \u00e0 laquelle est affect\u00e9 1% de son b\u00e9n\u00e9fice apr\u00e8s imp\u00f4t. Cette fondation contribue au bien-\u00eatre des communaut\u00e9s dans les domaines de la sant\u00e9, du d\u00e9veloppement communautaire et de l'\u00e9ducation.<\/p>\n<\/div>\n<\/div><\/div>\n<\/div>","protected":false},"excerpt":{"rendered":"","protected":false},"author":2,"featured_media":0,"parent":832,"menu_order":0,"comment_status":"closed","ping_status":"closed","template":"","meta":{"_acf_changed":false,"footnotes":""},"class_list":["post-834","page","type-page","status-publish","hentry"],"acf":[],"_links":{"self":[{"href":"https:\/\/mtn.cm\/fr\/wp-json\/wp\/v2\/pages\/834","targetHints":{"allow":["GET"]}}],"collection":[{"href":"https:\/\/mtn.cm\/fr\/wp-json\/wp\/v2\/pages"}],"about":[{"href":"https:\/\/mtn.cm\/fr\/wp-json\/wp\/v2\/types\/page"}],"author":[{"embeddable":true,"href":"https:\/\/mtn.cm\/fr\/wp-json\/wp\/v2\/users\/2"}],"replies":[{"embeddable":true,"href":"https:\/\/mtn.cm\/fr\/wp-json\/wp\/v2\/comments?post=834"}],"version-history":[{"count":41,"href":"https:\/\/mtn.cm\/fr\/wp-json\/wp\/v2\/pages\/834\/revisions"}],"predecessor-version":[{"id":13436,"href":"https:\/\/mtn.cm\/fr\/wp-json\/wp\/v2\/pages\/834\/revisions\/13436"}],"up":[{"embeddable":true,"href":"https:\/\/mtn.cm\/fr\/wp-json\/wp\/v2\/pages\/832"}],"wp:attachment":[{"href":"https:\/\/mtn.cm\/fr\/wp-json\/wp\/v2\/media?parent=834"}],"curies":[{"name":"wp","href":"https:\/\/api.w.org\/{rel}","templated":true}]}}