{"id":832,"date":"2022-11-27T00:45:11","date_gmt":"2022-11-27T00:45:11","guid":{"rendered":"https:\/\/mtn.cm\/\/?page_id=832"},"modified":"2023-01-30T15:20:34","modified_gmt":"2023-01-30T15:20:34","slug":"our-story","status":"publish","type":"page","link":"https:\/\/mtn.cm\/fr\/about\/our-story\/","title":{"rendered":"Notre histoire"},"content":{"rendered":"<div class=\"single-banner-section\">\n    \n            <div id=\"banner-block_fbe52cd9b691649f392bbd97f4c31ddf\" class=\"banner alignwide\">\n                <div class=\"banner-section desktop-only alignedBottom textLight dark-overlay\" style=\"background:url(https:\/\/mtn.cm\/wp-content\/uploads\/2022\/11\/MTN_Youth_680263621.jpg);background-size: cover;background-position:center center;\">\n                    <div class =\"banner-heading-section\">    \n                        <div class=\"banner-section-container\">\n                                                                             <h1 class=\"mtn-heading yello-heading\"><p>Qui nous sommes<\/p>\n<\/h1>\n                                                                             <p class=\"mtn-subheading yello-subheading\">Trouver ici plus d'information sur nous<\/p>\n                                                   \n                \n            \n                        <\/div>\n                      \n                    <\/div>\n                <\/div>\n                \n                <div class=\"banner-section mobile-only alignedBottom textLight dark-overlay\" style=\"background:url(https:\/\/mtn.cm\/wp-content\/uploads\/2022\/11\/MTN_Youth_680263621.jpg);background-size: cover;background-position:center center;\">\n                    <div class =\"banner-heading-section\">    \n                        <div class=\"banner-section-container\">\n                                                                             <h1 class=\"mtn-heading yello-heading\"><p>Qui nous sommes<\/p>\n<\/h1>\n                                                                             <p class=\"mtn-subheading yello-subheading\">Trouver ici plus d'information sur nous<\/p>\n                                \n                        <\/div>\n                      \n                    <\/div>\n\n                <\/div>\n\n                <div class=\"banner-divider\">\n                <\/div>\n            <\/div>\n    \n            <\/div>\n\n\n<div id=\"section-intro-block_f1b3cfe8650d59560c78bf56edc235c5\" class=\"section-intro has-text-align-left\">\n<div class=\"mtn-body-text mtn-section intro- intro\"><p>MTN est un op\u00e9rateur innovant qui contribue de mani\u00e8re significative au d\u00e9veloppement de l'\u00e9conomie num\u00e9rique, devenue un relais de croissance majeur au Cameroun.<\/p>\n<\/div>\n<\/div>\n\n\n<div id=\"section-paragraph-block_8320256ffe14fee9fe12b79499dc088f\" class=\"section-paragraph has-text-align-left\">\n<div class=\"mtn-body-text mtn-section paragraph\"><p>MTN Cameroun (MTNC) est une filiale du Groupe MTN cr\u00e9\u00e9e le 15 f\u00e9vrier 2000, suite \u00e0 l'acquisition par MTN International du premier op\u00e9rateur mobile au Cameroun, CAMTEL Mobile. En 20 ans d'activit\u00e9, MTN Cameroun s'est impos\u00e9 comme le leader du march\u00e9 des communications \u00e9lectroniques au Cameroun, et partenaire incontournable de la croissance socio-\u00e9conomique du pays.<\/p>\n<ul>\n<li>Depuis sa cr\u00e9ation, MTN Cameroun a beaucoup investi dans la construction d'un r\u00e9seau de t\u00e9l\u00e9communications 2G, 3G, 4G et 4.5G qui est aujourd'hui le plus solide et le plus \u00e9tendu du pays, voire de toute la sous-r\u00e9gion Afrique centrale. L'\u00e9tendue de ce r\u00e9seau permet \u00e0 MTN de couvrir pr\u00e8s de 97% de la population camerounaise et d'avoir une pr\u00e9sence redondante ainsi qu'un service ininterrompu dans plus de 7 400 villes et villages du pays. Ce r\u00e9seau a \u00e9t\u00e9 reconnu \u00e0 plusieurs reprises comme le meilleur et le plus rapide du pays par des agences de classe mondiale telles que Ookla et Rohde &amp; Schwarz.\u00a0<em>Ookla<\/em>\u00a0et\u00a0<em>Rohde &amp; Schwarz.<\/em><\/li>\n<\/ul>\n<p>&nbsp;<\/p>\n<ul>\n<li>La MTNC joue un r\u00f4le majeur dans l'\u00e9conomie camerounaise. La soci\u00e9t\u00e9 est l'un des plus grands investisseurs priv\u00e9s du pays (plus de 1 000 milliards de FCFA investis depuis 2000) et le deuxi\u00e8me contributeur de l'\u00c9tat en termes de taxes, droits, redevances de concession et autres redevances vers\u00e9es avec plus de 1 270 milliards de FCFA en 20 ann\u00e9es d'activit\u00e9. Les investissements r\u00e9alis\u00e9s par MTN Cameroun ont contribu\u00e9 au d\u00e9veloppement d'un millier de PME partenaires et fournisseurs de l'entreprise. Parmi les investissements essentiels de MTN, figure en bonne place la connexion du Cameroun au c\u00e2ble sous-marin WACS, outil strat\u00e9gique qui permet aujourd'hui aux pays d'acc\u00e9der \u00e0 un internet haut d\u00e9bit abondant et \u00e9conomique.<\/li>\n<\/ul>\n<p>&nbsp;<\/p>\n<ul>\n<li>MTN est \u00e0 la pointe de la transformation num\u00e9rique en cours du Cameroun en dotant l'\u00e9conomie num\u00e9rique du pays d'un moyen de paiement simple, accessible et s\u00e9curis\u00e9 : MTN Mobile Money. C'est un service innovant qui facilite le quotidien de millions d'utilisateurs. Toutes les transactions sur cette plateforme sont effectu\u00e9es dans le respect de la r\u00e9glementation en vigueur dans la sous-r\u00e9gion CEMAC. En janvier 2020, MTN Cameroun est devenu le premier op\u00e9rateur de cette sous-r\u00e9gion \u00e0 recevoir la certification GSMA Mobile Money, confirmant ainsi l'excellente qualit\u00e9 des processus qui soutiennent les op\u00e9rations des utilisateurs.<\/li>\n<\/ul>\n<p>&nbsp;<\/p>\n<ul>\n<li>Depuis 2000, MTN Cameroun a cr\u00e9\u00e9 un millier d'emplois directs. Le dynamisme de son activit\u00e9 assure un revenu quotidien \u00e0 plus de 200 000 familles gr\u00e2ce \u00e0 des emplois indirects. De nombreux employ\u00e9s de MTN Cameroun sont devenus des cadres sup\u00e9rieurs de classe mondiale et occupent aujourd'hui des postes de direction au sein du groupe MTN, dans le monde entier. En reconnaissance de sa bonne gestion des ressources humaines, MTN Cameroun a \u00e9t\u00e9 accr\u00e9dit\u00e9 Employeur de choix par la prestigieuse institution britannique Investors In People (IiP).<\/li>\n<\/ul>\n<p>&nbsp;<\/p>\n<p>En 2005, MTN a cr\u00e9\u00e9 la premi\u00e8re fondation d'entreprise au Cameroun et y consacre annuellement 1% de ses b\u00e9n\u00e9fices apr\u00e8s imp\u00f4t. La Fondation contribue au bien-\u00eatre des communaut\u00e9s en \u0153uvrant dans les domaines de la sant\u00e9, du d\u00e9veloppement communautaire et de l'\u00e9ducation. Plus de 3 millions de personnes sont impact\u00e9es quotidiennement par les actions de la Fondation MTN \u00e0 travers 285 localit\u00e9s du pays.<\/p>\n<\/div>\n<\/div>\n\n<div id=\"carousel-block_d6cfe5213f1a6536c9a8ba790a95f832\" class=\"carousel\">\n    <div class=\"carousel-section desktop-only textLight carousel-short\"\n        style=\"background:url(https:\/\/mtn.cm\/wp-content\/uploads\/2022\/11\/MTN_Mass_542928592-scaled.jpg);background-size:cover;background-position:center top;\">\n        <div class=\"carousel-heading-section\">\n            <h2 class=\"mtn-heading\"><\/h2>\n        <\/div>\n                        <div class=\"links-slider\">\n                                <div class=\"mtn-carousel-card\">\n                                            <p class=\"mtn-carousel-card-category\">Notre histoire<\/p>\n                                        <p class=\"mtn-carousel-card-title\">L'histoire<\/p>\n                                            <p class=\"mtn-carousel-card-category\"><\/p>\n                                                                <div class=\"mtn-carousel-card-link\">\n                            <a href=\"https:\/\/mtn.cm\/fr\/about\/our-story\/history\/\">Trouver ici plus d'information sur nous<\/a>\n                        <\/div>\n                                    <\/div>\n                                <div class=\"mtn-carousel-card\">\n                                            <p class=\"mtn-carousel-card-category\">Notre histoire<\/p>\n                                        <p class=\"mtn-carousel-card-title\">Values<\/p>\n                                            <p class=\"mtn-carousel-card-category\"><\/p>\n                                                                <div class=\"mtn-carousel-card-link\">\n                            <a href=\"https:\/\/mtn.cm\/fr\/about\/our-story\/values\/\">Trouver ici plus d'information sur nous<\/a>\n                        <\/div>\n                                    <\/div>\n                            <\/div>\n            \n    <\/div>\n    <div class=\"carousel-section mobile-only textLight carousel-short\"\n        style=\"background:url(https:\/\/mtn.cm\/wp-content\/uploads\/2022\/11\/MTN_Mass_542928592-scaled.jpg);background-size:cover;background-position:center top;\">\n        <div class=\"carousel-heading-section\">\n            <h2 class=\"mtn-heading\"><\/h2>\n        <\/div>\n                        <div class=\"links-slider\">\n                                <div class=\"mtn-carousel-card\">\n                                            <p class=\"mtn-carousel-card-category\">Notre histoire<\/p>\n                                        <p class=\"mtn-carousel-card-title\">L'histoire<\/p>\n                                            <p class=\"mtn-carousel-card-category\"><\/p>\n                                                                <div class=\"mtn-carousel-card-link\">\n                            <a href=\"https:\/\/mtn.cm\/fr\/about\/our-story\/history\/\">Trouver ici plus d'information sur nous<\/a>\n                        <\/div>\n                                    <\/div>\n                                <div class=\"mtn-carousel-card\">\n                                            <p class=\"mtn-carousel-card-category\">Notre histoire<\/p>\n                                        <p class=\"mtn-carousel-card-title\">Values<\/p>\n                                            <p class=\"mtn-carousel-card-category\"><\/p>\n                                                                <div class=\"mtn-carousel-card-link\">\n                            <a href=\"https:\/\/mtn.cm\/fr\/about\/our-story\/values\/\">Trouver ici plus d'information sur nous<\/a>\n                        <\/div>\n                                    <\/div>\n                            <\/div>\n            \n    <\/div>\n\n<\/div>","protected":false},"excerpt":{"rendered":"","protected":false},"author":2,"featured_media":0,"parent":39,"menu_order":0,"comment_status":"closed","ping_status":"closed","template":"","meta":{"_acf_changed":false,"footnotes":""},"class_list":["post-832","page","type-page","status-publish","hentry"],"acf":[],"_links":{"self":[{"href":"https:\/\/mtn.cm\/fr\/wp-json\/wp\/v2\/pages\/832","targetHints":{"allow":["GET"]}}],"collection":[{"href":"https:\/\/mtn.cm\/fr\/wp-json\/wp\/v2\/pages"}],"about":[{"href":"https:\/\/mtn.cm\/fr\/wp-json\/wp\/v2\/types\/page"}],"author":[{"embeddable":true,"href":"https:\/\/mtn.cm\/fr\/wp-json\/wp\/v2\/users\/2"}],"replies":[{"embeddable":true,"href":"https:\/\/mtn.cm\/fr\/wp-json\/wp\/v2\/comments?post=832"}],"version-history":[{"count":6,"href":"https:\/\/mtn.cm\/fr\/wp-json\/wp\/v2\/pages\/832\/revisions"}],"predecessor-version":[{"id":16285,"href":"https:\/\/mtn.cm\/fr\/wp-json\/wp\/v2\/pages\/832\/revisions\/16285"}],"up":[{"embeddable":true,"href":"https:\/\/mtn.cm\/fr\/wp-json\/wp\/v2\/pages\/39"}],"wp:attachment":[{"href":"https:\/\/mtn.cm\/fr\/wp-json\/wp\/v2\/media?parent=832"}],"curies":[{"name":"wp","href":"https:\/\/api.w.org\/{rel}","templated":true}]}}