{"id":808,"date":"2022-11-27T00:34:50","date_gmt":"2022-11-27T00:34:50","guid":{"rendered":"https:\/\/mtn.cm\/\/?page_id=808"},"modified":"2023-01-17T10:28:45","modified_gmt":"2023-01-17T10:28:45","slug":"music","status":"publish","type":"page","link":"https:\/\/mtn.cm\/fr\/play\/music\/","title":{"rendered":"Musique"},"content":{"rendered":"<div class=\"slideshow-section\">\n        <div class=\"banner-slider slides1\">\n        \n            <div id=\"banner-block_246cbc4d8e062c8c024f1ba15625dfe4\" class=\"banner\">\n            <div class=\"banner-section desktop-only alignedTop textLight dark-overlay\" style=\"background:url(https:\/\/mtn.cm\/wp-content\/uploads\/2022\/12\/PLAY-scaled.jpg);background-size:cover;background-position:center center;\">\n                    <div class =\"banner-heading-section\">   \n                        <div class=\"heading-section-container\">\n                                                  <p class=\"mtn-page-title yello-title\">Musique <\/p>\n                                                                            <h1 class=\"mtn-heading yello-heading\"><p>Mucic +<\/p>\n<\/h1> \n                                                                      \n                        <\/div> \n                        \n                    <\/div>\n                    <div class=\"banner-cta-section ctaLight\">\n                        <a href=\"https:\/\/mtn.cm\/fr\/play\/music\/mtn-music\/\"><button>En savoir plus<\/button><\/a>\n                    <\/div>\n            <\/div>\n\n            <div class=\"banner-section mobile-only alignedTop textLight dark-overlay\" style=\"background:url(https:\/\/mtn.cm\/wp-content\/uploads\/2022\/12\/PLAY-scaled.jpg);background-size:cover;background-position:center center;\">\n                    <div class =\"banner-heading-section\">   \n                        <div class=\"heading-section-container\">\n                                                  <p class=\"mtn-page-title yello-title\">Musique <\/p>\n                                                                            <h1 class=\"mtn-heading yello-heading\"><p>Mucic +<\/p>\n<\/h1> \n                                                                        <\/div> \n                        \n                    <\/div>\n                    <div class=\"banner-cta-section ctaLight\">\n                        <a href=\"https:\/\/mtn.cm\/fr\/play\/music\/mtn-music\/\"><button>En savoir plus<\/button><\/a>\n                    <\/div>\n            <\/div>\n\n                <div class=\"banner-divider\">\n                <\/div>\n            <\/div>\n\n                    <\/div>\n\n    \n         <div class=\"slideshow-dots\"><\/div>\n<\/div>\n\n\n\n<div id=\"icon_with_link-block_3413cdfc790f50268ef9644a22104e32\" class=\"icon-with-link\">\n    <div class=\"icon-links-section\">\n                <div class=\"icon-link-grid\">\n                                    <a href=\"https:\/\/mtn.cm\/fr\/play\/music\/mtn-zik\/\" class=\"link-card\">\n                        <div class=\"link-img-section\">\n                            <img decoding=\"async\" src=\"https:\/\/mtn.cm\/wp-content\/uploads\/2022\/12\/music-svgrepo-com.svg\" alt=\"MTN Zik\">\n                        <\/div>\n                      \n                        <p class =\"mtn-body-text link-label-text\">MTN Zik<\/p>\n                             \n                <\/a>\n\n                                    <a href=\"https:\/\/mtn.cm\/fr\/play\/music\/mtn-music\/\" class=\"link-card\">\n                        <div class=\"link-img-section\">\n                            <img decoding=\"async\" src=\"https:\/\/mtn.cm\/wp-content\/uploads\/2022\/12\/video-svgrepo-com.svg\" alt=\"MTN Music +\">\n                        <\/div>\n                      \n                        <p class =\"mtn-body-text link-label-text\">MTN Musique +<\/p>\n                             \n                <\/a>\n\n                        <\/div>\n            <\/div>\n<\/div>\n\n<div id=\"callout-large-block_067f2fe5f077de451737f21f7edd3eb1\" class=\"callout-large\">\n    <div class=\"callout-section desktop-only overlaydark callout-contentTop\" style=\"background:url(https:\/\/mtn.cm\/wp-content\/uploads\/2022\/12\/Bitmap-1.png);background-size:cover;background-position:center;\">\n        <div class =\"callout-cta-section textLight\">    \n            <h4 class = \"mtn-heading\">Diffusez maintenant<\/h4>\n            <p class =\"mtn-body-text\">Diffusez et t\u00e9l\u00e9chargez votre musique pr\u00e9f\u00e9r\u00e9e<\/p>\n                        <a href =\"https:\/\/mtn.cm\/fr\/play\/music\/mtn-music\/\"><button class = \"mtn-button calloutRegular\" >Difussez maintenant<\/button><\/a>\n                    <\/div>\n    <\/div>\n\n    <div class=\"callout-section mobile-only overlaydark callout-contentTop\" style=\"background:url(https:\/\/mtn.cm\/wp-content\/uploads\/2022\/12\/Bitmap-1.png);background-size:cover;background-position:center;\">\n        <div class =\"callout-cta-section textLight\">    \n            <h4 class = \"mtn-heading\">Diffusez maintenant<\/h4>\n            <p class =\"mtn-body-text\">Diffusez et t\u00e9l\u00e9chargez votre musique pr\u00e9f\u00e9r\u00e9e<\/p>\n                        <a href =\"https:\/\/mtn.cm\/fr\/play\/music\/mtn-music\/\"><button class = \"mtn-button calloutRegular\" >Difussez maintenant<\/button><\/a>\n                    <\/div>\n    <\/div>\n<\/div>\n\n<div id=\"about_section-block_00742a174b809e54e0d5b255fffdc3dc\" class=\"about-section\">\n    <div class=\"about-row\">\n        <!--left section-->\n                <div class=\"about-col links-section\">\n            <div class=\"heading-section\">\n                <p class=\"links-section-heading mtn-button-text\">\n                                    <\/p>\n                <h2 class=\"mtn-heading\"> Travailler avec MTN<\/h2>\n            <\/div>\n            \n            <div class=\"links-section-list\">\n                                <a href=\"https:\/\/mtn.cm\/fr\/helppersonal\/\">\n                    <div class=\"links-section-item\">\n                        <p class=\"mtn-body-text links-item-label\">Aide<\/p><img decoding=\"async\"\n                            src=\"https:\/\/mtn.cm\/wp-content\/themes\/mtn-vivid-wp\/public\/img\/chevron-right.svg\"\n                            alt=\"read more\">\n                    <\/div>\n                <\/a>\n                                <a href=\"https:\/\/ehle.fa.em2.oraclecloud.com\/hcmUI\/CandidateExperience\/en\/sites\/CX\">\n                    <div class=\"links-section-item\">\n                        <p class=\"mtn-body-text links-item-label\">Devenir un MTNer<\/p><img decoding=\"async\"\n                            src=\"https:\/\/mtn.cm\/wp-content\/themes\/mtn-vivid-wp\/public\/img\/chevron-right.svg\"\n                            alt=\"read more\">\n                    <\/div>\n                <\/a>\n                                <a href=\"https:\/\/mtn.cm\/fr\/deal\/coverage-map\/\">\n                    <div class=\"links-section-item\">\n                        <p class=\"mtn-body-text links-item-label\">Carte de couverture <\/p><img decoding=\"async\"\n                            src=\"https:\/\/mtn.cm\/wp-content\/themes\/mtn-vivid-wp\/public\/img\/chevron-right.svg\"\n                            alt=\"read more\">\n                    <\/div>\n                <\/a>\n                            <\/div>\n\n                    <\/div>\n\n              <!-- end of left section-->\n\n                <div class=\"about-col info-carousel themeDark\">\n            <!--Info Carousel-->\n            <div class=\"heading-section\">\n                <p class=\"info-carousel-heading mtn-button-text\">\n                    VOUS CHERCHEZ QUELQUE CHOSE D'AUTRE\u00a0?                <\/p>\n            <\/div>\n            \n            <div class=\"info-carousel-slider\">\n                                <div class=\"info-carousel-card\">\n                    <div class=\"info-carousel-text-section\">\n                    <h2 class=\"mtn-heading\">Derni\u00e8res nouvelles<\/h2>\n                    <div class=\"info-card-text mtn-body-text\"><p>Actualit\u00e9s<\/p>\n<\/div>\n                    <\/div>\n                    <a class=\"cta-link\" href=\"https:\/\/mtn.cm\/fr\/newsabout\/\">En savoir plus<span\n                            class=\"link-chevron\"><img decoding=\"async\"\n                                src=\"https:\/\/mtn.cm\/wp-content\/themes\/mtn-vivid-wp\/public\/img\/chevron-right.svg\"\n                                alt=\"read more\"><\/span><\/a>\n\n                <\/div>\n                                <div class=\"info-carousel-card\">\n                    <div class=\"info-carousel-text-section\">\n                    <h2 class=\"mtn-heading\">Nous contacter<\/h2>\n                    <div class=\"info-card-text mtn-body-text\"><p>Dites juste bonjour, contactez-nous ici<\/p>\n<\/div>\n                    <\/div>\n                    <a class=\"cta-link\" href=\"https:\/\/mtn.cm\/fr\/contact\/\">EN SAVOIR PLUS<span\n                            class=\"link-chevron\"><img decoding=\"async\"\n                                src=\"https:\/\/mtn.cm\/wp-content\/themes\/mtn-vivid-wp\/public\/img\/chevron-right.svg\"\n                                alt=\"read more\"><\/span><\/a>\n\n                <\/div>\n                                <div class=\"info-carousel-card\">\n                    <div class=\"info-carousel-text-section\">\n                    <h2 class=\"mtn-heading\">Promotions<\/h2>\n                    <div class=\"info-card-text mtn-body-text\"><p>Voir nos produits en promotion<\/p>\n<\/div>\n                    <\/div>\n                    <a class=\"cta-link\" href=\"https:\/\/mtn.cm\/fr\/deal-types\/prepaid-deals\/promotion\/\">Voir plus<span\n                            class=\"link-chevron\"><img decoding=\"async\"\n                                src=\"https:\/\/mtn.cm\/wp-content\/themes\/mtn-vivid-wp\/public\/img\/chevron-right.svg\"\n                                alt=\"read more\"><\/span><\/a>\n\n                <\/div>\n                            <\/div>\n\n                        <!--<div class=\"info-carousel-dots\"><\/div>-->\n        <\/div>\n        <!--end of info carousel-->\n                <\/div>\n        <!--end of latest posts-->\n        <!--end of right section-->\n    <\/div>\n\n<\/div>\n\n<div id=\"carousel-block_f2a49b6de7710fbb5be888b4d5af8643\" class=\"carousel\">\n    <div class=\"carousel-section desktop-only textLight carousel-short\"\n        style=\"background:url(https:\/\/mtn.cm\/wp-content\/uploads\/2022\/11\/MTN_Mass_97807666-scaled.jpg);background-size:cover;background-position:center top;\">\n        <div class=\"carousel-heading-section\">\n            <h2 class=\"mtn-heading\">D\u00e9veloppez votre monde<\/h2>\n        <\/div>\n                        <div class=\"long-info-slider\">\n                                <div class=\"mtn-carousel-card\">\n                                        <p class=\"mtn-carousel-card-title\">MTN ZIK<\/p>\n                                            <p class=\"mtn-carousel-card-category\">TN Zik est votre outil de personnalisation de tonalit\u00e9 de veille classique num\u00e9ro un (le fameux bip sonore)<\/p>\n                                                        <\/div>\n                                <div class=\"mtn-carousel-card\">\n                                        <p class=\"mtn-carousel-card-title\">MTN Musique +<\/p>\n                                            <p class=\"mtn-carousel-card-category\">Votre application de r\u00e9f\u00e9rence pour les services de streaming et de t\u00e9l\u00e9chargement de musique<\/p>\n                                                        <\/div>\n                            <\/div>\n            \n    <\/div>\n    <div class=\"carousel-section mobile-only textLight carousel-short\"\n        style=\"background:url(https:\/\/mtn.cm\/wp-content\/uploads\/2022\/11\/MTN_Mass_97807666-scaled.jpg);background-size:cover;background-position:center top;\">\n        <div class=\"carousel-heading-section\">\n            <h2 class=\"mtn-heading\">D\u00e9veloppez votre monde<\/h2>\n        <\/div>\n                        <div class=\"long-info-slider\">\n                                <div class=\"mtn-carousel-card\">\n                                        <p class=\"mtn-carousel-card-title\">MTN ZIK<\/p>\n                                            <p class=\"mtn-carousel-card-category\">TN Zik est votre outil de personnalisation de tonalit\u00e9 de veille classique num\u00e9ro un (le fameux bip sonore)<\/p>\n                                                        <\/div>\n                                <div class=\"mtn-carousel-card\">\n                                        <p class=\"mtn-carousel-card-title\">MTN Musique +<\/p>\n                                            <p class=\"mtn-carousel-card-category\">Votre application de r\u00e9f\u00e9rence pour les services de streaming et de t\u00e9l\u00e9chargement de musique<\/p>\n                                                        <\/div>\n                            <\/div>\n            \n    <\/div>\n\n<\/div>","protected":false},"excerpt":{"rendered":"","protected":false},"author":2,"featured_media":0,"parent":45,"menu_order":0,"comment_status":"closed","ping_status":"closed","template":"","meta":{"_acf_changed":false,"footnotes":""},"class_list":["post-808","page","type-page","status-publish","hentry"],"acf":[],"_links":{"self":[{"href":"https:\/\/mtn.cm\/fr\/wp-json\/wp\/v2\/pages\/808","targetHints":{"allow":["GET"]}}],"collection":[{"href":"https:\/\/mtn.cm\/fr\/wp-json\/wp\/v2\/pages"}],"about":[{"href":"https:\/\/mtn.cm\/fr\/wp-json\/wp\/v2\/types\/page"}],"author":[{"embeddable":true,"href":"https:\/\/mtn.cm\/fr\/wp-json\/wp\/v2\/users\/2"}],"replies":[{"embeddable":true,"href":"https:\/\/mtn.cm\/fr\/wp-json\/wp\/v2\/comments?post=808"}],"version-history":[{"count":12,"href":"https:\/\/mtn.cm\/fr\/wp-json\/wp\/v2\/pages\/808\/revisions"}],"predecessor-version":[{"id":14474,"href":"https:\/\/mtn.cm\/fr\/wp-json\/wp\/v2\/pages\/808\/revisions\/14474"}],"up":[{"embeddable":true,"href":"https:\/\/mtn.cm\/fr\/wp-json\/wp\/v2\/pages\/45"}],"wp:attachment":[{"href":"https:\/\/mtn.cm\/fr\/wp-json\/wp\/v2\/media?parent=808"}],"curies":[{"name":"wp","href":"https:\/\/api.w.org\/{rel}","templated":true}]}}