{"id":802,"date":"2022-11-27T00:33:36","date_gmt":"2022-11-27T00:33:36","guid":{"rendered":"https:\/\/mtn.cm\/\/?page_id=802"},"modified":"2023-01-17T10:08:28","modified_gmt":"2023-01-17T10:08:28","slug":"video","status":"publish","type":"page","link":"https:\/\/mtn.cm\/fr\/play\/video\/","title":{"rendered":"Vid\u00e9o"},"content":{"rendered":"<div class=\"slideshow-section\">\n        <div class=\"banner-slider slides1\">\n        \n            <div id=\"banner-block_29aeba4c43891ed07efd3699d20be779\" class=\"banner\">\n            <div class=\"banner-section desktop-only alignedTop textLight dark-overlay\" style=\"background:url(https:\/\/mtn.cm\/wp-content\/uploads\/2022\/12\/play-1.jpg);background-size:cover;background-position:center center;\">\n                    <div class =\"banner-heading-section\">   \n                        <div class=\"heading-section-container\">\n                                                  <p class=\"mtn-page-title yello-title\">Videos<\/p>\n                                                                            <h1 class=\"mtn-heading yello-heading\"><p>Yabadoo<\/p>\n<\/h1> \n                                                                      \n                        <\/div> \n                        \n                    <\/div>\n                    <div class=\"banner-cta-section ctaLight\">\n                        <a href=\"https:\/\/mtn.cm\/fr\/play\/video\/yabadoo-2\/\"><button>En savoir plus<\/button><\/a>\n                    <\/div>\n            <\/div>\n\n            <div class=\"banner-section mobile-only alignedTop textLight dark-overlay\" style=\"background:url(https:\/\/mtn.cm\/wp-content\/uploads\/2022\/12\/play-1.jpg);background-size:cover;background-position:center center;\">\n                    <div class =\"banner-heading-section\">   \n                        <div class=\"heading-section-container\">\n                                                  <p class=\"mtn-page-title yello-title\">Videos<\/p>\n                                                                            <h1 class=\"mtn-heading yello-heading\"><p>Yabadoo<\/p>\n<\/h1> \n                                                                        <\/div> \n                        \n                    <\/div>\n                    <div class=\"banner-cta-section ctaLight\">\n                        <a href=\"https:\/\/mtn.cm\/fr\/play\/video\/yabadoo-2\/\"><button>En savoir plus<\/button><\/a>\n                    <\/div>\n            <\/div>\n\n                <div class=\"banner-divider\">\n                <\/div>\n            <\/div>\n\n                    <\/div>\n\n    \n         <div class=\"slideshow-dots\"><\/div>\n<\/div>\n\n\n\n<div id=\"icon_with_link-block_5dd8de985ac7206518784ce698ee85f6\" class=\"icon-with-link\">\n    <div class=\"icon-links-section\">\n                <div class=\"icon-link-grid\">\n                                    <a href=\"https:\/\/mtn.cm\/fr\/play\/video\/yabadoo-2\/\" class=\"link-card\">\n                        <div class=\"link-img-section\">\n                            <img decoding=\"async\" src=\"https:\/\/mtn.cm\/wp-content\/uploads\/2022\/12\/video-you-tube-youtube-svgrepo-com.svg\" alt=\"Yabadoo\">\n                        <\/div>\n                      \n                        <p class =\"mtn-body-text link-label-text\">Yabadoo<\/p>\n                             \n                <\/a>\n\n                                    <a href=\"https:\/\/mtn.cm\/fr\/play\/video\/mtn-shortz\/\" class=\"link-card\">\n                        <div class=\"link-img-section\">\n                            <img decoding=\"async\" src=\"https:\/\/mtn.cm\/wp-content\/uploads\/2022\/12\/video-svgrepo-com.svg\" alt=\"MTN Shortz\">\n                        <\/div>\n                      \n                        <p class =\"mtn-body-text link-label-text\">MTN Shortz<\/p>\n                             \n                <\/a>\n\n                        <\/div>\n            <\/div>\n<\/div>\n\n<div id=\"callout-large-block_14d4bd2203bd7eaeb142d1da2cc99a86\" class=\"callout-large\">\n    <div class=\"callout-section desktop-only overlaydark callout-contentTop\" style=\"background:url(https:\/\/mtn.cm\/wp-content\/uploads\/2019\/11\/MTN_Youth_814764104.jpg);background-size:cover;background-position:center;\">\n        <div class =\"callout-cta-section textLight\">    \n            <h4 class = \"mtn-heading\">T\u00e9l\u00e9charger maintenant<\/h4>\n            <p class =\"mtn-body-text\">Profitez de vos programmes TV pr\u00e9f\u00e9r\u00e9s<\/p>\n                        <a href =\"https:\/\/play.google.com\/store\/apps\/details?id=apli.tv.yabadoo\"><button class = \"mtn-button calloutRegular\" >Accueil<\/button><\/a>\n                    <\/div>\n    <\/div>\n\n    <div class=\"callout-section mobile-only overlaydark callout-contentTop\" style=\"background:url(https:\/\/mtn.cm\/wp-content\/uploads\/2019\/11\/MTN_Youth_814764104.jpg);background-size:cover;background-position:center;\">\n        <div class =\"callout-cta-section textLight\">    \n            <h4 class = \"mtn-heading\">T\u00e9l\u00e9charger maintenant<\/h4>\n            <p class =\"mtn-body-text\">Profitez de vos programmes TV pr\u00e9f\u00e9r\u00e9s<\/p>\n                        <a href =\"https:\/\/play.google.com\/store\/apps\/details?id=apli.tv.yabadoo\"><button class = \"mtn-button calloutRegular\" >Accueil<\/button><\/a>\n                    <\/div>\n    <\/div>\n<\/div>\n\n<div id=\"about_section-block_9a3682276f427059bcc76b71489f3716\" class=\"about-section\">\n    <div class=\"about-row\">\n        <!--left section-->\n                <div class=\"about-col links-section\">\n            <div class=\"heading-section\">\n                <p class=\"links-section-heading mtn-button-text\">\n                                    <\/p>\n                <h2 class=\"mtn-heading\"> Travailler avec MTN<\/h2>\n            <\/div>\n            \n            <div class=\"links-section-list\">\n                                <a href=\"https:\/\/mtn.cm\/fr\/helppersonal\/\">\n                    <div class=\"links-section-item\">\n                        <p class=\"mtn-body-text links-item-label\">Aide<\/p><img decoding=\"async\"\n                            src=\"https:\/\/mtn.cm\/wp-content\/themes\/mtn-vivid-wp\/public\/img\/chevron-right.svg\"\n                            alt=\"read more\">\n                    <\/div>\n                <\/a>\n                                <a href=\"https:\/\/ehle.fa.em2.oraclecloud.com\/hcmUI\/CandidateExperience\/en\/sites\/CX\">\n                    <div class=\"links-section-item\">\n                        <p class=\"mtn-body-text links-item-label\">Devenir un MTNer<\/p><img decoding=\"async\"\n                            src=\"https:\/\/mtn.cm\/wp-content\/themes\/mtn-vivid-wp\/public\/img\/chevron-right.svg\"\n                            alt=\"read more\">\n                    <\/div>\n                <\/a>\n                                <a href=\"https:\/\/mtn.cm\/fr\/deal\/coverage-map\/\">\n                    <div class=\"links-section-item\">\n                        <p class=\"mtn-body-text links-item-label\">Carte de couverture <\/p><img decoding=\"async\"\n                            src=\"https:\/\/mtn.cm\/wp-content\/themes\/mtn-vivid-wp\/public\/img\/chevron-right.svg\"\n                            alt=\"read more\">\n                    <\/div>\n                <\/a>\n                            <\/div>\n\n                    <\/div>\n\n              <!-- end of left section-->\n\n                <div class=\"about-col info-carousel themeDark\">\n            <!--Info Carousel-->\n            <div class=\"heading-section\">\n                <p class=\"info-carousel-heading mtn-button-text\">\n                    VOUS CHERCHEZ QUELQUE CHOSE D'AUTRE\u00a0?                <\/p>\n            <\/div>\n            \n            <div class=\"info-carousel-slider\">\n                                <div class=\"info-carousel-card\">\n                    <div class=\"info-carousel-text-section\">\n                    <h2 class=\"mtn-heading\">Derni\u00e8res nouvelles<\/h2>\n                    <div class=\"info-card-text mtn-body-text\"><p>Actualit\u00e9s<\/p>\n<\/div>\n                    <\/div>\n                    <a class=\"cta-link\" href=\"https:\/\/mtn.cm\/fr\/newsabout\/\">En savoir plus<span\n                            class=\"link-chevron\"><img decoding=\"async\"\n                                src=\"https:\/\/mtn.cm\/wp-content\/themes\/mtn-vivid-wp\/public\/img\/chevron-right.svg\"\n                                alt=\"read more\"><\/span><\/a>\n\n                <\/div>\n                                <div class=\"info-carousel-card\">\n                    <div class=\"info-carousel-text-section\">\n                    <h2 class=\"mtn-heading\">Nous contacter<\/h2>\n                    <div class=\"info-card-text mtn-body-text\"><p>Dites juste bonjour, contactez-nous ici<\/p>\n<\/div>\n                    <\/div>\n                    <a class=\"cta-link\" href=\"https:\/\/mtn.cm\/fr\/contact\/\">EN SAVOIR PLUS<span\n                            class=\"link-chevron\"><img decoding=\"async\"\n                                src=\"https:\/\/mtn.cm\/wp-content\/themes\/mtn-vivid-wp\/public\/img\/chevron-right.svg\"\n                                alt=\"read more\"><\/span><\/a>\n\n                <\/div>\n                                <div class=\"info-carousel-card\">\n                    <div class=\"info-carousel-text-section\">\n                    <h2 class=\"mtn-heading\">Promotions<\/h2>\n                    <div class=\"info-card-text mtn-body-text\"><p>Voir nos produits en promotion<\/p>\n<\/div>\n                    <\/div>\n                    <a class=\"cta-link\" href=\"https:\/\/mtn.cm\/fr\/deal-types\/prepaid-deals\/promotion\/\">Voir plus<span\n                            class=\"link-chevron\"><img decoding=\"async\"\n                                src=\"https:\/\/mtn.cm\/wp-content\/themes\/mtn-vivid-wp\/public\/img\/chevron-right.svg\"\n                                alt=\"read more\"><\/span><\/a>\n\n                <\/div>\n                            <\/div>\n\n                        <!--<div class=\"info-carousel-dots\"><\/div>-->\n        <\/div>\n        <!--end of info carousel-->\n                <\/div>\n        <!--end of latest posts-->\n        <!--end of right section-->\n    <\/div>\n\n<\/div>\n\n<div id=\"carousel-block_83d252b47ee8f6617c7c0429e6b3d3b1\" class=\"carousel\">\n    <div class=\"carousel-section desktop-only textLight carousel-short\"\n        style=\"background:url(https:\/\/mtn.cm\/wp-content\/uploads\/2022\/11\/MTN_Mass_97807666-scaled.jpg);background-size:cover;background-position:center top;\">\n        <div class=\"carousel-heading-section\">\n            <h2 class=\"mtn-heading\">D\u00e9veloppez votre monde<\/h2>\n        <\/div>\n                        <div class=\"long-info-slider\">\n                                <div class=\"mtn-carousel-card\">\n                                        <p class=\"mtn-carousel-card-title\">Yabadoo<\/p>\n                                            <p class=\"mtn-carousel-card-category\">Yabadoo est une application mobile qui vous permet de regarder vos programmes TV pr\u00e9f\u00e9r\u00e9s sur votre smartphone sans utiliser votre forfait Internet. Outre la t\u00e9l\u00e9vision en direct, vous pouvez \u00e9galement regarder un riche catalogue de films et de s\u00e9ries \u00e0 la demande (Action, Aventure, Animation, Thriller, Com\u00e9die, Drame et romance\u2026).<\/p>\n                                                        <\/div>\n                                <div class=\"mtn-carousel-card\">\n                                        <p class=\"mtn-carousel-card-title\">MTN Shortz<\/p>\n                                            <p class=\"mtn-carousel-card-category\">MTN Shortz n'est pas comme les cha\u00eenes de t\u00e9l\u00e9vision, c'est une plateforme qui propose une s\u00e9lection de vid\u00e9os sur le m\u00eame sujet : com\u00e9die, cin\u00e9ma, football, recettes de cuisine, conseils femmes (beaut\u00e9, coiffure, mode\u2026) et plus encore.<\/p>\n                                                        <\/div>\n                            <\/div>\n            \n    <\/div>\n    <div class=\"carousel-section mobile-only textLight carousel-short\"\n        style=\"background:url(https:\/\/mtn.cm\/wp-content\/uploads\/2022\/11\/MTN_Mass_97807666-scaled.jpg);background-size:cover;background-position:center top;\">\n        <div class=\"carousel-heading-section\">\n            <h2 class=\"mtn-heading\">D\u00e9veloppez votre monde<\/h2>\n        <\/div>\n                        <div class=\"long-info-slider\">\n                                <div class=\"mtn-carousel-card\">\n                                        <p class=\"mtn-carousel-card-title\">Yabadoo<\/p>\n                                            <p class=\"mtn-carousel-card-category\">Yabadoo est une application mobile qui vous permet de regarder vos programmes TV pr\u00e9f\u00e9r\u00e9s sur votre smartphone sans utiliser votre forfait Internet. Outre la t\u00e9l\u00e9vision en direct, vous pouvez \u00e9galement regarder un riche catalogue de films et de s\u00e9ries \u00e0 la demande (Action, Aventure, Animation, Thriller, Com\u00e9die, Drame et romance\u2026).<\/p>\n                                                        <\/div>\n                                <div class=\"mtn-carousel-card\">\n                                        <p class=\"mtn-carousel-card-title\">MTN Shortz<\/p>\n                                            <p class=\"mtn-carousel-card-category\">MTN Shortz n'est pas comme les cha\u00eenes de t\u00e9l\u00e9vision, c'est une plateforme qui propose une s\u00e9lection de vid\u00e9os sur le m\u00eame sujet : com\u00e9die, cin\u00e9ma, football, recettes de cuisine, conseils femmes (beaut\u00e9, coiffure, mode\u2026) et plus encore.<\/p>\n                                                        <\/div>\n                            <\/div>\n            \n    <\/div>\n\n<\/div>","protected":false},"excerpt":{"rendered":"","protected":false},"author":2,"featured_media":0,"parent":45,"menu_order":0,"comment_status":"closed","ping_status":"closed","template":"","meta":{"_acf_changed":false,"footnotes":""},"class_list":["post-802","page","type-page","status-publish","hentry"],"acf":[],"_links":{"self":[{"href":"https:\/\/mtn.cm\/fr\/wp-json\/wp\/v2\/pages\/802","targetHints":{"allow":["GET"]}}],"collection":[{"href":"https:\/\/mtn.cm\/fr\/wp-json\/wp\/v2\/pages"}],"about":[{"href":"https:\/\/mtn.cm\/fr\/wp-json\/wp\/v2\/types\/page"}],"author":[{"embeddable":true,"href":"https:\/\/mtn.cm\/fr\/wp-json\/wp\/v2\/users\/2"}],"replies":[{"embeddable":true,"href":"https:\/\/mtn.cm\/fr\/wp-json\/wp\/v2\/comments?post=802"}],"version-history":[{"count":33,"href":"https:\/\/mtn.cm\/fr\/wp-json\/wp\/v2\/pages\/802\/revisions"}],"predecessor-version":[{"id":14457,"href":"https:\/\/mtn.cm\/fr\/wp-json\/wp\/v2\/pages\/802\/revisions\/14457"}],"up":[{"embeddable":true,"href":"https:\/\/mtn.cm\/fr\/wp-json\/wp\/v2\/pages\/45"}],"wp:attachment":[{"href":"https:\/\/mtn.cm\/fr\/wp-json\/wp\/v2\/media?parent=802"}],"curies":[{"name":"wp","href":"https:\/\/api.w.org\/{rel}","templated":true}]}}