{"id":794,"date":"2022-11-27T00:28:17","date_gmt":"2022-11-27T00:28:17","guid":{"rendered":"https:\/\/mtn.cm\/\/?page_id=794"},"modified":"2022-12-20T14:42:33","modified_gmt":"2022-12-20T14:42:33","slug":"mobility","status":"publish","type":"page","link":"https:\/\/mtn.cm\/fr\/business\/mobility\/","title":{"rendered":"Mobilit\u00e9"},"content":{"rendered":"<div class=\"single-banner-section\">\n    \n            <div id=\"banner-block_322bf17a88a570ccd8c8ab26ea0389d1\" class=\"banner\">\n                <div class=\"banner-section desktop-only alignedBottom textLight dark-overlay\" style=\"background:url(https:\/\/mtn.cm\/wp-content\/uploads\/2022\/11\/MTN_MNC_870026572-scaled.jpg);background-size: cover;background-position:center center;\">\n                    <div class =\"banner-heading-section\">    \n                        <div class=\"banner-section-container\">\n                                                     <p class=\"mtn-page-title yello-title\">MTN Business<\/p>\n                                                                                  <h1 class=\"mtn-heading yello-heading\"><p>Mobilit\u00e9<\/p>\n<\/h1>\n                                                                        \n                \n            \n                        <\/div>\n                      \n                    <\/div>\n                <\/div>\n                \n                <div class=\"banner-section mobile-only alignedBottom textLight dark-overlay\" style=\"background:url(https:\/\/mtn.cm\/wp-content\/uploads\/2022\/11\/MTN_MNC_870026572-scaled.jpg);background-size: cover;background-position:center center;\">\n                    <div class =\"banner-heading-section\">    \n                        <div class=\"banner-section-container\">\n                                                     <p class=\"mtn-page-title yello-title\">MTN Business<\/p>\n                                                                                  <h1 class=\"mtn-heading yello-heading\"><p>Mobilit\u00e9<\/p>\n<\/h1>\n                                                     \n                        <\/div>\n                      \n                    <\/div>\n\n                <\/div>\n\n                <div class=\"banner-divider\">\n                <\/div>\n            <\/div>\n    \n            <\/div>\n\n\n\n<div class=\"wp-block-columns is-layout-flex wp-container-core-columns-is-layout-28f84493 wp-block-columns-is-layout-flex\">\n<div class=\"wp-block-column is-layout-flow wp-block-column-is-layout-flow\"><div id=\"section-heading-block_e9d31d3de2100edcfa4594d560ed840c\" class=\"section-heading aligncenter has-text-align-center\">\n<div class=\"mtn-section\">\n<h3 class=\"mtn-heading size- section-heading\">Personnalis\u00e9 juste pour vous<\/h3>\n<\/div>\n<\/div><\/div>\n<\/div>\n\n\n\n<div class=\"wp-block-columns is-layout-flex wp-container-core-columns-is-layout-28f84493 wp-block-columns-is-layout-flex\">\n<div class=\"wp-block-column is-layout-flow wp-block-column-is-layout-flow\"><div id=\"section-intro-block_3637caea503d5b31200b85247eb7949d\" class=\"section-intro aligncenter has-text-align-center\">\n<div class=\"mtn-body-text mtn-section intro- intro\"><p>Pour vos besoins de communication professionnelle; envoi de messages, appels gratuits entre les collaborateurs de votre entreprise, navigation sur vos smartphones pour r\u00e9pondre et rester au plus pr\u00e8s de vos parties prenantes, MTN Business peut vous accompagner pour \u00eatre plus productif en vous proposant un portefeuille d'offres de services mobiles.<\/p>\n<p>Les forfaits ont \u00e9t\u00e9 con\u00e7us pour r\u00e9pondre \u00e0 tous les besoins de communication d'entreprise. Offrez \u00e0 votre personnel une connectivit\u00e9 haut d\u00e9bit sur site ou hors site, localement ou \u00e0 l'\u00e9tranger.<\/p>\n<p>Contr\u00f4lez \u00e0 tout moment et en tout lieu l'acc\u00e8s \u00e0 votre plateforme de collaboration Web.<\/p>\n<\/div>\n<\/div><\/div>\n<\/div>\n\n\n\n<div style=\"height:30px\" aria-hidden=\"true\" class=\"wp-block-spacer\"><\/div>\n\n\n\n<div class=\"wp-block-columns mtn-section is-layout-flex wp-container-core-columns-is-layout-28f84493 wp-block-columns-is-layout-flex\">\n<div class=\"wp-block-column startup-sectors is-layout-flow wp-block-column-is-layout-flow\"><div\n    \tclass=\"free align wp-block-csb-content-slider-block\"    id='csbContentSlider-1' \n    data-attributes='{&quot;cId&quot;:&quot;08163795-c&quot;,&quot;slides&quot;:[{&quot;background&quot;:{&quot;color&quot;:&quot;#00000080&quot;,&quot;type&quot;:&quot;image&quot;,&quot;gradient&quot;:&quot;linear-gradient(135deg, #fe6601, #fbb040)&quot;,&quot;image&quot;:{&quot;id&quot;:12068,&quot;url&quot;:&quot;https:\\\/\\\/mtn.cm\\\/wp-content\\\/uploads\\\/2019\\\/11\\\/MTN_MNC_645371266-scaled.jpg&quot;,&quot;alt&quot;:&quot;&quot;,&quot;title&quot;:&quot;MTN_MNC_645371266&quot;},&quot;position&quot;:&quot;center center&quot;,&quot;attachment&quot;:&quot;initial&quot;,&quot;repeat&quot;:&quot;no-repeat&quot;,&quot;size&quot;:&quot;cover&quot;,&quot;overlayColor&quot;:&quot;rgba(0, 0, 0, 0)&quot;,&quot;styles&quot;:&quot;background: url(https:\\\/\\\/mtn.cm\\\/wp-content\\\/uploads\\\/2019\\\/11\\\/MTN_MNC_645371266-scaled.jpg); background-position: center center; background-size: cover; background-repeat: no-repeat; background-color: rgba(0, 0, 0, 0); background-blend-mode: overlay;&quot;},&quot;position&quot;:&quot;&quot;,&quot;positionHolder&quot;:&quot;center center&quot;,&quot;childPositions&quot;:[{&quot;top&quot;:41.5,&quot;left&quot;:20.35928143712575},{&quot;top&quot;:56,&quot;left&quot;:18.562874251497007},{&quot;top&quot;:55.75,&quot;left&quot;:43.10897435897436}],&quot;title&quot;:&quot;MTN MiFi - Modem&quot;,&quot;titleColor&quot;:&quot;#fff&quot;,&quot;description&quot;:&quot;&quot;,&quot;descColor&quot;:&quot;#fff&quot;,&quot;btnText&quot;:&quot;View more&quot;,&quot;btnLink&quot;:&quot;#&quot;,&quot;btnColors&quot;:{&quot;color&quot;:&quot;#fff&quot;,&quot;bg&quot;:&quot;rgba(68, 39, 163, 0)&quot;,&quot;bgType&quot;:&quot;solid&quot;,&quot;gradient&quot;:&quot;linear-gradient(135deg, #4527a4, #8344c5)&quot;,&quot;styles&quot;:&quot;color: #fff; background: rgba(68, 39, 163, 0);&quot;},&quot;btnHovColors&quot;:{&quot;color&quot;:&quot;#fff&quot;,&quot;bg&quot;:&quot;rgba(130, 69, 196, 0)&quot;,&quot;bgType&quot;:&quot;solid&quot;,&quot;gradient&quot;:&quot;linear-gradient(135deg, #4527a4, #8344c5)&quot;,&quot;styles&quot;:&quot;color: #fff; background: rgba(130, 69, 196, 0);&quot;}},{&quot;background&quot;:{&quot;color&quot;:&quot;#00000080&quot;,&quot;type&quot;:&quot;image&quot;,&quot;gradient&quot;:&quot;linear-gradient(135deg, #fe6601, #fbb040)&quot;,&quot;image&quot;:{&quot;id&quot;:686,&quot;url&quot;:&quot;https:\\\/\\\/mtn.cm\\\/wp-content\\\/uploads\\\/2022\\\/11\\\/MTN_MNC_641429284-scaled.jpg&quot;,&quot;alt&quot;:&quot;&quot;,&quot;title&quot;:&quot;MTN_MNC_641429284&quot;},&quot;position&quot;:&quot;center center&quot;,&quot;attachment&quot;:&quot;initial&quot;,&quot;repeat&quot;:&quot;no-repeat&quot;,&quot;size&quot;:&quot;cover&quot;,&quot;overlayColor&quot;:&quot;rgba(0, 0, 0, 0)&quot;,&quot;styles&quot;:&quot;background: url(https:\\\/\\\/mtn.cm\\\/wp-content\\\/uploads\\\/2022\\\/11\\\/MTN_MNC_641429284-scaled.jpg); background-position: center center; background-size: cover; background-repeat: no-repeat; background-color: rgba(0, 0, 0, 0); background-blend-mode: overlay;&quot;},&quot;position&quot;:&quot;&quot;,&quot;positionHolder&quot;:&quot;center center&quot;,&quot;childPositions&quot;:[{&quot;top&quot;:41.5,&quot;left&quot;:20.35928143712575},{&quot;top&quot;:56,&quot;left&quot;:18.562874251497007},{&quot;top&quot;:55.75,&quot;left&quot;:43.10897435897436}],&quot;title&quot;:&quot;MTN ProBox&quot;,&quot;titleColor&quot;:&quot;#fff&quot;,&quot;description&quot;:&quot;&quot;,&quot;descColor&quot;:&quot;#fff&quot;,&quot;btnText&quot;:&quot;View more&quot;,&quot;btnLink&quot;:&quot;#&quot;,&quot;btnColors&quot;:{&quot;color&quot;:&quot;#fff&quot;,&quot;bg&quot;:&quot;rgba(68, 39, 163, 0)&quot;,&quot;bgType&quot;:&quot;solid&quot;,&quot;gradient&quot;:&quot;linear-gradient(135deg, #4527a4, #8344c5)&quot;,&quot;styles&quot;:&quot;color: #fff; background: rgba(68, 39, 163, 0);&quot;},&quot;btnHovColors&quot;:{&quot;color&quot;:&quot;#fff&quot;,&quot;bg&quot;:&quot;rgba(130, 69, 196, 0)&quot;,&quot;bgType&quot;:&quot;solid&quot;,&quot;gradient&quot;:&quot;linear-gradient(135deg, #4527a4, #8344c5)&quot;,&quot;styles&quot;:&quot;color: #fff; background: rgba(130, 69, 196, 0);&quot;}},{&quot;background&quot;:{&quot;color&quot;:&quot;#00000080&quot;,&quot;type&quot;:&quot;image&quot;,&quot;gradient&quot;:&quot;linear-gradient(135deg, #fe6601, #fbb040)&quot;,&quot;image&quot;:{&quot;id&quot;:652,&quot;url&quot;:&quot;https:\\\/\\\/mtn.cm\\\/wp-content\\\/uploads\\\/2022\\\/11\\\/MTN_Mass_542928592-scaled.jpg&quot;,&quot;alt&quot;:&quot;&quot;,&quot;title&quot;:&quot;Happy African American mother and daughter taking a selfie outdoors.&quot;},&quot;position&quot;:&quot;center center&quot;,&quot;attachment&quot;:&quot;initial&quot;,&quot;repeat&quot;:&quot;no-repeat&quot;,&quot;size&quot;:&quot;cover&quot;,&quot;overlayColor&quot;:&quot;rgba(0, 0, 0, 0)&quot;,&quot;styles&quot;:&quot;background: url(https:\\\/\\\/mtn.cm\\\/wp-content\\\/uploads\\\/2022\\\/11\\\/MTN_Mass_542928592-scaled.jpg); background-position: center center; background-size: cover; background-repeat: no-repeat; background-color: rgba(0, 0, 0, 0); background-blend-mode: overlay;&quot;},&quot;position&quot;:&quot;&quot;,&quot;positionHolder&quot;:&quot;center center&quot;,&quot;childPositions&quot;:[{&quot;top&quot;:41.5,&quot;left&quot;:20.35928143712575},{&quot;top&quot;:56,&quot;left&quot;:18.562874251497007},{&quot;top&quot;:55.75,&quot;left&quot;:43.10897435897436}],&quot;title&quot;:&quot;Mobile Data Package&quot;,&quot;titleColor&quot;:&quot;#fff&quot;,&quot;description&quot;:&quot;&quot;,&quot;descColor&quot;:&quot;#fff&quot;,&quot;btnText&quot;:&quot;View more&quot;,&quot;btnLink&quot;:&quot;#&quot;,&quot;btnColors&quot;:{&quot;color&quot;:&quot;#fff&quot;,&quot;bg&quot;:&quot;rgba(68, 39, 163, 0)&quot;,&quot;bgType&quot;:&quot;solid&quot;,&quot;gradient&quot;:&quot;linear-gradient(135deg, #4527a4, #8344c5)&quot;,&quot;styles&quot;:&quot;color: #fff; background: rgba(68, 39, 163, 0);&quot;},&quot;btnHovColors&quot;:{&quot;color&quot;:&quot;#fff&quot;,&quot;bg&quot;:&quot;rgba(130, 69, 196, 0)&quot;,&quot;bgType&quot;:&quot;solid&quot;,&quot;gradient&quot;:&quot;linear-gradient(135deg, #4527a4, #8344c5)&quot;,&quot;styles&quot;:&quot;color: #fff; background: rgba(130, 69, 196, 0);&quot;}},{&quot;background&quot;:{&quot;color&quot;:&quot;#00000080&quot;,&quot;type&quot;:&quot;image&quot;,&quot;gradient&quot;:&quot;linear-gradient(135deg, #fe6601, #fbb040)&quot;,&quot;image&quot;:{&quot;id&quot;:2174,&quot;url&quot;:&quot;https:\\\/\\\/mtn.cm\\\/wp-content\\\/uploads\\\/2019\\\/08\\\/shutterstock_791463634-copy-scaled.jpg&quot;,&quot;alt&quot;:&quot;&quot;,&quot;title&quot;:&quot;shutterstock_791463634 copy&quot;},&quot;position&quot;:&quot;center center&quot;,&quot;attachment&quot;:&quot;initial&quot;,&quot;repeat&quot;:&quot;no-repeat&quot;,&quot;size&quot;:&quot;cover&quot;,&quot;overlayColor&quot;:&quot;rgba(0, 0, 0, 0)&quot;,&quot;styles&quot;:&quot;background: url(https:\\\/\\\/mtn.cm\\\/wp-content\\\/uploads\\\/2019\\\/08\\\/shutterstock_791463634-copy-scaled.jpg); background-position: center center; background-size: cover; background-repeat: no-repeat; background-color: rgba(0, 0, 0, 0); background-blend-mode: overlay;&quot;},&quot;position&quot;:&quot;&quot;,&quot;positionHolder&quot;:&quot;center center&quot;,&quot;childPositions&quot;:[{&quot;top&quot;:41.5,&quot;left&quot;:20.35928143712575},{&quot;top&quot;:56,&quot;left&quot;:18.562874251497007},{&quot;top&quot;:55.75,&quot;left&quot;:43.10897435897436}],&quot;title&quot;:&quot;MTN International&quot;,&quot;titleColor&quot;:&quot;#fff&quot;,&quot;description&quot;:&quot;&quot;,&quot;descColor&quot;:&quot;#fff&quot;,&quot;btnText&quot;:&quot;View more&quot;,&quot;btnLink&quot;:&quot;#&quot;,&quot;btnColors&quot;:{&quot;color&quot;:&quot;#fff&quot;,&quot;bg&quot;:&quot;rgba(68, 39, 163, 0)&quot;,&quot;bgType&quot;:&quot;solid&quot;,&quot;gradient&quot;:&quot;linear-gradient(135deg, #4527a4, #8344c5)&quot;,&quot;styles&quot;:&quot;color: #fff; background: rgba(68, 39, 163, 0);&quot;},&quot;btnHovColors&quot;:{&quot;color&quot;:&quot;#fff&quot;,&quot;bg&quot;:&quot;rgba(130, 69, 196, 0)&quot;,&quot;bgType&quot;:&quot;solid&quot;,&quot;gradient&quot;:&quot;linear-gradient(135deg, #4527a4, #8344c5)&quot;,&quot;styles&quot;:&quot;color: #fff; background: rgba(130, 69, 196, 0);&quot;}},{&quot;background&quot;:{&quot;color&quot;:&quot;#00000080&quot;,&quot;type&quot;:&quot;image&quot;,&quot;gradient&quot;:&quot;linear-gradient(135deg, #fe6601, #fbb040)&quot;,&quot;image&quot;:{&quot;id&quot;:664,&quot;url&quot;:&quot;https:\\\/\\\/mtn.cm\\\/wp-content\\\/uploads\\\/2022\\\/11\\\/MTN_SOHO_506924000-scaled.jpg&quot;,&quot;alt&quot;:&quot;&quot;,&quot;title&quot;:&quot;Cool guy using mobile phone and laptop&quot;},&quot;position&quot;:&quot;center center&quot;,&quot;attachment&quot;:&quot;initial&quot;,&quot;repeat&quot;:&quot;no-repeat&quot;,&quot;size&quot;:&quot;cover&quot;,&quot;overlayColor&quot;:&quot;rgba(0, 0, 0, 0)&quot;,&quot;styles&quot;:&quot;background: url(https:\\\/\\\/mtn.cm\\\/wp-content\\\/uploads\\\/2022\\\/11\\\/MTN_SOHO_506924000-scaled.jpg); background-position: center center; background-size: cover; background-repeat: no-repeat; background-color: rgba(0, 0, 0, 0); background-blend-mode: overlay;&quot;},&quot;position&quot;:&quot;&quot;,&quot;positionHolder&quot;:&quot;center center&quot;,&quot;childPositions&quot;:[{&quot;top&quot;:41.5,&quot;left&quot;:20.35928143712575},{&quot;top&quot;:56,&quot;left&quot;:18.562874251497007},{&quot;top&quot;:55.75,&quot;left&quot;:43.10897435897436}],&quot;title&quot;:&quot;MTN Roaming&quot;,&quot;titleColor&quot;:&quot;#fff&quot;,&quot;description&quot;:&quot;&quot;,&quot;descColor&quot;:&quot;#fff&quot;,&quot;btnText&quot;:&quot;View more&quot;,&quot;btnLink&quot;:&quot;#&quot;,&quot;btnColors&quot;:{&quot;color&quot;:&quot;#fff&quot;,&quot;bg&quot;:&quot;rgba(68, 39, 163, 0)&quot;,&quot;bgType&quot;:&quot;solid&quot;,&quot;gradient&quot;:&quot;linear-gradient(135deg, #4527a4, #8344c5)&quot;,&quot;styles&quot;:&quot;color: #fff; background: rgba(68, 39, 163, 0);&quot;},&quot;btnHovColors&quot;:{&quot;color&quot;:&quot;#fff&quot;,&quot;bg&quot;:&quot;rgba(130, 69, 196, 0)&quot;,&quot;bgType&quot;:&quot;solid&quot;,&quot;gradient&quot;:&quot;linear-gradient(135deg, #4527a4, #8344c5)&quot;,&quot;styles&quot;:&quot;color: #fff; background: rgba(130, 69, 196, 0);&quot;}},{&quot;background&quot;:{&quot;color&quot;:&quot;#00000080&quot;,&quot;type&quot;:&quot;image&quot;,&quot;gradient&quot;:&quot;linear-gradient(135deg, #fe6601, #fbb040)&quot;,&quot;image&quot;:{&quot;id&quot;:11077,&quot;url&quot;:&quot;https:\\\/\\\/mtn.cm\\\/wp-content\\\/uploads\\\/2022\\\/11\\\/1200x628-3.jpeg&quot;,&quot;alt&quot;:&quot;&quot;,&quot;title&quot;:&quot;1200x628-3&quot;},&quot;position&quot;:&quot;center center&quot;,&quot;attachment&quot;:&quot;initial&quot;,&quot;repeat&quot;:&quot;no-repeat&quot;,&quot;size&quot;:&quot;cover&quot;,&quot;overlayColor&quot;:&quot;rgba(0, 0, 0, 0)&quot;,&quot;styles&quot;:&quot;background: url(https:\\\/\\\/mtn.cm\\\/wp-content\\\/uploads\\\/2022\\\/11\\\/1200x628-3.jpeg); background-position: center center; background-size: cover; background-repeat: no-repeat; background-color: rgba(0, 0, 0, 0); background-blend-mode: overlay;&quot;},&quot;position&quot;:&quot;&quot;,&quot;positionHolder&quot;:&quot;center center&quot;,&quot;childPositions&quot;:[{&quot;top&quot;:41.5,&quot;left&quot;:20.35928143712575},{&quot;top&quot;:56,&quot;left&quot;:18.562874251497007},{&quot;top&quot;:55.75,&quot;left&quot;:43.10897435897436}],&quot;title&quot;:&quot;MTN Pro Control&quot;,&quot;titleColor&quot;:&quot;#fff&quot;,&quot;description&quot;:&quot;&quot;,&quot;descColor&quot;:&quot;#fff&quot;,&quot;btnText&quot;:&quot;View more&quot;,&quot;btnLink&quot;:&quot;#&quot;,&quot;btnColors&quot;:{&quot;color&quot;:&quot;#fff&quot;,&quot;bg&quot;:&quot;rgba(68, 39, 163, 0)&quot;,&quot;bgType&quot;:&quot;solid&quot;,&quot;gradient&quot;:&quot;linear-gradient(135deg, #4527a4, #8344c5)&quot;,&quot;styles&quot;:&quot;color: #fff; background: rgba(68, 39, 163, 0);&quot;},&quot;btnHovColors&quot;:{&quot;color&quot;:&quot;#fff&quot;,&quot;bg&quot;:&quot;rgba(130, 69, 196, 0)&quot;,&quot;bgType&quot;:&quot;solid&quot;,&quot;gradient&quot;:&quot;linear-gradient(135deg, #4527a4, #8344c5)&quot;,&quot;styles&quot;:&quot;color: #fff; background: rgba(130, 69, 196, 0);&quot;}},{&quot;background&quot;:{&quot;color&quot;:&quot;#00000080&quot;,&quot;type&quot;:&quot;image&quot;,&quot;gradient&quot;:&quot;linear-gradient(135deg, #fe6601, #fbb040)&quot;,&quot;image&quot;:{&quot;id&quot;:12725,&quot;url&quot;:&quot;https:\\\/\\\/mtn.cm\\\/wp-content\\\/uploads\\\/2022\\\/12\\\/MTN_Youth_569344777-scaled.jpeg&quot;,&quot;alt&quot;:&quot;&quot;,&quot;title&quot;:&quot;MTN_Youth_569344777&quot;},&quot;position&quot;:&quot;center center&quot;,&quot;attachment&quot;:&quot;initial&quot;,&quot;repeat&quot;:&quot;no-repeat&quot;,&quot;size&quot;:&quot;cover&quot;,&quot;overlayColor&quot;:&quot;rgba(0, 0, 0, 0)&quot;,&quot;styles&quot;:&quot;background: url(https:\\\/\\\/mtn.cm\\\/wp-content\\\/uploads\\\/2022\\\/12\\\/MTN_Youth_569344777-scaled.jpeg); background-position: center center; background-size: cover; background-repeat: no-repeat; background-color: rgba(0, 0, 0, 0); background-blend-mode: overlay;&quot;},&quot;position&quot;:&quot;&quot;,&quot;positionHolder&quot;:&quot;center center&quot;,&quot;childPositions&quot;:[{&quot;top&quot;:41.5,&quot;left&quot;:20.35928143712575},{&quot;top&quot;:56,&quot;left&quot;:18.562874251497007},{&quot;top&quot;:55.75,&quot;left&quot;:43.10897435897436}],&quot;title&quot;:&quot;MTN Elite Corporate&quot;,&quot;titleColor&quot;:&quot;#fff&quot;,&quot;description&quot;:&quot;&quot;,&quot;descColor&quot;:&quot;#fff&quot;,&quot;btnText&quot;:&quot;View more&quot;,&quot;btnLink&quot;:&quot;#&quot;,&quot;btnColors&quot;:{&quot;color&quot;:&quot;#fff&quot;,&quot;bg&quot;:&quot;rgba(68, 39, 163, 0)&quot;,&quot;bgType&quot;:&quot;solid&quot;,&quot;gradient&quot;:&quot;linear-gradient(135deg, #4527a4, #8344c5)&quot;,&quot;styles&quot;:&quot;color: #fff; background: rgba(68, 39, 163, 0);&quot;},&quot;btnHovColors&quot;:{&quot;color&quot;:&quot;#fff&quot;,&quot;bg&quot;:&quot;rgba(130, 69, 196, 0)&quot;,&quot;bgType&quot;:&quot;solid&quot;,&quot;gradient&quot;:&quot;linear-gradient(135deg, #4527a4, #8344c5)&quot;,&quot;styles&quot;:&quot;color: #fff; background: rgba(130, 69, 196, 0);&quot;}},{&quot;background&quot;:{&quot;color&quot;:&quot;#00000080&quot;,&quot;type&quot;:&quot;image&quot;,&quot;gradient&quot;:&quot;linear-gradient(135deg, #fe6601, #fbb040)&quot;,&quot;image&quot;:{&quot;id&quot;:655,&quot;url&quot;:&quot;https:\\\/\\\/mtn.cm\\\/wp-content\\\/uploads\\\/2022\\\/11\\\/MTN_SOHO_621733748-scaled.jpg&quot;,&quot;alt&quot;:&quot;&quot;,&quot;title&quot;:&quot;Partnering up to produce amazing results&quot;},&quot;position&quot;:&quot;center center&quot;,&quot;attachment&quot;:&quot;initial&quot;,&quot;repeat&quot;:&quot;no-repeat&quot;,&quot;size&quot;:&quot;cover&quot;,&quot;overlayColor&quot;:&quot;rgba(0, 0, 0, 0)&quot;,&quot;styles&quot;:&quot;background: url(https:\\\/\\\/mtn.cm\\\/wp-content\\\/uploads\\\/2022\\\/11\\\/MTN_SOHO_621733748-scaled.jpg); background-position: center center; background-size: cover; background-repeat: no-repeat; background-color: rgba(0, 0, 0, 0); background-blend-mode: overlay;&quot;},&quot;position&quot;:&quot;&quot;,&quot;positionHolder&quot;:&quot;center center&quot;,&quot;childPositions&quot;:[{&quot;top&quot;:41.5,&quot;left&quot;:20.35928143712575},{&quot;top&quot;:56,&quot;left&quot;:18.562874251497007},{&quot;top&quot;:55.75,&quot;left&quot;:43.10897435897436}],&quot;title&quot;:&quot;MTN Pro Plan&quot;,&quot;titleColor&quot;:&quot;#fff&quot;,&quot;description&quot;:&quot;&quot;,&quot;descColor&quot;:&quot;#fff&quot;,&quot;btnText&quot;:&quot;View more&quot;,&quot;btnLink&quot;:&quot;#&quot;,&quot;btnColors&quot;:{&quot;color&quot;:&quot;#fff&quot;,&quot;bg&quot;:&quot;rgba(68, 39, 163, 0)&quot;,&quot;bgType&quot;:&quot;solid&quot;,&quot;gradient&quot;:&quot;linear-gradient(135deg, #4527a4, #8344c5)&quot;,&quot;styles&quot;:&quot;color: #fff; background: rgba(68, 39, 163, 0);&quot;},&quot;btnHovColors&quot;:{&quot;color&quot;:&quot;#fff&quot;,&quot;bg&quot;:&quot;rgba(130, 69, 196, 0)&quot;,&quot;bgType&quot;:&quot;solid&quot;,&quot;gradient&quot;:&quot;linear-gradient(135deg, #4527a4, #8344c5)&quot;,&quot;styles&quot;:&quot;color: #fff; background: rgba(130, 69, 196, 0);&quot;}}],&quot;columns&quot;:{&quot;desktop&quot;:3,&quot;tablet&quot;:1,&quot;mobile&quot;:1},&quot;columnGap&quot;:25,&quot;sliderHeight&quot;:&quot;300px&quot;,&quot;pageBorder&quot;:{&quot;radius&quot;:&quot;50%&quot;,&quot;width&quot;:&quot;0px&quot;,&quot;style&quot;:&quot;solid&quot;,&quot;color&quot;:&quot;#0000&quot;,&quot;side&quot;:&quot;all&quot;,&quot;styles&quot;:&quot;border-radius: 50%;&quot;},&quot;titleTypo&quot;:{&quot;fontSize&quot;:25,&quot;styles&quot;:&quot;font-size: 25px; line-height: 135%;&quot;,&quot;googleFontLink&quot;:&quot;&quot;},&quot;isDesc&quot;:false,&quot;descTypo&quot;:{&quot;fontSize&quot;:15,&quot;styles&quot;:&quot;font-size: 15px; line-height: 135%;&quot;,&quot;googleFontLink&quot;:&quot;&quot;},&quot;btnTypo&quot;:{&quot;fontSize&quot;:16,&quot;styles&quot;:&quot;font-size: 16px; line-height: 135%;&quot;,&quot;googleFontLink&quot;:&quot;&quot;},&quot;btnPadding&quot;:{&quot;vertical&quot;:&quot;12px&quot;,&quot;horizontal&quot;:&quot;35px&quot;,&quot;side&quot;:2,&quot;top&quot;:&quot;0px&quot;,&quot;right&quot;:&quot;0px&quot;,&quot;bottom&quot;:&quot;0px&quot;,&quot;left&quot;:&quot;0px&quot;,&quot;styles&quot;:&quot;12px 35px&quot;},&quot;btnBorder&quot;:{&quot;radius&quot;:&quot;50px&quot;,&quot;width&quot;:&quot;2px&quot;,&quot;style&quot;:&quot;solid&quot;,&quot;color&quot;:&quot;#ffffff&quot;,&quot;side&quot;:&quot;all&quot;,&quot;styles&quot;:&quot;border-top: 2px solid #ffffff; border-right: 2px solid #ffffff; border-bottom: 2px solid #ffffff; border-left: 2px solid #ffffff; border-radius: 50px;&quot;},&quot;align&quot;:&quot;&quot;,&quot;sliderWidth&quot;:&quot;100%&quot;,&quot;sliderAlign&quot;:&quot;center&quot;,&quot;isLoop&quot;:true,&quot;isTouchMove&quot;:true,&quot;speed&quot;:1.5,&quot;isAutoplay&quot;:true,&quot;autoplayOptions&quot;:{&quot;delay&quot;:1.5,&quot;disableOnInteraction&quot;:false,&quot;reverseDirection&quot;:false,&quot;pauseOnMouseEnter&quot;:false,&quot;stopOnLastSlide&quot;:false},&quot;freeModeOptions&quot;:{&quot;enabled&quot;:false,&quot;sticky&quot;:false},&quot;effect&quot;:&quot;slide&quot;,&quot;keyboardOptions&quot;:{&quot;enabled&quot;:false},&quot;isMousewheel&quot;:false,&quot;isPage&quot;:true,&quot;pageOnDevice&quot;:{&quot;tablet&quot;:true,&quot;mobile&quot;:true},&quot;isPageClickable&quot;:true,&quot;isPageDynamic&quot;:true,&quot;isPrevNext&quot;:true,&quot;prevNextOnDevice&quot;:{&quot;tablet&quot;:true,&quot;mobile&quot;:true},&quot;sliderBG&quot;:{&quot;color&quot;:&quot;#0000&quot;},&quot;sliderPadding&quot;:{&quot;vertical&quot;:&quot;0px&quot;,&quot;horizontal&quot;:&quot;0px&quot;},&quot;pageColor&quot;:&quot;#fff&quot;,&quot;pageWidth&quot;:&quot;15px&quot;,&quot;pageHeight&quot;:&quot;15px&quot;,&quot;prevNextColor&quot;:&quot;#fff&quot;,&quot;isTitle&quot;:true,&quot;descColor&quot;:&quot;&quot;,&quot;isBtn&quot;:true,&quot;linkTarget&quot;:&quot;_blank&quot;,&quot;TrpContentRestriction&quot;:{&quot;restriction_type&quot;:&quot;exclude&quot;,&quot;selected_languages&quot;:[],&quot;panel_open&quot;:true}}'\n><\/div><\/div>\n<\/div>","protected":false},"excerpt":{"rendered":"","protected":false},"author":2,"featured_media":0,"parent":47,"menu_order":0,"comment_status":"closed","ping_status":"closed","template":"","meta":{"_acf_changed":false,"footnotes":""},"class_list":["post-794","page","type-page","status-publish","hentry"],"acf":[],"_links":{"self":[{"href":"https:\/\/mtn.cm\/fr\/wp-json\/wp\/v2\/pages\/794","targetHints":{"allow":["GET"]}}],"collection":[{"href":"https:\/\/mtn.cm\/fr\/wp-json\/wp\/v2\/pages"}],"about":[{"href":"https:\/\/mtn.cm\/fr\/wp-json\/wp\/v2\/types\/page"}],"author":[{"embeddable":true,"href":"https:\/\/mtn.cm\/fr\/wp-json\/wp\/v2\/users\/2"}],"replies":[{"embeddable":true,"href":"https:\/\/mtn.cm\/fr\/wp-json\/wp\/v2\/comments?post=794"}],"version-history":[{"count":5,"href":"https:\/\/mtn.cm\/fr\/wp-json\/wp\/v2\/pages\/794\/revisions"}],"predecessor-version":[{"id":12985,"href":"https:\/\/mtn.cm\/fr\/wp-json\/wp\/v2\/pages\/794\/revisions\/12985"}],"up":[{"embeddable":true,"href":"https:\/\/mtn.cm\/fr\/wp-json\/wp\/v2\/pages\/47"}],"wp:attachment":[{"href":"https:\/\/mtn.cm\/fr\/wp-json\/wp\/v2\/media?parent=794"}],"curies":[{"name":"wp","href":"https:\/\/api.w.org\/{rel}","templated":true}]}}