{"id":579,"date":"2022-11-23T05:16:55","date_gmt":"2022-11-23T05:16:55","guid":{"rendered":"https:\/\/mtn.cm\/\/?page_id=579"},"modified":"2022-12-22T10:15:01","modified_gmt":"2022-12-22T10:15:01","slug":"why-mtn","status":"publish","type":"page","link":"https:\/\/mtn.cm\/fr\/why-mtn\/","title":{"rendered":"Pourquoi MTN"},"content":{"rendered":"<div class=\"single-banner-section\">\n    \n            <div id=\"banner-block_8328ad762ea97c0186c0a74d255c0806\" class=\"banner alignwide\">\n                <div class=\"banner-section desktop-only alignedBottom textLight dark-overlay\" style=\"background:url(https:\/\/mtn.cm\/wp-content\/uploads\/2022\/11\/MTN_SOHO_552342901-scaled.jpg);background-size: cover;background-position:center center;\">\n                    <div class =\"banner-heading-section\">    \n                        <div class=\"banner-section-container\">\n                                                     <p class=\"mtn-page-title yello-title\">Carri\u00e8res<\/p>\n                                                                                  <h1 class=\"mtn-heading yello-heading\"><p>Pourquoi MTN<\/p>\n<\/h1>\n                                                                        \n                \n            \n                        <\/div>\n                      \n                    <\/div>\n                <\/div>\n                \n                <div class=\"banner-section mobile-only alignedBottom textLight dark-overlay\" style=\"background:url(https:\/\/mtn.cm\/wp-content\/uploads\/2022\/11\/MTN_SOHO_552342901-scaled.jpg);background-size: cover;background-position:center center;\">\n                    <div class =\"banner-heading-section\">    \n                        <div class=\"banner-section-container\">\n                                                     <p class=\"mtn-page-title yello-title\">Carri\u00e8res<\/p>\n                                                                                  <h1 class=\"mtn-heading yello-heading\"><p>Pourquoi MTN<\/p>\n<\/h1>\n                                                     \n                        <\/div>\n                      \n                    <\/div>\n\n                <\/div>\n\n                <div class=\"banner-divider\">\n                <\/div>\n            <\/div>\n    \n            <\/div>\n\n\n\n<div class=\"wp-block-columns is-layout-flex wp-container-core-columns-is-layout-2671a238 wp-block-columns-is-layout-flex\" style=\"margin-top:var(--wp--preset--spacing--20);margin-bottom:var(--wp--preset--spacing--20);padding-top:var(--wp--preset--spacing--20);padding-right:var(--wp--preset--spacing--20);padding-bottom:var(--wp--preset--spacing--20);padding-left:var(--wp--preset--spacing--20)\">\n<div class=\"wp-block-column is-layout-flow wp-block-column-is-layout-flow\"><div id=\"section-heading-block_9f75f5926fa3c779c5ccf394b7aa48d5\" class=\"section-heading has-text-align-left\">\n<div class=\"mtn-section\">\n<h3 class=\"mtn-heading size- section-heading\">Notre parcours<\/h3>\n<\/div>\n<\/div>\n\n\n<div id=\"section-paragraph-block_360a2317b4ae4821f93c6b69b898a4e6\" class=\"section-paragraph has-text-align-left\">\n<div class=\"mtn-body-text mtn-section paragraph\"><p>Chez MTN, nous voulons que nous suivions le chemin commenc\u00e9 en 2000. Nous nous engageons \u00e0 diriger la cr\u00e9ation d'un nouveau monde audacieux dans le monde num\u00e9rique et \u00e0 rendre ainsi la vie de nos peuples beaucoup plus radieuse. Nous ne travaillons pas pour notre entreprise. Nous sommes s\u00fbrs que vous \u00eates passionn\u00e9 par les voyages.<\/p>\n<p>&nbsp;<\/p>\n<p>&nbsp;<\/p>\n<\/div>\n<\/div><\/div>\n\n\n\n<div class=\"wp-block-column is-layout-constrained wp-block-column-is-layout-constrained\"><div id=\"callout-large-block_43629e565b105185f050ff0885bbfd50\" class=\"callout-large\">\n    <div class=\"callout-section desktop-only overlaynone callout-content\" style=\"background:url(https:\/\/mtn.cm\/wp-content\/uploads\/2022\/11\/MTN_Mass_658889605-scaled.jpg);background-size:cover;background-position:center;\">\n        <div class =\"callout-cta-section textLight\">    \n            <h4 class = \"mtn-heading\"><\/h4>\n            <p class =\"mtn-body-text\"><\/p>\n                    <\/div>\n    <\/div>\n\n    <div class=\"callout-section mobile-only overlaynone callout-content\" style=\"background:url(https:\/\/mtn.cm\/wp-content\/uploads\/2022\/11\/MTN_Mass_658889605-scaled.jpg);background-size:cover;background-position:center;\">\n        <div class =\"callout-cta-section textLight\">    \n            <h4 class = \"mtn-heading\"><\/h4>\n            <p class =\"mtn-body-text\"><\/p>\n                    <\/div>\n    <\/div>\n<\/div><\/div>\n<\/div>\n\n\n\n<div class=\"wp-block-columns is-layout-flex wp-container-core-columns-is-layout-2671a238 wp-block-columns-is-layout-flex\" style=\"margin-top:var(--wp--preset--spacing--20);margin-bottom:var(--wp--preset--spacing--20);padding-top:var(--wp--preset--spacing--20);padding-right:var(--wp--preset--spacing--20);padding-bottom:var(--wp--preset--spacing--20);padding-left:var(--wp--preset--spacing--20)\">\n<div class=\"wp-block-column is-layout-flow wp-block-column-is-layout-flow\"><div id=\"callout-large-block_764a3ac8208411f95cd64513a040a940\" class=\"callout-large\">\n    <div class=\"callout-section desktop-only overlaynone callout-content\" style=\"background:url(https:\/\/mtn.cm\/wp-content\/uploads\/2022\/11\/MTN_SME_474104309-scaled.jpg);background-size:cover;background-position:center;\">\n        <div class =\"callout-cta-section textLight\">    \n            <h4 class = \"mtn-heading\"><\/h4>\n            <p class =\"mtn-body-text\"><\/p>\n                    <\/div>\n    <\/div>\n\n    <div class=\"callout-section mobile-only overlaynone callout-content\" style=\"background:url(https:\/\/mtn.cm\/wp-content\/uploads\/2022\/11\/MTN_SME_474104309-scaled.jpg);background-size:cover;background-position:center;\">\n        <div class =\"callout-cta-section textLight\">    \n            <h4 class = \"mtn-heading\"><\/h4>\n            <p class =\"mtn-body-text\"><\/p>\n                    <\/div>\n    <\/div>\n<\/div><\/div>\n\n\n\n<div class=\"wp-block-column is-layout-constrained wp-container-core-column-is-layout-4df79160 wp-block-column-is-layout-constrained\" style=\"padding-top:0;padding-right:0;padding-bottom:0;padding-left:0\"><div id=\"large-heading-block_35b312e423990d67564c587800e4ff24\" class=\"large-heading has-text-align-left\">\n<div class=\"mtn-section\">\n<h3 class=\"mtn-heading large-heading\">Ta passion<\/h3>\n<\/div>\n<\/div>\n\n\n<div id=\"section-paragraph-block_beb6737cd47c97ea1d24c0c476727d1f\" class=\"section-paragraph has-text-align-left\">\n<div class=\"mtn-body-text mtn-section paragraph\"><p>Vous \u00eates passionn\u00e9 par les technologies de l'information et de la communication (TIC) ? Avez-vous un fort d\u00e9sir d'ajouter de la valeur \u00e0 la vie des gens dans un environnement de travail rapide, stimulant, innovant et gratifiant ? Si votre r\u00e9ponse est positive, MTN est l'endroit o\u00f9 vous devriez travailler.<\/p>\n<\/div>\n<\/div><\/div>\n<\/div>","protected":false},"excerpt":{"rendered":"","protected":false},"author":2,"featured_media":0,"parent":0,"menu_order":0,"comment_status":"closed","ping_status":"closed","template":"","meta":{"_acf_changed":false,"footnotes":""},"class_list":["post-579","page","type-page","status-publish","hentry"],"acf":[],"_links":{"self":[{"href":"https:\/\/mtn.cm\/fr\/wp-json\/wp\/v2\/pages\/579","targetHints":{"allow":["GET"]}}],"collection":[{"href":"https:\/\/mtn.cm\/fr\/wp-json\/wp\/v2\/pages"}],"about":[{"href":"https:\/\/mtn.cm\/fr\/wp-json\/wp\/v2\/types\/page"}],"author":[{"embeddable":true,"href":"https:\/\/mtn.cm\/fr\/wp-json\/wp\/v2\/users\/2"}],"replies":[{"embeddable":true,"href":"https:\/\/mtn.cm\/fr\/wp-json\/wp\/v2\/comments?post=579"}],"version-history":[{"count":6,"href":"https:\/\/mtn.cm\/fr\/wp-json\/wp\/v2\/pages\/579\/revisions"}],"predecessor-version":[{"id":13434,"href":"https:\/\/mtn.cm\/fr\/wp-json\/wp\/v2\/pages\/579\/revisions\/13434"}],"wp:attachment":[{"href":"https:\/\/mtn.cm\/fr\/wp-json\/wp\/v2\/media?parent=579"}],"curies":[{"name":"wp","href":"https:\/\/api.w.org\/{rel}","templated":true}]}}