{"id":45,"date":"2022-11-04T21:00:57","date_gmt":"2022-11-04T21:00:57","guid":{"rendered":"https:\/\/mtn.cm\/\/?page_id=45"},"modified":"2025-03-20T13:56:15","modified_gmt":"2025-03-20T13:56:15","slug":"play","status":"publish","type":"page","link":"https:\/\/mtn.cm\/fr\/play\/","title":{"rendered":"Jouer"},"content":{"rendered":"<div class=\"slideshow-section\">\n        <div class=\"banner-slider slides2\">\n        \n            <div id=\"banner-block_852786be3b76aa84f6f6b234a803f6d2\" class=\"banner\">\n            <div class=\"banner-section desktop-only alignedBottom textLight dark-overlay\" style=\"background:url(https:\/\/mtn.cm\/wp-content\/uploads\/2022\/12\/PLAY-scaled.jpg);background-size:cover;background-position:center center;\">\n                    <div class =\"banner-heading-section\">   \n                        <div class=\"heading-section-container\">\n                                                  <p class=\"mtn-page-title yello-title\">MTN Musique +<\/p>\n                                                                            <h1 class=\"mtn-heading yello-heading\"><p>Joue avec nous<\/p>\n<\/h1> \n                                                                      \n                        <\/div> \n                        \n                    <\/div>\n                    <div class=\"banner-cta-section ctaLight\">\n                        <a href=\"https:\/\/mtn.cm\/fr\/play\/music\/mtn-music\/\"><button>En savoir plus<\/button><\/a>\n                    <\/div>\n            <\/div>\n\n            <div class=\"banner-section mobile-only alignedBottom textLight dark-overlay\" style=\"background:url(https:\/\/mtn.cm\/wp-content\/uploads\/2022\/12\/PLAY-scaled.jpg);background-size:cover;background-position:center center;\">\n                    <div class =\"banner-heading-section\">   \n                        <div class=\"heading-section-container\">\n                                                  <p class=\"mtn-page-title yello-title\">MTN Musique +<\/p>\n                                                                            <h1 class=\"mtn-heading yello-heading\"><p>Joue avec nous<\/p>\n<\/h1> \n                                                                        <\/div> \n                        \n                    <\/div>\n                    <div class=\"banner-cta-section ctaLight\">\n                        <a href=\"https:\/\/mtn.cm\/fr\/play\/music\/mtn-music\/\"><button>En savoir plus<\/button><\/a>\n                    <\/div>\n            <\/div>\n\n                <div class=\"banner-divider\">\n                <\/div>\n            <\/div>\n\n            \n            <div id=\"banner-block_852786be3b76aa84f6f6b234a803f6d2\" class=\"banner\">\n            <div class=\"banner-section desktop-only alignedBottom textLight dark-overlay\" style=\"background:url(https:\/\/mtn.cm\/wp-content\/uploads\/2022\/12\/4g-LTE-Turbo.jpg);background-size:cover;background-position:center center;\">\n                    <div class =\"banner-heading-section\">   \n                        <div class=\"heading-section-container\">\n                                                  <p class=\"mtn-page-title yello-title\">Jeux<\/p>\n                                                                            <h1 class=\"mtn-heading yello-heading\"><p>Jeu MTN +<\/p>\n<\/h1> \n                                                                      \n                        <\/div> \n                        \n                    <\/div>\n                    <div class=\"banner-cta-section ctaLight\">\n                        <a href=\"https:\/\/mtn.cm\/fr\/play\/gaming\/mtn-game\/\"><button>Texte du bouton<\/button><\/a>\n                    <\/div>\n            <\/div>\n\n            <div class=\"banner-section mobile-only alignedBottom textLight dark-overlay\" style=\"background:url(https:\/\/mtn.cm\/wp-content\/uploads\/2022\/12\/4g-LTE-Turbo.jpg);background-size:cover;background-position:center center;\">\n                    <div class =\"banner-heading-section\">   \n                        <div class=\"heading-section-container\">\n                                                  <p class=\"mtn-page-title yello-title\">Jeux<\/p>\n                                                                            <h1 class=\"mtn-heading yello-heading\"><p>Jeu MTN +<\/p>\n<\/h1> \n                                                                        <\/div> \n                        \n                    <\/div>\n                    <div class=\"banner-cta-section ctaLight\">\n                        <a href=\"https:\/\/mtn.cm\/fr\/play\/gaming\/mtn-game\/\"><button>Texte du bouton<\/button><\/a>\n                    <\/div>\n            <\/div>\n\n                <div class=\"banner-divider\">\n                <\/div>\n            <\/div>\n\n                    <\/div>\n\n    \n         <div class=\"slideshow-dots\"><\/div>\n<\/div>\n\n\n\n<div id=\"icon_with_link-block_521317542b6e98bff5172d8046286a44\" class=\"icon-with-link\">\n    <div class=\"icon-links-section\">\n                <div class=\"icon-link-grid\">\n                                    <a href=\"https:\/\/mtn.cm\/fr\/play\/video\/\" class=\"link-card\">\n                        <div class=\"link-img-section\">\n                            <img decoding=\"async\" src=\"https:\/\/mtn.cm\/wp-content\/uploads\/2022\/12\/video-svgrepo-com.svg\" alt=\"Video\">\n                        <\/div>\n                      \n                        <p class =\"mtn-body-text link-label-text\">Vid\u00e9o<\/p>\n                             \n                <\/a>\n\n                                    <a href=\"https:\/\/mtn.cm\/fr\/play\/gaming\/mtn-game\/\" class=\"link-card\">\n                        <div class=\"link-img-section\">\n                            <img decoding=\"async\" src=\"https:\/\/mtn.cm\/wp-content\/uploads\/2022\/12\/game-svgrepo-com-1.svg\" alt=\"Game\">\n                        <\/div>\n                      \n                        <p class =\"mtn-body-text link-label-text\">Jeu<\/p>\n                             \n                <\/a>\n\n                                    <a href=\"https:\/\/mtn.cm\/fr\/play\/music\/mtn-music\/\" class=\"link-card\">\n                        <div class=\"link-img-section\">\n                            <img decoding=\"async\" src=\"https:\/\/mtn.cm\/wp-content\/uploads\/2022\/12\/music-svgrepo-com.svg\" alt=\"Music\">\n                        <\/div>\n                      \n                        <p class =\"mtn-body-text link-label-text\">Musique<\/p>\n                             \n                <\/a>\n\n                        <\/div>\n            <\/div>\n<\/div>\n\n<div id=\"headline-block_c41b23f0c130c4fbe2eb97bc87da494c\" class=\"headline\">\n    <div class=\"headline-section\" style=\"background:url(https:\/\/mtn.cm\/wp-content\/uploads\/2023\/04\/Image-Placeholder-1.png);background-size:cover;background-position:center;\">\n        <div class =\"headline-cta-section\">    \n            <h4 class = \"mtn-heading\">Profitez du traitement VIP \u00e0 partir de seulement 100 frs<\/h4>\n            <p class =\"mtn-body-text\">Offres premium pour vivre pleinement sa vie<\/p>\n            <a href =\"https:\/\/mtn.cm\/fr\/deal\/wanda-net\/\"><button class = \"mtn-button\">Explorer les forfaits<\/button><\/a>\n        <\/div>\n    <\/div>\n<\/div>\n\n<div id=\"about_section-block_49e287a9a5ccbe283cbcd1ea25aa8621\" class=\"about-section\">\n    <div class=\"about-row\">\n        <!--left section-->\n                <div class=\"about-col links-section\">\n            <div class=\"heading-section\">\n                <p class=\"links-section-heading mtn-button-text\">\n                                    <\/p>\n                <h2 class=\"mtn-heading\"> Travailler avec MTN<\/h2>\n            <\/div>\n            \n            <div class=\"links-section-list\">\n                                <a href=\"https:\/\/mtn.cm\/fr\/helppersonal\/\">\n                    <div class=\"links-section-item\">\n                        <p class=\"mtn-body-text links-item-label\">Aide<\/p><img decoding=\"async\"\n                            src=\"https:\/\/mtn.cm\/wp-content\/themes\/mtn-vivid-wp\/public\/img\/chevron-right.svg\"\n                            alt=\"read more\">\n                    <\/div>\n                <\/a>\n                                <a href=\"https:\/\/ehle.fa.em2.oraclecloud.com\/hcmUI\/CandidateExperience\/en\/sites\/CX\">\n                    <div class=\"links-section-item\">\n                        <p class=\"mtn-body-text links-item-label\">Devenir un MTNer<\/p><img decoding=\"async\"\n                            src=\"https:\/\/mtn.cm\/wp-content\/themes\/mtn-vivid-wp\/public\/img\/chevron-right.svg\"\n                            alt=\"read more\">\n                    <\/div>\n                <\/a>\n                                <a href=\"https:\/\/mtn.cm\/fr\/deal\/coverage-map\/\">\n                    <div class=\"links-section-item\">\n                        <p class=\"mtn-body-text links-item-label\">Carte de couverture <\/p><img decoding=\"async\"\n                            src=\"https:\/\/mtn.cm\/wp-content\/themes\/mtn-vivid-wp\/public\/img\/chevron-right.svg\"\n                            alt=\"read more\">\n                    <\/div>\n                <\/a>\n                            <\/div>\n\n                    <\/div>\n\n              <!-- end of left section-->\n\n                <div class=\"about-col info-carousel themeDark\">\n            <!--Info Carousel-->\n            <div class=\"heading-section\">\n                <p class=\"info-carousel-heading mtn-button-text\">\n                    VOUS CHERCHEZ QUELQUE CHOSE D'AUTRE\u00a0?                <\/p>\n            <\/div>\n            \n            <div class=\"info-carousel-slider\">\n                                <div class=\"info-carousel-card\">\n                    <div class=\"info-carousel-text-section\">\n                    <h2 class=\"mtn-heading\">Derni\u00e8res nouvelles<\/h2>\n                    <div class=\"info-card-text mtn-body-text\"><p>Actualit\u00e9s<\/p>\n<\/div>\n                    <\/div>\n                    <a class=\"cta-link\" href=\"https:\/\/mtn.cm\/fr\/newsabout\/\">En savoir plus<span\n                            class=\"link-chevron\"><img decoding=\"async\"\n                                src=\"https:\/\/mtn.cm\/wp-content\/themes\/mtn-vivid-wp\/public\/img\/chevron-right.svg\"\n                                alt=\"read more\"><\/span><\/a>\n\n                <\/div>\n                                <div class=\"info-carousel-card\">\n                    <div class=\"info-carousel-text-section\">\n                    <h2 class=\"mtn-heading\">Nous contacter<\/h2>\n                    <div class=\"info-card-text mtn-body-text\"><p>Dites juste bonjour, contactez-nous ici<\/p>\n<\/div>\n                    <\/div>\n                    <a class=\"cta-link\" href=\"https:\/\/mtn.cm\/fr\/contact\/\">EN SAVOIR PLUS<span\n                            class=\"link-chevron\"><img decoding=\"async\"\n                                src=\"https:\/\/mtn.cm\/wp-content\/themes\/mtn-vivid-wp\/public\/img\/chevron-right.svg\"\n                                alt=\"read more\"><\/span><\/a>\n\n                <\/div>\n                                <div class=\"info-carousel-card\">\n                    <div class=\"info-carousel-text-section\">\n                    <h2 class=\"mtn-heading\">Promotions<\/h2>\n                    <div class=\"info-card-text mtn-body-text\"><p>Voir nos produits en promotion<\/p>\n<\/div>\n                    <\/div>\n                    <a class=\"cta-link\" href=\"https:\/\/mtn.cm\/fr\/deal-types\/prepaid-deals\/promotion\/\">Voir plus<span\n                            class=\"link-chevron\"><img decoding=\"async\"\n                                src=\"https:\/\/mtn.cm\/wp-content\/themes\/mtn-vivid-wp\/public\/img\/chevron-right.svg\"\n                                alt=\"read more\"><\/span><\/a>\n\n                <\/div>\n                            <\/div>\n\n                        <!--<div class=\"info-carousel-dots\"><\/div>-->\n        <\/div>\n        <!--end of info carousel-->\n                <\/div>\n        <!--end of latest posts-->\n        <!--end of right section-->\n    <\/div>\n\n<\/div>\n\n<div id=\"carousel-block_e160202786db7d550d88a31a16f32fae\" class=\"carousel\">\n    <div class=\"carousel-section desktop-only textLight carousel-short\"\n        style=\"background:url(https:\/\/mtn.cm\/wp-content\/uploads\/2022\/11\/MTN_Mass_97807666-scaled.jpg);background-size:cover;background-position:center top;\">\n        <div class=\"carousel-heading-section\">\n            <h2 class=\"mtn-heading\">D\u00e9veloppez votre monde<\/h2>\n        <\/div>\n                        <div class=\"long-info-slider\">\n                                <div class=\"mtn-carousel-card\">\n                                        <p class=\"mtn-carousel-card-title\">MTN App<\/p>\n                                            <p class=\"mtn-carousel-card-category\">G\u00e9rez votre compte, de nouvelles cartes SIM, gagnez des r\u00e9compenses et rechargez.<\/p>\n                                                        <\/div>\n                                <div class=\"mtn-carousel-card\">\n                                        <p class=\"mtn-carousel-card-title\">Ayoba<\/p>\n                                            <p class=\"mtn-carousel-card-category\">Discutez, partagez du contenu, \u00e9coutez de la musique et passez des appels sur une application de messagerie instantan\u00e9e s\u00e9curis\u00e9e.<\/p>\n                                                        <\/div>\n                                <div class=\"mtn-carousel-card\">\n                                        <p class=\"mtn-carousel-card-title\">MTN MoMo<\/p>\n                                            <p class=\"mtn-carousel-card-category\">G\u00e9rez votre argent depuis votre t\u00e9l\u00e9phone portable, magasinez et transf\u00e9rez de l'argent sans frais mensuels<\/p>\n                                                        <\/div>\n                                <div class=\"mtn-carousel-card\">\n                                        <p class=\"mtn-carousel-card-title\">Assurance<\/p>\n                                            <p class=\"mtn-carousel-card-category\">B\u00e9n\u00e9ficiez d'une couverture d'assurance abordable et compl\u00e8te avec des avantages \u00e0 valeur ajout\u00e9e.<\/p>\n                                                        <\/div>\n                            <\/div>\n            \n    <\/div>\n    <div class=\"carousel-section mobile-only textLight carousel-short\"\n        style=\"background:url(https:\/\/mtn.cm\/wp-content\/uploads\/2022\/11\/MTN_Mass_97807666-scaled.jpg);background-size:cover;background-position:center top;\">\n        <div class=\"carousel-heading-section\">\n            <h2 class=\"mtn-heading\">D\u00e9veloppez votre monde<\/h2>\n        <\/div>\n                        <div class=\"long-info-slider\">\n                                <div class=\"mtn-carousel-card\">\n                                        <p class=\"mtn-carousel-card-title\">MTN App<\/p>\n                                            <p class=\"mtn-carousel-card-category\">G\u00e9rez votre compte, de nouvelles cartes SIM, gagnez des r\u00e9compenses et rechargez.<\/p>\n                                                        <\/div>\n                                <div class=\"mtn-carousel-card\">\n                                        <p class=\"mtn-carousel-card-title\">Ayoba<\/p>\n                                            <p class=\"mtn-carousel-card-category\">Discutez, partagez du contenu, \u00e9coutez de la musique et passez des appels sur une application de messagerie instantan\u00e9e s\u00e9curis\u00e9e.<\/p>\n                                                        <\/div>\n                                <div class=\"mtn-carousel-card\">\n                                        <p class=\"mtn-carousel-card-title\">MTN MoMo<\/p>\n                                            <p class=\"mtn-carousel-card-category\">G\u00e9rez votre argent depuis votre t\u00e9l\u00e9phone portable, magasinez et transf\u00e9rez de l'argent sans frais mensuels<\/p>\n                                                        <\/div>\n                                <div class=\"mtn-carousel-card\">\n                                        <p class=\"mtn-carousel-card-title\">Assurance<\/p>\n                                            <p class=\"mtn-carousel-card-category\">B\u00e9n\u00e9ficiez d'une couverture d'assurance abordable et compl\u00e8te avec des avantages \u00e0 valeur ajout\u00e9e.<\/p>\n                                                        <\/div>\n                            <\/div>\n            \n    <\/div>\n\n<\/div>","protected":false},"excerpt":{"rendered":"","protected":false},"author":2,"featured_media":0,"parent":0,"menu_order":0,"comment_status":"closed","ping_status":"closed","template":"","meta":{"_acf_changed":false,"footnotes":""},"class_list":["post-45","page","type-page","status-publish","hentry"],"acf":[],"_links":{"self":[{"href":"https:\/\/mtn.cm\/fr\/wp-json\/wp\/v2\/pages\/45","targetHints":{"allow":["GET"]}}],"collection":[{"href":"https:\/\/mtn.cm\/fr\/wp-json\/wp\/v2\/pages"}],"about":[{"href":"https:\/\/mtn.cm\/fr\/wp-json\/wp\/v2\/types\/page"}],"author":[{"embeddable":true,"href":"https:\/\/mtn.cm\/fr\/wp-json\/wp\/v2\/users\/2"}],"replies":[{"embeddable":true,"href":"https:\/\/mtn.cm\/fr\/wp-json\/wp\/v2\/comments?post=45"}],"version-history":[{"count":18,"href":"https:\/\/mtn.cm\/fr\/wp-json\/wp\/v2\/pages\/45\/revisions"}],"predecessor-version":[{"id":19587,"href":"https:\/\/mtn.cm\/fr\/wp-json\/wp\/v2\/pages\/45\/revisions\/19587"}],"wp:attachment":[{"href":"https:\/\/mtn.cm\/fr\/wp-json\/wp\/v2\/media?parent=45"}],"curies":[{"name":"wp","href":"https:\/\/api.w.org\/{rel}","templated":true}]}}