{"id":43,"date":"2022-11-04T21:00:42","date_gmt":"2022-11-04T21:00:42","guid":{"rendered":"https:\/\/mtn.cm\/\/?page_id=43"},"modified":"2025-10-16T12:07:04","modified_gmt":"2025-10-16T12:07:04","slug":"foundation","status":"publish","type":"page","link":"https:\/\/mtn.cm\/fr\/foundation\/","title":{"rendered":"Fondation"},"content":{"rendered":"<div class=\"slideshow-section\">\n        <div class=\"banner-slider slides1\">\n        \n            <div id=\"banner-block_cbca8f57c2ab638be0fa1517de91c731\" class=\"banner\">\n            <div class=\"banner-section desktop-only alignedBottom textLight dark-overlay\" style=\"background:url(https:\/\/mtn.cm\/wp-content\/uploads\/2023\/01\/MTN_SOHO_470322104-scaled.jpg);background-size:cover;background-position:center center;\">\n                    <div class =\"banner-heading-section\">   \n                        <div class=\"heading-section-container\">\n                                                  <p class=\"mtn-page-title yello-title\">Fondation MTN <\/p>\n                                                                            <h1 class=\"mtn-heading yello-heading\"><p>RESPONSABILIT\u00c9 SOCIALE DES ENTREPRISES<\/p>\n<\/h1> \n                                                                           <p class=\"mtn-subheading yello-subheading\">Tout le monde m\u00e9rite les avantages d'une vie connect\u00e9e moderne<\/p>\n                                              \n                        <\/div> \n                        \n                    <\/div>\n                    <div class=\"banner-cta-section ctaLight\">\n                        <a href=\"https:\/\/mtn.cm\/fr\/foundation\/about-foundation\/\"><button>En savoir plus<\/button><\/a>\n                    <\/div>\n            <\/div>\n\n            <div class=\"banner-section mobile-only alignedBottom textLight dark-overlay\" style=\"background:url(https:\/\/mtn.cm\/wp-content\/uploads\/2023\/01\/MTN_SOHO_470322104-scaled.jpg);background-size:cover;background-position:center center;\">\n                    <div class =\"banner-heading-section\">   \n                        <div class=\"heading-section-container\">\n                                                  <p class=\"mtn-page-title yello-title\">Fondation MTN <\/p>\n                                                                            <h1 class=\"mtn-heading yello-heading\"><p>RESPONSABILIT\u00c9 SOCIALE DES ENTREPRISES<\/p>\n<\/h1> \n                                                                           <p class=\"mtn-subheading yello-subheading\">Tout le monde m\u00e9rite les avantages d'une vie connect\u00e9e moderne<\/p>\n                                                <\/div> \n                        \n                    <\/div>\n                    <div class=\"banner-cta-section ctaLight\">\n                        <a href=\"https:\/\/mtn.cm\/fr\/foundation\/about-foundation\/\"><button>En savoir plus<\/button><\/a>\n                    <\/div>\n            <\/div>\n\n                <div class=\"banner-divider\">\n                <\/div>\n            <\/div>\n\n                    <\/div>\n\n    \n         <div class=\"slideshow-dots\"><\/div>\n<\/div>\n\n\n\n<div id=\"section-heading-block_8589a1e882caac715143c1fe998d8d69\" class=\"section-heading has-text-align-left\">\n<div class=\"mtn-section\">\n<h3 class=\"mtn-heading size- section-heading\">Faire pour demain, aujourd'hui<\/h3>\n<\/div>\n<\/div>\n\n<div id=\"section-intro-block_4d0654c4e81e71c9b8e31c9eb2aa4828\" class=\"section-intro has-text-align-left\">\n<div class=\"mtn-body-text mtn-section intro- intro\"><p>Chez MTN, aider n'est pas seulement une obligation d'entreprise. C'est une passion personnelle des gens qui travaillent ici<\/p>\n<\/div>\n<\/div>\n\n\n<div id=\"section-paragraph-block_33b7dada92c50560b1a558fd9a8ed10d\" class=\"section-paragraph has-text-align-left\">\n<div class=\"mtn-body-text mtn-section paragraph\"><p>L'objectif de la Fondation MTN Cameroun est d'apporter des changements significatifs, mesurables et durables qui aident les communaut\u00e9s d\u00e9favoris\u00e9es et rurales \u00e0 devenir autosuffisantes, en mettant l'accent sur les technologies innovantes, nous visons \u00e0 \u00e9lever les communaut\u00e9s vers l'ind\u00e9pendance dans ce nouveau monde num\u00e9rique audacieux.<\/p>\n<\/div>\n<\/div>\n\n<div id=\"headline-block_6a5f24e2655a053eb291788f8fed9171\" class=\"headline\">\n    <div class=\"headline-section\" style=\"background:url(https:\/\/mtn.cm\/wp-content\/uploads\/2022\/09\/WhatsApp-Image-2022-09-02-at-16.19.16-1024x768-1.jpeg);background-size:cover;background-position:center;\">\n        <div class =\"headline-cta-section\">    \n            <h4 class = \"mtn-heading\">MTN soutient la rentr\u00e9e scolaire<\/h4>\n            <p class =\"mtn-body-text\">La Fondation MTN soutient la rentr\u00e9e scolaire des enfants d\u00e9favoris\u00e9s au Cameroun<\/p>\n            <a href =\"https:\/\/mtn.cm\/fr\/newsfoundation\/the-mtn-foundation-supports-the-back-to-school-of-disadvantaged-children-in-cameroon\/\"><button class = \"mtn-button\">Fondation<\/button><\/a>\n        <\/div>\n    <\/div>\n<\/div>\n\n<div id=\"section-heading-block_c0893ac676d280264d4d0e245980d04a\" class=\"section-heading aligncenter has-text-align-left\">\n<div class=\"mtn-section\">\n<h3 class=\"mtn-heading size- section-heading\">Nos domaines d'intervention<\/h3>\n<\/div>\n<\/div>\n\n<div id=\"icon_cards-block_4ada558629f5b3c092e56dbfc0461eaa\" class=\"icon-cards\">\n    <div class=\"icon-cards-section\">\n                <div class=\"icon-card-carousel\">\n            \n            <a href=\"\" class=\"single-icon-card\">\n                <div class=\"single-icon-card-image\">\n                                        <img decoding=\"async\" src=\"https:\/\/mtn.cm\/wp-content\/uploads\/2022\/12\/laptop-digital-svgrepo-com.svg\" alt=\"Digital skills for digital jobs\">\n                                    <\/div>\n                                <div class=\"single-icon-card-title\">\n                    <h4 class=\"mtn-card-heading\">Digital skills for digital jobs<\/h4>\n                <\/div>\n                                                                <div class=\"feature-arrow\">\n                    <img decoding=\"async\" src=\"https:\/\/mtn.cm\/wp-content\/themes\/mtn-vivid-wp\/public\/img\/svgs\/promo-arrow.svg\"\n                        alt=\"\">\n                <\/div>\n\n                \n            <\/a>\n\n            \n            <a href=\"\" class=\"single-icon-card\">\n                <div class=\"single-icon-card-image\">\n                                        <img decoding=\"async\" src=\"https:\/\/mtn.cm\/wp-content\/uploads\/2022\/12\/women-connections-svgrepo-com.svg\" alt=\"Women empowerment\">\n                                    <\/div>\n                                <div class=\"single-icon-card-title\">\n                    <h4 class=\"mtn-card-heading\">Women empowerment<\/h4>\n                <\/div>\n                                                                <div class=\"feature-arrow\">\n                    <img decoding=\"async\" src=\"https:\/\/mtn.cm\/wp-content\/themes\/mtn-vivid-wp\/public\/img\/svgs\/promo-arrow.svg\"\n                        alt=\"\">\n                <\/div>\n\n                \n            <\/a>\n\n            \n            <a href=\"\" class=\"single-icon-card\">\n                <div class=\"single-icon-card-image\">\n                                        <img decoding=\"async\" src=\"https:\/\/mtn.cm\/wp-content\/uploads\/2022\/12\/flag-svgrepo-com.svg\" alt=\"National priority programs\">\n                                    <\/div>\n                                <div class=\"single-icon-card-title\">\n                    <h4 class=\"mtn-card-heading\">National priority programs<\/h4>\n                <\/div>\n                                                \n            <\/a>\n\n                    <\/div>\n        \n        <div class=\"icon-cards-cta\">\n                        \n        <\/div>\n    <\/div>\n\n<\/div>\n\n<div id=\"information-carousel-block_25c8b59de96fbf905a4f4421dc9117b0\" class=\"information-carousel\">\n    <div class=\"information-carousel-section textDark\"\n        style=\"background: url(),#ffffff;background-size:cover;background-position:center top;\">\n                   <h3 class=\"mtn-heading\">Making a difference<\/h3>\n                           <div class=\"information-carousel-slider\">\n            \n            <div class=\"information-carousel-slide\">\n               \n                <div class=\"slide-image-section\">\n                                    <img decoding=\"async\" src=\"https:\/\/mtn.cm\/wp-content\/uploads\/2022\/12\/donation-svgrepo-com.svg\" alt=\"\">\n                                    <\/div>\n                                <h4 class=\"mtn-heading\">24.23 B + invested<\/h4>\n                                <p class=\"mtn-body-text\">in projects in the 10 regions<\/p>\n                            <\/div>\n\n            \n            <div class=\"information-carousel-slide\">\n               \n                <div class=\"slide-image-section\">\n                                    <img decoding=\"async\" src=\"https:\/\/mtn.cm\/wp-content\/uploads\/2022\/11\/subscribers.svg\" alt=\"\">\n                                    <\/div>\n                                <h4 class=\"mtn-heading\">997 Project sites<\/h4>\n                                <p class=\"mtn-body-text\">implemented across Nigeria<\/p>\n                            <\/div>\n\n            \n            <div class=\"information-carousel-slide\">\n               \n                <div class=\"slide-image-section\">\n                                    <img decoding=\"async\" src=\"https:\/\/mtn.cm\/wp-content\/uploads\/2022\/12\/handshake-svgrepo-com.svg\" alt=\"\">\n                                    <\/div>\n                                <h4 class=\"mtn-heading\">2,000 + Communities<\/h4>\n                                <p class=\"mtn-body-text\">reached across Cameoon<\/p>\n                            <\/div>\n\n                    <\/div>\n        \n    <\/div>\n<\/div>\n\n<div id=\"news_grid-block_ad6c82b18991bfd7c429ae1654418601\" class=\"news-grid\">\n    <!--news grid-->\n    <h2 class=\"news-heading mtn-heading\">Actualit\u00e9s de la Fondation<\/h2>\n    <!--news categories tabs-->\n\n    \n    <!--end of news categories tabs-->\n    <div class=\"news-grid-section\">\n\n                <div id=\"news-grid-block\" class=\"news-grid-container\" data-posttype=\"newsfoundation\">\n                        <div class=\"news-grid-single\">\n                <a href=\"https:\/\/mtn.cm\/fr\/newsfoundation\/mtn-foundations-sustainable-commitment-for-access-to-potable-water-in-cameroon\/\" class=\"grid-article-thumbnail\"\n                    style=\"background:url(https:\/\/mtn.cm\/wp-content\/uploads\/2023\/01\/mtn-web-otele-1024x492-1.jpg),#e8e8e8 ;background-position:center; background-size:cover; background-repeat:no-repeat\">\n            <\/a>\n                <div class=\"grid-article-meta\">\n                    <div class=\"meta-top\">\n                        <p class=\"mtn-page-title\">Array<\/p>\n                        <p class=\"mtn-body-text\">16\/05\/23<\/p>\n                    <\/div>\n                    <div class=\"meta-content\">\n                        <h3 class=\"mtn-heading\">L'engagement durable de la Fondation MTN pour l'acc\u00e8s \u00e0 l'eau potable au Cameroun<\/h3>\n                        <p class=\"mtn-body-text\">MTN Foundation, first corporate foundation in Cameroon is ce&#8230;<\/p>\n                        <a class=\"mtn-page-title\" href=\"https:\/\/mtn.cm\/fr\/newsfoundation\/mtn-foundations-sustainable-commitment-for-access-to-potable-water-in-cameroon\/\">En savoir plus <span\n                                class=\"link-chevron\"><img decoding=\"async\"\n                                    src=\"https:\/\/mtn.cm\/wp-content\/themes\/mtn-vivid-wp\/public\/img\/chevron-right.svg\"\n                                    alt=\"read more\"><\/span><\/a>\n                    <\/div>\n                <\/div>\n            <\/div>\n                        <div class=\"news-grid-single\">\n                <a href=\"https:\/\/mtn.cm\/fr\/newsfoundation\/mtn-foundation-celebrates-christmas-with-internally-displaced-children\/\" class=\"grid-article-thumbnail\"\n                    style=\"background:url(https:\/\/mtn.cm\/wp-content\/uploads\/2023\/01\/Xmas-tree-family-pic-scaled-1.jpg),#e8e8e8 ;background-position:center; background-size:cover; background-repeat:no-repeat\">\n            <\/a>\n                <div class=\"grid-article-meta\">\n                    <div class=\"meta-top\">\n                        <p class=\"mtn-page-title\">Array<\/p>\n                        <p class=\"mtn-body-text\">16\/12\/22<\/p>\n                    <\/div>\n                    <div class=\"meta-content\">\n                        <h3 class=\"mtn-heading\">La Fondation MTN f\u00eate No\u00ebl avec des enfants d\u00e9plac\u00e9s internes<\/h3>\n                        <p class=\"mtn-body-text\">La Fondation MTN, premi\u00e8re fondation d'entreprise au Cameroun, c\u2026<\/p>\n                        <a class=\"mtn-page-title\" href=\"https:\/\/mtn.cm\/fr\/newsfoundation\/mtn-foundation-celebrates-christmas-with-internally-displaced-children\/\">En savoir plus <span\n                                class=\"link-chevron\"><img decoding=\"async\"\n                                    src=\"https:\/\/mtn.cm\/wp-content\/themes\/mtn-vivid-wp\/public\/img\/chevron-right.svg\"\n                                    alt=\"read more\"><\/span><\/a>\n                    <\/div>\n                <\/div>\n            <\/div>\n                        <div class=\"news-grid-single\">\n                <a href=\"https:\/\/mtn.cm\/fr\/newsfoundation\/mtn-foundation-brings-together-cameroonian-universities-for-a-digital-innovation-competition\/\" class=\"grid-article-thumbnail\"\n                    style=\"background:url(https:\/\/mtn.cm\/wp-content\/uploads\/2023\/01\/DSC5729-1-scaled-e1670600158767.jpg),#e8e8e8 ;background-position:center; background-size:cover; background-repeat:no-repeat\">\n            <\/a>\n                <div class=\"grid-article-meta\">\n                    <div class=\"meta-top\">\n                        <p class=\"mtn-page-title\">Array<\/p>\n                        <p class=\"mtn-body-text\">09\/12\/22<\/p>\n                    <\/div>\n                    <div class=\"meta-content\">\n                        <h3 class=\"mtn-heading\">La Fondation MTN r\u00e9unit les universit\u00e9s camerounaises pour un concours d'innovation num\u00e9rique<\/h3>\n                        <p class=\"mtn-body-text\">La Fondation MTN, premi\u00e8re fondation d'entreprise au Cameroun, c\u2026<\/p>\n                        <a class=\"mtn-page-title\" href=\"https:\/\/mtn.cm\/fr\/newsfoundation\/mtn-foundation-brings-together-cameroonian-universities-for-a-digital-innovation-competition\/\">En savoir plus <span\n                                class=\"link-chevron\"><img decoding=\"async\"\n                                    src=\"https:\/\/mtn.cm\/wp-content\/themes\/mtn-vivid-wp\/public\/img\/chevron-right.svg\"\n                                    alt=\"read more\"><\/span><\/a>\n                    <\/div>\n                <\/div>\n            <\/div>\n                    <\/div>\n            <\/div>\n        <div class=\"news-grid-cta-section\">\n        <a href=\"https:\/\/mtn.cm\/fr\/newsfoundation\/\"><button>VOIR TOUTES LES INFORMATIONS<\/button><\/a>\n    <\/div>\n\n    <\/div>\n\n<div id=\"about_section-block_16ad8f6eac03dcfa7c284059d78329fe\" class=\"about-section\">\n    <div class=\"about-row\">\n        <!--left section-->\n                <div class=\"about-col links-section\">\n            <div class=\"heading-section\">\n                <p class=\"links-section-heading mtn-button-text\">\n                                    <\/p>\n                <h2 class=\"mtn-heading\"> Travailler avec MTN<\/h2>\n            <\/div>\n            \n            <div class=\"links-section-list\">\n                                <a href=\"https:\/\/mtn.cm\/fr\/helppersonal\/\">\n                    <div class=\"links-section-item\">\n                        <p class=\"mtn-body-text links-item-label\">Aide<\/p><img decoding=\"async\"\n                            src=\"https:\/\/mtn.cm\/wp-content\/themes\/mtn-vivid-wp\/public\/img\/chevron-right.svg\"\n                            alt=\"read more\">\n                    <\/div>\n                <\/a>\n                                <a href=\"https:\/\/ehle.fa.em2.oraclecloud.com\/hcmUI\/CandidateExperience\/en\/sites\/CX\">\n                    <div class=\"links-section-item\">\n                        <p class=\"mtn-body-text links-item-label\">Devenir un MTNer<\/p><img decoding=\"async\"\n                            src=\"https:\/\/mtn.cm\/wp-content\/themes\/mtn-vivid-wp\/public\/img\/chevron-right.svg\"\n                            alt=\"read more\">\n                    <\/div>\n                <\/a>\n                                <a href=\"https:\/\/mtn.cm\/fr\/deal\/coverage-map\/\">\n                    <div class=\"links-section-item\">\n                        <p class=\"mtn-body-text links-item-label\">Carte de couverture <\/p><img decoding=\"async\"\n                            src=\"https:\/\/mtn.cm\/wp-content\/themes\/mtn-vivid-wp\/public\/img\/chevron-right.svg\"\n                            alt=\"read more\">\n                    <\/div>\n                <\/a>\n                            <\/div>\n\n                    <\/div>\n\n              <!-- end of left section-->\n\n                <div class=\"about-col info-carousel themeDark\">\n            <!--Info Carousel-->\n            <div class=\"heading-section\">\n                <p class=\"info-carousel-heading mtn-button-text\">\n                    VOUS CHERCHEZ QUELQUE CHOSE D'AUTRE\u00a0?                <\/p>\n            <\/div>\n            \n            <div class=\"info-carousel-slider\">\n                                <div class=\"info-carousel-card\">\n                    <div class=\"info-carousel-text-section\">\n                    <h2 class=\"mtn-heading\">Derni\u00e8res nouvelles<\/h2>\n                    <div class=\"info-card-text mtn-body-text\"><p>Actualit\u00e9s<\/p>\n<\/div>\n                    <\/div>\n                    <a class=\"cta-link\" href=\"https:\/\/mtn.cm\/fr\/newsabout\/\">En savoir plus<span\n                            class=\"link-chevron\"><img decoding=\"async\"\n                                src=\"https:\/\/mtn.cm\/wp-content\/themes\/mtn-vivid-wp\/public\/img\/chevron-right.svg\"\n                                alt=\"read more\"><\/span><\/a>\n\n                <\/div>\n                                <div class=\"info-carousel-card\">\n                    <div class=\"info-carousel-text-section\">\n                    <h2 class=\"mtn-heading\">Nous contacter<\/h2>\n                    <div class=\"info-card-text mtn-body-text\"><p>Dites juste bonjour, contactez-nous ici<\/p>\n<\/div>\n                    <\/div>\n                    <a class=\"cta-link\" href=\"https:\/\/mtn.cm\/fr\/contact\/\">EN SAVOIR PLUS<span\n                            class=\"link-chevron\"><img decoding=\"async\"\n                                src=\"https:\/\/mtn.cm\/wp-content\/themes\/mtn-vivid-wp\/public\/img\/chevron-right.svg\"\n                                alt=\"read more\"><\/span><\/a>\n\n                <\/div>\n                                <div class=\"info-carousel-card\">\n                    <div class=\"info-carousel-text-section\">\n                    <h2 class=\"mtn-heading\">Promotions<\/h2>\n                    <div class=\"info-card-text mtn-body-text\"><p>Voir nos produits en promotion<\/p>\n<\/div>\n                    <\/div>\n                    <a class=\"cta-link\" href=\"https:\/\/mtn.cm\/fr\/deal-types\/prepaid-deals\/promotion\/\">Voir plus<span\n                            class=\"link-chevron\"><img decoding=\"async\"\n                                src=\"https:\/\/mtn.cm\/wp-content\/themes\/mtn-vivid-wp\/public\/img\/chevron-right.svg\"\n                                alt=\"read more\"><\/span><\/a>\n\n                <\/div>\n                            <\/div>\n\n                        <!--<div class=\"info-carousel-dots\"><\/div>-->\n        <\/div>\n        <!--end of info carousel-->\n                <\/div>\n        <!--end of latest posts-->\n        <!--end of right section-->\n    <\/div>\n\n<\/div>","protected":false},"excerpt":{"rendered":"","protected":false},"author":2,"featured_media":0,"parent":0,"menu_order":0,"comment_status":"closed","ping_status":"closed","template":"","meta":{"_acf_changed":false,"footnotes":""},"class_list":["post-43","page","type-page","status-publish","hentry"],"acf":[],"_links":{"self":[{"href":"https:\/\/mtn.cm\/fr\/wp-json\/wp\/v2\/pages\/43","targetHints":{"allow":["GET"]}}],"collection":[{"href":"https:\/\/mtn.cm\/fr\/wp-json\/wp\/v2\/pages"}],"about":[{"href":"https:\/\/mtn.cm\/fr\/wp-json\/wp\/v2\/types\/page"}],"author":[{"embeddable":true,"href":"https:\/\/mtn.cm\/fr\/wp-json\/wp\/v2\/users\/2"}],"replies":[{"embeddable":true,"href":"https:\/\/mtn.cm\/fr\/wp-json\/wp\/v2\/comments?post=43"}],"version-history":[{"count":74,"href":"https:\/\/mtn.cm\/fr\/wp-json\/wp\/v2\/pages\/43\/revisions"}],"predecessor-version":[{"id":21999,"href":"https:\/\/mtn.cm\/fr\/wp-json\/wp\/v2\/pages\/43\/revisions\/21999"}],"wp:attachment":[{"href":"https:\/\/mtn.cm\/fr\/wp-json\/wp\/v2\/media?parent=43"}],"curies":[{"name":"wp","href":"https:\/\/api.w.org\/{rel}","templated":true}]}}