{"id":25251,"date":"2026-04-21T16:06:35","date_gmt":"2026-04-21T16:06:35","guid":{"rendered":"https:\/\/mtn.cm\/?page_id=25251"},"modified":"2026-04-21T16:17:24","modified_gmt":"2026-04-21T16:17:24","slug":"mtn-tv-icon-registration","status":"publish","type":"page","link":"https:\/\/mtn.cm\/fr\/mtn-tv-icon-registration\/","title":{"rendered":"MTN TV PREMIERE REGISTRATION"},"content":{"rendered":"<p><\/p>\n\n\n\n<p class=\"has-sunshine-yellow-background-color has-background\"><strong>MTN MOVIE PREMIERE<\/strong><\/p>\n\n\n\n<div class=\"wp-block-contact-form-7-contact-form-selector\">\n<div class=\"wpcf7 no-js\" id=\"wpcf7-f25135-o1\" lang=\"en-US\" dir=\"ltr\" data-wpcf7-id=\"25135\">\n<div class=\"screen-reader-response\"><p role=\"status\" aria-live=\"polite\" aria-atomic=\"true\"><\/p> <ul><\/ul><\/div>\n<form action=\"\/fr\/wp-json\/wp\/v2\/pages\/25251#wpcf7-f25135-o1\" method=\"post\" class=\"wpcf7-form init\" aria-label=\"Contact form\" novalidate=\"novalidate\" data-status=\"init\" data-trp-original-action=\"\/fr\/wp-json\/wp\/v2\/pages\/25251#wpcf7-f25135-o1\">\n<fieldset class=\"hidden-fields-container\"><input type=\"hidden\" name=\"_wpcf7\" value=\"25135\" \/><input type=\"hidden\" name=\"_wpcf7_version\" value=\"6.1.5\" \/><input type=\"hidden\" name=\"_wpcf7_locale\" value=\"en_US\" \/><input type=\"hidden\" name=\"_wpcf7_unit_tag\" value=\"wpcf7-f25135-o1\" \/><input type=\"hidden\" name=\"_wpcf7_container_post\" value=\"0\" \/><input type=\"hidden\" name=\"_wpcf7_posted_data_hash\" value=\"\" \/>\n<\/fieldset>\n<div id=\"concert-app\">\n\t<style>\n #concert-app {\n font-family: 'Segoe UI', Tahoma, Geneva, Verdana, sans-serif;\n max-width: 600px;\n margin: 0 auto;\n background: #f9f9f9;\n padding: 20px;\n border-radius: 8px;\n }\n\n .pp-band__title {\n display: inline-block;\n position: relative;\n font-size: 2rem;\n font-weight: 800;\n color: #333;\n margin-bottom: 10px;\n border-bottom: 5px solid #FFCC00;\n padding-bottom: 4px;\n line-height: 1.2;\n }\n\n .pp-band__desc {\n color: #666;\n margin-bottom: 25px;\n font-size: 1.1rem;\n }\n\n #concert-app h3 {\n display: inline-block;\n position: relative;\n font-weight: bold;\n color: #333;\n margin-top: 25px;\n margin-bottom: 15px;\n border-bottom: 4px solid #FFCC00;\n padding-bottom: 4px;\n font-size: 1.3rem;\n }\n\n .pp-statsbar {\n display: flex;\n justify-content: space-between;\n align-items: center;\n background: #eee;\n padding: 10px;\n border-radius: 5px;\n margin-bottom: 20px;\n font-size: 0.9rem;\n }\n\n .pp-tags span {\n background: #333;\n color: #fff;\n padding: 2px 8px;\n border-radius: 12px;\n font-size: 0.75rem;\n margin-left: 5px;\n }\n\n #concert-app input[type=\"text\"],\n #concert-app input[type=\"tel\"],\n #concert-app select {\n width: 100% !important;\n padding: 14px 15px;\n margin: 8px 0 18px 0;\n border: 1px solid #ccc;\n border-radius: 6px;\n display: block;\n box-sizing: border-box;\n font-size: 1rem;\n }\n\n #concert-app label {\n font-weight: 600;\n color: #444;\n }\n\n .pp-accompagnant {\n background: #fff;\n padding: 15px;\n border-left: 5px solid #FFCC00;\n margin-bottom: 15px;\n box-shadow: 0 2px 4px rgba(0,0,0,0.05);\n }\n\n .pp-radio {\n display: flex;\n flex-direction: column;\n gap: 10px;\n margin-bottom: 20px;\n background: #fff;\n padding: 10px;\n border-radius: 6px;\n }\n\n #concert-app input[type=\"submit\"] {\n background-color: #FFCC00;\n color: #000;\n border: none;\n padding: 18px;\n width: 100%;\n font-weight: bold;\n font-size: 1.2rem;\n border-radius: 6px;\n cursor: pointer;\n transition: background 0.3s;\n text-transform: uppercase;\n }\n\n #concert-app input[type=\"submit\"]:hover {\n background-color: #e6b800;\n }\n\t<\/style>\n\t<div class=\"pp-band\">\n\t\t<div>\n\t\t\t<div class=\"pp-band__title\">\n\t\t\t\t<p>MTN MOVIE PREMIERE\n\t\t\t\t<\/p>\n\t\t\t<\/div>\n\t\t\t<div class=\"pp-band__desc\">\n\t\t\t\t<p>MTN vous propose en exclusivit\u00e9 le film \u00ab Michael \u00bb ce mercredi 22 avril \u00e0 19 h 30 dans les cin\u00e9mas MAJESTIC au Cameroun.\n\t\t\t\t<\/p>\n\t\t\t<\/div>\n\t\t<\/div>\n\t<\/div>\n\t<div class=\"pp-statsbar\">\n\t\t<div class=\"pp-statsbar__count\">\n\t\t\t<p>R\u00e9servez maintenant\n\t\t\t<\/p>\n\t\t<\/div>\n\t\t<div class=\"pp-tags\">\n\t\t\t<p><span>Places limit\u00e9es<\/span>\n\t\t\t<\/p>\n\t\t<\/div>\n\t<\/div>\n\t<main class=\"pp-content\">\n\t\t<div class=\"pp-form-container\">\n\t\t\t<div class=\"pp-form\">\n\t\t\t\t<p><label>Nom<\/label><br \/>\n<span class=\"wpcf7-form-control-wrap\" data-name=\"nom\"><input size=\"40\" maxlength=\"400\" class=\"wpcf7-form-control wpcf7-text wpcf7-validates-as-required\" aria-required=\"true\" aria-invalid=\"false\" value=\"\" type=\"text\" name=\"nom\" \/><\/span>\n\t\t\t\t<\/p>\n\t\t\t\t<p><label>Pr\u00e9nom<\/label><br \/>\n<span class=\"wpcf7-form-control-wrap\" data-name=\"prenom\"><input size=\"40\" maxlength=\"400\" class=\"wpcf7-form-control wpcf7-text wpcf7-validates-as-required\" aria-required=\"true\" aria-invalid=\"false\" value=\"\" type=\"text\" name=\"prenom\" \/><\/span>\n\t\t\t\t<\/p>\n\t\t\t\t<p><label>Phone Number<\/label><br \/>\n<span class=\"wpcf7-form-control-wrap\" data-name=\"telephone\"><input size=\"40\" maxlength=\"400\" class=\"wpcf7-form-control wpcf7-tel wpcf7-validates-as-required wpcf7-text wpcf7-validates-as-tel\" aria-required=\"true\" aria-invalid=\"false\" placeholder=\"Num\u00e9ro de t\u00e9l\u00e9phone\" value=\"\" type=\"tel\" name=\"telephone\" \/><\/span>\n\t\t\t\t<\/p>\n\t\t\t\t<p><label>Choix de la salle<\/label>\n\t\t\t\t<\/p>\n\t\t\t\t<div class=\"pp-radio\">\n\t\t\t\t\t<p><label><input type=\"radio\" name=\"salle\" value=\"Douala\" required \/> Majestic Douala - Bessengue<\/label><br \/>\n<label><input type=\"radio\" name=\"salle\" value=\"Yaounde\" required \/> Majestic Yaounde - Yaound\u00e9 1<\/label>\n\t\t\t\t\t<\/p>\n\t\t\t\t<\/div>\n\t\t\t\t<h3>Accompagnants (3 obligatoires)\n\t\t\t\t<\/h3>\n\t\t\t\t<div class=\"pp-accompagnant\">\n\t\t\t\t\t<p><label>Accompagnant 1 - Nom &amp; Pr\u00e9nom<\/label><br \/>\n<span class=\"wpcf7-form-control-wrap\" data-name=\"acc1_nom\"><input size=\"40\" maxlength=\"400\" class=\"wpcf7-form-control wpcf7-text wpcf7-validates-as-required\" aria-required=\"true\" aria-invalid=\"false\" value=\"\" type=\"text\" name=\"acc1_nom\" \/><\/span><br \/>\n<label>T\u00e9l\u00e9phone<\/label><br \/>\n<span class=\"wpcf7-form-control-wrap\" data-name=\"acc1_tel\"><input size=\"40\" maxlength=\"400\" class=\"wpcf7-form-control wpcf7-tel wpcf7-validates-as-required wpcf7-text wpcf7-validates-as-tel\" aria-required=\"true\" aria-invalid=\"false\" placeholder=\"Num\u00e9ro de t\u00e9l\u00e9phone\" value=\"\" type=\"tel\" name=\"acc1_tel\" \/><\/span>\n\t\t\t\t\t<\/p>\n\t\t\t\t<\/div>\n\t\t\t\t<div class=\"pp-accompagnant\">\n\t\t\t\t\t<p><label>Accompagnant 2 - Nom &amp; Pr\u00e9nom<\/label><br \/>\n<span class=\"wpcf7-form-control-wrap\" data-name=\"acc2_nom\"><input size=\"40\" maxlength=\"400\" class=\"wpcf7-form-control wpcf7-text wpcf7-validates-as-required\" aria-required=\"true\" aria-invalid=\"false\" value=\"\" type=\"text\" name=\"acc2_nom\" \/><\/span><br \/>\n<label>T\u00e9l\u00e9phone<\/label><br \/>\n<span class=\"wpcf7-form-control-wrap\" data-name=\"acc2_tel\"><input size=\"40\" maxlength=\"400\" class=\"wpcf7-form-control wpcf7-tel wpcf7-validates-as-required wpcf7-text wpcf7-validates-as-tel\" aria-required=\"true\" aria-invalid=\"false\" placeholder=\"Num\u00e9ro de t\u00e9l\u00e9phone\" value=\"\" type=\"tel\" name=\"acc2_tel\" \/><\/span>\n\t\t\t\t\t<\/p>\n\t\t\t\t<\/div>\n\t\t\t\t<div class=\"pp-accompagnant\">\n\t\t\t\t\t<p><label>Accompagnant 3 - Nom &amp; Pr\u00e9nom<\/label><br \/>\n<span class=\"wpcf7-form-control-wrap\" data-name=\"acc3_nom\"><input size=\"40\" maxlength=\"400\" class=\"wpcf7-form-control wpcf7-text wpcf7-validates-as-required\" aria-required=\"true\" aria-invalid=\"false\" value=\"\" type=\"text\" name=\"acc3_nom\" \/><\/span><br \/>\n<label>T\u00e9l\u00e9phone<\/label><br \/>\n<span class=\"wpcf7-form-control-wrap\" data-name=\"acc3_tel\"><input size=\"40\" maxlength=\"400\" class=\"wpcf7-form-control wpcf7-tel wpcf7-validates-as-required wpcf7-text wpcf7-validates-as-tel\" aria-required=\"true\" aria-invalid=\"false\" placeholder=\"Num\u00e9ro de t\u00e9l\u00e9phone\" value=\"\" type=\"tel\" name=\"acc3_tel\" \/><\/span>\n\t\t\t\t\t<\/p>\n\t\t\t\t<\/div>\n\t\t\t\t<p><input class=\"wpcf7-form-control wpcf7-submit has-spinner\" type=\"submit\" value=\"Valider l&#039;inscription\" \/>\n\t\t\t\t<\/p>\n\t\t\t<\/div>\n\t\t<\/div>\n\t<\/main>\n<\/div><div class=\"wpcf7-response-output\" aria-hidden=\"true\"><\/div>\n<input type=\"hidden\" name=\"trp-form-language\" value=\"fr\"\/><\/form>\n<\/div>\n<\/div>","protected":false},"excerpt":{"rendered":"<p>MTN MOVIE PREMIERE<\/p>","protected":false},"author":8,"featured_media":0,"parent":0,"menu_order":0,"comment_status":"closed","ping_status":"closed","template":"","meta":{"_acf_changed":false,"footnotes":""},"class_list":["post-25251","page","type-page","status-publish","hentry"],"acf":[],"_links":{"self":[{"href":"https:\/\/mtn.cm\/fr\/wp-json\/wp\/v2\/pages\/25251","targetHints":{"allow":["GET"]}}],"collection":[{"href":"https:\/\/mtn.cm\/fr\/wp-json\/wp\/v2\/pages"}],"about":[{"href":"https:\/\/mtn.cm\/fr\/wp-json\/wp\/v2\/types\/page"}],"author":[{"embeddable":true,"href":"https:\/\/mtn.cm\/fr\/wp-json\/wp\/v2\/users\/8"}],"replies":[{"embeddable":true,"href":"https:\/\/mtn.cm\/fr\/wp-json\/wp\/v2\/comments?post=25251"}],"version-history":[{"count":4,"href":"https:\/\/mtn.cm\/fr\/wp-json\/wp\/v2\/pages\/25251\/revisions"}],"predecessor-version":[{"id":25271,"href":"https:\/\/mtn.cm\/fr\/wp-json\/wp\/v2\/pages\/25251\/revisions\/25271"}],"wp:attachment":[{"href":"https:\/\/mtn.cm\/fr\/wp-json\/wp\/v2\/media?parent=25251"}],"curies":[{"name":"wp","href":"https:\/\/api.w.org\/{rel}","templated":true}]}}