{"id":19761,"date":"2025-04-01T09:47:32","date_gmt":"2025-04-01T09:47:32","guid":{"rendered":"https:\/\/mtn.cm\/?page_id=19761"},"modified":"2025-04-14T08:41:42","modified_gmt":"2025-04-14T08:41:42","slug":"mtn-elite","status":"publish","type":"page","link":"https:\/\/mtn.cm\/fr\/play\/value-added-services\/mtn-elite\/","title":{"rendered":"MTN Elite Score Alert"},"content":{"rendered":"<div class=\"single-banner-section\">\n    \n            <div id=\"banner-block_00b95b65d582633380aba7c8adbfd611\" class=\"banner\">\n                <div class=\"banner-section desktop-only alignedBottom textLight dark-overlay\" style=\"background:url(https:\/\/mtn.cm\/wp-content\/uploads\/2023\/03\/pexels-pixabay-54308-scaled.jpeg);background-size: cover;background-position:center center;\">\n                    <div class =\"banner-heading-section\">    \n                        <div class=\"banner-section-container\">\n                                                     <p class=\"mtn-page-title yello-title\">Services \u00e0 valeur ajout\u00e9e<\/p>\n                                                                                  <h1 class=\"mtn-heading yello-heading\"><p>MTN Elite Score Alert<\/p>\n<\/h1>\n                                                                        \n                \n            \n                        <\/div>\n                      \n                    <\/div>\n                <\/div>\n                \n                <div class=\"banner-section mobile-only alignedBottom textLight dark-overlay\" style=\"background:url(https:\/\/mtn.cm\/wp-content\/uploads\/2023\/03\/pexels-pixabay-54308-scaled.jpeg);background-size: cover;background-position:center center;\">\n                    <div class =\"banner-heading-section\">    \n                        <div class=\"banner-section-container\">\n                                                     <p class=\"mtn-page-title yello-title\">Services \u00e0 valeur ajout\u00e9e<\/p>\n                                                                                  <h1 class=\"mtn-heading yello-heading\"><p>MTN Elite Score Alert<\/p>\n<\/h1>\n                                                     \n                        <\/div>\n                      \n                    <\/div>\n\n                <\/div>\n\n                <div class=\"banner-divider\">\n                <\/div>\n            <\/div>\n    \n            <\/div>\n\n\n\n<div id=\"section-paragraph-block_47925ce5965924ac6c4657289de4a523\" class=\"section-paragraph has-text-align-left\">\n<div class=\"mtn-body-text mtn-section paragraph\"><h3 class=\"\" data-start=\"139\" data-end=\"182\">\u26bd1. Qu'est-ce que <strong data-start=\"156\" data-end=\"181\">MTN Elite Score Alert<\/strong>?<\/h3>\n<p class=\"translation-block\" data-start=\"184\" data-end=\"471\">MTN Elite Score Alert est un service de notifications par SMS qui informe les utilisateurs des scores en direct et des \u00e9v\u00e9nements cl\u00e9s de la ligue de football MTN Elite One. Les abonn\u00e9s re\u00e7oivent des mises \u00e0 jour instantan\u00e9es directement sur leur t\u00e9l\u00e9phone, leur permettant ainsi de rester inform\u00e9s de leurs \u00e9quipes et matchs pr\u00e9f\u00e9r\u00e9s.<\/p>\n<hr class=\"\" data-start=\"473\" data-end=\"476\" \/>\n<h3 class=\"\" data-start=\"478\" data-end=\"520\">2. Comment souscrire au service ?<\/h3>\n<p class=\"\" data-start=\"522\" data-end=\"552\">Pour s'abonner, les clients doivent :<\/p>\n<ul data-start=\"554\" data-end=\"663\">\n<li class=\"\" data-start=\"554\" data-end=\"608\">\n<p class=\"translation-block\" data-start=\"556\" data-end=\"608\">Envoyer ELITE pour 8759 pour le forfait hebdomadaire<\/p>\n<\/li>\n<li class=\"\" data-start=\"609\" data-end=\"663\">\n<p class=\"translation-block\" data-start=\"611\" data-end=\"663\">Envoyer ELITEM pour 8759 pour le forfait mensuel<\/p>\n<\/li>\n<\/ul>\n<hr class=\"\" data-start=\"665\" data-end=\"668\" \/>\n<h3 class=\"\" data-start=\"670\" data-end=\"697\">Comment \u00e7a marche ?<\/h3>\n<ul data-start=\"699\" data-end=\"1065\">\n<li class=\"\" data-start=\"699\" data-end=\"829\">\n<p class=\"translation-block\" data-start=\"701\" data-end=\"750\">Les utilisateurs re\u00e7oivent des alertes SMS en temps r\u00e9el, notamment\u00a0:<\/p>\n<ul data-start=\"753\" data-end=\"829\">\n<li class=\"\" data-start=\"753\" data-end=\"774\">\n<p class=\"\" data-start=\"755\" data-end=\"774\">Heures de d\u00e9but des matchs<\/p>\n<\/li>\n<li class=\"\" data-start=\"777\" data-end=\"793\">\n<p class=\"\" data-start=\"779\" data-end=\"793\">Buts marqu\u00e9s<\/p>\n<\/li>\n<li class=\"\" data-start=\"796\" data-end=\"829\">\n<p class=\"\" data-start=\"798\" data-end=\"829\">R\u00e9sultats \u00e0 la mi-temps et \u00e0 la fin du match<\/p>\n<\/li>\n<\/ul>\n<\/li>\n<li class=\"\" data-start=\"830\" data-end=\"899\">\n<p class=\"\" data-start=\"832\" data-end=\"899\">Le service fonctionne en continu pendant toute la dur\u00e9e de l'abonnement.<\/p>\n<\/li>\n<li class=\"\" data-start=\"900\" data-end=\"955\">\n<p class=\"translation-block\" data-start=\"902\" data-end=\"955\">Essai gratuit d'un jour offert aux nouveaux abonn\u00e9s.<\/p>\n<\/li>\n<li class=\"\" data-start=\"956\" data-end=\"1065\">\n<p class=\"\" data-start=\"958\" data-end=\"973\">Se d\u00e9sabonner<\/p>\n<ul data-start=\"976\" data-end=\"1065\">\n<li class=\"\" data-start=\"976\" data-end=\"1018\">\n<p class=\"translation-block\" data-start=\"978\" data-end=\"1018\">Envoyer STOP ELITE pour 8759 (hebdomadaire)<\/p>\n<\/li>\n<li class=\"\" data-start=\"1021\" data-end=\"1065\">\n<p class=\"translation-block\" data-start=\"1023\" data-end=\"1065\">Envoyer STOP ELITE pour 8759 (mensuel)<\/p>\n<\/li>\n<\/ul>\n<\/li>\n<\/ul>\n<hr class=\"\" data-start=\"1067\" data-end=\"1070\" \/>\n<h3 class=\"\" data-start=\"1072\" data-end=\"1104\">Combien \u00e7a co\u00fbte?<\/h3>\n\n<table id=\"tablepress-54\" class=\"tablepress tablepress-id-54\">\n<thead>\n<tr class=\"row-1\">\n\t<th class=\"column-1\">Plan<\/th><th class=\"column-2\">Prix<\/th>\n<\/tr>\n<\/thead>\n<tbody class=\"row-striping row-hover\">\n<tr class=\"row-2\">\n\t<td class=\"column-1\">Hebdomadaire<\/td><td class=\"column-2\">150 FCFA\/week<\/td>\n<\/tr>\n<tr class=\"row-3\">\n\t<td class=\"column-1\">Mensuel<\/td><td class=\"column-2\">500 FCFA\/month<\/td>\n<\/tr>\n<\/tbody>\n<\/table>\n<!-- #tablepress-54 from cache -->\n<p class=\"\" data-start=\"1260\" data-end=\"1416\">\n<\/div>\n<\/div>","protected":false},"excerpt":{"rendered":"","protected":false},"author":43,"featured_media":0,"parent":818,"menu_order":0,"comment_status":"closed","ping_status":"closed","template":"","meta":{"_acf_changed":false,"footnotes":""},"class_list":["post-19761","page","type-page","status-publish","hentry"],"acf":[],"_links":{"self":[{"href":"https:\/\/mtn.cm\/fr\/wp-json\/wp\/v2\/pages\/19761","targetHints":{"allow":["GET"]}}],"collection":[{"href":"https:\/\/mtn.cm\/fr\/wp-json\/wp\/v2\/pages"}],"about":[{"href":"https:\/\/mtn.cm\/fr\/wp-json\/wp\/v2\/types\/page"}],"author":[{"embeddable":true,"href":"https:\/\/mtn.cm\/fr\/wp-json\/wp\/v2\/users\/43"}],"replies":[{"embeddable":true,"href":"https:\/\/mtn.cm\/fr\/wp-json\/wp\/v2\/comments?post=19761"}],"version-history":[{"count":2,"href":"https:\/\/mtn.cm\/fr\/wp-json\/wp\/v2\/pages\/19761\/revisions"}],"predecessor-version":[{"id":19869,"href":"https:\/\/mtn.cm\/fr\/wp-json\/wp\/v2\/pages\/19761\/revisions\/19869"}],"up":[{"embeddable":true,"href":"https:\/\/mtn.cm\/fr\/wp-json\/wp\/v2\/pages\/818"}],"wp:attachment":[{"href":"https:\/\/mtn.cm\/fr\/wp-json\/wp\/v2\/media?parent=19761"}],"curies":[{"name":"wp","href":"https:\/\/api.w.org\/{rel}","templated":true}]}}