{"id":19751,"date":"2025-04-01T09:37:12","date_gmt":"2025-04-01T09:37:12","guid":{"rendered":"https:\/\/mtn.cm\/?page_id=19751"},"modified":"2025-04-14T08:46:58","modified_gmt":"2025-04-14T08:46:58","slug":"boomplay","status":"publish","type":"page","link":"https:\/\/mtn.cm\/fr\/play\/music\/boomplay\/","title":{"rendered":"Boomplay"},"content":{"rendered":"<div class=\"single-banner-section\">\n    \n            <div id=\"banner-block_999cc3dac9ddbdc88673c5eaa6da2da3\" class=\"banner\">\n                <div class=\"banner-section desktop-only alignedBottom textLight dark-overlay\" style=\"background:url(https:\/\/mtn.cm\/wp-content\/uploads\/2022\/12\/WhatsApp-Image-2019-10-05-at-11.01.57-PM.jpeg);background-size: cover;background-position:center center;\">\n                    <div class =\"banner-heading-section\">    \n                        <div class=\"banner-section-container\">\n                                                     <p class=\"mtn-page-title yello-title\">Musique<\/p>\n                                                                                  <h1 class=\"mtn-heading yello-heading\"><p>Boomplay<\/p>\n<\/h1>\n                                                                        \n                \n            \n                        <\/div>\n                      \n                    <\/div>\n                <\/div>\n                \n                <div class=\"banner-section mobile-only alignedBottom textLight dark-overlay\" style=\"background:url(https:\/\/mtn.cm\/wp-content\/uploads\/2022\/12\/WhatsApp-Image-2019-10-05-at-11.01.57-PM.jpeg);background-size: cover;background-position:center center;\">\n                    <div class =\"banner-heading-section\">    \n                        <div class=\"banner-section-container\">\n                                                     <p class=\"mtn-page-title yello-title\">Musique<\/p>\n                                                                                  <h1 class=\"mtn-heading yello-heading\"><p>Boomplay<\/p>\n<\/h1>\n                                                     \n                        <\/div>\n                      \n                    <\/div>\n\n                <\/div>\n\n                <div class=\"banner-divider\">\n                <\/div>\n            <\/div>\n    \n            <\/div>\n\n\n\n<div id=\"section-paragraph-block_50a50a7c441a384fca930709e4b5a734\" class=\"section-paragraph has-text-align-left\">\n<div class=\"mtn-body-text mtn-section paragraph\"><h3 class=\"\" data-start=\"129\" data-end=\"160\">1. Qu'est-ce que <strong data-start=\"147\" data-end=\"159\">Boomplay<\/strong>?<\/h3>\n<p class=\"translation-block\" data-start=\"162\" data-end=\"424\">Boomplay est un service de streaming musical premium qui permet aux utilisateurs de MTN d'acc\u00e9der \u00e0 du contenu audio de haute qualit\u00e9 sans publicit\u00e9. La plateforme propose des millions de chansons, des playlists personnalis\u00e9es et des contenus exclusifs d'artistes, le tout accessible via l'application mobile Boomplay.<\/p>\n<hr class=\"\" data-start=\"426\" data-end=\"429\" \/>\n<h3 class=\"\" data-start=\"431\" data-end=\"473\">2. Comment souscrire au service ?<\/h3>\n<p class=\"\" data-start=\"475\" data-end=\"503\">Pour s'abonner, les clients doivent :<\/p>\n<ul data-start=\"505\" data-end=\"728\">\n<li class=\"\" data-start=\"505\" data-end=\"569\">\n<p class=\"translation-block\" data-start=\"507\" data-end=\"569\">Ouvrez l'application Boomplay et s\u00e9lectionnez un plan d'abonnement, ou<\/p>\n<\/li>\n<li class=\"\" data-start=\"570\" data-end=\"728\">\n<p class=\"\" data-start=\"572\" data-end=\"577\">Envoyer<\/p>\n<ul data-start=\"580\" data-end=\"728\">\n<li class=\"\" data-start=\"580\" data-end=\"627\">\n<p class=\"translation-block\" data-start=\"582\" data-end=\"627\">BMPD pour 8405 pour le plan quotidien<\/p>\n<\/li>\n<li class=\"\" data-start=\"630\" data-end=\"678\">\n<p class=\"translation-block\" data-start=\"632\" data-end=\"678\">Envoyer ELITE pour 8759 pour le forfait hebdomadaire<\/p>\n<\/li>\n<li class=\"\" data-start=\"681\" data-end=\"728\">\n<p class=\"translation-block\" data-start=\"683\" data-end=\"728\">Envoyer ELITEM pour 8759 pour le forfait mensuel<\/p>\n<\/li>\n<\/ul>\n<\/li>\n<\/ul>\n<hr class=\"\" data-start=\"730\" data-end=\"733\" \/>\n<h3 class=\"\" data-start=\"735\" data-end=\"762\">Comment \u00e7a marche ?<\/h3>\n<ul data-start=\"764\" data-end=\"1113\">\n<li class=\"\" data-start=\"764\" data-end=\"844\">\n<p class=\"\" data-start=\"766\" data-end=\"844\">Une fois abonn\u00e9s, les utilisateurs d\u00e9bloquent le streaming de musique sans publicit\u00e9 dans l'application Boomplay.<\/p>\n<\/li>\n<li class=\"\" data-start=\"845\" data-end=\"937\">\n<p class=\"\" data-start=\"847\" data-end=\"871\">L'acc\u00e8s premium comprend\u00a0:<\/p>\n<ul data-start=\"874\" data-end=\"937\">\n<li class=\"\" data-start=\"874\" data-end=\"891\">\n<p class=\"\" data-start=\"876\" data-end=\"891\">Sauts illimit\u00e9s<\/p>\n<\/li>\n<li class=\"\" data-start=\"894\" data-end=\"913\">\n<p class=\"\" data-start=\"896\" data-end=\"913\">\u00c9coute hors ligne<\/p>\n<\/li>\n<li class=\"\" data-start=\"916\" data-end=\"937\">\n<p class=\"\" data-start=\"918\" data-end=\"937\">Playlists exclusives<\/p>\n<\/li>\n<\/ul>\n<\/li>\n<li class=\"\" data-start=\"938\" data-end=\"997\">\n<p class=\"\" data-start=\"940\" data-end=\"997\">Les abonnements sont automatiquement renouvel\u00e9s sauf annulation.<\/p>\n<\/li>\n<li class=\"\" data-start=\"998\" data-end=\"1113\">\n<p class=\"\" data-start=\"1000\" data-end=\"1015\">Se d\u00e9sabonner<\/p>\n<ul data-start=\"1018\" data-end=\"1113\">\n<li class=\"\" data-start=\"1018\" data-end=\"1113\">\n<p class=\"translation-block\" data-start=\"1020\" data-end=\"1113\">Envoyer STOP BMPD, STOP BMPW ou STOP BMPM pour 8405 selon le plan actif.<\/p>\n<\/li>\n<\/ul>\n<\/li>\n<\/ul>\n<hr class=\"\" data-start=\"1115\" data-end=\"1118\" \/>\n<h3 class=\"\" data-start=\"1120\" data-end=\"1152\">Combien \u00e7a co\u00fbte?<\/h3>\n\n<table id=\"tablepress-56\" class=\"tablepress tablepress-id-56\">\n<thead>\n<tr class=\"row-1\">\n\t<th class=\"column-1\">Plan<\/th><th class=\"column-2\">Prix<\/th>\n<\/tr>\n<\/thead>\n<tbody class=\"row-striping row-hover\">\n<tr class=\"row-2\">\n\t<td class=\"column-1\">journalier<\/td><td class=\"column-2\">200 FCFA\/Jour<\/td>\n<\/tr>\n<tr class=\"row-3\">\n\t<td class=\"column-1\">Hebdomadaire<\/td><td class=\"column-2\">700 FCFA\/Semaine<\/td>\n<\/tr>\n<tr class=\"row-4\">\n\t<td class=\"column-1\">Mensuel<\/td><td class=\"column-2\">1800 FCFA\/mois<\/td>\n<\/tr>\n<\/tbody>\n<\/table>\n<!-- #tablepress-56 from cache -->\n<p class=\"\" data-start=\"1335\" data-end=\"1457\">\n<\/div>\n<\/div>","protected":false},"excerpt":{"rendered":"","protected":false},"author":43,"featured_media":0,"parent":808,"menu_order":0,"comment_status":"closed","ping_status":"closed","template":"","meta":{"_acf_changed":false,"footnotes":""},"class_list":["post-19751","page","type-page","status-publish","hentry"],"acf":[],"_links":{"self":[{"href":"https:\/\/mtn.cm\/fr\/wp-json\/wp\/v2\/pages\/19751","targetHints":{"allow":["GET"]}}],"collection":[{"href":"https:\/\/mtn.cm\/fr\/wp-json\/wp\/v2\/pages"}],"about":[{"href":"https:\/\/mtn.cm\/fr\/wp-json\/wp\/v2\/types\/page"}],"author":[{"embeddable":true,"href":"https:\/\/mtn.cm\/fr\/wp-json\/wp\/v2\/users\/43"}],"replies":[{"embeddable":true,"href":"https:\/\/mtn.cm\/fr\/wp-json\/wp\/v2\/comments?post=19751"}],"version-history":[{"count":4,"href":"https:\/\/mtn.cm\/fr\/wp-json\/wp\/v2\/pages\/19751\/revisions"}],"predecessor-version":[{"id":19881,"href":"https:\/\/mtn.cm\/fr\/wp-json\/wp\/v2\/pages\/19751\/revisions\/19881"}],"up":[{"embeddable":true,"href":"https:\/\/mtn.cm\/fr\/wp-json\/wp\/v2\/pages\/808"}],"wp:attachment":[{"href":"https:\/\/mtn.cm\/fr\/wp-json\/wp\/v2\/media?parent=19751"}],"curies":[{"name":"wp","href":"https:\/\/api.w.org\/{rel}","templated":true}]}}