{"id":19739,"date":"2025-04-01T09:24:12","date_gmt":"2025-04-01T09:24:12","guid":{"rendered":"https:\/\/mtn.cm\/?page_id=19739"},"modified":"2025-04-14T08:38:42","modified_gmt":"2025-04-14T08:38:42","slug":"mtn-tv","status":"publish","type":"page","link":"https:\/\/mtn.cm\/fr\/play\/video\/mtn-tv\/","title":{"rendered":"MTN TV"},"content":{"rendered":"<p><\/p>\n\n\n<div class=\"single-banner-section\">\n    \n            <div id=\"banner-block_b02b75d4f36ef27ea03798f04ab62e7b\" class=\"banner\">\n                <div class=\"banner-section desktop-only alignedBottom textLight dark-overlay\" style=\"background:url(https:\/\/mtn.cm\/wp-content\/uploads\/2023\/03\/pexels-tima-miroshnichenko-7991579-scaled.jpeg);background-size: cover;background-position:center center;\">\n                    <div class =\"banner-heading-section\">    \n                        <div class=\"banner-section-container\">\n                                                     <p class=\"mtn-page-title yello-title\">Services \u00e0 valeur ajout\u00e9e<\/p>\n                                                                                  <h1 class=\"mtn-heading yello-heading\"><p>MTN TV<\/p>\n<\/h1>\n                                                                        \n                \n            \n                        <\/div>\n                      \n                    <\/div>\n                <\/div>\n                \n                <div class=\"banner-section mobile-only alignedBottom textLight dark-overlay\" style=\"background:url(https:\/\/mtn.cm\/wp-content\/uploads\/2023\/03\/pexels-tima-miroshnichenko-7991579-scaled.jpeg);background-size: cover;background-position:center center;\">\n                    <div class =\"banner-heading-section\">    \n                        <div class=\"banner-section-container\">\n                                                     <p class=\"mtn-page-title yello-title\">Services \u00e0 valeur ajout\u00e9e<\/p>\n                                                                                  <h1 class=\"mtn-heading yello-heading\"><p>MTN TV<\/p>\n<\/h1>\n                                                     \n                        <\/div>\n                      \n                    <\/div>\n\n                <\/div>\n\n                <div class=\"banner-divider\">\n                <\/div>\n            <\/div>\n    \n            <\/div>\n\n\n\n<div id=\"section-paragraph-block_6499519d7ee19e34b05cd3485879289b\" class=\"section-paragraph has-text-align-left\">\n<div class=\"mtn-body-text mtn-section paragraph\"><h3 class=\"\" data-start=\"138\" data-end=\"167\">1. Qu'est-ce que <strong data-start=\"156\" data-end=\"166\">MTN TV<\/strong>?<\/h3>\n<p class=\"translation-block\" data-start=\"169\" data-end=\"523\">MTN TV est un service qui permet aux clients de MTN Cameroun d'acc\u00e9der \u00e0 la vid\u00e9o \u00e0 la demande (VOD) et aux cha\u00eenes de t\u00e9l\u00e9vision en direct \u00e0 des tarifs r\u00e9duits. Il propose une large gamme de divertissements, tels que des films, des s\u00e9ries, des \u00e9v\u00e9nements sportifs et des \u00e9v\u00e9nements en direct. L'un des principaux avantages de MTN TV est qu'il ne consomme pas de donn\u00e9es mobiles, ce qui le rend id\u00e9al pour les utilisateurs r\u00e9guliers de streaming.<\/p>\n<hr class=\"\" data-start=\"525\" data-end=\"528\" \/>\n<h3 class=\"\" data-start=\"530\" data-end=\"572\">2. Comment souscrire au service ?<\/h3>\n<p class=\"\" data-start=\"574\" data-end=\"617\">Pour s'abonner, les clients ont trois options :<\/p>\n<ul data-start=\"619\" data-end=\"714\">\n<li class=\"\" data-start=\"619\" data-end=\"639\">\n<p class=\"\" data-start=\"621\" data-end=\"639\">Composez <strong data-start=\"626\" data-end=\"637\"><code data-start=\"628\" data-end=\"635\">*176#<\/code><\/strong><\/p>\n<\/li>\n<li class=\"\" data-start=\"640\" data-end=\"680\">\n<p class=\"translation-block\" data-start=\"642\" data-end=\"680\">Acc\u00e8s via l'application mobile MTN TV<\/p>\n<\/li>\n<li class=\"\" data-start=\"681\" data-end=\"714\">\n<p class=\"translation-block\" data-start=\"683\" data-end=\"714\">Acc\u00e9dez au portail Web de MTN TV<\/p>\n<\/li>\n<\/ul>\n<hr class=\"\" data-start=\"716\" data-end=\"719\" \/>\n<h3 class=\"\" data-start=\"721\" data-end=\"748\">Comment \u00e7a marche ?<\/h3>\n<ul data-start=\"750\" data-end=\"1185\">\n<li class=\"\" data-start=\"750\" data-end=\"838\">\n<p class=\"\" data-start=\"752\" data-end=\"838\">Une fois abonn\u00e9s, les utilisateurs peuvent parcourir et regarder du contenu via l'application ou le site Web MTN TV.<\/p>\n<\/li>\n<li class=\"\" data-start=\"839\" data-end=\"979\">\n<p class=\"\" data-start=\"841\" data-end=\"896\">Une vari\u00e9t\u00e9 de formules d'abonnement sont disponibles en fonction de :<\/p>\n<ul data-start=\"899\" data-end=\"979\">\n<li class=\"\" data-start=\"899\" data-end=\"940\">\n<p class=\"\" data-start=\"901\" data-end=\"940\">Heure (par exemple, 2 heures, quotidienne, hebdomadaire, mensuelle)<\/p>\n<\/li>\n<li class=\"\" data-start=\"943\" data-end=\"979\">\n<p class=\"\" data-start=\"945\" data-end=\"979\">Qualit\u00e9 du streaming ou limites d'acc\u00e8s<\/p>\n<\/li>\n<\/ul>\n<\/li>\n<li class=\"\" data-start=\"980\" data-end=\"1042\">\n<p class=\"translation-block\" data-start=\"982\" data-end=\"1042\">Le contenu comprend la VOD (vid\u00e9o \u00e0 la demande) et les cha\u00eenes en direct<\/p>\n<\/li>\n<li class=\"\" data-start=\"1043\" data-end=\"1133\">\n<p class=\"\" data-start=\"1045\" data-end=\"1133\">The service includes <strong data-start=\"1066\" data-end=\"1086\">fallback options<\/strong> for low-cost access if balance is insufficient<\/p>\n<\/li>\n<li class=\"\" data-start=\"1134\" data-end=\"1185\">\n<p class=\"\" data-start=\"1136\" data-end=\"1185\">Pour se d\u00e9sabonner, les clients peuvent composer le <strong data-start=\"1171\" data-end=\"1185\"><code data-start=\"1173\" data-end=\"1183\">*176*50#<\/code><\/strong><\/p>\n<\/li>\n<\/ul>\n<hr class=\"\" data-start=\"1187\" data-end=\"1190\" \/>\n<h3 class=\"\" data-start=\"1192\" data-end=\"1224\">Combien \u00e7a co\u00fbte?<\/h3>\n<p class=\"\" data-start=\"1226\" data-end=\"1272\">MTN TV propose des tarifs flexibles en fonction de l'utilisation :<\/p>\n\n<table id=\"tablepress-53\" class=\"tablepress tablepress-id-53\">\n<thead>\n<tr class=\"row-1\">\n\t<th class=\"column-1\">Type d'offre<\/th><th class=\"column-2\">Prix \u200b\u200b(FCFA)<\/th>\n<\/tr>\n<\/thead>\n<tbody class=\"row-striping row-hover\">\n<tr class=\"row-2\">\n\t<td class=\"column-1\">Journ\u00e9e TV MTN<\/td><td class=\"column-2\">250 FCFA\/Jour<\/td>\n<\/tr>\n<tr class=\"row-3\">\n\t<td class=\"column-1\">Semaine TV MTN<\/td><td class=\"column-2\">1000 FCFA\/Semaine<\/td>\n<\/tr>\n<tr class=\"row-4\">\n\t<td class=\"column-1\">Mois de la t\u00e9l\u00e9vision MTN<\/td><td class=\"column-2\">2,500 FCFA\/mois<\/td>\n<\/tr>\n<tr class=\"row-5\">\n\t<td class=\"column-1\">Forfaits Lite (2H, 4H)<\/td><td class=\"column-2\">A Partir de 50 FCFA<\/td>\n<\/tr>\n<tr class=\"row-6\">\n\t<td class=\"column-1\">Plans de secours<\/td><td class=\"column-2\">50F, 75F, 100F, 200 FCFA<\/td>\n<\/tr>\n<tr class=\"row-7\">\n\t<td class=\"column-1\">MTN TV Gratuit<\/td><td class=\"column-2\">0 FCFA (contenu gratuit)<\/td>\n<\/tr>\n<\/tbody>\n<\/table>\n<!-- #tablepress-53 from cache -->\n<p>&nbsp;<\/p>\n<\/div>\n<\/div>","protected":false},"excerpt":{"rendered":"","protected":false},"author":43,"featured_media":0,"parent":802,"menu_order":0,"comment_status":"closed","ping_status":"closed","template":"","meta":{"_acf_changed":false,"footnotes":""},"class_list":["post-19739","page","type-page","status-publish","hentry"],"acf":[],"_links":{"self":[{"href":"https:\/\/mtn.cm\/fr\/wp-json\/wp\/v2\/pages\/19739","targetHints":{"allow":["GET"]}}],"collection":[{"href":"https:\/\/mtn.cm\/fr\/wp-json\/wp\/v2\/pages"}],"about":[{"href":"https:\/\/mtn.cm\/fr\/wp-json\/wp\/v2\/types\/page"}],"author":[{"embeddable":true,"href":"https:\/\/mtn.cm\/fr\/wp-json\/wp\/v2\/users\/43"}],"replies":[{"embeddable":true,"href":"https:\/\/mtn.cm\/fr\/wp-json\/wp\/v2\/comments?post=19739"}],"version-history":[{"count":4,"href":"https:\/\/mtn.cm\/fr\/wp-json\/wp\/v2\/pages\/19739\/revisions"}],"predecessor-version":[{"id":19863,"href":"https:\/\/mtn.cm\/fr\/wp-json\/wp\/v2\/pages\/19739\/revisions\/19863"}],"up":[{"embeddable":true,"href":"https:\/\/mtn.cm\/fr\/wp-json\/wp\/v2\/pages\/802"}],"wp:attachment":[{"href":"https:\/\/mtn.cm\/fr\/wp-json\/wp\/v2\/media?parent=19739"}],"curies":[{"name":"wp","href":"https:\/\/api.w.org\/{rel}","templated":true}]}}