{"id":19725,"date":"2025-04-01T08:29:40","date_gmt":"2025-04-01T08:29:40","guid":{"rendered":"https:\/\/mtn.cm\/?page_id=19725"},"modified":"2025-04-14T08:44:23","modified_gmt":"2025-04-14T08:44:23","slug":"star-news","status":"publish","type":"page","link":"https:\/\/mtn.cm\/fr\/play\/value-added-services\/star-news\/","title":{"rendered":"Star News Services"},"content":{"rendered":"<div class=\"single-banner-section\">\n    \n            <div id=\"banner-block_1d68c9eb329414fac5a3430a116097d1\" class=\"banner\">\n                <div class=\"banner-section desktop-only alignedBottom textLight dark-overlay\" style=\"background:url(https:\/\/mtn.cm\/wp-content\/uploads\/2022\/12\/PLAY-scaled.jpg);background-size: cover;background-position:center center;\">\n                    <div class =\"banner-heading-section\">    \n                        <div class=\"banner-section-container\">\n                                                     <p class=\"mtn-page-title yello-title\">Services \u00e0 valeur ajout\u00e9e<\/p>\n                                                                                  <h1 class=\"mtn-heading yello-heading\"><p>Star News Services<\/p>\n<\/h1>\n                                                                        \n                \n            \n                        <\/div>\n                      \n                    <\/div>\n                <\/div>\n                \n                <div class=\"banner-section mobile-only alignedBottom textLight dark-overlay\" style=\"background:url(https:\/\/mtn.cm\/wp-content\/uploads\/2022\/12\/PLAY-scaled.jpg);background-size: cover;background-position:center center;\">\n                    <div class =\"banner-heading-section\">    \n                        <div class=\"banner-section-container\">\n                                                     <p class=\"mtn-page-title yello-title\">Services \u00e0 valeur ajout\u00e9e<\/p>\n                                                                                  <h1 class=\"mtn-heading yello-heading\"><p>Star News Services<\/p>\n<\/h1>\n                                                     \n                        <\/div>\n                      \n                    <\/div>\n\n                <\/div>\n\n                <div class=\"banner-divider\">\n                <\/div>\n            <\/div>\n    \n            <\/div>\n\n\n\n<div id=\"section-paragraph-block_755dfa5865a4b852fee36a68594f91d6\" class=\"section-paragraph has-text-align-left\">\n<div class=\"mtn-body-text mtn-section paragraph\"><h3 class=\"translation-block\" data-start=\"284\" data-end=\"325\">1. Qu'est-ce que le service Star News ?<\/h3>\n<p class=\"translation-block\" data-start=\"327\" data-end=\"632\">Star News est un service de contenu vid\u00e9o mobile quotidien qui envoie par SMS des vid\u00e9os exclusives de c\u00e9l\u00e9brit\u00e9s et de divertissement. Les abonn\u00e9s choisissent leur c\u00e9l\u00e9brit\u00e9 ou leur th\u00e8me pr\u00e9f\u00e9r\u00e9 (football, musique, sant\u00e9, art de vivre, etc.) et re\u00e7oivent chaque jour du contenu personnalis\u00e9. Tous les services incluent un Essai gratuit d'un jour.<\/p>\n<hr class=\"\" data-start=\"634\" data-end=\"637\" \/>\n<h3 class=\"\" data-start=\"639\" data-end=\"678\">2. Comment souscrire au service ?<\/h3>\n<p class=\"\" data-start=\"680\" data-end=\"711\">Pour s'abonner, les clients doivent :<\/p>\n<ul data-start=\"713\" data-end=\"1116\">\n<li class=\"\" data-start=\"713\" data-end=\"731\">\n<p class=\"\" data-start=\"715\" data-end=\"731\">Composez <strong data-start=\"720\" data-end=\"731\"><code data-start=\"722\" data-end=\"729\">*031#<\/code><\/strong><\/p>\n<\/li>\n<li class=\"\" data-start=\"732\" data-end=\"1116\">\n<p class=\"translation-block\" data-start=\"734\" data-end=\"806\">S\u00e9lectionnez la cha\u00eene Star News de votre choix dans le menu, par exemple\u00a0:<\/p>\n<ul data-start=\"809\" data-end=\"1116\">\n<li class=\"\" data-start=\"809\" data-end=\"826\">\n<p class=\"\" data-start=\"811\" data-end=\"826\"><strong data-start=\"811\" data-end=\"826\">Africa Foot<\/strong><\/p>\n<\/li>\n<li class=\"\" data-start=\"829\" data-end=\"847\">\n<p class=\"\" data-start=\"831\" data-end=\"847\"><strong data-start=\"831\" data-end=\"847\">Ariel Sheney<\/strong><\/p>\n<\/li>\n<li class=\"\" data-start=\"850\" data-end=\"866\">\n<p class=\"\" data-start=\"852\" data-end=\"866\"><strong data-start=\"852\" data-end=\"866\">Petit Pays<\/strong><\/p>\n<\/li>\n<li class=\"\" data-start=\"869\" data-end=\"891\">\n<p class=\"\" data-start=\"871\" data-end=\"891\"><strong data-start=\"871\" data-end=\"891\">Conseil du Docta<\/strong><\/p>\n<\/li>\n<li class=\"\" data-start=\"894\" data-end=\"912\">\n<p class=\"\" data-start=\"896\" data-end=\"912\"><strong data-start=\"896\" data-end=\"912\">Sabrina Love<\/strong><\/p>\n<\/li>\n<li class=\"\" data-start=\"915\" data-end=\"935\">\n<p class=\"\" data-start=\"917\" data-end=\"935\"><strong data-start=\"917\" data-end=\"935\">Blanche Bailly<\/strong><\/p>\n<\/li>\n<li class=\"\" data-start=\"938\" data-end=\"954\">\n<p class=\"\" data-start=\"940\" data-end=\"954\"><strong data-start=\"940\" data-end=\"954\">Ndock Bidi<\/strong><\/p>\n<\/li>\n<li class=\"\" data-start=\"957\" data-end=\"973\">\n<p class=\"\" data-start=\"959\" data-end=\"973\"><strong data-start=\"959\" data-end=\"973\">Mani Bella<\/strong><\/p>\n<\/li>\n<li class=\"\" data-start=\"976\" data-end=\"988\">\n<p class=\"\" data-start=\"978\" data-end=\"988\"><strong data-start=\"978\" data-end=\"988\">Cysoul<\/strong><\/p>\n<\/li>\n<li class=\"\" data-start=\"991\" data-end=\"1010\">\n<p class=\"\" data-start=\"993\" data-end=\"1010\"><strong data-start=\"993\" data-end=\"1010\">Foot Classics<\/strong><\/p>\n<\/li>\n<li class=\"\" data-start=\"1013\" data-end=\"1028\">\n<p class=\"\" data-start=\"1015\" data-end=\"1028\"><strong data-start=\"1015\" data-end=\"1028\">France 24<\/strong><\/p>\n<\/li>\n<li class=\"\" data-start=\"1031\" data-end=\"1044\">\n<p class=\"\" data-start=\"1033\" data-end=\"1044\"><strong data-start=\"1033\" data-end=\"1044\">Maalhox<\/strong><\/p>\n<\/li>\n<li class=\"\" data-start=\"1047\" data-end=\"1063\">\n<p class=\"\" data-start=\"1049\" data-end=\"1063\"><strong data-start=\"1049\" data-end=\"1063\">Moto Japap<\/strong><\/p>\n<\/li>\n<li class=\"\" data-start=\"1066\" data-end=\"1085\">\n<p class=\"\" data-start=\"1068\" data-end=\"1085\"><strong data-start=\"1068\" data-end=\"1085\">MTN Elite One<\/strong><\/p>\n<\/li>\n<li class=\"\" data-start=\"1088\" data-end=\"1102\">\n<p class=\"\" data-start=\"1090\" data-end=\"1102\"><strong data-start=\"1090\" data-end=\"1102\">NutriVie<\/strong><\/p>\n<\/li>\n<li class=\"\" data-start=\"1105\" data-end=\"1116\">\n<p class=\"\" data-start=\"1107\" data-end=\"1116\"><strong data-start=\"1107\" data-end=\"1116\">ShanL<\/strong><\/p>\n<\/li>\n<\/ul>\n<\/li>\n<\/ul>\n<hr class=\"\" data-start=\"1118\" data-end=\"1121\" \/>\n<h3 class=\"\" data-start=\"1123\" data-end=\"1147\">3. Comment \u00e7a marche ?<\/h3>\n<ul data-start=\"1149\" data-end=\"1724\">\n<li class=\"\" data-start=\"1149\" data-end=\"1248\">\n<p class=\"translation-block\" data-start=\"1151\" data-end=\"1248\">Les abonn\u00e9s re\u00e7oivent quotidiennement des SMS contenant des liens vid\u00e9o exclusifs de la cha\u00eene Star News s\u00e9lectionn\u00e9e.<\/p>\n<\/li>\n<li class=\"\" data-start=\"1249\" data-end=\"1315\">\n<p class=\"\" data-start=\"1251\" data-end=\"1315\">Toutes les vid\u00e9os sont optimis\u00e9es pour les mobiles et disponibles via un clic pour lire<\/p>\n<\/li>\n<li class=\"\" data-start=\"1316\" data-end=\"1724\">\n<p class=\"\" data-start=\"1318\" data-end=\"1341\">Les th\u00e8mes de contenu incluent\u00a0:<\/p>\n<ul data-start=\"1344\" data-end=\"1724\">\n<li class=\"\" data-start=\"1344\" data-end=\"1424\">\n<p class=\"\" data-start=\"1346\" data-end=\"1424\">Faits saillants des \u00e9v\u00e9nements sportifs (par exemple, <strong data-start=\"1370\" data-end=\"1385\">Africa Foot<\/strong>, <strong data-start=\"1387\" data-end=\"1404\">MTN Elite One<\/strong>, <strong data-start=\"1406\" data-end=\"1423\">Foot Classics<\/strong>)<\/p>\n<\/li>\n<li class=\"\" data-start=\"1427\" data-end=\"1538\">\n<p class=\"\" data-start=\"1429\" data-end=\"1538\">Actualit\u00e9s et musique des artistes (<strong data-start=\"1450\" data-end=\"1466\">Ariel Sheney<\/strong>, <strong data-start=\"1468\" data-end=\"1479\">Maalhox<\/strong>, <strong data-start=\"1481\" data-end=\"1495\">Petit Pays<\/strong>, <strong data-start=\"1497\" data-end=\"1515\">Blanche Bailly<\/strong>, <strong data-start=\"1517\" data-end=\"1531\">Mani Bella<\/strong>, etc.)<\/p>\n<\/li>\n<li class=\"\" data-start=\"1541\" data-end=\"1632\">\n<p class=\"\" data-start=\"1543\" data-end=\"1632\">Divertissement et style de vie (<strong data-start=\"1572\" data-end=\"1586\">Moto Japap<\/strong>, <strong data-start=\"1588\" data-end=\"1597\">ShanL<\/strong>, <strong data-start=\"1599\" data-end=\"1615\">Sabrina Love<\/strong>, <strong data-start=\"1617\" data-end=\"1631\">Ndock Bidi<\/strong>)<\/p>\n<\/li>\n<li class=\"\" data-start=\"1635\" data-end=\"1724\">\n<p class=\"\" data-start=\"1637\" data-end=\"1724\">Culture, m\u00e9dias et sant\u00e9 (<strong data-start=\"1662\" data-end=\"1674\">NutriVie<\/strong>, <strong data-start=\"1676\" data-end=\"1696\">Conseil du Docta<\/strong>, <strong data-start=\"1698\" data-end=\"1711\">France 24<\/strong>, <strong data-start=\"1713\" data-end=\"1723\">Cysoul<\/strong>)<\/p>\n<\/li>\n<\/ul>\n<\/li>\n<\/ul>\n<hr class=\"\" data-start=\"1726\" data-end=\"1729\" \/>\n<h3 class=\"\" data-start=\"1731\" data-end=\"1760\">Combien \u00e7a co\u00fbte?<\/h3>\n<div class=\"overflow-x-auto contain-inline-size\">\n<table id=\"tablepress-55\" class=\"tablepress tablepress-id-55\">\n<thead>\n<tr class=\"row-1\">\n\t<th class=\"column-1\">Type d'offre<\/th><th class=\"column-2\">Prix<\/th>\n<\/tr>\n<\/thead>\n<tbody class=\"row-striping row-hover\">\n<tr class=\"row-2\">\n\t<td class=\"column-1\">journalier<\/td><td class=\"column-2\">50 FCFA\/Jour<\/td>\n<\/tr>\n<tr class=\"row-3\">\n\t<td class=\"column-1\">Pack 3 jours<\/td><td class=\"column-2\">125 FCFA\/3 Jours<\/td>\n<\/tr>\n<tr class=\"row-4\">\n\t<td class=\"column-1\">Hebdomadaire<\/td><td class=\"column-2\">250 FCFA\/ Semaine<\/td>\n<\/tr>\n<tr class=\"row-5\">\n\t<td class=\"column-1\">Essai<\/td><td class=\"column-2\">1 journ\u00e9e gratuite<\/td>\n<\/tr>\n<\/tbody>\n<\/table>\n<!-- #tablepress-55 from cache --><br \/>\n&nbsp;<\/p>\n<\/div>\n<hr class=\"\" data-start=\"2027\" data-end=\"2030\" \/>\n<h3 class=\"\" data-start=\"2032\" data-end=\"2058\">5. Comment se d\u00e9sinscrire ?<\/h3>\n<p class=\"translation-block\" data-start=\"2060\" data-end=\"2106\">Pour vous d\u00e9sabonner de n'importe quelle cha\u00eene Star News\u00a0:<\/p>\n<ul data-start=\"2108\" data-end=\"2128\">\n<li class=\"\" data-start=\"2108\" data-end=\"2128\">\n<p class=\"\" data-start=\"2110\" data-end=\"2128\">Composez <strong data-start=\"2115\" data-end=\"2128\"><code data-start=\"2117\" data-end=\"2126\">*031*9#<\/code><\/strong><\/p>\n<\/li>\n<\/ul>\n<p class=\"\" data-start=\"2130\" data-end=\"2185\">Cela vous d\u00e9sactive de tous les services Star News actifs.<\/p>\n<\/div>\n<\/div>","protected":false},"excerpt":{"rendered":"","protected":false},"author":43,"featured_media":0,"parent":818,"menu_order":0,"comment_status":"closed","ping_status":"closed","template":"","meta":{"_acf_changed":false,"footnotes":""},"class_list":["post-19725","page","type-page","status-publish","hentry"],"acf":[],"_links":{"self":[{"href":"https:\/\/mtn.cm\/fr\/wp-json\/wp\/v2\/pages\/19725","targetHints":{"allow":["GET"]}}],"collection":[{"href":"https:\/\/mtn.cm\/fr\/wp-json\/wp\/v2\/pages"}],"about":[{"href":"https:\/\/mtn.cm\/fr\/wp-json\/wp\/v2\/types\/page"}],"author":[{"embeddable":true,"href":"https:\/\/mtn.cm\/fr\/wp-json\/wp\/v2\/users\/43"}],"replies":[{"embeddable":true,"href":"https:\/\/mtn.cm\/fr\/wp-json\/wp\/v2\/comments?post=19725"}],"version-history":[{"count":3,"href":"https:\/\/mtn.cm\/fr\/wp-json\/wp\/v2\/pages\/19725\/revisions"}],"predecessor-version":[{"id":19875,"href":"https:\/\/mtn.cm\/fr\/wp-json\/wp\/v2\/pages\/19725\/revisions\/19875"}],"up":[{"embeddable":true,"href":"https:\/\/mtn.cm\/fr\/wp-json\/wp\/v2\/pages\/818"}],"wp:attachment":[{"href":"https:\/\/mtn.cm\/fr\/wp-json\/wp\/v2\/media?parent=19725"}],"curies":[{"name":"wp","href":"https:\/\/api.w.org\/{rel}","templated":true}]}}