{"id":19711,"date":"2025-04-01T08:13:23","date_gmt":"2025-04-01T08:13:23","guid":{"rendered":"https:\/\/mtn.cm\/?page_id=19711"},"modified":"2025-04-15T17:11:00","modified_gmt":"2025-04-15T17:11:00","slug":"daily-advice","status":"publish","type":"page","link":"https:\/\/mtn.cm\/fr\/play\/value-added-services\/daily-advice\/","title":{"rendered":"Daily Advice"},"content":{"rendered":"<div class=\"single-banner-section\">\n    \n            <div id=\"banner-block_6eabc04cee3c5de798a4bf0e320a7378\" class=\"banner\">\n                <div class=\"banner-section desktop-only alignedBottom textLight dark-overlay\" style=\"background:url(https:\/\/mtn.cm\/wp-content\/uploads\/2022\/12\/MTN_Mass_1301517-scaled.jpg);background-size: cover;background-position:center center;\">\n                    <div class =\"banner-heading-section\">    \n                        <div class=\"banner-section-container\">\n                                                     <p class=\"mtn-page-title yello-title\">Services \u00e0 valeur ajout\u00e9e<\/p>\n                                                                                  <h1 class=\"mtn-heading yello-heading\"><p>Daily Advice<\/p>\n<\/h1>\n                                                                        \n                \n            \n                        <\/div>\n                      \n                    <\/div>\n                <\/div>\n                \n                <div class=\"banner-section mobile-only alignedBottom textLight dark-overlay\" style=\"background:url(https:\/\/mtn.cm\/wp-content\/uploads\/2022\/12\/MTN_Mass_1301517-scaled.jpg);background-size: cover;background-position:center center;\">\n                    <div class =\"banner-heading-section\">    \n                        <div class=\"banner-section-container\">\n                                                     <p class=\"mtn-page-title yello-title\">Services \u00e0 valeur ajout\u00e9e<\/p>\n                                                                                  <h1 class=\"mtn-heading yello-heading\"><p>Daily Advice<\/p>\n<\/h1>\n                                                     \n                        <\/div>\n                      \n                    <\/div>\n\n                <\/div>\n\n                <div class=\"banner-divider\">\n                <\/div>\n            <\/div>\n    \n            <\/div>\n\n\n\n<div id=\"section-paragraph-block_68aaaf42c34f1731becced03f16f49a8\" class=\"section-paragraph has-text-align-left\">\n<div class=\"mtn-body-text mtn-section paragraph\"><h3 class=\"translation-block\" data-start=\"203\" data-end=\"255\">1. Qu'est-ce que le service Conseils relationnels ?<\/h3>\n<p class=\"translation-block\" data-start=\"257\" data-end=\"512\">Relationship Tips est un service SMS qui propose quotidiennement des conseils sur l'amour, les rencontres et la gestion des relations amoureuses. Son contenu est con\u00e7u pour aider les utilisateurs \u00e0 renforcer leurs liens affectifs et \u00e0 mieux comprendre la dynamique des relations.<\/p>\n<h4 class=\"\" data-start=\"514\" data-end=\"554\">2. Comment souscrire au service ?<\/h4>\n<ul data-start=\"555\" data-end=\"607\">\n<li class=\"\" data-start=\"555\" data-end=\"586\">\n<p class=\"translation-block\" data-start=\"557\" data-end=\"586\">Envoyer GO pour 8718, ou Composez le *204*2#<\/p>\n<\/li>\n<\/ul>\n<h4 class=\"\" data-start=\"609\" data-end=\"634\">3. Comment \u00e7a marche ?<\/h4>\n<ul data-start=\"635\" data-end=\"888\">\n<li class=\"\" data-start=\"635\" data-end=\"709\">\n<p class=\"translation-block\" data-start=\"637\" data-end=\"709\">Les abonn\u00e9s re\u00e7oivent 1 SMS par jour avec des conseils d'experts en relations.<\/p>\n<\/li>\n<li class=\"\" data-start=\"710\" data-end=\"811\">\n<p class=\"translation-block\" data-start=\"712\" data-end=\"811\">Le service est renouvel\u00e9 automatiquement en fonction du forfait choisi (quotidien, hebdomadaire, mensuel).<\/p>\n<\/li>\n<li class=\"\" data-start=\"812\" data-end=\"888\">\n<p class=\"\" data-start=\"814\" data-end=\"829\">Se d\u00e9sabonner<\/p>\n<ul data-start=\"832\" data-end=\"888\">\n<li class=\"\" data-start=\"832\" data-end=\"865\">\n<p class=\"\" data-start=\"834\" data-end=\"865\">Envoyer <strong data-start=\"839\" data-end=\"847\">STOP<\/strong> pour <strong data-start=\"851\" data-end=\"859\">8718<\/strong>, ou composez <strong data-start=\"875\" data-end=\"888\"><code data-start=\"877\" data-end=\"886\">*204*0#<\/code><\/strong><\/p>\n<\/li>\n<\/ul>\n<\/li>\n<\/ul>\n<h4 class=\"\" data-start=\"890\" data-end=\"920\">Combien \u00e7a co\u00fbte?<\/h4>\n<ul data-start=\"921\" data-end=\"968\">\n<li class=\"\" data-start=\"921\" data-end=\"943\">\n<p class=\"\" data-start=\"923\" data-end=\"943\"><strong data-start=\"923\" data-end=\"932\">journalier<\/strong>: 55 FCFA<\/p>\n<\/li>\n<li class=\"\" data-start=\"944\" data-end=\"968\">\n<p class=\"\" data-start=\"946\" data-end=\"968\"><strong data-start=\"946\" data-end=\"957\">Mensuel<\/strong>: 1400 FCFA<\/p>\n<\/li>\n<\/ul>\n<hr class=\"\" data-start=\"970\" data-end=\"973\" \/>\n<h3 class=\"translation-block\" data-start=\"975\" data-end=\"1018\">1. Qu'est-ce que le service des Proverbes ?<\/h3>\n<p class=\"translation-block\" data-start=\"1020\" data-end=\"1217\">Proverbs est un service SMS culturel qui diffuse quotidiennement des proverbes inspirants issus des traditions de sagesse africaines et mondiales. Il encourage la r\u00e9flexion et la pleine conscience gr\u00e2ce \u00e0 des dictons significatifs.<\/p>\n<h4 class=\"\" data-start=\"1219\" data-end=\"1259\">2. Comment souscrire au service ?<\/h4>\n<ul data-start=\"1260\" data-end=\"1312\">\n<li class=\"\" data-start=\"1260\" data-end=\"1291\">\n<p class=\"\" data-start=\"1262\" data-end=\"1291\">Envoyer <strong data-start=\"1267\" data-end=\"1273\">GO<\/strong> pour <strong data-start=\"1277\" data-end=\"1285\">8714<\/strong>, ou composez <strong data-start=\"1299\" data-end=\"1312\"><code data-start=\"1301\" data-end=\"1310\">*204*3#<\/code><\/strong><\/p>\n<\/li>\n<\/ul>\n<h4 class=\"\" data-start=\"1314\" data-end=\"1339\">3. Comment \u00e7a marche ?<\/h4>\n<ul data-start=\"1340\" data-end=\"1513\">\n<li class=\"\" data-start=\"1340\" data-end=\"1375\">\n<p class=\"\" data-start=\"1342\" data-end=\"1375\">1 proverbe est envoy\u00e9 quotidiennement par SMS.<\/p>\n<\/li>\n<li class=\"\" data-start=\"1376\" data-end=\"1436\">\n<p class=\"\" data-start=\"1378\" data-end=\"1436\">Le service se renouvelle automatiquement en fonction du cycle d'abonnement.<\/p>\n<\/li>\n<li class=\"\" data-start=\"1437\" data-end=\"1513\">\n<p class=\"\" data-start=\"1439\" data-end=\"1454\">Se d\u00e9sabonner<\/p>\n<ul data-start=\"1457\" data-end=\"1513\">\n<li class=\"\" data-start=\"1457\" data-end=\"1490\">\n<p class=\"\" data-start=\"1459\" data-end=\"1490\">Envoyer <strong data-start=\"1464\" data-end=\"1472\">STOP<\/strong> pour <strong data-start=\"1476\" data-end=\"1484\">8714<\/strong>, ou composez <strong data-start=\"1500\" data-end=\"1513\"><code data-start=\"1502\" data-end=\"1511\">*204*0#<\/code><\/strong><\/p>\n<\/li>\n<\/ul>\n<\/li>\n<\/ul>\n<h4 class=\"\" data-start=\"1515\" data-end=\"1545\">Combien \u00e7a co\u00fbte?<\/h4>\n<ul data-start=\"1546\" data-end=\"1593\">\n<li class=\"\" data-start=\"1546\" data-end=\"1568\">\n<p class=\"\" data-start=\"1548\" data-end=\"1568\"><strong data-start=\"1548\" data-end=\"1557\">journalier<\/strong>: 55 FCFA<\/p>\n<\/li>\n<li class=\"\" data-start=\"1569\" data-end=\"1593\">\n<p class=\"\" data-start=\"1571\" data-end=\"1593\"><strong data-start=\"1571\" data-end=\"1582\">Mensuel<\/strong>: 1400 FCFA<\/p>\n<\/li>\n<\/ul>\n<hr class=\"\" data-start=\"1595\" data-end=\"1598\" \/>\n<h3 class=\"translation-block\" data-start=\"1600\" data-end=\"1641\">1. Qu'est-ce que le service Devis ?<\/h3>\n<p class=\"translation-block\" data-start=\"1643\" data-end=\"1830\">Quotes propose aux utilisateurs un SMS quotidien contenant des citations motivantes ou inspirantes de penseurs, leaders et cr\u00e9atifs reconnus. Cela contribue \u00e0 booster le moral et la motivation au quotidien.<\/p>\n<h4 class=\"\" data-start=\"1832\" data-end=\"1872\">2. Comment souscrire au service ?<\/h4>\n<ul data-start=\"1873\" data-end=\"1925\">\n<li class=\"\" data-start=\"1873\" data-end=\"1904\">\n<p class=\"\" data-start=\"1875\" data-end=\"1904\">Envoyer <strong data-start=\"1880\" data-end=\"1886\">GO<\/strong> pour <strong data-start=\"1890\" data-end=\"1898\">8715<\/strong>, ou composez <strong data-start=\"1912\" data-end=\"1925\"><code data-start=\"1914\" data-end=\"1923\">*204*4#<\/code><\/strong><\/p>\n<\/li>\n<\/ul>\n<h4 class=\"\" data-start=\"1927\" data-end=\"1952\">3. Comment \u00e7a marche ?<\/h4>\n<ul data-start=\"1953\" data-end=\"2116\">\n<li class=\"\" data-start=\"1953\" data-end=\"1997\">\n<p class=\"\" data-start=\"1955\" data-end=\"1997\">Les utilisateurs re\u00e7oivent un devis par jour par SMS<\/p>\n<\/li>\n<li class=\"\" data-start=\"1998\" data-end=\"2039\">\n<p class=\"\" data-start=\"2000\" data-end=\"2039\">Le service est renouvel\u00e9 automatiquement.<\/p>\n<\/li>\n<li class=\"\" data-start=\"2040\" data-end=\"2116\">\n<p class=\"\" data-start=\"2042\" data-end=\"2057\">Se d\u00e9sabonner<\/p>\n<ul data-start=\"2060\" data-end=\"2116\">\n<li class=\"\" data-start=\"2060\" data-end=\"2093\">\n<p class=\"\" data-start=\"2062\" data-end=\"2093\">Envoyer <strong data-start=\"2067\" data-end=\"2075\">STOP<\/strong> pour <strong data-start=\"2079\" data-end=\"2087\">8715<\/strong>, ou composez <strong data-start=\"2103\" data-end=\"2116\"><code data-start=\"2105\" data-end=\"2114\">*204*0#<\/code><\/strong><\/p>\n<\/li>\n<\/ul>\n<\/li>\n<\/ul>\n<h4 class=\"\" data-start=\"2118\" data-end=\"2148\">Combien \u00e7a co\u00fbte?<\/h4>\n<ul data-start=\"2149\" data-end=\"2196\">\n<li class=\"\" data-start=\"2149\" data-end=\"2171\">\n<p class=\"\" data-start=\"2151\" data-end=\"2171\"><strong data-start=\"2151\" data-end=\"2160\">journalier<\/strong>: 55 FCFA<\/p>\n<\/li>\n<li class=\"\" data-start=\"2172\" data-end=\"2196\">\n<p class=\"\" data-start=\"2174\" data-end=\"2196\"><strong data-start=\"2174\" data-end=\"2185\">Mensuel<\/strong>: 1400 FCFA<\/p>\n<\/li>\n<\/ul>\n<hr class=\"\" data-start=\"2198\" data-end=\"2201\" \/>\n<h3 class=\"translation-block\" data-start=\"2203\" data-end=\"2246\">\ud83c\udfcb\ufe0f 1. Qu'est-ce que le service Fitness ?<\/h3>\n<p class=\"translation-block\" data-start=\"2248\" data-end=\"2450\">Fitness est un service SMS ax\u00e9 sur la sant\u00e9 qui envoie quotidiennement des conseils fitness pour aider les utilisateurs \u00e0 rester actifs, en bonne sant\u00e9 et en forme. Les sujets abord\u00e9s incluent des id\u00e9es d'entra\u00eenement, des rappels d'exercices et des d\u00e9fis fitness.<\/p>\n<h4 class=\"\" data-start=\"2452\" data-end=\"2492\">2. Comment souscrire au service ?<\/h4>\n<ul data-start=\"2493\" data-end=\"2545\">\n<li class=\"\" data-start=\"2493\" data-end=\"2524\">\n<p class=\"\" data-start=\"2495\" data-end=\"2524\">Envoyer <strong data-start=\"2500\" data-end=\"2506\">GO<\/strong> pour <strong data-start=\"2510\" data-end=\"2518\">8716<\/strong>, ou composez <strong data-start=\"2532\" data-end=\"2545\"><code data-start=\"2534\" data-end=\"2543\">*204*5#<\/code><\/strong><\/p>\n<\/li>\n<\/ul>\n<h4 class=\"\" data-start=\"2547\" data-end=\"2572\">3. Comment \u00e7a marche ?<\/h4>\n<ul data-start=\"2573\" data-end=\"2766\">\n<li class=\"\" data-start=\"2573\" data-end=\"2622\">\n<p class=\"\" data-start=\"2575\" data-end=\"2622\">Un SMS par jour avec du contenu li\u00e9 au fitness.<\/p>\n<\/li>\n<li class=\"\" data-start=\"2623\" data-end=\"2689\">\n<p class=\"\" data-start=\"2625\" data-end=\"2689\">Les abonn\u00e9s sont automatiquement renouvel\u00e9s \u00e0 moins qu'ils ne se d\u00e9sabonnent.<\/p>\n<\/li>\n<li class=\"\" data-start=\"2690\" data-end=\"2766\">\n<p class=\"\" data-start=\"2692\" data-end=\"2707\">Se d\u00e9sabonner<\/p>\n<ul data-start=\"2710\" data-end=\"2766\">\n<li class=\"\" data-start=\"2710\" data-end=\"2743\">\n<p class=\"\" data-start=\"2712\" data-end=\"2743\">Envoyer <strong data-start=\"2717\" data-end=\"2725\">STOP<\/strong> pour <strong data-start=\"2729\" data-end=\"2737\">8716<\/strong>, ou composez <strong data-start=\"2753\" data-end=\"2766\"><code data-start=\"2755\" data-end=\"2764\">*204*0#<\/code><\/strong><\/p>\n<\/li>\n<\/ul>\n<\/li>\n<\/ul>\n<h4 class=\"\" data-start=\"2768\" data-end=\"2798\">Combien \u00e7a co\u00fbte?<\/h4>\n<ul data-start=\"2799\" data-end=\"2846\">\n<li class=\"\" data-start=\"2799\" data-end=\"2821\">\n<p class=\"\" data-start=\"2801\" data-end=\"2821\"><strong data-start=\"2801\" data-end=\"2810\">journalier<\/strong>: 55 FCFA<\/p>\n<\/li>\n<li class=\"\" data-start=\"2822\" data-end=\"2846\">\n<p class=\"\" data-start=\"2824\" data-end=\"2846\"><strong data-start=\"2824\" data-end=\"2835\">Mensuel<\/strong>: 1400 FCFA<\/p>\n<\/li>\n<\/ul>\n<hr class=\"\" data-start=\"2848\" data-end=\"2851\" \/>\n<h3 class=\"translation-block\" data-start=\"2853\" data-end=\"2910\">M\u00e9thodes g\u00e9n\u00e9rales d'abonnement<\/h3>\n<ul data-start=\"2911\" data-end=\"3103\">\n<li class=\"\" data-start=\"2911\" data-end=\"2984\">\n<p class=\"\" data-start=\"2913\" data-end=\"2984\">\ud83d\udcf1 Via SMS: Send <strong data-start=\"2930\" data-end=\"2936\">GO<\/strong> to the dedicated short code (e.g., 8714\u20138718)<\/p>\n<\/li>\n<li class=\"\" data-start=\"2985\" data-end=\"3029\">\n<p class=\"\" data-start=\"2987\" data-end=\"3029\">\ud83d\udcf2 Via USSD: Dial <code data-start=\"3005\" data-end=\"3014\">*204*X#<\/code> to subscribe<\/p>\n<\/li>\n<li class=\"\" data-start=\"3030\" data-end=\"3103\">\n<p class=\"\" data-start=\"3032\" data-end=\"3103\">\u274c Unsubscribe by sending <strong data-start=\"3057\" data-end=\"3065\">STOP<\/strong> to the same code or dialing <code data-start=\"3094\" data-end=\"3103\">*204*0#<\/code><\/p>\n<\/li>\n<\/ul>\n<\/div>\n<\/div>","protected":false},"excerpt":{"rendered":"","protected":false},"author":43,"featured_media":0,"parent":818,"menu_order":0,"comment_status":"closed","ping_status":"closed","template":"","meta":{"_acf_changed":false,"footnotes":""},"class_list":["post-19711","page","type-page","status-publish","hentry"],"acf":[],"_links":{"self":[{"href":"https:\/\/mtn.cm\/fr\/wp-json\/wp\/v2\/pages\/19711","targetHints":{"allow":["GET"]}}],"collection":[{"href":"https:\/\/mtn.cm\/fr\/wp-json\/wp\/v2\/pages"}],"about":[{"href":"https:\/\/mtn.cm\/fr\/wp-json\/wp\/v2\/types\/page"}],"author":[{"embeddable":true,"href":"https:\/\/mtn.cm\/fr\/wp-json\/wp\/v2\/users\/43"}],"replies":[{"embeddable":true,"href":"https:\/\/mtn.cm\/fr\/wp-json\/wp\/v2\/comments?post=19711"}],"version-history":[{"count":9,"href":"https:\/\/mtn.cm\/fr\/wp-json\/wp\/v2\/pages\/19711\/revisions"}],"predecessor-version":[{"id":19917,"href":"https:\/\/mtn.cm\/fr\/wp-json\/wp\/v2\/pages\/19711\/revisions\/19917"}],"up":[{"embeddable":true,"href":"https:\/\/mtn.cm\/fr\/wp-json\/wp\/v2\/pages\/818"}],"wp:attachment":[{"href":"https:\/\/mtn.cm\/fr\/wp-json\/wp\/v2\/media?parent=19711"}],"curies":[{"name":"wp","href":"https:\/\/api.w.org\/{rel}","templated":true}]}}