{"id":19383,"date":"2025-01-23T11:16:25","date_gmt":"2025-01-23T11:16:25","guid":{"rendered":"https:\/\/mtn.cm\/?page_id=19383"},"modified":"2025-07-08T17:04:53","modified_gmt":"2025-07-08T17:04:53","slug":"mtn-wanda-mtn-plus","status":"publish","type":"page","link":"https:\/\/mtn.cm\/fr\/offers\/mtn-wanda-mtn-plus\/","title":{"rendered":"MTN Wanda\/MTN Plus"},"content":{"rendered":"<h2 class=\"wp-block-heading has-sunshine-yellow-background-color has-background\">MTN Wanda<\/h2>\n\n\n\n<div class=\"wp-block-columns is-layout-flex wp-container-core-columns-is-layout-28f84493 wp-block-columns-is-layout-flex\">\n<div class=\"wp-block-column is-layout-flow wp-block-column-is-layout-flow\">\n<figure class=\"wp-block-image size-large\"><img loading=\"lazy\" decoding=\"async\" width=\"1024\" height=\"1024\" src=\"https:\/\/mtn.cm\/wp-content\/uploads\/2023\/10\/378777104_717309347105369_7560213426050419838_n-1024x1024.jpg\" alt=\"\" class=\"wp-image-16328\" srcset=\"https:\/\/mtn.cm\/wp-content\/uploads\/2023\/10\/378777104_717309347105369_7560213426050419838_n-1024x1024.jpg 1024w, https:\/\/mtn.cm\/wp-content\/uploads\/2023\/10\/378777104_717309347105369_7560213426050419838_n-300x300.jpg 300w, https:\/\/mtn.cm\/wp-content\/uploads\/2023\/10\/378777104_717309347105369_7560213426050419838_n-150x150.jpg 150w, https:\/\/mtn.cm\/wp-content\/uploads\/2023\/10\/378777104_717309347105369_7560213426050419838_n-768x768.jpg 768w, https:\/\/mtn.cm\/wp-content\/uploads\/2023\/10\/378777104_717309347105369_7560213426050419838_n-1536x1536.jpg 1536w, https:\/\/mtn.cm\/wp-content\/uploads\/2023\/10\/378777104_717309347105369_7560213426050419838_n-12x12.jpg 12w, https:\/\/mtn.cm\/wp-content\/uploads\/2023\/10\/378777104_717309347105369_7560213426050419838_n-75x75.jpg 75w, https:\/\/mtn.cm\/wp-content\/uploads\/2023\/10\/378777104_717309347105369_7560213426050419838_n-64x64.jpg 64w, https:\/\/mtn.cm\/wp-content\/uploads\/2023\/10\/378777104_717309347105369_7560213426050419838_n.jpg 2000w\" sizes=\"auto, (max-width: 1024px) 100vw, 1024px\" \/><\/figure>\n<\/div>\n\n\n\n<div class=\"wp-block-column is-layout-flow wp-block-column-is-layout-flow\">\n<p><strong>Nouveau!<\/strong>&nbsp;Appelez d\u00e8s maintenant \u00e9galement les num\u00e9ros MTN gratuits et illimit\u00e9s en choisissant votre<strong>&nbsp;forfait journ\u00e9e illimit\u00e9<\/strong>&nbsp;MTN Wanda (<strong>*123*11*1*0#<\/strong>)<\/p>\n\n\n\n<p>Profitez des offres&nbsp;<strong>MTN Wanda!<\/strong><\/p>\n\n\n\n<p>Des forfaits qui offrent \u00e0 chaque client de super bonus pour tout faire!<\/p>\n\n\n\n<ul class=\"wp-block-list\">\n<li>Appels locaux vers tous les r\u00e9seaux<\/li>\n\n\n\n<li>Appel international<\/li>\n\n\n\n<li>SMS<\/li>\n\n\n\n<li>l\u2019Internet<\/li>\n<\/ul>\n\n\n\n<p>Plus de contraintes et vous avez un super bonus pour faire ce que vous voulez!<\/p>\n\n\n\n<p>Composez&nbsp;<strong>*123*11#<\/strong><\/p>\n\n\n\n<p>Vous avez le choix parmi les forfaits journaliers (valables 24h), hebdomadaires ou mensuels<\/p>\n\n\n\n<p><\/p>\n<\/div>\n<\/div>\n\n\n\n<div class=\"wp-block-columns is-layout-flex wp-container-core-columns-is-layout-28f84493 wp-block-columns-is-layout-flex\">\n<div class=\"wp-block-column is-layout-flow wp-block-column-is-layout-flow\">\n<p><strong>Comment s\u2019inscrire?<\/strong><\/p>\n\n\n\n<ul class=\"wp-block-list\">\n<li>Composez simplement&nbsp;<strong>*123*11#<\/strong><\/li>\n<\/ul>\n<\/div>\n\n\n\n<div class=\"wp-block-column is-layout-flow wp-block-column-is-layout-flow\">\n<p><strong>Comment v\u00e9rifier mon solde?<\/strong><\/p>\n\n\n\n<ul class=\"wp-block-list\">\n<li>Appuyer sur&nbsp;<strong>*123*11*99#<\/strong><\/li>\n<\/ul>\n<\/div>\n\n\n\n<div class=\"wp-block-column is-layout-flow wp-block-column-is-layout-flow\">\n<h4 class=\"wp-block-heading\">Je veux que mon paquet Wanda soit automatiquement renouvel\u00e9?<\/h4>\n\n\n\n<ul class=\"wp-block-list\">\n<li>Il suffit de composer&nbsp;<strong>*123*100#<\/strong>&nbsp;pour le renouvellement automatique<\/li>\n<\/ul>\n<\/div>\n<\/div>\n\n\n\n<h2 class=\"wp-block-heading has-sunshine-yellow-background-color has-background has-medium-font-size\">MTN Plus<\/h2>\n\n\n\n<ul class=\"wp-block-list\">\n<li><strong>G\u00e9n\u00e9reux<\/strong>\u00a0|\u00a0<strong>Bonus + +<\/strong>\u00a0parler encore plus, plus longtemps en payant moins ;<\/li>\n\n\n\n<li><strong>Flexible<\/strong>\u00a0| des validit\u00e9s selon vos besoins au 24 Heures, 3 Jours, 7 Jours (1 semaine) ou au mois (30 Jours)<\/li>\n\n\n\n<li><strong>Moins cher<\/strong>: Appels vers tous les r\u00e9seaux au m\u00eame prix. Plus besoin de jongler avec plusieurs cartes SIM ;<\/li>\n\n\n\n<li>Le choix\u00a0<strong>que tu veux, pour\u00a0<\/strong><strong>:<\/strong>\n<ul class=\"wp-block-list\">\n<li>Appel vers MTN<\/li>\n\n\n\n<li>Appelez tous les r\u00e9seaux<\/li>\n\n\n\n<li>Appelez tous les r\u00e9seaux + Internet<\/li>\n<\/ul>\n<\/li>\n<\/ul>\n\n\n\n<h2 class=\"wp-block-heading\"><strong>Activation<\/strong><\/h2>\n\n\n\n<p><strong>Pour souscrire \u00e0 votre forfait MTN Plus<\/strong><\/p>\n\n\n\n<p><a href=\"tel:*222%23\">Cliquez ici<\/a>&nbsp;ou composez le code&nbsp;<strong><a href=\"tel:*222%23\">*222#<\/a><\/strong><\/p>\n\n\n\n<p><strong>Comment v\u00e9rifier le solde de son bundle (Bonus principal)<\/strong><strong>?<\/strong><\/p>\n\n\n\n<p><a href=\"tel:*222*99%23\">Cliquez ici<\/a>&nbsp;ou composez le code<strong>&nbsp;<a href=\"tel:*222*99%23\">*222*99#<\/a><\/strong><\/p>\n\n\n\n<p><strong>Comment activer le renouvellement automatique sur un forfait<\/strong><strong>?<\/strong><\/p>\n\n\n\n<p>Composez&nbsp;<strong><a href=\"tel:*222*100%23\">*222*100#<\/a><\/strong>&nbsp;puis choisissez 1.<\/p>\n\n\n\n<p><strong>Comment d\u00e9sactiver le renouvellement automatique de votre forfait<\/strong><strong>?<\/strong><\/p>\n\n\n\n<p>Composez<strong>&nbsp;<a href=\"tel:*222*100%23\">*222*100#<\/a><\/strong>&nbsp;puis choisissez 2.<\/p>","protected":false},"excerpt":{"rendered":"<p>MTN Wanda Nouveau!&nbsp;Appelez d\u00e8s maintenant \u00e9galement les num\u00e9ros MTN gratuits et illimit\u00e9s en choisissant votre&nbsp;forfait journ\u00e9e illimit\u00e9&nbsp;MTN Wanda (*123*11*1*0#) Profitez des offres&nbsp;MTN Wanda! Des forfaits qui offrent \u00e0 chaque client de super bonus pour tout faire! Plus de contraintes et vous avez un super bonus pour faire ce que vous voulez! Composez&nbsp;*123*11# Vous avez le&#8230;<\/p>","protected":false},"author":11,"featured_media":0,"parent":16291,"menu_order":0,"comment_status":"closed","ping_status":"closed","template":"templates\/page-contained.php","meta":{"_acf_changed":false,"footnotes":""},"class_list":["post-19383","page","type-page","status-publish","hentry"],"acf":[],"_links":{"self":[{"href":"https:\/\/mtn.cm\/fr\/wp-json\/wp\/v2\/pages\/19383","targetHints":{"allow":["GET"]}}],"collection":[{"href":"https:\/\/mtn.cm\/fr\/wp-json\/wp\/v2\/pages"}],"about":[{"href":"https:\/\/mtn.cm\/fr\/wp-json\/wp\/v2\/types\/page"}],"author":[{"embeddable":true,"href":"https:\/\/mtn.cm\/fr\/wp-json\/wp\/v2\/users\/11"}],"replies":[{"embeddable":true,"href":"https:\/\/mtn.cm\/fr\/wp-json\/wp\/v2\/comments?post=19383"}],"version-history":[{"count":8,"href":"https:\/\/mtn.cm\/fr\/wp-json\/wp\/v2\/pages\/19383\/revisions"}],"predecessor-version":[{"id":20991,"href":"https:\/\/mtn.cm\/fr\/wp-json\/wp\/v2\/pages\/19383\/revisions\/20991"}],"up":[{"embeddable":true,"href":"https:\/\/mtn.cm\/fr\/wp-json\/wp\/v2\/pages\/16291"}],"wp:attachment":[{"href":"https:\/\/mtn.cm\/fr\/wp-json\/wp\/v2\/media?parent=19383"}],"curies":[{"name":"wp","href":"https:\/\/api.w.org\/{rel}","templated":true}]}}