{"id":19329,"date":"2025-01-23T09:21:50","date_gmt":"2025-01-23T09:21:50","guid":{"rendered":"https:\/\/mtn.cm\/?page_id=19329"},"modified":"2025-01-30T09:51:52","modified_gmt":"2025-01-30T09:51:52","slug":"voice-bundles-local-international","status":"publish","type":"page","link":"https:\/\/mtn.cm\/fr\/offers\/voice-bundles-local-international\/","title":{"rendered":"Forfaits vocaux (locaux\/internationaux)"},"content":{"rendered":"<h2 class=\"wp-block-heading\">Forfaits internationaux<\/h2>\n\n\n\n<div class=\"wp-block-columns is-layout-flex wp-container-core-columns-is-layout-28f84493 wp-block-columns-is-layout-flex\">\n<div class=\"wp-block-column is-layout-flow wp-block-column-is-layout-flow\">\n<figure class=\"wp-block-image size-large\"><img loading=\"lazy\" decoding=\"async\" width=\"1024\" height=\"599\" src=\"https:\/\/mtn.cm\/wp-content\/uploads\/2023\/10\/download-3-1024x599.png\" alt=\"\" class=\"wp-image-16399\" srcset=\"https:\/\/mtn.cm\/wp-content\/uploads\/2023\/10\/download-3-1024x599.png 1024w, https:\/\/mtn.cm\/wp-content\/uploads\/2023\/10\/download-3-300x176.png 300w, https:\/\/mtn.cm\/wp-content\/uploads\/2023\/10\/download-3-768x449.png 768w, https:\/\/mtn.cm\/wp-content\/uploads\/2023\/10\/download-3-18x12.png 18w, https:\/\/mtn.cm\/wp-content\/uploads\/2023\/10\/download-3-75x44.png 75w, https:\/\/mtn.cm\/wp-content\/uploads\/2023\/10\/download-3-64x37.png 64w, https:\/\/mtn.cm\/wp-content\/uploads\/2023\/10\/download-3.png 1369w\" sizes=\"auto, (max-width: 1024px) 100vw, 1024px\" \/><\/figure>\n<\/div>\n\n\n\n<div class=\"wp-block-column is-layout-flow wp-block-column-is-layout-flow\">\n<p>Parler est moins cher. Et les appels internationaux sont encore moins chers.<\/p>\n\n\n\n<p>Chez MTN, les forfaits d\u2019appels internationaux vous offrent toujours les tarifs les plus bas pour prendre des nouvelles de vos proches ou de vos affaires \u00e0 travers le monde. Profitez de la meilleure qualit\u00e9 de r\u00e9seau aux tarifs tr\u00e8s, tr\u00e8s, tr\u00e8s bas.<\/p>\n\n\n\n<p>Pour activer un forfait d\u2019appels internationaux, tapez le code &nbsp;<strong>*123*13#<\/strong>.<\/p>\n\n\n\n<p>Pour v\u00e9rifier votre solde, tapez <strong>&nbsp;<strong>*123*13#<\/strong><\/strong> et choississez<strong> 99<\/strong>.<\/p>\n\n\n\n<p>Vous pouvez ainsi appelez vers&nbsp;<strong>les pays<\/strong>&nbsp;suivants:&nbsp;<strong>Nigeria, Chine, Inde, \u00c9tats-Unis, Canada, Allemagne, France, Italie, Malaisie, Bangladesh, Cor\u00e9e du Sud, Singapour, Australie, Suisse, Espagne, Pays-Bas, Belgique, Portugal, Gr\u00e8ce, Chypre, Norv\u00e8ge, Roumanie, Pologne, Danemark, Irlande, \u00c9mirats arabes unis, Liban, Arabie saoudite, Kowe\u00eft, Isra\u00ebl, Bahre\u00efn, B\u00e9nin, Ghana, Niger.<\/strong><\/p>\n<\/div>\n<\/div>\n\n\n\n<ul class=\"wp-block-list\">\n<li><\/li>\n<\/ul>\n\n\n\n<p><\/p>\n\n\n\n<p><\/p>\n\n\n\n<h2 class=\"wp-block-heading\">Forfaits MTN Voice (MTN Talk)<\/h2>\n\n\n\n<p>Ces forfaits sont r\u00e9serv\u00e9s aux appels vocaux uniquement.&nbsp;<\/p>\n\n\n\n<figure class=\"wp-block-table\"><table class=\"has-fixed-layout\"><tbody><tr><td><strong>Nom du pack FR<\/strong>&nbsp;<\/td><td><strong>Prix \u200b\u200b(FCFA)<\/strong>&nbsp;<\/td><td><strong>Validit\u00e9<\/strong>&nbsp;<\/td><td><strong>Allocation de voix (FCFA)<\/strong>&nbsp;<\/td><td><strong>Allocation de SMS (nombre)<\/strong>&nbsp;<\/td><td><strong>Code USSD<\/strong>&nbsp;<\/td><td><strong>Tarifs<\/strong>&nbsp;<\/td><\/tr><tr><td>Journ\u00e9e de la voix 100&nbsp;<\/td><td>100&nbsp;<\/td><td>24 heures&nbsp;<\/td><td>300&nbsp;<\/td><td>20&nbsp;<\/td><td>*123*16*1*1#&nbsp;<\/td><td class=\"translation-block\">Voix sur le r\u00e9seau\u00a0: 1,5\u00a0F\/s\u00a0<br>Voix hors r\u00e9seau\u00a0: 2\u00a0F\/s\u00a0<br>Voix Nig\u00e9ria\u00a0: 5,361\u00a0F\/s\u00a0<br>Voix WA\u00a0: 15\u00a0F\/s\u00a0<br>Voix Europe\u00a0: 8\u00a0F\/s\u00a0<br>Voix Am\u00e9rique-Asie\u00a0: 3\u00a0F\/s\u00a0<br>Voix CA\u00a0: 15,315\u00a0F\/s\u00a0<br>Voix SEA\u00a0: 13,875\u00a0F\/s\u00a0<br>Voix Autres 1\u00a0: 15,315\u00a0F\/s\u00a0<br>Voix Autres 2\u00a0: 30\u00a0F\/s\u00a0<br>Num\u00e9ro vocal pr\u00e9f\u00e9r\u00e9\u00a0: 0\u00a0F\/s\u00a0<br>\u00a0<br>SMS sur le r\u00e9seau\u00a0: 1U\u00a0<br>SMS hors r\u00e9seau\u00a0: 1U<\/td><\/tr><tr><td>Journ\u00e9e de la voix 250&nbsp;<\/td><td>250&nbsp;<\/td><td>24 heures&nbsp;<\/td><td>750&nbsp;<\/td><td>20&nbsp;<\/td><td>*123*16*1*2#&nbsp;<\/td><td class=\"translation-block\">Voix sur le r\u00e9seau\u00a0: 1,5\u00a0F\/s\u00a0<br>Voix hors r\u00e9seau\u00a0: 2\u00a0F\/s\u00a0<br>Voix Nig\u00e9ria\u00a0: 5,361\u00a0F\/s\u00a0<br>Voix WA\u00a0: 15\u00a0F\/s\u00a0<br>Voix Europe\u00a0: 8\u00a0F\/s\u00a0<br>Voix Am\u00e9rique-Asie\u00a0: 3\u00a0F\/s\u00a0<br>Voix CA\u00a0: 15,315\u00a0F\/s\u00a0<br>Voix SEA\u00a0: 13,875\u00a0F\/s\u00a0<br>Voix Autres 1\u00a0: 15,315\u00a0F\/s\u00a0<br>Voix Autres 2\u00a0: 30\u00a0F\/s\u00a0<br>Num\u00e9ro vocal pr\u00e9f\u00e9r\u00e9\u00a0: 0\u00a0F\/s\u00a0<br>\u00a0<br>SMS sur le r\u00e9seau\u00a0: 1U\u00a0<br>SMS hors r\u00e9seau\u00a0: 1U<\/td><\/tr><tr><td>Journ\u00e9e de la voix 500&nbsp;<\/td><td>500&nbsp;<\/td><td>24 heures&nbsp;<\/td><td>1,500&nbsp;<\/td><td>30&nbsp;<\/td><td>*123*16*1*3#&nbsp;<\/td><td class=\"translation-block\">Voix sur le r\u00e9seau\u00a0: 1,5\u00a0F\/s\u00a0<br>Voix hors r\u00e9seau\u00a0: 2\u00a0F\/s\u00a0<br>Voix Nig\u00e9ria\u00a0: 5,361\u00a0F\/s\u00a0<br>Voix WA\u00a0: 15\u00a0F\/s\u00a0<br>Voix Europe\u00a0: 8\u00a0F\/s\u00a0<br>Voix Am\u00e9rique-Asie\u00a0: 3\u00a0F\/s\u00a0<br>Voix CA\u00a0: 15,315\u00a0F\/s\u00a0<br>Voix SEA\u00a0: 13,875\u00a0F\/s\u00a0<br>Voix Autres 1\u00a0: 15,315\u00a0F\/s\u00a0<br>Voix Autres 2\u00a0: 30\u00a0F\/s\u00a0<br>Num\u00e9ro vocal pr\u00e9f\u00e9r\u00e9\u00a0: 0\u00a0F\/s\u00a0<br>\u00a0<br>SMS sur le r\u00e9seau\u00a0: 1U\u00a0<br>SMS hors r\u00e9seau\u00a0: 1U<\/td><\/tr><tr><td>Semaine de la voix 300&nbsp;<\/td><td>300&nbsp;<\/td><td>7 jours&nbsp;<\/td><td>900&nbsp;<\/td><td>30&nbsp;<\/td><td>*123*16*2*1#&nbsp;<\/td><td class=\"translation-block\">Voix sur le r\u00e9seau\u00a0: 1,5\u00a0F\/s\u00a0<br>Voix hors r\u00e9seau\u00a0: 2\u00a0F\/s\u00a0<br>Voix Nig\u00e9ria\u00a0: 5,361\u00a0F\/s\u00a0<br>Voix WA\u00a0: 15\u00a0F\/s\u00a0<br>Voix Europe\u00a0: 8\u00a0F\/s\u00a0<br>Voix Am\u00e9rique-Asie\u00a0: 3\u00a0F\/s\u00a0<br>Voix CA\u00a0: 15,315\u00a0F\/s\u00a0<br>Voix SEA\u00a0: 13,875\u00a0F\/s\u00a0<br>Voix Autres 1\u00a0: 15,315\u00a0F\/s\u00a0<br>Voix Autres 2\u00a0: 30\u00a0F\/s\u00a0<br>Num\u00e9ro vocal pr\u00e9f\u00e9r\u00e9\u00a0: 0\u00a0F\/s\u00a0<br>\u00a0<br>SMS sur le r\u00e9seau\u00a0: 1U\u00a0<br>SMS hors r\u00e9seau\u00a0: 1U<\/td><\/tr><tr><td>Semaine de la voix 1000&nbsp;<\/td><td>1,000&nbsp;<\/td><td>7 jours&nbsp;<\/td><td>3,000&nbsp;<\/td><td>100&nbsp;<\/td><td>*123*16*2*2#&nbsp;<\/td><td class=\"translation-block\">Voix sur le r\u00e9seau\u00a0: 1,5\u00a0F\/s\u00a0<br>Voix hors r\u00e9seau\u00a0: 2\u00a0F\/s\u00a0<br>Voix Nig\u00e9ria\u00a0: 5,361\u00a0F\/s\u00a0<br>Voix WA\u00a0: 15\u00a0F\/s\u00a0<br>Voix Europe\u00a0: 8\u00a0F\/s\u00a0<br>Voix Am\u00e9rique-Asie\u00a0: 3\u00a0F\/s\u00a0<br>Voix CA\u00a0: 15,315\u00a0F\/s\u00a0<br>Voix SEA\u00a0: 13,875\u00a0F\/s\u00a0<br>Voix Autres 1\u00a0: 15,315\u00a0F\/s\u00a0<br>Voix Autres 2\u00a0: 30\u00a0F\/s\u00a0<br>Num\u00e9ro vocal pr\u00e9f\u00e9r\u00e9\u00a0: 0\u00a0F\/s\u00a0<br>\u00a0<br>SMS sur le r\u00e9seau\u00a0: 1U\u00a0<br>SMS hors r\u00e9seau\u00a0: 1U<\/td><\/tr><tr><td>Semaine de la voix 2500&nbsp;<\/td><td>2,500&nbsp;<\/td><td>7 jours&nbsp;<\/td><td>8,000&nbsp;<\/td><td>100&nbsp;<\/td><td>*123*16*2*3#&nbsp;<\/td><td class=\"translation-block\">Voix sur le r\u00e9seau\u00a0: 1,5\u00a0F\/s\u00a0<br>Voix hors r\u00e9seau\u00a0: 2\u00a0F\/s\u00a0<br>Voix Nig\u00e9ria\u00a0: 5,361\u00a0F\/s\u00a0<br>Voix WA\u00a0: 15\u00a0F\/s\u00a0<br>Voix Europe\u00a0: 8\u00a0F\/s\u00a0<br>Voix Am\u00e9rique-Asie\u00a0: 3\u00a0F\/s\u00a0<br>Voix CA\u00a0: 15,315\u00a0F\/s\u00a0<br>Voix SEA\u00a0: 13,875\u00a0F\/s\u00a0<br>Voix Autres 1\u00a0: 15,315\u00a0F\/s\u00a0<br>Voix Autres 2\u00a0: 30\u00a0F\/s\u00a0<br>Num\u00e9ro vocal pr\u00e9f\u00e9r\u00e9\u00a0: 0\u00a0F\/s\u00a0<br>\u00a0<br>SMS sur le r\u00e9seau\u00a0: 1U\u00a0<br>SMS hors r\u00e9seau\u00a0: 1U<\/td><\/tr><tr><td>Mois de la voix 600&nbsp;<\/td><td>600&nbsp;<\/td><td>30 jours&nbsp;<\/td><td>1,800&nbsp;<\/td><td>50&nbsp;<\/td><td>*123*16*3*1#&nbsp;<\/td><td class=\"translation-block\">Voix sur le r\u00e9seau\u00a0: 1,5\u00a0F\/s\u00a0<br>Voix hors r\u00e9seau\u00a0: 2\u00a0F\/s\u00a0<br>Voix Nig\u00e9ria\u00a0: 5,361\u00a0F\/s\u00a0<br>Voix WA\u00a0: 15\u00a0F\/s\u00a0<br>Voix Europe\u00a0: 8\u00a0F\/s\u00a0<br>Voix Am\u00e9rique-Asie\u00a0: 3\u00a0F\/s\u00a0<br>Voix CA\u00a0: 15,315\u00a0F\/s\u00a0<br>Voix SEA\u00a0: 13,875\u00a0F\/s\u00a0<br>Voix Autres 1\u00a0: 15,315\u00a0F\/s\u00a0<br>Voix Autres 2\u00a0: 30\u00a0F\/s\u00a0<br>Num\u00e9ro vocal pr\u00e9f\u00e9r\u00e9\u00a0: 0\u00a0F\/s\u00a0<br>\u00a0<br>SMS sur le r\u00e9seau\u00a0: 1U\u00a0<br>SMS hors r\u00e9seau\u00a0: 1U<\/td><\/tr><tr><td>Mois de la voix 2000&nbsp;<\/td><td>2,000&nbsp;<\/td><td>30 jours&nbsp;<\/td><td>7,000&nbsp;<\/td><td>250&nbsp;<\/td><td>*123*16*3*2#&nbsp;<\/td><td class=\"translation-block\">Voix sur le r\u00e9seau\u00a0: 1,5\u00a0F\/s\u00a0<br>Voix hors r\u00e9seau\u00a0: 2\u00a0F\/s\u00a0<br>Voix Nig\u00e9ria\u00a0: 5,361\u00a0F\/s\u00a0<br>Voix WA\u00a0: 15\u00a0F\/s\u00a0<br>Voix Europe\u00a0: 8\u00a0F\/s\u00a0<br>Voix Am\u00e9rique-Asie\u00a0: 3\u00a0F\/s\u00a0<br>Voix CA\u00a0: 15,315\u00a0F\/s\u00a0<br>Voix SEA\u00a0: 13,875\u00a0F\/s\u00a0<br>Voix Autres 1\u00a0: 15,315\u00a0F\/s\u00a0<br>Voix Autres 2\u00a0: 30\u00a0F\/s\u00a0<br>Num\u00e9ro vocal pr\u00e9f\u00e9r\u00e9\u00a0: 0\u00a0F\/s\u00a0<br>\u00a0<br>SMS sur le r\u00e9seau\u00a0: 1U\u00a0<br>SMS hors r\u00e9seau\u00a0: 1U<\/td><\/tr><tr><td>Mois de la voix 4000&nbsp;<\/td><td>4,000&nbsp;<\/td><td>30 jours&nbsp;<\/td><td>14,500&nbsp;<\/td><td>250&nbsp;<\/td><td>*123*16*3*3#&nbsp;<\/td><td class=\"translation-block\">Voix sur le r\u00e9seau\u00a0: 1,5\u00a0F\/s\u00a0<br>Voix hors r\u00e9seau\u00a0: 2\u00a0F\/s\u00a0<br>Voix Nig\u00e9ria\u00a0: 5,361\u00a0F\/s\u00a0<br>Voix WA\u00a0: 15\u00a0F\/s\u00a0<br>Voix Europe\u00a0: 8\u00a0F\/s\u00a0<br>Voix Am\u00e9rique-Asie\u00a0: 3\u00a0F\/s\u00a0<br>Voix CA\u00a0: 15,315\u00a0F\/s\u00a0<br>Voix SEA\u00a0: 13,875\u00a0F\/s\u00a0<br>Voix Autres 1\u00a0: 15,315\u00a0F\/s\u00a0<br>Voix Autres 2\u00a0: 30\u00a0F\/s\u00a0<br>Num\u00e9ro vocal pr\u00e9f\u00e9r\u00e9\u00a0: 0\u00a0F\/s\u00a0<br>\u00a0<br>SMS sur le r\u00e9seau\u00a0: 1U\u00a0<br>SMS hors r\u00e9seau\u00a0: 1U<\/td><\/tr><tr><td>Mois de la voix 12000&nbsp;<\/td><td>12,000&nbsp;<\/td><td>30 jours&nbsp;<\/td><td>44,000&nbsp;<\/td><td>500&nbsp;<\/td><td>*123*16*3*4#&nbsp;<\/td><td class=\"translation-block\">Voix sur le r\u00e9seau\u00a0: 1,5\u00a0F\/s\u00a0<br>Voix hors r\u00e9seau\u00a0: 2\u00a0F\/s\u00a0<br>Voix Nig\u00e9ria\u00a0: 5,361\u00a0F\/s\u00a0<br>Voix WA\u00a0: 15\u00a0F\/s\u00a0<br>Voix Europe\u00a0: 8\u00a0F\/s\u00a0<br>Voix Am\u00e9rique-Asie\u00a0: 3\u00a0F\/s\u00a0<br>Voix CA\u00a0: 15,315\u00a0F\/s\u00a0<br>Voix SEA\u00a0: 13,875\u00a0F\/s\u00a0<br>Voix Autres 1\u00a0: 15,315\u00a0F\/s\u00a0<br>Voix Autres 2\u00a0: 30\u00a0F\/s\u00a0<br>Num\u00e9ro vocal pr\u00e9f\u00e9r\u00e9\u00a0: 0\u00a0F\/s\u00a0<br>\u00a0<br>SMS sur le r\u00e9seau\u00a0: 1U\u00a0<br>SMS hors r\u00e9seau\u00a0: 1U<\/td><\/tr><tr><td>Mois de la voix 26000&nbsp;<\/td><td>26,000&nbsp;<\/td><td>30 jours&nbsp;<\/td><td>96,000&nbsp;<\/td><td>500&nbsp;<\/td><td>*123*16*3*5#&nbsp;<\/td><td class=\"translation-block\">Voix sur le r\u00e9seau\u00a0: 1,5\u00a0F\/s\u00a0<br>Voix hors r\u00e9seau\u00a0: 2\u00a0F\/s\u00a0<br>Voix Nig\u00e9ria\u00a0: 5,361\u00a0F\/s\u00a0<br>Voix WA\u00a0: 15\u00a0F\/s\u00a0<br>Voix Europe\u00a0: 8\u00a0F\/s\u00a0<br>Voix Am\u00e9rique-Asie\u00a0: 3\u00a0F\/s\u00a0<br>Voix CA\u00a0: 15,315\u00a0F\/s\u00a0<br>Voix SEA\u00a0: 13,875\u00a0F\/s\u00a0<br>Voix Autres 1\u00a0: 15,315\u00a0F\/s\u00a0<br>Voix Autres 2\u00a0: 30\u00a0F\/s\u00a0<br>Num\u00e9ro vocal pr\u00e9f\u00e9r\u00e9\u00a0: 0\u00a0F\/s\u00a0<br>\u00a0<br>SMS sur le r\u00e9seau\u00a0: 1U\u00a0<br>SMS hors r\u00e9seau\u00a0: 1U<\/td><\/tr><\/tbody><\/table><\/figure>","protected":false},"excerpt":{"rendered":"<p>International Bundles Parler est moins cher. Et les appels internationaux sont encore moins chers. Chez MTN, les forfaits d\u2019appels internationaux vous offrent toujours les tarifs les plus bas pour prendre des nouvelles de vos proches ou de vos affaires \u00e0 travers le monde. Profitez de la meilleure qualit\u00e9 de r\u00e9seau aux tarifs tr\u00e8s, tr\u00e8s, tr\u00e8s&#8230;<\/p>","protected":false},"author":11,"featured_media":0,"parent":16291,"menu_order":0,"comment_status":"closed","ping_status":"closed","template":"templates\/page-contained.php","meta":{"_acf_changed":false,"footnotes":""},"class_list":["post-19329","page","type-page","status-publish","hentry"],"acf":[],"_links":{"self":[{"href":"https:\/\/mtn.cm\/fr\/wp-json\/wp\/v2\/pages\/19329","targetHints":{"allow":["GET"]}}],"collection":[{"href":"https:\/\/mtn.cm\/fr\/wp-json\/wp\/v2\/pages"}],"about":[{"href":"https:\/\/mtn.cm\/fr\/wp-json\/wp\/v2\/types\/page"}],"author":[{"embeddable":true,"href":"https:\/\/mtn.cm\/fr\/wp-json\/wp\/v2\/users\/11"}],"replies":[{"embeddable":true,"href":"https:\/\/mtn.cm\/fr\/wp-json\/wp\/v2\/comments?post=19329"}],"version-history":[{"count":11,"href":"https:\/\/mtn.cm\/fr\/wp-json\/wp\/v2\/pages\/19329\/revisions"}],"predecessor-version":[{"id":19461,"href":"https:\/\/mtn.cm\/fr\/wp-json\/wp\/v2\/pages\/19329\/revisions\/19461"}],"up":[{"embeddable":true,"href":"https:\/\/mtn.cm\/fr\/wp-json\/wp\/v2\/pages\/16291"}],"wp:attachment":[{"href":"https:\/\/mtn.cm\/fr\/wp-json\/wp\/v2\/media?parent=19329"}],"curies":[{"name":"wp","href":"https:\/\/api.w.org\/{rel}","templated":true}]}}