{"id":17537,"date":"2024-06-20T17:11:24","date_gmt":"2024-06-20T17:11:24","guid":{"rendered":"https:\/\/mtn.cm\/?page_id=17537"},"modified":"2024-06-20T17:47:22","modified_gmt":"2024-06-20T17:47:22","slug":"mtn-quizz-up","status":"publish","type":"page","link":"https:\/\/mtn.cm\/fr\/mtn-quizz-up\/","title":{"rendered":"MTN Quizz Up"},"content":{"rendered":"<div class=\"single-banner-section\">\n    \n            <div id=\"banner-block_b1ff9239ee3a7fd0804bfbb0359970c8\" class=\"banner\">\n                <div class=\"banner-section desktop-only alignedTop textDark dark-overlay\" style=\"background:url(https:\/\/mtn.cm\/wp-content\/uploads\/2024\/06\/BANNERS-QUIZZ-_Bannie\u2560Cre-lot-Hebdomadaire-MTN-QUIZUP-VF-1080x1080px-scaled.jpg);background-size: cover;background-position:center center;\">\n                    <div class =\"banner-heading-section\">    \n                        <div class=\"banner-section-container\">\n                                                                                                 \n                \n            \n                        <\/div>\n                      \n                    <\/div>\n                <\/div>\n                \n                <div class=\"banner-section mobile-only alignedTop textDark dark-overlay\" style=\"background:url(https:\/\/mtn.cm\/wp-content\/uploads\/2024\/06\/BANNERS-QUIZZ-_Bannie\u2560Cre-lot-Hebdomadaire-MTN-QUIZUP-VF-1080x1080px-scaled.jpg);background-size: cover;background-position:center center;\">\n                    <div class =\"banner-heading-section\">    \n                        <div class=\"banner-section-container\">\n                                                                              \n                        <\/div>\n                      \n                    <\/div>\n\n                <\/div>\n\n                <div class=\"banner-divider\">\n                <\/div>\n            <\/div>\n    \n            <\/div>\n\n\n\n<p><\/p>\n\n\n\n<p><\/p>\n\n\n\n<p><\/p>\n\n\n\n<p><\/p>\n\n\n\n<div id=\"section-paragraph-block_66cc00b462568a60b09768f4a543f70b\" class=\"section-paragraph has-text-align-left\">\n<div class=\"mtn-body-text mtn-section paragraph\"><p>Envie de d\u00e9couvrir des questions de culture g\u00e9n\u00e9rale tout en gagnant des lots incroyables ? Tente MTN Quizz Up!<\/p>\n<p>\u00c0 gagner :<\/p>\n<ul>\n<li>Une Suzuki Spresso CHAQUE MOIS;<\/li>\n<li>200 000 FCFA CHAQUE SEMAINE;<\/li>\n<li>20 000 FCFA CHAQUE JOURS.<\/li>\n<\/ul>\n<p>Chaque mois, le participant qui aura cumul\u00e9 le plus grand nombre de points durant the p\u00e9riode mensuelle respective gagnera une Suzuki Spresso.<\/p>\n<p>Chaque dimanche (\u00e0 l\u2019exception des jours o\u00f9 le prix mensuel est attribu\u00e9), le participant qui aura accumul\u00e9 le plus grand nombre de points dans la p\u00e9riode hebdomadaire respective gagnera 200 000 FCFA.<\/p>\n<p>Chaque jour, le gagnant ayant obtenu le plus de points obtient 20 000 FCFA chaque jour.<\/p>\n<p>Pour gagner, tape *191# ou envoie &#8220;OK&#8221; au 8799.<\/p>\n<\/div>\n<\/div>\n\n<div id=\"accordion-block_54d397f00006111a5693f8d31400b729\" class=\"accordion widthNarrow\">\n\n\t<div class=\"mtn-accordion\">\n\t\t\t\t\t<details class=\"mtn-accordion-item\">\n\t\t\t\t<summary class=\"title accordion-toggle\"><span class=\"accordion-title\">Qu&#039;est-ce que MTN Quizz Up ? <\/span><span><img class =\"downchevron\"\n\t\t\t\t\t\t\t\t\tsrc=\"https:\/\/mtn.cm\/wp-content\/themes\/mtn-vivid-wp\/public\/img\/svgs\/accordion-icon.svg\"\n\t\t\t\t\t\t\t\t\talt=\"Qu&#039;est-ce que MTN Quizz Up ? \"><\/span><\/summary>\n\t\t\t   <div class=\"panel\">\n\t\t\t\t<p>Le <strong>service \u201cMTN QuizUp\u201d<\/strong> est un nouveau Service de MTN gr\u00e2ce auquel les participants auront l\u2019opportunit\u00e9 de gagner des prix quotidiens, hebdomadaires et mensuel formidables. Les participants s\u2019amuseront \u00e0 un jeu-questionnaire int\u00e9ressant.<\/p>\n\t\t\t   <\/div>\n\n\t\t\t\t\n\t\t\t<\/details>\n\t\t\t\t\t\t\t<details class=\"mtn-accordion-item\">\n\t\t\t\t<summary class=\"title accordion-toggle\"><span class=\"accordion-title\">Combien de prix un participant peut-il gagner?<\/span><span><img class =\"downchevron\"\n\t\t\t\t\t\t\t\t\tsrc=\"https:\/\/mtn.cm\/wp-content\/themes\/mtn-vivid-wp\/public\/img\/svgs\/accordion-icon.svg\"\n\t\t\t\t\t\t\t\t\talt=\"Combien de prix un participant peut-il gagner?\"><\/span><\/summary>\n\t\t\t   <div class=\"panel\">\n\t\t\t\t<p>Chaque participant peut gagner un maximum d\u2019un (1) prix quotidien, un (1) prix hebdomadaire et un (1) prix mensuel pendant toute la dur\u00e9e du Service.<\/p>\n\t\t\t   <\/div>\n\n\t\t\t\t\n\t\t\t<\/details>\n\t\t\t\t\t\t\t<details class=\"mtn-accordion-item\">\n\t\t\t\t<summary class=\"title accordion-toggle\"><span class=\"accordion-title\">Est-ce que je re\u00e7ois le prix imm\u00e9diatement?<\/span><span><img class =\"downchevron\"\n\t\t\t\t\t\t\t\t\tsrc=\"https:\/\/mtn.cm\/wp-content\/themes\/mtn-vivid-wp\/public\/img\/svgs\/accordion-icon.svg\"\n\t\t\t\t\t\t\t\t\talt=\"Est-ce que je re\u00e7ois le prix imm\u00e9diatement?\"><\/span><\/summary>\n\t\t\t   <div class=\"panel\">\n\t\t\t\t<p>Les prix quotidiens seront remis au cours du mois suivant le jour de la notification d\u2019avoir gagn\u00e9 (20 000 FCFA), et pour les prix hebdomadaires et mensuels, dans les 6 mois ou plus suivant le jour de la notification d\u2019avoir gagn\u00e9 (200 000 FCFA ou Suzuki Spresso). Les gagnants seront notifi\u00e9s soit par SMS soit par t\u00e9l\u00e9phone, et seront inform\u00e9s du processus de remise.<\/p>\n\t\t\t   <\/div>\n\n\t\t\t\t\n\t\t\t<\/details>\n\t\t\t\t\t\t\t<details class=\"mtn-accordion-item\">\n\t\t\t\t<summary class=\"title accordion-toggle\"><span class=\"accordion-title\">Les prix sont-ils transmissibles?<\/span><span><img class =\"downchevron\"\n\t\t\t\t\t\t\t\t\tsrc=\"https:\/\/mtn.cm\/wp-content\/themes\/mtn-vivid-wp\/public\/img\/svgs\/accordion-icon.svg\"\n\t\t\t\t\t\t\t\t\talt=\"Les prix sont-ils transmissibles?\"><\/span><\/summary>\n\t\t\t   <div class=\"panel\">\n\t\t\t\t<p>Non.<\/p>\n\t\t\t   <\/div>\n\n\t\t\t\t\n\t\t\t<\/details>\n\t\t\t\t\t\t\t<details class=\"mtn-accordion-item\">\n\t\t\t\t<summary class=\"title accordion-toggle\"><span class=\"accordion-title\">Comment et o\u00f9 puis-je r\u00e9clamer mon prix?<\/span><span><img class =\"downchevron\"\n\t\t\t\t\t\t\t\t\tsrc=\"https:\/\/mtn.cm\/wp-content\/themes\/mtn-vivid-wp\/public\/img\/svgs\/accordion-icon.svg\"\n\t\t\t\t\t\t\t\t\talt=\"Comment et o\u00f9 puis-je r\u00e9clamer mon prix?\"><\/span><\/summary>\n\t\t\t   <div class=\"panel\">\n\t\t\t\t<p>Nous entrerons en contact avec les gagnants de n\u2019importe lequel des prix et pour les informer du processus de remise (o\u00f9 et comment le prix sera re\u00e7u le prix).<\/p>\n\t\t\t   <\/div>\n\n\t\t\t\t\n\t\t\t<\/details>\n\t\t\t\t\t\t\t<details class=\"mtn-accordion-item\">\n\t\t\t\t<summary class=\"title accordion-toggle\"><span class=\"accordion-title\">Qui peut gagner le prix quotidien?<\/span><span><img class =\"downchevron\"\n\t\t\t\t\t\t\t\t\tsrc=\"https:\/\/mtn.cm\/wp-content\/themes\/mtn-vivid-wp\/public\/img\/svgs\/accordion-icon.svg\"\n\t\t\t\t\t\t\t\t\talt=\"Qui peut gagner le prix quotidien?\"><\/span><\/summary>\n\t\t\t   <div class=\"panel\">\n\t\t\t\t<p>Chaque jour (\u00e0 l\u2019exception des jours quand les prix hebdomadaire et\/ou mensuel sont offerts), le participant qui aura accumul\u00e9 le plus grand nombre de points, gagnera 20 000 FCFA. Les points de participation qui comptent vers les concours des prix quotidiens sont ceux accumul\u00e9s depuis le d\u00e9but du Service jusqu\u2019au jour du concours respectif.<\/p>\n\t\t\t   <\/div>\n\n\t\t\t\t\n\t\t\t<\/details>\n\t\t\t\t\t\t\t<details class=\"mtn-accordion-item\">\n\t\t\t\t<summary class=\"title accordion-toggle\"><span class=\"accordion-title\">Comment Gagner avec MTN Quiz Up ?<\/span><span><img class =\"downchevron\"\n\t\t\t\t\t\t\t\t\tsrc=\"https:\/\/mtn.cm\/wp-content\/themes\/mtn-vivid-wp\/public\/img\/svgs\/accordion-icon.svg\"\n\t\t\t\t\t\t\t\t\talt=\"Comment Gagner avec MTN Quiz Up ?\"><\/span><\/summary>\n\t\t\t   <div class=\"panel\">\n\t\t\t\t<p><!-- wp:paragraph --><\/p>\n<p>La participation au jeu est journali\u00e8re et se fait en souscrivant \u00e0 l\u2019une des options suivantes\u00a0:<\/p>\n<p><!-- \/wp:paragraph --> <!-- wp:list {\"ordered\":true,\"type\":\"lower-alpha\"} --><\/p>\n<ol>\n<li style=\"list-style-type: none\">\n<ol><!-- wp:list-item --><\/p>\n<li>En envoyant le mot OK par SMS au num\u00e9ro 8799;<\/li>\n<\/ol>\n<\/li>\n<\/ol>\n<p><!-- \/wp:list-item --> <!-- wp:list-item --><\/p>\n<ol>\n<li style=\"list-style-type: none\">\n<ol>\n<li>En composant le code USSD *191# et en suivant les indications donn\u00e9es;<\/li>\n<\/ol>\n<\/li>\n<\/ol>\n<p><!-- \/wp:list-item --> <!-- wp:list-item --><\/p>\n<ol>\n<li style=\"list-style-type: none\">\n<ol>\n<li>En utilisant l\u2019application mobile en ajoutant le MSISDN et le code de v\u00e9rification correspondant qui sera envoy\u00e9 par SMS au MSISDN correspondant.<\/li>\n<\/ol>\n<\/li>\n<\/ol>\n<p><!-- \/wp:list-item --><\/p>\n<p><!-- \/wp:list --><\/p>\n\t\t\t   <\/div>\n\n\t\t\t\t\n\t\t\t<\/details>\n\t\t\t\t\t\t\t<details class=\"mtn-accordion-item\">\n\t\t\t\t<summary class=\"title accordion-toggle\"><span class=\"accordion-title\"><\/span><span><img class =\"downchevron\"\n\t\t\t\t\t\t\t\t\tsrc=\"https:\/\/mtn.cm\/wp-content\/themes\/mtn-vivid-wp\/public\/img\/svgs\/accordion-icon.svg\"\n\t\t\t\t\t\t\t\t\talt=\"\"><\/span><\/summary>\n\t\t\t   <div class=\"panel\">\n\t\t\t\t\t\t\t   <\/div>\n\n\t\t\t\t\n\t\t\t<\/details>\n\t\t\t\t\t\t\t<details class=\"mtn-accordion-item\">\n\t\t\t\t<summary class=\"title accordion-toggle\"><span class=\"accordion-title\">Quels sont les lots ?<\/span><span><img class =\"downchevron\"\n\t\t\t\t\t\t\t\t\tsrc=\"https:\/\/mtn.cm\/wp-content\/themes\/mtn-vivid-wp\/public\/img\/svgs\/accordion-icon.svg\"\n\t\t\t\t\t\t\t\t\talt=\"Quels sont les lots ?\"><\/span><\/summary>\n\t\t\t   <div class=\"panel\">\n\t\t\t\t<p><!-- wp:paragraph --><\/p>\n<p>Les lots \u00e0 gagner sont :<\/p>\n<p><!-- \/wp:paragraph --> <!-- wp:list --><\/p>\n<ul>\n<li style=\"list-style-type: none\">\n<ul><!-- wp:list-item --><\/p>\n<li>84 lots journaliers d\u2019une valeur de 20 000 FCFA chacun ;<\/li>\n<\/ul>\n<\/li>\n<\/ul>\n<p><!-- \/wp:list-item --> <!-- wp:list-item --><\/p>\n<ul>\n<li style=\"list-style-type: none\">\n<ul>\n<li>11 lots Hebdomadaires d\u2019une valeur de 20 000 FCFA chacun ;<\/li>\n<\/ul>\n<\/li>\n<\/ul>\n<p><!-- \/wp:list-item --> <!-- wp:list-item --><\/p>\n<ul>\n<li style=\"list-style-type: none\">\n<ul>\n<li>3 voiture Suzuki S-presso d\u2019une valeur de 10,500,000 FCFA.<\/li>\n<\/ul>\n<\/li>\n<\/ul>\n<p>&nbsp;<\/p>\n<p>Pour en savoir plus, RDV sur <a href=\"https:\/\/mtn.cm\/fr\/reglement-du-jeu-mtn-quizzup\/\" target=\"_blank\" rel=\"noopener\"><strong>ce lien.<\/strong><\/a><\/p>\n<p>&nbsp;<\/p>\n<p><!-- \/wp:list-item --><\/p>\n<p><!-- \/wp:list --><\/p>\n\t\t\t   <\/div>\n\n\t\t\t\t\n\t\t\t<\/details>\n\t\t\t\t\t<\/div>\n<\/div>\n\n<div id=\"accordion-block_550c86eb6ae20284e6089a0cafa705ca\" class=\"accordion widthFull\">\n\n\t<div class=\"mtn-accordion\">\n\t\t\t<\/div>\n<\/div>\n\n<div id=\"accordion-block_550c86eb6ae20284e6089a0cafa705ca\" class=\"accordion widthFull\">\n\n\t<div class=\"mtn-accordion\">\n\t\t\t<\/div>\n<\/div>","protected":false},"excerpt":{"rendered":"","protected":false},"author":10,"featured_media":17539,"parent":0,"menu_order":0,"comment_status":"closed","ping_status":"closed","template":"","meta":{"_acf_changed":false,"footnotes":""},"class_list":["post-17537","page","type-page","status-publish","has-post-thumbnail","hentry"],"acf":[],"_links":{"self":[{"href":"https:\/\/mtn.cm\/fr\/wp-json\/wp\/v2\/pages\/17537","targetHints":{"allow":["GET"]}}],"collection":[{"href":"https:\/\/mtn.cm\/fr\/wp-json\/wp\/v2\/pages"}],"about":[{"href":"https:\/\/mtn.cm\/fr\/wp-json\/wp\/v2\/types\/page"}],"author":[{"embeddable":true,"href":"https:\/\/mtn.cm\/fr\/wp-json\/wp\/v2\/users\/10"}],"replies":[{"embeddable":true,"href":"https:\/\/mtn.cm\/fr\/wp-json\/wp\/v2\/comments?post=17537"}],"version-history":[{"count":8,"href":"https:\/\/mtn.cm\/fr\/wp-json\/wp\/v2\/pages\/17537\/revisions"}],"predecessor-version":[{"id":17565,"href":"https:\/\/mtn.cm\/fr\/wp-json\/wp\/v2\/pages\/17537\/revisions\/17565"}],"wp:featuredmedia":[{"embeddable":true,"href":"https:\/\/mtn.cm\/fr\/wp-json\/wp\/v2\/media\/17539"}],"wp:attachment":[{"href":"https:\/\/mtn.cm\/fr\/wp-json\/wp\/v2\/media?parent=17537"}],"curies":[{"name":"wp","href":"https:\/\/api.w.org\/{rel}","templated":true}]}}