{"id":17369,"date":"2024-04-22T15:09:30","date_gmt":"2024-04-22T15:09:30","guid":{"rendered":"https:\/\/mtn.cm\/?page_id=17369"},"modified":"2024-04-22T15:23:14","modified_gmt":"2024-04-22T15:23:14","slug":"reglement-du-jeu-mtn-quizzup","status":"publish","type":"page","link":"https:\/\/mtn.cm\/fr\/reglement-du-jeu-mtn-quizzup\/","title":{"rendered":"R\u00e8glement du jeu MTN QuizzUp"},"content":{"rendered":"<p><strong>REGLEMENT DU JEU \u00ab&nbsp;MTN QuizUp&nbsp;\u00bb<\/strong><\/p>\n\n\n\n<p><strong>ARTICLE 1 : PREAMBULE<\/strong><\/p>\n\n\n\n<p>Mobile Telephone Networks Cameroon (MTNC), soci\u00e9t\u00e9 anonyme au capital social de 4.400.000.000 FCFA, dont le si\u00e8ge social est situ\u00e9 au 360 Rue Drouot Akwa, BP 15574 Douala, organise un jeu intitul\u00e9 \u00ab<strong> MTN QuizUp &nbsp;<\/strong>\u00bb [le Jeu], qui se d\u00e9roulera du 22\/04\/2024 \u00e0 00 (heures) 01 minutes au 28\/07\/2024, \u00e0 23(heures) 59 minutes [98 jours] sur toute l\u2019\u00e9tendue du territoire national<strong>.<\/strong><\/p>\n\n\n\n<p><strong>ARTICLE 2 : \u00c9LIGIBILITE<\/strong><\/p>\n\n\n\n<p><strong>2.1<\/strong> La participation au Jeu est ouverte aux clients MTNC qui remplissent les conditions cumulatives ci-apr\u00e8s&nbsp;:<\/p>\n\n\n\n<ul class=\"wp-block-list\">\n<li>\u00catre une personne physique r\u00e9sidant sur le territoire Camerounais au pendant la P\u00e9riode du jeu<\/li>\n\n\n\n<li>\u00catre abonn\u00e9 pr\u00e9pay\u00e9 de MTN Cameroun<\/li>\n\n\n\n<li>\u00catre \u00e2g\u00e9 de vingt et un (21) ans r\u00e9volus<\/li>\n\n\n\n<li>Souscrire \u00e0 l\u2019une des options pr\u00e9vues \u00e0 l\u2019article 3.1 ci-dessous.<\/li>\n<\/ul>\n\n\n\n<p><strong>2.2<\/strong> Sont exclus de la participation au Jeu :&nbsp;<\/p>\n\n\n\n<ul class=\"wp-block-list\">\n<li>Le personnel de MTNC et de ses entit\u00e9s affili\u00e9es, ainsi que les membres de leur famille nucl\u00e9aire (ascendants, conjoints, descendants, collat\u00e9raux)&nbsp;;<\/li>\n\n\n\n<li>Le personnel int\u00e9rimaire et les Stagiaires de MTNC et de ses entit\u00e9s affili\u00e9es, ainsi que les membres de leur famille nucl\u00e9aire telle que ci-dessus d\u00e9finie&nbsp;;<\/li>\n\n\n\n<li>Les partenaires de distribution de MTNC et de ses entit\u00e9s affili\u00e9es ainsi que leur personnel&nbsp;;<\/li>\n\n\n\n<li>Le personnel permanent et temporaire des prestataires de services de MTNC et de ses entit\u00e9s affili\u00e9es travaillant en back office ou sur le terrain&nbsp;;<\/li>\n\n\n\n<li>Le personnel de l\u2019Etude Ma\u00eetre KAMTCHUING Octavi, Huissier de justice aupr\u00e8s de la Cour d\u2019Appel du Littoral et les Tribunaux de Douala&nbsp;;<\/li>\n\n\n\n<li>De mani\u00e8re g\u00e9n\u00e9rale, toute personne ayant directement ou indirectement pris part \u00e0 l\u2019organisation du pr\u00e9sent Jeu.<\/li>\n<\/ul>\n\n\n\n<p><strong>2.3<\/strong> Sous peine d\u2019\u00eatre disqualifi\u00e9, il est interdit aux participants d\u2019utiliser les moyens suivants :<\/p>\n\n\n\n<ul class=\"wp-block-list\">\n<li>Tout \u00e9quipement autre qu\u2019un terminal portant une carte SIM de MTNC. &nbsp;<\/li>\n\n\n\n<li>Toute solution informatique ou logicielle autre que celle mise en place par MTNC pour les besoins du jeu. &nbsp;&nbsp;<\/li>\n<\/ul>\n\n\n\n<p><strong>Article 3&nbsp;:<\/strong> <strong>M<\/strong>\u00c9<strong>CANISME DU JEU<\/strong><\/p>\n\n\n\n<p><strong>3.1 <u>Participation au Jeu.<\/u><\/strong><\/p>\n\n\n\n<p>La participation au jeu est journali\u00e8re et se fait en souscrivant \u00e0 l\u2019une des options suivantes&nbsp;:<\/p>\n\n\n\n<ol class=\"wp-block-list\" type=\"a\">\n<li>En envoyant le mot OK par SMS au num\u00e9ro 8799<\/li>\n\n\n\n<li>En composant le code USSD *191# et en suivant les indications donn\u00e9es<\/li>\n\n\n\n<li>L\u2019application mobile en ajoutant le MSISDN et le code de v\u00e9rification correspondant qui sera envoy\u00e9 par SMS au MSISDN correspondant<\/li>\n<\/ol>\n\n\n\n<p>La participation au jeu par SMS, USSD et Application Mobiletelle qu\u2019indiqu\u00e9e aux paragraphes a, b et c susvis\u00e9s est gratuite pendant les deux (02) premiers jours de la P\u00e9riode de Jeu. Par la suite, la participation journali\u00e8re se fait moyennant un paiement forfaitaire de 200 FCFA. En cas de balance insuffisante de 200 FCFA, l\u2019abonn\u00e9 pourra \u00eatre facture \u00e0 100 FCFA et en cas de balance insuffisante de 100 FCFA, l\u2019abonn\u00e9 pourra \u00eatre facture \u00e0 50 FCFA.&nbsp;<\/p>\n\n\n\n<p>Une fois que l\u2019abonn\u00e9 a rempli les conditions de participation au jeu, il re\u00e7oit via SMS et\/ou Application Mobiletrente (30) questions \u00e0 choix multiples par jour intitul\u00e9s <em>Happy Hours<\/em>, sur des sujets g\u00e9n\u00e9raux auxquelles il doit r\u00e9pondre par SMS au num\u00e9ro 8799 ou en s\u00e9lectionnant l&#8217;une des deux options disponibles (1 ou 2) sur l&#8217;application mobile.<\/p>\n\n\n\n<p>Le solde des questions inutilis\u00e9es n&#8217;est pas report\u00e9 \u00e0 un autre jour et est r\u00e9initialis\u00e9 quotidiennement.<\/p>\n\n\n\n<p>Les r\u00e9ponses envoy\u00e9es par les participants au num\u00e9ro 8799 ne sont pas factur\u00e9es.<\/p>\n\n\n\n<p>Les participants seront invit\u00e9s \u00e0 jouer pour gagner plus de points et augmenter leurs chances de gagner des lots<\/p>\n\n\n\n<p>En participant au jeu, l\u2019abonn\u00e9 consent \u00e0 recevoir des messages <em>Happy Hours<\/em> sur le d\u00e9roulement du jeu et sur sa performance, notamment le nombre de points accumul\u00e9s pendant une p\u00e9riode de jeu donn\u00e9.<\/p>\n\n\n\n<p>Le Participant pourra se d\u00e9sinscrire gratuitement au jeu en composant le code*174# ou en envoyant <em>STOP<\/em> par SMS au num\u00e9ro 8799 . Il pourra \u00e0 nouveau participer en suivant la m\u00eame proc\u00e9dure que celle d\u00e9crite \u00e0 l\u2019article 3 alin\u00e9a 1.<\/p>\n\n\n\n<p><strong>3.2 <u>Modalit\u00e9s de calcul des points.<\/u><\/strong><\/p>\n\n\n\n<p>Dans le cadre du pr\u00e9sent jeu, les points sont attribu\u00e9s aux Participants conform\u00e9ment au tableau ci-apr\u00e8s&nbsp;:<\/p>\n\n\n\n<figure class=\"wp-block-table\"><table><tbody><tr><td>Premi\u00e8re participation via SMS ou USSD ou Application Mobile conform\u00e9ment \u00e0 l\u2019article 3.1<\/td><td>30 points<\/td><\/tr><tr><td>Renouvellement du jeu via SMS ou USSD<\/td><td>200 points<\/td><\/tr><tr><td>Une r\u00e9ponse correcte<\/td><td>50 points<\/td><\/tr><tr><td>Une mauvaise r\u00e9ponse<\/td><td>10 points<\/td><\/tr><tr><td>Forfait autonome de 100 FCFA<\/td><td>100 points&nbsp;<\/td><\/tr><tr><td>Forfait autonome de 50 FCFA<\/td><td>50 points&nbsp;<\/td><\/tr><\/tbody><\/table><\/figure>\n\n\n\n<p>Le participant au jeu peut \u00e0 tout moment conna\u00eetre le nombre de \u00abpoints\u00bb accumul\u00e9s en envoyant la commande \u00abPOINTS\u00bb par SMS au num\u00e9ro 8799 (gratuit).<\/p>\n\n\n\n<p><strong>ARTICLE 4&nbsp;: DESCRIPTION DES LOTS<\/strong><\/p>\n\n\n\n<p>MTNC met en jeu dans le cadre des pr\u00e9sentes, quatre-vingt-dix -huit (98) lots compos\u00e9s de&nbsp;:<\/p>\n\n\n\n<ul class=\"wp-block-list\">\n<li>84 lots journaliers en num\u00e9raires d\u2019une valeur de 20 000 FCFA chacun&nbsp;;<\/li>\n\n\n\n<li>11 lots Hebdomadaires en num\u00e9raires d\u2019une valeur de 20 000 FCFA&nbsp;chacun&nbsp;;<\/li>\n\n\n\n<li>3 voiture Suzuki S-presso d\u2019une valeur de 10,500,000 FCFA,<\/li>\n<\/ul>\n\n\n\n<p>Soit au total 35,400,000 FCFA d\u00e9taill\u00e9 dans le tableau ci-dessous .<\/p>\n\n\n\n<figure class=\"wp-block-table\"><table><tbody><tr><td colspan=\"3\"><strong>Lots<\/strong><\/td><\/tr><tr><td><strong>Intitul\u00e9<\/strong><strong><\/strong><\/td><td><strong>Valeur unitaire du lot (FCFA)<\/strong><strong><\/strong><\/td><td><strong>Nombre de gagnants sur la p\u00e9riode<\/strong><strong><\/strong><\/td><\/tr><tr><td>1 lot journalier<\/td><td>20 000<\/td><td>84<\/td><\/tr><tr><td>1 lot hebdomadaire<\/td><td>200 000<\/td><td>11<\/td><\/tr><tr><td>1 lot mensuel<\/td><td>Suzuki S-Presso<\/td><td>&nbsp;3<\/td><\/tr><\/tbody><\/table><\/figure>\n\n\n\n<p><strong>ARTICLE 5&nbsp;: D\u00c9TERMINATION DES GAGNANTS<\/strong><\/p>\n\n\n\n<p>La d\u00e9termination des gagnants se fait comme suit&nbsp;:<\/p>\n\n\n\n<ul class=\"wp-block-list\">\n<li>Gagnants du lot journalier.<\/li>\n<\/ul>\n\n\n\n<p>Tous les jours pendant la P\u00e9riode de Jeu, \u00e0 23h 59min 59s, le Participant ayant accumul\u00e9 le plus grand nombre de points pendant la journ\u00e9e de jeu consid\u00e9r\u00e9e sera d\u00e9sign\u00e9 gagnant du lot de ladite journ\u00e9e. Un participant ne pourra pas remporter plus d\u2019un lot journalier pendant la P\u00e9riode de jeu. Ce dernier reste toutefois \u00e9ligible pour les lots hebdomadaires et mensuel.<\/p>\n\n\n\n<ul class=\"wp-block-list\">\n<li>Gagnant du lot hebdomadaire.<\/li>\n<\/ul>\n\n\n\n<p>Chaque dimanche \u00e0 23h 59min 59s, le Participant ayant accumul\u00e9 le plus grand nombre de points pendant la semaine de jeu consid\u00e9r\u00e9e sera d\u00e9sign\u00e9 gagnant du lot hebdomadaire de ladite semaine. Un participant ne pourra pas remporter plus d\u2019un lot hebdomadaire pendant la semaine de jeu. Ce dernier reste toutefois \u00e9ligible pour les lots journaliers et mensuel.<\/p>\n\n\n\n<ul class=\"wp-block-list\">\n<li>Gagnant du Prix mensuel.<\/li>\n<\/ul>\n\n\n\n<p>Chaque dernier dimanche du mois \u00e0 23 h 59 min 59 s, le gagnant du lot mensuel est d\u00e9termin\u00e9. Le gagnant est le participant qui r\u00e9pond \u00e0 toutes les exigences de ce r\u00e8glement, et qui aura marqu\u00e9 le plus grand nombre de \u00abpoints\u00bb pour la p\u00e9riode mensuelle respective du premier jour du mois \u00e0 00:00:00 au dernier dimanche du mois \u00e0 23h 59min 59s. Un Participant peut gagner un maximum d&#8217;un (1) lot mensuel pendant la dur\u00e9e de la Promotion. Les points mensuels sont r\u00e9initialis\u00e9s chaque mois. Ce dernier reste toutefois \u00e9ligible pour les lots journaliers et hebdomadaires.<\/p>\n\n\n\n<ul class=\"wp-block-list\">\n<li><strong>P\u00e9riodes de prix mensuelles&nbsp;:<\/strong><\/li>\n<\/ul>\n\n\n\n<p>1&nbsp;: 22\/04\/2024 (00:00) &#8211; 26\/05\/2024 (23:59)<\/p>\n\n\n\n<p>2&nbsp;: 27\/05\/2024 (00:00) &#8211; 30\/06\/2024 (23:59)<\/p>\n\n\n\n<p>3&nbsp;: 01\/07\/2024 (00:00) &#8211; 28\/07\/2024 (23:59)<\/p>\n\n\n\n<p>En cas d\u2019\u00e9galit\u00e9 de points, le gagnant sera celui qui aura accumul\u00e9 le plus grand nombre de points en premier.<\/p>\n\n\n\n<p>En cas d\u2019\u00e9galit\u00e9 de point et de temps, le gagnant sera celui qui aura activ\u00e9 sa participation au jeu en premier.<\/p>\n\n\n\n<p>Les op\u00e9rations de s\u00e9lection des gagnants se d\u00e9rouleront en pr\u00e9sence d\u2019un Huissier de Justice qui en assurera la r\u00e9gularit\u00e9.<\/p>\n\n\n\n<p><strong>ARTICLE 6&nbsp;: REMISE DES LOTS<\/strong><\/p>\n\n\n\n<p>Pr\u00e9alablement \u00e0 la remise d\u2019un lot, l\u2019identit\u00e9 du gagnant sera v\u00e9rifi\u00e9e pour s\u2019assurer de sa conformit\u00e9 avec celle enregistr\u00e9e dans la base des donn\u00e9es des clients de MTNC. En cas de diff\u00e9rence entre l\u2019identification enregistr\u00e9e dans ladite base des donn\u00e9es et celle figurant sur la pi\u00e8ce d\u2019identit\u00e9 pr\u00e9sent\u00e9e par le pr\u00e9sum\u00e9 gagnant, ce dernier sera disqualifi\u00e9. L\u2019Huissier dressera alors un proc\u00e8s-verbal portant disqualification du gagnant.<\/p>\n\n\n\n<p>Les gagnants sont inform\u00e9s par MTNC par voie d&#8217;appel t\u00e9l\u00e9phonique, par SMS et\/ou par courrier \u00e9lectronique \u00e0 l\u2019adresse rattach\u00e9e au num\u00e9ro de t\u00e9l\u00e9phone utilis\u00e9 dans le cadre du jeu.<\/p>\n\n\n\n<p>Les lots en num\u00e9raires seront transf\u00e9r\u00e9s dans le compte MTN Mobile Money du gagnant.<\/p>\n\n\n\n<p>Les lots ne sont ni transf\u00e9rables, ni interchangeables.<\/p>\n\n\n\n<p>En cas de carence ou de disqualification de gagnant d\u00fbment constat\u00e9 par l\u2019Huissier, le lot concern\u00e9 redeviendra la propri\u00e9t\u00e9 de MTNC qui pourra en faire tout usage de son choix, notamment l\u2019attribuer au participant suivant ayant cumul\u00e9 le plus grand nombre de points.<\/p>\n\n\n\n<p><strong><u>ARTICLE 7.&nbsp;&nbsp;&nbsp; D\u00c9SINSCRIPTION AU JEU<\/u><\/strong><\/p>\n\n\n\n<p>Pour se d\u00e9sinscrire du jeu, le Participant peut \u00e0 tout moment pendant la p\u00e9riode de Jeu, envoyer&nbsp;: STOP par SMS au 8799 sans frais ou composer le code*174#.<\/p>\n\n\n\n<p>Les Participants peuvent \u00e9galement appeler le Service Client au 8787 afin de recevoir des instructions et\/ou informations compl\u00e9mentaires.<\/p>\n\n\n\n<p><strong><u>ARTICLE 8 <\/u><\/strong><strong>: RENONCIATION DES PARTICIPANTS<\/strong><\/p>\n\n\n\n<p>Les participants renoncent de mani\u00e8re irr\u00e9vocable \u00e0 toute action en d\u00e9dommagement contre MTNC pour tout \u00e9ventuel retard dans le cadre de l\u2019organisation du Jeu, ainsi que pour tout dysfonctionnement ou erreur d\u00fb \u00e0 une panne du mat\u00e9riel et\/ou du syst\u00e8me informatique, ou d\u00fb \u00e0 toute autre circonstance ind\u00e9pendante de la volont\u00e9 de MTNC.<\/p>\n\n\n\n<p>MTNC prendra toutes les dispositions n\u00e9cessaires pour rem\u00e9dier le cas \u00e9ch\u00e9ant \u00e0 ce type d\u2019\u00e9v\u00e8nement.<\/p>\n\n\n\n<p><strong><u>ARTICLE 9 :<\/u><\/strong><strong> ENGAGEMENT DU GAGNANT ET CESSION DES DROITS<\/strong><\/p>\n\n\n\n<p>Le gagnant accepte les lots tels que d\u00e9finis \u00e0 l&#8217;article 4.<\/p>\n\n\n\n<p>Le lot constitu\u00e9 du v\u00e9hicule est remis et re\u00e7u tel quel, sans garantie de la part de MTNC quant aux vices cach\u00e9s ou d\u00e9fauts de fabrication.<\/p>\n\n\n\n<p>Du fait de sa participation au Jeu objet des pr\u00e9sentes, le gagnant accepte sans r\u00e9serve le pr\u00e9sent r\u00e8glement ainsi que ses \u00e9ventuels avenants.<\/p>\n\n\n\n<p>Il accepte \u00e9galement que MTNC fasse usage \u00e0 travers les m\u00e9dias de son nom, son image, sa voix et\/ou son num\u00e9ro d\u2019appel obtenus dans le cadre du Jeu, \u00e0 des fins de communications et \/ ou de relations publiques relatives au Jeu, sans que cela n\u2019implique une r\u00e9mun\u00e9ration autre que le lot d\u00e9crit \u00e0 l\u2019article 4 susvis\u00e9.<\/p>\n\n\n\n<p><strong><u>Article 10 <\/u><\/strong><strong>: LIMITATION DE RESPONSABILITE<\/strong><\/p>\n\n\n\n<p>La responsabilit\u00e9 de MTNC ne saurait \u00eatre engag\u00e9e si, du fait d\u2019un cas de force majeure ou d\u2019une circonstance ind\u00e9pendante de sa volont\u00e9, le Jeu, devait \u00eatre modifi\u00e9, \u00e9court\u00e9 ou annul\u00e9. Aucune indemnit\u00e9 ne pourra \u00eatre r\u00e9clam\u00e9e \u00e0 MTNC de ce fait.<\/p>\n\n\n\n<p>MTNC rappelle aux Participants les caract\u00e9ristiques et les limites des r\u00e9seaux de communications \u00e9lectroniques ainsi que de l\u2019Internet, et d\u00e9cline toute responsabilit\u00e9 quant aux cons\u00e9quences li\u00e9es \u00e0 leur interruption ou \u00e0 leur dysfonctionnement.<\/p>\n\n\n\n<p>La responsabilit\u00e9 de MTNC \u00e0 l\u2019\u00e9gard d\u2019un Participant, si elle est judiciairement \u00e9tablie, ne peut exc\u00e9der le triple de la valeur de sa participation.<\/p>\n\n\n\n<p><strong><u>ARTICLE 11<\/u><\/strong><strong>: FRAUDE<\/strong><\/p>\n\n\n\n<p>En cas de fraude manifeste en rapport avec le Jeu, MTNC se r\u00e9serve la possibilit\u00e9 d\u2019\u00e9carter de plein droit la participation des contrevenants et d&#8217;engager des poursuites judiciaires \u00e0 leur encontre.<\/p>\n\n\n\n<p>Les gagnants autorisent toutes les v\u00e9rifications concernant les informations fournies \u00e0 MTNC.<\/p>\n\n\n\n<p>En cas de fraude manifeste durant la promotion, MTN se r\u00e9serve le droit d\u2019exclure le(s) Participant(s) concern\u00e9(s) du Jeu et d\u2019annuler l&#8217;ensemble de ses (leurs) participations, sans pr\u00e9judice des poursuites judiciaires.<\/p>\n\n\n\n<p>Seront \u00e9galement disqualifi\u00e9s du pr\u00e9sent Jeu, les clients r\u00e9pertori\u00e9s dans les fichiers de MTNC comme ayant d\u00e9j\u00e0 \u00e9t\u00e9 impliqu\u00e9s dans une transaction frauduleuse dans le cadre des activit\u00e9s de MTNC, m\u00eame sans rapport avec le Jeu.<\/p>\n\n\n\n<p><strong>ARTICLE 11 : CONVENTION DE PREUVE<\/strong><\/p>\n\n\n\n<p>MTNC a mis en place les moyens techniques n\u00e9cessaires pouvant d\u00e9montrer les op\u00e9rations relatives au pr\u00e9sent Jeu. Par cons\u00e9quent, sauf erreur manifeste, les donn\u00e9es relatives au Jeu, contenues dans les syst\u00e8mes d&#8217;information de MTNC ont force probante.<\/p>\n\n\n\n<p>MTNC pourra se pr\u00e9valoir de ces donn\u00e9es aux fins de preuve et, les participants s\u2019engagent \u00e0 ne pas contester la validit\u00e9 ou la force probante de ces \u00e9l\u00e9ments s\u2019ils sont produits comme preuves par MTNC dans le cadre d\u2019une proc\u00e9dure contentieuse.<\/p>\n\n\n\n<p>Les gagnants autorisent toutes v\u00e9rifications concernant les informations fournies \u00e0 MTNC, notamment en ce qui concerne l\u2019identification.<\/p>\n\n\n\n<p><strong>ARTICLE 12 : MODIFICATIONS<\/strong><\/p>\n\n\n\n<p>MTN Cameroon se r\u00e9serve le droit, si les circonstances l&#8217;exigeaient, d\u2019\u00e9courter, de modifier ou d&#8217;annuler le Jeu, sans engager sa responsabilit\u00e9 de ce fait.<\/p>\n\n\n\n<p>Si une ou plusieurs dispositions du pr\u00e9sent r\u00e8glement \u00e9taient d\u00e9clar\u00e9es nulles ou inapplicables, les autres clauses garderaient toutes leurs forces et leurs port\u00e9es. MTN modifieraient le r\u00e8glement pour remplacer les clauses nulles ou ill\u00e9gales.<\/p>\n\n\n\n<p>Le r\u00e8glement sera modifi\u00e9 \u00e0 tout moment sous la forme d&#8217;un avenant qui sera publi\u00e9 suivant les m\u00eames voies que le r\u00e8glement principal.<\/p>\n\n\n\n<p><strong>ARTICLE 13&nbsp;: D\u00c9POT LEGAL<\/strong><\/p>\n\n\n\n<p>Le pr\u00e9sent r\u00e8glement est d\u00e9pos\u00e9 au Cabinet de <strong>Ma\u00eetre Kamtchuing Octavi<\/strong>, Huissier de justice, Cabinet sis au Boulevard Ahmadou Ahidjo, \u00e0 c\u00f4t\u00e9 de la Direction G\u00e9n\u00e9rale Total Akwa, BP&nbsp;: 2261 Douala, Tel : 233 43 85 46.<\/p>\n\n\n\n<p>Une copie du pr\u00e9sent r\u00e8glement sera envoy\u00e9e par ce dernier \u00e0 toute personne qui en fera la demande en y joignant une enveloppe affranchie \u00e0 son adresse.<\/p>\n\n\n\n<p>Il sera \u00e9galement publi\u00e9 sur le site internet <em>www.mtn.cm<\/em><\/p>\n\n\n\n<p>Tout Participant sera r\u00e9put\u00e9 avoir lu et accept\u00e9 le r\u00e8glement ou ses avenants du simple fait de sa participation au jeu,<\/p>\n\n\n\n<p>Tout Participant refusant la ou les modification\/s intervenue\/s devra se d\u00e9sinscrire de la promotion.<\/p>\n\n\n\n<p><strong>ARTICLE 14 : LOI APPLICABLE-ATTRIBUTION DE COMPETENCE<\/strong><\/p>\n\n\n\n<p>Le pr\u00e9sent r\u00e8glement de Jeu est r\u00e9gi par la l\u00e9gislation camerounaise.<\/p>\n\n\n\n<p>La participation au Jeu vaut acceptation sans r\u00e9serve du pr\u00e9sent r\u00e8glement par le Participant.<\/p>\n\n\n\n<p>Toute contestation relative \u00e0 la Promotion doit \u00eatre port\u00e9e par le Participant \u00e0 l\u2019attention de MTNC au plus tard dans les trente (30) jours suivant la fin de la Promotion \u00e0 peine de forclusion.<\/p>\n\n\n\n<p>Tout litige ou contestation d\u00e9coulant du pr\u00e9sent r\u00e8glement ou en rapport avec celui-ci, fera l&#8217;objet d&#8217;une tentative d\u2019arrangement amiable par entente directe avec MTNC.<\/p>\n\n\n\n<p>A d\u00e9faut d&#8217;un tel arrangement amiable dans les trois (03) mois suivant sa naissance, le litige sera soumis aux tribunaux comp\u00e9tents de Douala qui auront comp\u00e9tence exclusive.<\/p>\n\n\n\n<p><\/p>","protected":false},"excerpt":{"rendered":"<p>REGLEMENT DU JEU \u00ab&nbsp;MTN QuizUp&nbsp;\u00bb ARTICLE 1 : PREAMBULE Mobile Telephone Networks Cameroon (MTNC), soci\u00e9t\u00e9 anonyme au capital social de 4.400.000.000 FCFA, dont le si\u00e8ge social est situ\u00e9 au 360 Rue Drouot Akwa, BP 15574 Douala, organise un jeu intitul\u00e9 \u00ab MTN QuizUp &nbsp;\u00bb [le Jeu], qui se d\u00e9roulera du 22\/04\/2024 \u00e0 00 (heures) 01&#8230;<\/p>","protected":false},"author":10,"featured_media":17372,"parent":0,"menu_order":0,"comment_status":"closed","ping_status":"closed","template":"","meta":{"_acf_changed":false,"footnotes":""},"class_list":["post-17369","page","type-page","status-publish","has-post-thumbnail","hentry"],"acf":[],"_links":{"self":[{"href":"https:\/\/mtn.cm\/fr\/wp-json\/wp\/v2\/pages\/17369","targetHints":{"allow":["GET"]}}],"collection":[{"href":"https:\/\/mtn.cm\/fr\/wp-json\/wp\/v2\/pages"}],"about":[{"href":"https:\/\/mtn.cm\/fr\/wp-json\/wp\/v2\/types\/page"}],"author":[{"embeddable":true,"href":"https:\/\/mtn.cm\/fr\/wp-json\/wp\/v2\/users\/10"}],"replies":[{"embeddable":true,"href":"https:\/\/mtn.cm\/fr\/wp-json\/wp\/v2\/comments?post=17369"}],"version-history":[{"count":2,"href":"https:\/\/mtn.cm\/fr\/wp-json\/wp\/v2\/pages\/17369\/revisions"}],"predecessor-version":[{"id":17373,"href":"https:\/\/mtn.cm\/fr\/wp-json\/wp\/v2\/pages\/17369\/revisions\/17373"}],"wp:featuredmedia":[{"embeddable":true,"href":"https:\/\/mtn.cm\/fr\/wp-json\/wp\/v2\/media\/17372"}],"wp:attachment":[{"href":"https:\/\/mtn.cm\/fr\/wp-json\/wp\/v2\/media?parent=17369"}],"curies":[{"name":"wp","href":"https:\/\/api.w.org\/{rel}","templated":true}]}}