{"id":17105,"date":"2023-11-23T09:32:09","date_gmt":"2023-11-23T09:32:09","guid":{"rendered":"https:\/\/mtn.cm\/?page_id=17105"},"modified":"2023-11-23T10:06:00","modified_gmt":"2023-11-23T10:06:00","slug":"useful-information","status":"publish","type":"page","link":"https:\/\/mtn.cm\/fr\/useful-information\/","title":{"rendered":"Useful Information"},"content":{"rendered":"<div class=\"single-banner-section\">\n    \n            <div id=\"banner-block_65f69dedb81a0a2871a8814b8efd6336\" class=\"banner\">\n                <div class=\"banner-section desktop-only alignedTop textDark no-overlay\" style=\"background:url(https:\/\/mtn.cm\/wp-content\/uploads\/2023\/11\/392869002_738978218271815_2312501650659583315_n.jpeg);background-size: cover;background-position:center center;\">\n                    <div class =\"banner-heading-section\">    \n                        <div class=\"banner-section-container\">\n                                                                                                 \n                \n            \n                        <\/div>\n                      \n                    <\/div>\n                <\/div>\n                \n                <div class=\"banner-section mobile-only alignedTop textDark no-overlay\" style=\"background:url(https:\/\/mtn.cm\/wp-content\/uploads\/2023\/11\/392869002_738978218271815_2312501650659583315_n.jpeg);background-size: cover;background-position:center center;\">\n                    <div class =\"banner-heading-section\">    \n                        <div class=\"banner-section-container\">\n                                                                              \n                        <\/div>\n                      \n                    <\/div>\n\n                <\/div>\n\n                <div class=\"banner-divider\">\n                <\/div>\n            <\/div>\n    \n            <\/div>\n\n\n\n<div id=\"section-paragraph-block_54dfcf054d23a0cfd706cbbc7fad9dbb\" class=\"section-paragraph has-text-align-left\">\n<div class=\"mtn-body-text mtn-section paragraph\"><h3 style=\"text-align: center\"><strong><u>INFORMATIONS UTILES POUR PREVENIR LA CYBERCRIMINALITE<\/u><\/strong><\/h3>\n<ol>\n<li>La cybercriminalit\u00e9 est un d\u00e9lit punissable au Cameroun. Ensemble, barrons-lui la voie !<\/li>\n<li>Pour \u00e9viter les arnaques sur Mobile Money, appelez toujours la personne \u00e0 qui vous souhaitez envoyer de l\u2019argent avant d\u2019effectuer la transaction.<\/li>\n<li>Pour \u00e9viter des retraits non autoris\u00e9s de votre compte Mobile Money, v\u00e9rifiez le nom du fournisseur de services Mobile Money devant vous, avant de valider tout retrait<\/li>\n<li>Si vous recevez un message demandant la validation de retraits provenant de sources inconnues, \u00e9teignez votre t\u00e9l\u00e9phone et red\u00e9marrez-le ensuite.<\/li>\n<li>M\u00e9fiez-vous des messages qui demandent les informations personnelles (nom, coordonn\u00e9es bancaires, num\u00e9ro de t\u00e9l\u00e9phone etc.) et de l\u2019argent pour une \u00e9ventuelle offre d\u2019emploi. C\u2019est une technique utilis\u00e9e par les arnaqueurs pour extorquer de l\u2019argent aux victimes.<\/li>\n<li>Ne fournissez pas votre code Mobile Money ou vos coordonn\u00e9s bancaires dans l\u2019Espoir de recevoir un prix d\u2019un inconnu qui pr\u00e9tend que vous \u00eates le gagnant d\u2019une m\u00e9ga loterie \u00e0 laquelle vous n\u2019avez jamais jou\u00e9. C\u2019est une technique d\u2019arnaque. Les fournisseurs de service Mobile Money et les banques ne demanderont jamais le code PIN du client.<\/li>\n<li>Votre op\u00e9rateur ne vous enverra jamais de messages Mobile Money \u00e0 partir d\u2019un num\u00e9ro ordinaire. Assurez-vous toujours de la provenance des messages concernant votre Mobile Money que vous recevez.<\/li>\n<li>Pour \u00e9viter que vos comptes sur les r\u00e9seaux sociaux soient pirat\u00e9s, cr\u00e9ez des mots de passe forts et diff\u00e9rents pour chacun de vos comptes. Un mot de passe fort comporte au moins 8 caract\u00e8res, compos\u00e9 de chiffres, de lettres minuscules et majuscules, et de caract\u00e8res sp\u00e9ciaux. Exemple : *Lvp@487M.<\/li>\n<li>Ne partagez jamais votre mot de passe avec qui que ce soit, car des tierces personnes peuvent l\u2019utiliser pour acc\u00e9der \u00e0 vos comptes de messagerie, Facebook ou Instagram et publier du contenu illicite en votre nom.<\/li>\n<li>Ne divulguez jamais vos informations personnelles \u00e0 des inconnus en ligne. Les informations personnelles incluent : le nom, le num\u00e9ro de t\u00e9l\u00e9phone, l\u2019adresse personnelle, le num\u00e9ro de carte bancaire, etc. Ces informations peuvent \u00eatre exploit\u00e9es par des pr\u00e9dateurs sexuels, des assassins ou des voleurs pour vous nuire.<\/li>\n<li>Pour prot\u00e9ger vos appareils (smartphones, tablettes, ordinateurs) des attaques de virus, efforcez-vous de supprimer les liens et les courriers non sollicit\u00e9s sans les ouvrir ni cliquer dessus.<\/li>\n<li>Vous \u00eates responsables de toutes vos publications en ligne. Vous pouvez \u00eatre identifi\u00e9 et poursuivi si vous commettez un acte de cybercriminalit\u00e9, que vous utilisiez vos vrais noms ou des noms d\u2019emprunt. Il n\u2019y a pas d\u2019anonymat sur internet.<\/li>\n<li>Sur les r\u00e9seaux sociaux, ne faites confiance qu\u2019aux informations publi\u00e9es sur les pages officielles et v\u00e9rifi\u00e9es. Une page Facebook ou un identifiant Twitter v\u00e9rifi\u00e9 est marqu\u00e9 par un badge bleu \u00e0 la droite de la page ou de l\u2019identifiant. Le partage de fake news est un d\u00e9lit punissable au Cameroun.<\/li>\n<li>Ne vous pr\u00e9cipitez pas pour partager les informations que vous recevez sans avoir v\u00e9rifi\u00e9 leur authenticit\u00e9 aupr\u00e8s de sources officielles. Le partage de fake news est punissable au Cameroun.<\/li>\n<li>Pour \u00e9viter d\u2019acc\u00e9der \u00e0 de faux sites Web, efforcez-vous de toujours v\u00e9rifier que les URL des sites Web que vous visitez commencent pas \u00ab https \u00bb et non \u00ab http \u00bb. Le \u00ab s \u00bb indique que le site est s\u00e9curis\u00e9.<\/li>\n<li>Les r\u00e9seaux sociaux sont des espaces ouverts accessibles \u00e0 tous. Pensez \u00e0 lire et configurer les param\u00e8tres \u00ab S\u00e9curit\u00e9 et Confidentialit\u00e9 \u00bb des r\u00e9seaux sociaux que vous utilisez pour contr\u00f4ler qui peut acc\u00e9der \u00e0 vos publications<\/li>\n<\/ol>\n<p>D\u00e9noncez des cas de cybercriminalit\u00e9 via le num\u00e9ro vert 8202 ou par mail\u00a0 <a href=\"mailto:alert@cirt.antic.cm\">alert@cirt.antic.cm<\/a>ouverts 24\/24<\/p>\n<p>Source: ANTIC<\/p>\n<\/div>\n<\/div>","protected":false},"excerpt":{"rendered":"","protected":false},"author":2,"featured_media":0,"parent":0,"menu_order":0,"comment_status":"closed","ping_status":"closed","template":"","meta":{"_acf_changed":false,"footnotes":""},"class_list":["post-17105","page","type-page","status-publish","hentry"],"acf":[],"_links":{"self":[{"href":"https:\/\/mtn.cm\/fr\/wp-json\/wp\/v2\/pages\/17105","targetHints":{"allow":["GET"]}}],"collection":[{"href":"https:\/\/mtn.cm\/fr\/wp-json\/wp\/v2\/pages"}],"about":[{"href":"https:\/\/mtn.cm\/fr\/wp-json\/wp\/v2\/types\/page"}],"author":[{"embeddable":true,"href":"https:\/\/mtn.cm\/fr\/wp-json\/wp\/v2\/users\/2"}],"replies":[{"embeddable":true,"href":"https:\/\/mtn.cm\/fr\/wp-json\/wp\/v2\/comments?post=17105"}],"version-history":[{"count":9,"href":"https:\/\/mtn.cm\/fr\/wp-json\/wp\/v2\/pages\/17105\/revisions"}],"predecessor-version":[{"id":17117,"href":"https:\/\/mtn.cm\/fr\/wp-json\/wp\/v2\/pages\/17105\/revisions\/17117"}],"wp:attachment":[{"href":"https:\/\/mtn.cm\/fr\/wp-json\/wp\/v2\/media?parent=17105"}],"curies":[{"name":"wp","href":"https:\/\/api.w.org\/{rel}","templated":true}]}}