{"id":16998,"date":"2023-11-02T10:50:02","date_gmt":"2023-11-02T10:50:02","guid":{"rendered":"https:\/\/mtn.cm\/?page_id=16998"},"modified":"2023-11-02T10:57:57","modified_gmt":"2023-11-02T10:57:57","slug":"transaction-limits","status":"publish","type":"page","link":"https:\/\/mtn.cm\/fr\/transaction-limits\/","title":{"rendered":"Transaction limits"},"content":{"rendered":"<p><\/p>\n\n\n\n<p><\/p>\n\n\n\n<p><\/p>\n\n\n\n<h1 class=\"wp-block-heading .page-id .entry-content { text-align: center; }\">Nouvelles limites de transaction<\/h1>\n\n\n\n<p class=\".page-id .entry-content { text-align: center; }\" style=\"margin-top:0;margin-right:0;margin-bottom:0;margin-left:0\">Chers abonn\u00e9s, dans le but de fournir une exp\u00e9rience encore meilleure sur notre porte-feuille \u00e9lectronique, nous avons depuis le 7 juillet 2023 augment\u00e9 les limites de vos transactions, selon le tableau qui suit : <\/p>\n\n\n\n<figure class=\"wp-block-table aligncenter is-style-regular\"><table class=\"has-fixed-layout\"><tbody><tr><td>Tape<\/td><td>Montant<\/td><\/tr><tr><td>D\u00e9p\u00f4t journalier<\/td><td>5 000 000 F<\/td><\/tr><tr><td>D\u00e9p\u00f4t mensuel<\/td><td>10 000 000 F<\/td><\/tr><tr><td>Retrait <\/td><td>500 000 F<\/td><\/tr><tr><td>Retrait par jour<\/td><td>2 500 000 F<\/td><\/tr><tr><td>Montant maximal par transfert<\/td><td>1 000 000 F<\/td><\/tr><tr><td>Transfert par jour<\/td><td>100 000 000 F<\/td><\/tr><tr><td>Paiement par jour<\/td><td>10 000 000 F<\/td><\/tr><tr><td>Paiement maximal<\/td><td>5 000 000 F<\/td><\/tr><tr><td>Transfert (vers la banque)<\/td><td>20 000 000 F<\/td><\/tr><tr><td>Retrait (de compte bancaire)<\/td><td>100 000 000 F<\/td><\/tr><tr><td>Transactions totales par jour<\/td><td>100 000 000 F<\/td><\/tr><tr><td>Transactions totales par semaine<\/td><td>100 000 000 F<\/td><\/tr><tr><td>Transactions totales par mois<\/td><td>100 000 000 F<\/td><\/tr><tr><td>Montant maximal dans le compte <\/td><td>100 000 000 F<\/td><\/tr><\/tbody><\/table><\/figure>","protected":false},"excerpt":{"rendered":"<p>Nouvelles limites de transaction Chers abonn\u00e9s, dans le but de fournir une exp\u00e9rience encore meilleure sur notre porte-feuille \u00e9lectronique, nous avons depuis le 7 juillet 2023 augment\u00e9 les limites de vos transactions, selon le tableau qui suit : Type Montant D\u00e9p\u00f4t journalier 5 000 000 F D\u00e9p\u00f4t mensuel 10 000 000 F Retrait 500 000&#8230;<\/p>","protected":false},"author":10,"featured_media":16924,"parent":0,"menu_order":0,"comment_status":"closed","ping_status":"closed","template":"","meta":{"_acf_changed":false,"footnotes":""},"class_list":["post-16998","page","type-page","status-publish","has-post-thumbnail","hentry"],"acf":[],"_links":{"self":[{"href":"https:\/\/mtn.cm\/fr\/wp-json\/wp\/v2\/pages\/16998","targetHints":{"allow":["GET"]}}],"collection":[{"href":"https:\/\/mtn.cm\/fr\/wp-json\/wp\/v2\/pages"}],"about":[{"href":"https:\/\/mtn.cm\/fr\/wp-json\/wp\/v2\/types\/page"}],"author":[{"embeddable":true,"href":"https:\/\/mtn.cm\/fr\/wp-json\/wp\/v2\/users\/10"}],"replies":[{"embeddable":true,"href":"https:\/\/mtn.cm\/fr\/wp-json\/wp\/v2\/comments?post=16998"}],"version-history":[{"count":4,"href":"https:\/\/mtn.cm\/fr\/wp-json\/wp\/v2\/pages\/16998\/revisions"}],"predecessor-version":[{"id":17003,"href":"https:\/\/mtn.cm\/fr\/wp-json\/wp\/v2\/pages\/16998\/revisions\/17003"}],"wp:featuredmedia":[{"embeddable":true,"href":"https:\/\/mtn.cm\/fr\/wp-json\/wp\/v2\/media\/16924"}],"wp:attachment":[{"href":"https:\/\/mtn.cm\/fr\/wp-json\/wp\/v2\/media?parent=16998"}],"curies":[{"name":"wp","href":"https:\/\/api.w.org\/{rel}","templated":true}]}}