{"id":16974,"date":"2023-10-30T14:54:05","date_gmt":"2023-10-30T14:54:05","guid":{"rendered":"https:\/\/mtn.cm\/?page_id=16974"},"modified":"2025-07-29T10:18:34","modified_gmt":"2025-07-29T10:18:34","slug":"mtn-interconnexion-catalog","status":"publish","type":"page","link":"https:\/\/mtn.cm\/fr\/mtn-interconnexion-catalog\/","title":{"rendered":"Interconnexion catalog"},"content":{"rendered":"<div id=\"accordion-block_730c6ec87d8e74e15c4771de8a807819\" class=\"accordion widthFull\">\n\n\t<div class=\"mtn-accordion\">\n\t\t\t<\/div>\n<\/div>\n\n<div id=\"accordion-block_753d17f0e3114a3390205343341fce7e\" class=\"accordion widthFull\">\n\n\t<div class=\"mtn-accordion\">\n\t\t\t<\/div>\n<\/div>\n\n<div class=\"single-banner-section\">\n    \n            <div id=\"banner-block_370aae1e8888252198428d481199a7f0\" class=\"banner\">\n                <div class=\"banner-section desktop-only alignedTop textLight dark-overlay\" style=\"background:url(https:\/\/mtn.cm\/wp-content\/uploads\/2023\/10\/391731933_737489545087349_6976564828386210781_n-2-e1698680579541.jpg);background-size: cover;background-position:center center;\">\n                    <div class =\"banner-heading-section\">    \n                        <div class=\"banner-section-container\">\n                                                     <p class=\"mtn-page-title yello-title\">Catalogue d&#039;interconnection MTN<\/p>\n                                                                                  <h1 class=\"mtn-heading yello-heading\"><p>Catalogue d&#8217;interconnection<\/p>\n<\/h1>\n                                                                        \n                \n            \n                        <\/div>\n                      \n                    <\/div>\n                <\/div>\n                \n                <div class=\"banner-section mobile-only alignedTop textLight dark-overlay\" style=\"background:url(https:\/\/mtn.cm\/wp-content\/uploads\/2023\/10\/391731933_737489545087349_6976564828386210781_n-2-e1698680579541.jpg);background-size: cover;background-position:center center;\">\n                    <div class =\"banner-heading-section\">    \n                        <div class=\"banner-section-container\">\n                                                     <p class=\"mtn-page-title yello-title\">Catalogue d&#039;interconnection MTN<\/p>\n                                                                                  <h1 class=\"mtn-heading yello-heading\"><p>Catalogue d&#8217;interconnection<\/p>\n<\/h1>\n                                                     \n                        <\/div>\n                      \n                    <\/div>\n\n                <\/div>\n\n                <div class=\"banner-divider\">\n                <\/div>\n            <\/div>\n    \n            <\/div>\n\n\n\n<figure class=\"wp-block-table .wp-block-table { display: block; max-width: 960px; \/\/ the max width of your container. If you have no container, 100vw will work. width: 100%; overflow:hidden; overflow-x: auto; } td word-break: normal; tbody table; has-small-font-size\"><table><tbody><tr><td>Year<\/td><td>Catalog<\/td><\/tr><tr><td>2022<\/td><td><strong><a rel=\"noreferrer noopener\" href=\"https:\/\/mtn.cm\/wp-content\/uploads\/2023\/10\/Interco-catalog.pdf\" target=\"_blank\">Interconnexion 1<\/a><\/strong><br>&nbsp;<\/td><\/tr><tr><td>2023<\/td><td><a rel=\"noreferrer noopener\" href=\"https:\/\/mtn.cm\/wp-content\/uploads\/2023\/10\/Catalogue-dinterconnexion-2023-de-MTNC-approuve-titulaires-de-recepisse-de-declaration-1.pdf\" target=\"_blank\">Catalogue d\u2019interconnexion et d\u2019acc\u00e8s 2023 pour les titulaires de r\u00e9c\u00e9piss\u00e9 de d\u00e9claration<\/a><br><a rel=\"noreferrer noopener\" href=\"https:\/\/mtn.cm\/wp-content\/uploads\/2023\/10\/Catalogue-dinterconnexion-2023-de-MTNC-approuve-Operateurs-concessionnaires.pdf\" target=\"_blank\">Catalogue d\u2019interconnexion et d\u2019acc\u00e8s 2023 pour les concessionnaires<\/a><br><a rel=\"noreferrer noopener\" href=\"https:\/\/mtn.cm\/wp-content\/uploads\/2023\/10\/Catalogue-dinterconnexion-2023-de-MTNC-approuve-titulaires-de-licence.pdf\" target=\"_blank\">Catalogue d\u2019interconnexion et d\u2019acc\u00e8s 2023 pour les titulaires de licence<\/a><br>&nbsp;<a href=\"https:\/\/mtn.cm\/wp-content\/uploads\/2024\/03\/DECISION%20PORTANT%20APPROBATION%20DES%20OFFRES%20TECHNIQUES%20ET%20TARIFAIRES%20INTERCONNEXION%20ACCES%20ET%20PARTAGE%20DES%20INFRASTRUCTURES%20MODIFIEES%20DE%20MTN%20CAMEROON%20POUR%202023%20OK%20pour%20Pub%20.pdf\" target=\"_blank\" rel=\"noreferrer noopener\">Catalogue d&#8217;interconnexion et d&#8217;acc\u00e8s 2023 <\/a><\/td><\/tr><tr><td>2024<\/td><td><a href=\"http:\/\/mtn.cm\/wp-content\/uploads\/2024\/08\/CATALOGUES-DINTERCONNEXION-ET-DACCES-2024-POUR-LES-TITULAIRES-DE-RECEPISSE-DE-DECLARATION_.pdf\" data-type=\"link\" data-id=\"http:\/\/mtn.cm\/wp-content\/uploads\/2024\/08\/CATALOGUES-DINTERCONNEXION-ET-DACCES-2024-POUR-LES-TITULAIRES-DE-RECEPISSE-DE-DECLARATION_.pdf\">Catalogues-dinterconnexion-et-dacces-2024-pour-les-titulaires-de-recepisse-de-declaration_.pdf<\/a><br><a href=\"http:\/\/mtn.cm\/wp-content\/uploads\/2024\/08\/catalogue-pour-les-titulaires-de-licence.pdf\" data-type=\"link\" data-id=\"http:\/\/mtn.cm\/wp-content\/uploads\/2024\/08\/catalogue-pour-les-titulaires-de-licence.pdf\">Catalogue-pour-les-titulaires-de-licence.pdf<\/a><br><a href=\"http:\/\/mtn.cm\/wp-content\/uploads\/2024\/08\/CATALOGUES-DINTERCONNEXION-DACCES-ET-DE-PARTAGE-DES-INFRASTRUCTURES-2024-POUR-LES-OPERATEURS-CONCESSIONNAIRES_.pdf\" data-type=\"link\" data-id=\"http:\/\/mtn.cm\/wp-content\/uploads\/2024\/08\/CATALOGUES-DINTERCONNEXION-DACCES-ET-DE-PARTAGE-DES-INFRASTRUCTURES-2024-POUR-LES-OPERATEURS-CONCESSIONNAIRES_.pdf\">Catalogues-dinterconnexion-dacces-et-de-partage-des-infrastructures-2024.pdf<\/a><\/td><\/tr><tr><td>2025<\/td><td><a href=\"http:\/\/mtn.cm\/wp-content\/uploads\/2025\/07\/CATALOGUE-DINTERCONNEXION-ET-DACCES-2025-POUR-LES-TITULAIRES-DE-RECEPISSE-DE-DECLARATION.pdf\">CATALOGUE D&#8217;INTERCONNEXION ET D&#8217;ACCES 2025 POUR LES TITULAIRES DE RECEPISSE DE DECLARATION<\/a><br><br><a href=\"http:\/\/mtn.cm\/wp-content\/uploads\/2025\/07\/CATALOGUE-DINTERCONNEXION-DACCES-ET-DE-PARTAGE-DES-INFRASTRUCTURES-2025-POUR-LES-OPERATEURS-CONCESSIONNAIRES.pdf\">CATALOGUE D&#8217;INTERCONNEXION D&#8217;ACCES ET DE PARTAGE DES INFRASTRUCTURES 2025 POUR LES OPERATEURS CONCESSIONNAIRES<\/a><br><a href=\"http:\/\/mtn.cm\/wp-content\/uploads\/2025\/07\/CATALOGUE-DINTERCONNEXION-DACCES-2025-POUR-LES-TITULAIRES-DE-LICENCE.pdf\">CATALOGUE D&#8217;INTERCONNEXION D&#8217;ACCES 2025 POUR LES TITULAIRES DE LICENCE<\/a><\/td><\/tr><\/tbody><\/table><\/figure>","protected":false},"excerpt":{"rendered":"<p>Year Catalog 2022 Interconnexion 1&nbsp; 2023 Catalogue d\u2019interconnexion et d\u2019acc\u00e8s 2023 pour les titulaires de r\u00e9c\u00e9piss\u00e9 de d\u00e9clarationCatalogue d\u2019interconnexion et d\u2019acc\u00e8s 2023 pour les concessionnairesCatalogue d\u2019interconnexion et d\u2019acc\u00e8s 2023 pour les titulaires de licence&nbsp;Catalogue d&#8217;interconnexion et d&#8217;acc\u00e8s 2023 2024 Catalogues-dinterconnexion-et-dacces-2024-pour-les-titulaires-de-recepisse-de-declaration_.pdfCatalogue-pour-les-titulaires-de-licence.pdfCatalogues-dinterconnexion-dacces-et-de-partage-des-infrastructures-2024.pdf 2025 CATALOGUE D&#8217;INTERCONNEXION ET D&#8217;ACCES 2025 POUR LES TITULAIRES DE RECEPISSE DE DECLARATION CATALOGUE D&#8217;INTERCONNEXION&#8230;<\/p>","protected":false},"author":10,"featured_media":0,"parent":0,"menu_order":0,"comment_status":"closed","ping_status":"closed","template":"","meta":{"_acf_changed":false,"footnotes":""},"class_list":["post-16974","page","type-page","status-publish","hentry"],"acf":[],"_links":{"self":[{"href":"https:\/\/mtn.cm\/fr\/wp-json\/wp\/v2\/pages\/16974","targetHints":{"allow":["GET"]}}],"collection":[{"href":"https:\/\/mtn.cm\/fr\/wp-json\/wp\/v2\/pages"}],"about":[{"href":"https:\/\/mtn.cm\/fr\/wp-json\/wp\/v2\/types\/page"}],"author":[{"embeddable":true,"href":"https:\/\/mtn.cm\/fr\/wp-json\/wp\/v2\/users\/10"}],"replies":[{"embeddable":true,"href":"https:\/\/mtn.cm\/fr\/wp-json\/wp\/v2\/comments?post=16974"}],"version-history":[{"count":26,"href":"https:\/\/mtn.cm\/fr\/wp-json\/wp\/v2\/pages\/16974\/revisions"}],"predecessor-version":[{"id":21393,"href":"https:\/\/mtn.cm\/fr\/wp-json\/wp\/v2\/pages\/16974\/revisions\/21393"}],"wp:attachment":[{"href":"https:\/\/mtn.cm\/fr\/wp-json\/wp\/v2\/media?parent=16974"}],"curies":[{"name":"wp","href":"https:\/\/api.w.org\/{rel}","templated":true}]}}