{"id":16805,"date":"2023-10-30T16:44:13","date_gmt":"2023-10-30T16:44:13","guid":{"rendered":"https:\/\/mtn.cm\/?page_id=16805"},"modified":"2025-01-22T08:03:28","modified_gmt":"2025-01-22T08:03:28","slug":"roaming-bundles","status":"publish","type":"page","link":"https:\/\/mtn.cm\/fr\/offers\/roaming-bundles\/","title":{"rendered":"Forfaits d'itin\u00e9rance MTN"},"content":{"rendered":"<p><strong>Envolez-vous, gardez votre carte SIM<\/strong><\/p>\n\n\n\n<div class=\"wp-block-media-text alignwide is-stacked-on-mobile\" style=\"grid-template-columns:17% auto\"><figure class=\"wp-block-media-text__media\"><img loading=\"lazy\" decoding=\"async\" width=\"447\" height=\"598\" src=\"https:\/\/mtn.cm\/wp-content\/uploads\/2023\/10\/Picture1-2.jpg\" alt=\"\" class=\"wp-image-16809 size-full\" srcset=\"https:\/\/mtn.cm\/wp-content\/uploads\/2023\/10\/Picture1-2.jpg 447w, https:\/\/mtn.cm\/wp-content\/uploads\/2023\/10\/Picture1-2-224x300.jpg 224w, https:\/\/mtn.cm\/wp-content\/uploads\/2023\/10\/Picture1-2-9x12.jpg 9w, https:\/\/mtn.cm\/wp-content\/uploads\/2023\/10\/Picture1-2-56x75.jpg 56w, https:\/\/mtn.cm\/wp-content\/uploads\/2023\/10\/Picture1-2-48x64.jpg 48w\" sizes=\"auto, (max-width: 447px) 100vw, 447px\" \/><\/figure><div class=\"wp-block-media-text__content\">\n<p>Nous vous accompagnons dans plus de 100 pays \u00e0 travers le monde \u00e0 des prix avantageux. Gr\u00e2ce \u00e0 la g\u00e9n\u00e9rosit\u00e9 imbattable de notre offre de roaming, vous allez adorer utiliser votre carte SIM \u00e0 l'\u00e9tranger.<\/p>\n<\/div><\/div>\n\n\n\n<hr class=\"wp-block-separator has-alpha-channel-opacity is-style-dots\"\/>\n\n\n\n<div class=\"wp-block-media-text alignwide has-media-on-the-right is-stacked-on-mobile\" style=\"grid-template-columns:auto 30%\"><div class=\"wp-block-media-text__content\">\n<p class=\"translation-block\"><strong><strong>COMMENT ACTIVER<\/strong> LE ROAMING\u00a0?<\/strong><\/p>\n\n\n\n<p><em>Client pr\u00e9pay\u00e9<br><\/em>L'itin\u00e9rance est activ\u00e9e par d\u00e9faut pour tous les clients pr\u00e9pay\u00e9s. Il vous suffit de choisir comment en profiter\u00a0: compte principal, forfaits pays et forfaits r\u00e9gionaux. <\/p>\n<\/div><figure class=\"wp-block-media-text__media\"><img loading=\"lazy\" decoding=\"async\" width=\"341\" height=\"227\" src=\"https:\/\/mtn.cm\/wp-content\/uploads\/2023\/10\/Picture2.png\" alt=\"\" class=\"wp-image-16810 size-full\" srcset=\"https:\/\/mtn.cm\/wp-content\/uploads\/2023\/10\/Picture2.png 341w, https:\/\/mtn.cm\/wp-content\/uploads\/2023\/10\/Picture2-300x200.png 300w, https:\/\/mtn.cm\/wp-content\/uploads\/2023\/10\/Picture2-18x12.png 18w, https:\/\/mtn.cm\/wp-content\/uploads\/2023\/10\/Picture2-75x50.png 75w, https:\/\/mtn.cm\/wp-content\/uploads\/2023\/10\/Picture2-64x43.png 64w\" sizes=\"auto, (max-width: 341px) 100vw, 341px\" \/><\/figure><\/div>\n\n\n\n<div class=\"wp-block-media-text alignwide is-stacked-on-mobile\" style=\"grid-template-columns:32% auto\"><figure class=\"wp-block-media-text__media\"><img loading=\"lazy\" decoding=\"async\" width=\"585\" height=\"327\" src=\"https:\/\/mtn.cm\/wp-content\/uploads\/2023\/10\/Picture3.png\" alt=\"\" class=\"wp-image-16811 size-full\" srcset=\"https:\/\/mtn.cm\/wp-content\/uploads\/2023\/10\/Picture3.png 585w, https:\/\/mtn.cm\/wp-content\/uploads\/2023\/10\/Picture3-300x168.png 300w, https:\/\/mtn.cm\/wp-content\/uploads\/2023\/10\/Picture3-18x10.png 18w, https:\/\/mtn.cm\/wp-content\/uploads\/2023\/10\/Picture3-75x42.png 75w, https:\/\/mtn.cm\/wp-content\/uploads\/2023\/10\/Picture3-64x36.png 64w\" sizes=\"auto, (max-width: 585px) 100vw, 585px\" \/><\/figure><div class=\"wp-block-media-text__content\">\n<p><em>Client postpay\u00e9<\/em><\/p>\n\n\n\n<div class=\"wp-block-buttons is-layout-flex wp-block-buttons-is-layout-flex\">\n<div class=\"wp-block-button has-custom-font-size has-small-font-size\"><a class=\"wp-block-button__link has-black-color has-sunshine-yellow-background-color has-text-color has-background wp-element-button\" style=\"border-radius:9px;padding-top:var(--wp--preset--spacing--30);padding-right:var(--wp--preset--spacing--30);padding-bottom:var(--wp--preset--spacing--30);padding-left:var(--wp--preset--spacing--30)\"><strong>\u00c9tape 1<\/strong><\/a><\/div>\n<\/div>\n\n\n\n<p>Avant de partir, contactez votre gestionnaire de compte et demandez l'activation.<\/p>\n\n\n\n<div class=\"wp-block-buttons is-layout-flex wp-block-buttons-is-layout-flex\">\n<div class=\"wp-block-button has-custom-font-size has-small-font-size\"><a class=\"wp-block-button__link has-black-color has-sunshine-yellow-background-color has-text-color has-background wp-element-button\" style=\"border-radius:9px;padding-top:var(--wp--preset--spacing--30);padding-right:var(--wp--preset--spacing--30);padding-bottom:var(--wp--preset--spacing--30);padding-left:var(--wp--preset--spacing--30)\"><strong>\u00c9tape 2<\/strong><\/a><\/div>\n<\/div>\n\n\n\n<p>D\u00e9posez ensuite 100 000 xaf pour activer le roaming.<\/p>\n<\/div><\/div>\n\n\n\n<hr class=\"wp-block-separator has-alpha-channel-opacity is-style-dots\"\/>\n\n\n\n<div class=\"wp-block-media-text alignwide has-media-on-the-right is-stacked-on-mobile\" style=\"grid-template-columns:auto 30%\"><div class=\"wp-block-media-text__content\">\n<p><strong><strong>QUELLES SONT LES OFFRES<\/strong>&nbsp;?<\/strong><\/p>\n\n\n\n<p>Que vous pr\u00e9f\u00e9riez le contr\u00f4le ou la libert\u00e9, nous vous offrons le choix \u00e0 BAS PRIX.<\/p>\n\n\n\n<div class=\"wp-block-buttons is-layout-flex wp-block-buttons-is-layout-flex\">\n<div class=\"wp-block-button has-custom-font-size has-small-font-size\"><a class=\"wp-block-button__link has-black-color has-sunshine-yellow-background-color has-text-color has-background wp-element-button\" style=\"border-radius:9px;padding-top:var(--wp--preset--spacing--30);padding-right:var(--wp--preset--spacing--30);padding-bottom:var(--wp--preset--spacing--30);padding-left:var(--wp--preset--spacing--30)\"><strong>Option 1 : sur votre compte principal<\/strong><\/a><\/div>\n<\/div>\n\n\n\n<p>Appelez, surfez et envoyez des SMS directement depuis votre compte principal. <\/p>\n<\/div><figure class=\"wp-block-media-text__media\"><img loading=\"lazy\" decoding=\"async\" width=\"345\" height=\"230\" src=\"https:\/\/mtn.cm\/wp-content\/uploads\/2023\/10\/Picture4.png\" alt=\"\" class=\"wp-image-16812 size-full\" srcset=\"https:\/\/mtn.cm\/wp-content\/uploads\/2023\/10\/Picture4.png 345w, https:\/\/mtn.cm\/wp-content\/uploads\/2023\/10\/Picture4-300x200.png 300w, https:\/\/mtn.cm\/wp-content\/uploads\/2023\/10\/Picture4-18x12.png 18w, https:\/\/mtn.cm\/wp-content\/uploads\/2023\/10\/Picture4-75x50.png 75w, https:\/\/mtn.cm\/wp-content\/uploads\/2023\/10\/Picture4-64x43.png 64w\" sizes=\"auto, (max-width: 345px) 100vw, 345px\" \/><\/figure><\/div>\n\n\n\n<p><\/p>\n\n\n\n<div class=\"wp-block-buttons is-layout-flex wp-block-buttons-is-layout-flex\">\n<div class=\"wp-block-button has-custom-font-size has-small-font-size translation-block\"><a class=\"wp-block-button__link has-black-color has-sunshine-yellow-background-color has-text-color has-background wp-element-button\" style=\"border-radius:9px;padding-top:var(--wp--preset--spacing--30);padding-right:var(--wp--preset--spacing--30);padding-bottom:var(--wp--preset--spacing--30);padding-left:var(--wp--preset--spacing--30)\" target=\"_self\"><strong>Option 2\u00a0: <strong>Forfaits pays<\/strong> *123*15*1#<\/strong><\/a><\/div>\n<\/div>\n\n\n\n<p>Ma\u00eetrisez votre consommation en souscrivant \u00e0 un forfait pays, valable 7 jours.<\/p>\n\n\n\n<div class=\"wp-block-buttons is-layout-flex wp-block-buttons-is-layout-flex\">\n<div class=\"wp-block-button has-custom-font-size has-small-font-size\"><a class=\"wp-block-button__link has-black-color has-sunshine-yellow-background-color has-text-color has-background wp-element-button\" style=\"border-radius:9px;padding-top:var(--wp--preset--spacing--30);padding-right:var(--wp--preset--spacing--30);padding-bottom:var(--wp--preset--spacing--30);padding-left:var(--wp--preset--spacing--30)\"><strong>Option 3 : forfaits r\u00e9gionaux *123*15*2#<em>123<\/em>*15*2#<\/strong><\/a><\/div>\n<\/div>\n\n\n\n<p>Vous voyagez dans plusieurs pays d'une m\u00eame r\u00e9gion\u00a0? Les forfaits r\u00e9gionaux vous offrent contr\u00f4le et flexibilit\u00e9.<\/p>\n\n\n\n<hr class=\"wp-block-separator has-alpha-channel-opacity is-style-dots\"\/>\n\n\n\n<div class=\"wp-block-media-text alignwide is-stacked-on-mobile\" style=\"grid-template-columns:26% auto\"><figure class=\"wp-block-media-text__media\"><img loading=\"lazy\" decoding=\"async\" width=\"339\" height=\"226\" src=\"https:\/\/mtn.cm\/wp-content\/uploads\/2023\/10\/Picture5.png\" alt=\"\" class=\"wp-image-16850 size-full\" srcset=\"https:\/\/mtn.cm\/wp-content\/uploads\/2023\/10\/Picture5.png 339w, https:\/\/mtn.cm\/wp-content\/uploads\/2023\/10\/Picture5-300x200.png 300w, https:\/\/mtn.cm\/wp-content\/uploads\/2023\/10\/Picture5-18x12.png 18w, https:\/\/mtn.cm\/wp-content\/uploads\/2023\/10\/Picture5-75x50.png 75w, https:\/\/mtn.cm\/wp-content\/uploads\/2023\/10\/Picture5-64x43.png 64w\" sizes=\"auto, (max-width: 339px) 100vw, 339px\" \/><\/figure><div class=\"wp-block-media-text__content\">\n<p><strong>AVANT DE SAUTER DANS L'AVION <\/strong><\/p>\n\n\n\n<p>Si vous \u00eates client pr\u00e9pay\u00e9, assurez-vous de disposer de suffisamment d'unit\u00e9s ou d'un solde Mobile Money vous permettant de profiter sereinement de votre s\u00e9jour (5000 xaf au moins sont conseill\u00e9s).<\/p>\n\n\n\n<p>Pour garantir un meilleur contr\u00f4le de votre budget, vous recevrez des notifications \u00e0 diff\u00e9rents niveaux de consommation.<\/p>\n<\/div><\/div>\n\n\n\n<hr class=\"wp-block-separator has-alpha-channel-opacity is-style-dots\"\/>\n\n\n\n<div class=\"wp-block-media-text alignwide has-media-on-the-right is-stacked-on-mobile\" style=\"grid-template-columns:auto 26%\"><div class=\"wp-block-media-text__content\">\n<p><strong><strong>VOUS AVEZ DES DIFFICULT\u00c9S \u00c0 VOUS CONNECTER AUTOMATIQUEMENT<\/strong>?<\/strong><\/p>\n\n\n\n<p>Si vous rencontrez des difficult\u00e9s pour vous connecter automatiquement au r\u00e9seau du pays h\u00f4te, suivez la proc\u00e9dure standard ci-dessous.<\/p>\n<\/div><figure class=\"wp-block-media-text__media\"><img loading=\"lazy\" decoding=\"async\" width=\"340\" height=\"227\" src=\"https:\/\/mtn.cm\/wp-content\/uploads\/2023\/10\/Picture6.png\" alt=\"\" class=\"wp-image-16851 size-full\" srcset=\"https:\/\/mtn.cm\/wp-content\/uploads\/2023\/10\/Picture6.png 340w, https:\/\/mtn.cm\/wp-content\/uploads\/2023\/10\/Picture6-300x200.png 300w, https:\/\/mtn.cm\/wp-content\/uploads\/2023\/10\/Picture6-18x12.png 18w, https:\/\/mtn.cm\/wp-content\/uploads\/2023\/10\/Picture6-75x50.png 75w, https:\/\/mtn.cm\/wp-content\/uploads\/2023\/10\/Picture6-64x43.png 64w\" sizes=\"auto, (max-width: 340px) 100vw, 340px\" \/><\/figure><\/div>\n\n\n\n<hr class=\"wp-block-separator has-alpha-channel-opacity is-style-dots\"\/>\n\n\n\n<div class=\"wp-block-columns is-layout-flex wp-container-core-columns-is-layout-28f84493 wp-block-columns-is-layout-flex\">\n<div class=\"wp-block-column is-layout-flow wp-block-column-is-layout-flow\">\n<p class=\"has-text-align-center\"><strong>Android<\/strong><\/p>\n\n\n\n<ol class=\"wp-block-list\">\n<li>Faites glisser l'\u00e9cran vers le haut ou vers le bas pour voir les applications<\/li>\n\n\n\n<li>S\u00e9lectionnez les param\u00e8tres<\/li>\n\n\n\n<li>S\u00e9lectionnez les op\u00e9rateurs de r\u00e9seau<\/li>\n\n\n\n<li>Attendez que le t\u00e9l\u00e9phone recherche des r\u00e9seaux<\/li>\n\n\n\n<li>Les r\u00e9seaux disponibles sont r\u00e9pertori\u00e9s, s\u00e9lectionnez le r\u00e9seau que vous souhaitez utiliser<\/li>\n\n\n\n<li>Le t\u00e9l\u00e9phone est maintenant connect\u00e9 au r\u00e9seau mobile<\/li>\n<\/ol>\n<\/div>\n\n\n\n<div class=\"wp-block-column is-layout-flow wp-block-column-is-layout-flow\">\n<p class=\"has-text-align-center\"><strong>IOS<\/strong><\/p>\n\n\n\n<ol class=\"wp-block-list\">\n<li>S\u00e9lectionnez l'ic\u00f4ne des param\u00e8tres<\/li>\n\n\n\n<li>Ensuite, le menu des donn\u00e9es cellulaires puis s\u00e9lectionnez le menu de s\u00e9lection du r\u00e9seau<\/li>\n\n\n\n<li>D\u00e9sactiver le bouton automatique<\/li>\n\n\n\n<li>S\u00e9lectionnez votre r\u00e9seau<\/li>\n\n\n\n<li>D\u00e9sactiver automatiquement<\/li>\n\n\n\n<li>Votre Apple recherche les r\u00e9seaux disponibles\u2026<\/li>\n\n\n\n<li>Choisissez le r\u00e9seau souhait\u00e9<\/li>\n\n\n\n<li>Votre Apple a \u00e9t\u00e9 connect\u00e9 au r\u00e9seau s\u00e9lectionn\u00e9<\/li>\n<\/ol>\n<\/div>\n<\/div>\n\n\n\n<hr class=\"wp-block-separator has-alpha-channel-opacity is-style-dots\"\/>\n\n\n\n<div class=\"wp-block-media-text alignwide is-stacked-on-mobile\" style=\"grid-template-columns:26% auto\"><figure class=\"wp-block-media-text__media\"><img loading=\"lazy\" decoding=\"async\" width=\"374\" height=\"214\" src=\"https:\/\/mtn.cm\/wp-content\/uploads\/2023\/11\/Picture7.png\" alt=\"\" class=\"wp-image-17051 size-full\" srcset=\"https:\/\/mtn.cm\/wp-content\/uploads\/2023\/11\/Picture7.png 374w, https:\/\/mtn.cm\/wp-content\/uploads\/2023\/11\/Picture7-300x172.png 300w, https:\/\/mtn.cm\/wp-content\/uploads\/2023\/11\/Picture7-18x10.png 18w, https:\/\/mtn.cm\/wp-content\/uploads\/2023\/11\/Picture7-75x43.png 75w, https:\/\/mtn.cm\/wp-content\/uploads\/2023\/11\/Picture7-64x37.png 64w\" sizes=\"auto, (max-width: 374px) 100vw, 374px\" \/><\/figure><div class=\"wp-block-media-text__content\">\n<p><strong><mark style=\"background-color:rgba(0, 0, 0, 0)\" class=\"has-inline-color has-black-color\">BONNE VOIE ET \u200b\u200bAPPELEZ \u00c0 VOTRE ARRIV\u00c9E !<\/mark><\/strong><\/p>\n<\/div><\/div>","protected":false},"excerpt":{"rendered":"<p>Fly Away, Keep Your SIM We are with you in more than 100 countries around the world at LOW PRICE. Thanks to the unbeatable generosity of our Roaming offer, you will LOVE using your SIM abroad. HOW TO ACTIVATE ROAMING ? Prepaid customerRoaming is activated by default for all prepaid customers. You just have to&#8230;<\/p>","protected":false},"author":8,"featured_media":0,"parent":16291,"menu_order":0,"comment_status":"closed","ping_status":"closed","template":"templates\/page-contained.php","meta":{"_acf_changed":false,"footnotes":""},"class_list":["post-16805","page","type-page","status-publish","hentry"],"acf":[],"_links":{"self":[{"href":"https:\/\/mtn.cm\/fr\/wp-json\/wp\/v2\/pages\/16805","targetHints":{"allow":["GET"]}}],"collection":[{"href":"https:\/\/mtn.cm\/fr\/wp-json\/wp\/v2\/pages"}],"about":[{"href":"https:\/\/mtn.cm\/fr\/wp-json\/wp\/v2\/types\/page"}],"author":[{"embeddable":true,"href":"https:\/\/mtn.cm\/fr\/wp-json\/wp\/v2\/users\/8"}],"replies":[{"embeddable":true,"href":"https:\/\/mtn.cm\/fr\/wp-json\/wp\/v2\/comments?post=16805"}],"version-history":[{"count":22,"href":"https:\/\/mtn.cm\/fr\/wp-json\/wp\/v2\/pages\/16805\/revisions"}],"predecessor-version":[{"id":20191,"href":"https:\/\/mtn.cm\/fr\/wp-json\/wp\/v2\/pages\/16805\/revisions\/20191"}],"up":[{"embeddable":true,"href":"https:\/\/mtn.cm\/fr\/wp-json\/wp\/v2\/pages\/16291"}],"wp:attachment":[{"href":"https:\/\/mtn.cm\/fr\/wp-json\/wp\/v2\/media?parent=16805"}],"curies":[{"name":"wp","href":"https:\/\/api.w.org\/{rel}","templated":true}]}}