{"id":16697,"date":"2023-10-11T05:30:21","date_gmt":"2023-10-11T05:30:21","guid":{"rendered":"https:\/\/mtn.cm\/?page_id=16697"},"modified":"2025-04-19T14:38:33","modified_gmt":"2025-04-19T14:38:33","slug":"mtn-roaming","status":"publish","type":"page","link":"https:\/\/mtn.cm\/fr\/services\/mtn-roaming\/","title":{"rendered":"MTN Roaming Classique"},"content":{"rendered":"<div class=\"wp-block-cover is-light\"><span aria-hidden=\"true\" class=\"wp-block-cover__background has-background-dim\"><\/span><img loading=\"lazy\" decoding=\"async\" width=\"631\" height=\"282\" class=\"wp-block-cover__image-background wp-image-16687\" alt=\"\" src=\"https:\/\/mtn.cm\/wp-content\/uploads\/2023\/10\/WhatsApp-Image-2023-10-11-at-05.55.38.jpeg\" data-object-fit=\"cover\" srcset=\"https:\/\/mtn.cm\/wp-content\/uploads\/2023\/10\/WhatsApp-Image-2023-10-11-at-05.55.38.jpeg 631w, https:\/\/mtn.cm\/wp-content\/uploads\/2023\/10\/WhatsApp-Image-2023-10-11-at-05.55.38-300x134.jpeg 300w, https:\/\/mtn.cm\/wp-content\/uploads\/2023\/10\/WhatsApp-Image-2023-10-11-at-05.55.38-18x8.jpeg 18w, https:\/\/mtn.cm\/wp-content\/uploads\/2023\/10\/WhatsApp-Image-2023-10-11-at-05.55.38-75x34.jpeg 75w, https:\/\/mtn.cm\/wp-content\/uploads\/2023\/10\/WhatsApp-Image-2023-10-11-at-05.55.38-64x29.jpeg 64w\" sizes=\"auto, (max-width: 631px) 100vw, 631px\" \/><div class=\"wp-block-cover__inner-container is-layout-flow wp-block-cover-is-layout-flow\">\n<p class=\"has-text-align-center has-white-color has-text-color has-large-font-size\"><\/p>\n<\/div><\/div>\n\n\n\n<div style=\"height:36px\" aria-hidden=\"true\" class=\"wp-block-spacer\"><\/div>\n\n\n\n<div class=\"wp-block-columns is-layout-flex wp-container-core-columns-is-layout-28f84493 wp-block-columns-is-layout-flex\">\n<div class=\"wp-block-column is-layout-flow wp-block-column-is-layout-flow\" style=\"flex-basis:50%\">\n<figure class=\"wp-block-image size-full is-resized has-custom-border Border-radius:16px; is-style-default wp-duotone-unset-1\"><img loading=\"lazy\" decoding=\"async\" width=\"453\" height=\"605\" src=\"https:\/\/mtn.cm\/wp-content\/uploads\/2024\/08\/Pic-1.jpg\" alt=\"\" class=\"wp-image-18289\" style=\"border-style:none;border-width:0px;border-radius:44px;object-fit:cover;width:600px;height:425px\" srcset=\"https:\/\/mtn.cm\/wp-content\/uploads\/2024\/08\/Pic-1.jpg 453w, https:\/\/mtn.cm\/wp-content\/uploads\/2024\/08\/Pic-1-225x300.jpg 225w, https:\/\/mtn.cm\/wp-content\/uploads\/2024\/08\/Pic-1-56x75.jpg 56w, https:\/\/mtn.cm\/wp-content\/uploads\/2024\/08\/Pic-1-48x64.jpg 48w\" sizes=\"auto, (max-width: 453px) 100vw, 453px\" \/><\/figure>\n<\/div>\n\n\n\n<div class=\"wp-block-column is-layout-flow wp-block-column-is-layout-flow\" style=\"flex-basis:50%\">\n<div style=\"height:100px\" aria-hidden=\"true\" class=\"wp-block-spacer\"><\/div>\n\n\n\n<p class=\"has-text-align-left has-medium-font-size\"><strong>ENVOLEZ-VOUS, GARDEZ VOTRE SIM<\/strong><\/p>\n\n\n\n<p class=\"has-text-align-left\">Le R\u00e9seau Intelligent vous emm\u00e8ne dans plus de 100 pays \u00e0 travers le monde \u00e0 des PRIX MINIMUM. Gr\u00e2ce \u00e0 la g\u00e9n\u00e9rosit\u00e9 imbattable de notre offre d'itin\u00e9rance, vous allez ADORER utiliser votre carte SIM \u00e0 l'\u00e9tranger.<\/p>\n<\/div>\n<\/div>\n\n\n\n<div style=\"height:10px\" aria-hidden=\"true\" class=\"wp-block-spacer\"><\/div>\n\n\n\n<div class=\"wp-block-columns is-layout-flex wp-container-core-columns-is-layout-28f84493 wp-block-columns-is-layout-flex\">\n<div class=\"wp-block-column is-layout-flow wp-block-column-is-layout-flow\" style=\"flex-basis:50%\">\n<div style=\"height:100px\" aria-hidden=\"true\" class=\"wp-block-spacer\"><\/div>\n\n\n\n<p class=\"has-text-align-left has-black-color has-text-color has-link-color has-medium-font-size wp-elements-9e6ec88529bb382082251cdb5b8d2011\"><a><strong>COMMENT ACTIVER LE ROAMING\u00a0?<\/strong><\/a><\/p>\n\n\n\n<p><strong><em>Client pr\u00e9pay\u00e9<\/em><\/strong><\/p>\n\n\n\n<p class=\"has-text-align-left\">L'itin\u00e9rance est activ\u00e9e par d\u00e9faut pour tous les clients pr\u00e9pay\u00e9s. Il vous suffit de choisir comment en profiter\u00a0: compte principal, forfaits pays et forfaits r\u00e9gionaux. &nbsp;<\/p>\n<\/div>\n\n\n\n<div class=\"wp-block-column is-layout-flow wp-block-column-is-layout-flow\" style=\"flex-basis:50%\">\n<figure class=\"wp-block-image alignright size-full is-resized has-custom-border\"><img loading=\"lazy\" decoding=\"async\" width=\"626\" height=\"417\" src=\"https:\/\/mtn.cm\/wp-content\/uploads\/2024\/08\/Pic-2.png\" alt=\"\" class=\"wp-image-18295\" style=\"border-radius:44px;object-fit:cover;width:600px;height:425px\" srcset=\"https:\/\/mtn.cm\/wp-content\/uploads\/2024\/08\/Pic-2.png 626w, https:\/\/mtn.cm\/wp-content\/uploads\/2024\/08\/Pic-2-300x200.png 300w, https:\/\/mtn.cm\/wp-content\/uploads\/2024\/08\/Pic-2-75x50.png 75w, https:\/\/mtn.cm\/wp-content\/uploads\/2024\/08\/Pic-2-64x43.png 64w\" sizes=\"auto, (max-width: 626px) 100vw, 626px\" \/><\/figure>\n<\/div>\n<\/div>\n\n\n\n<div style=\"height:10px\" aria-hidden=\"true\" class=\"wp-block-spacer\"><\/div>\n\n\n\n<div class=\"wp-block-columns is-layout-flex wp-container-core-columns-is-layout-28f84493 wp-block-columns-is-layout-flex\">\n<div class=\"wp-block-column is-layout-flow wp-block-column-is-layout-flow\" style=\"flex-basis:50%\">\n<figure class=\"wp-block-image size-full is-resized has-custom-border\"><img loading=\"lazy\" decoding=\"async\" width=\"633\" height=\"354\" src=\"https:\/\/mtn.cm\/wp-content\/uploads\/2024\/08\/picc51-1.png\" alt=\"\" class=\"wp-image-18383\" style=\"border-radius:43px;object-fit:cover;width:600px;height:425px\" srcset=\"https:\/\/mtn.cm\/wp-content\/uploads\/2024\/08\/picc51-1.png 633w, https:\/\/mtn.cm\/wp-content\/uploads\/2024\/08\/picc51-1-300x168.png 300w, https:\/\/mtn.cm\/wp-content\/uploads\/2024\/08\/picc51-1-75x42.png 75w, https:\/\/mtn.cm\/wp-content\/uploads\/2024\/08\/picc51-1-64x36.png 64w\" sizes=\"auto, (max-width: 633px) 100vw, 633px\" \/><\/figure>\n<\/div>\n\n\n\n<div class=\"wp-block-column is-layout-flow wp-block-column-is-layout-flow\" style=\"flex-basis:50%\">\n<div style=\"height:100px\" aria-hidden=\"true\" class=\"wp-block-spacer\"><\/div>\n\n\n\n<p class=\"has-text-align-left has-medium-font-size\"><\/p>\n\n\n\n<p><strong><em>Client postpay\u00e9<\/em><\/strong><\/p>\n\n\n\n<p class=\"translation-block\">\u00c9tape 1 : Avant de partir, contactez votre gestionnaire de compte OK et demandez l'activation.<\/p>\n\n\n\n<p class=\"translation-block\">\u00c9tape 2 : D\u00e9posez ensuite 100 000 xaf pour activer le roaming.<\/p>\n\n\n\n<p class=\"has-text-align-left has-medium-font-size\"><\/p>\n<\/div>\n<\/div>\n\n\n\n<div style=\"height:10px\" aria-hidden=\"true\" class=\"wp-block-spacer\"><\/div>\n\n\n\n<div class=\"wp-block-columns is-layout-flex wp-container-core-columns-is-layout-28f84493 wp-block-columns-is-layout-flex\">\n<div class=\"wp-block-column is-layout-flow wp-block-column-is-layout-flow\" style=\"flex-basis:50%\">\n<div style=\"height:100px\" aria-hidden=\"true\" class=\"wp-block-spacer\"><\/div>\n\n\n\n<p class=\"has-text-align-left has-black-color has-text-color has-link-color has-medium-font-size wp-elements-6cdf689967ff309b3b79351c8b6ee962\"><a><strong>QUELLES SONT LES OFFRES ?<\/strong><\/a><\/p>\n\n\n\n<p class=\"has-text-align-left\">Que vous pr\u00e9f\u00e9riez le contr\u00f4le ou la libert\u00e9, nous vous offrons le choix \u00e0 BAS PRIX<\/p>\n\n\n\n<figure class=\"wp-block-table\"><table class=\"has-sunshine-yellow-background-color has-background has-fixed-layout\" style=\"border-style:none;border-width:0px\"><tbody><tr><td><strong>Option 1\u00a0: sur votre compte principal<\/strong><\/td><\/tr><\/tbody><\/table><\/figure>\n\n\n\n<p>Appelez, surfez et envoyez des SMS directement depuis votre compte principal. Combien \u00e7a co\u00fbte\u00a0?<\/p>\n\n\n\n<p class=\"translation-block\">S\u00e9lectionnez votre pays <a href=\"http:\/\/mtn.cm\/wp-content\/uploads\/2025\/01\/Main-account-Website.pdf\" data-type=\"link\" data-id=\"http:\/\/mtn.cm\/wp-content\/uploads\/2025\/01\/Main-account-Website.pdf\" target=\"_self\">ici<\/a><\/p>\n<\/div>\n\n\n\n<div class=\"wp-block-column is-layout-flow wp-block-column-is-layout-flow\" style=\"flex-basis:50%\">\n<figure class=\"wp-block-image size-full is-resized has-custom-border\"><img loading=\"lazy\" decoding=\"async\" width=\"626\" height=\"417\" src=\"http:\/\/mtn.cm\/wp-content\/uploads\/2024\/08\/Picc61.png\" alt=\"\" class=\"wp-image-18395\" style=\"border-radius:44px;object-fit:cover;width:600px;height:425px\" srcset=\"https:\/\/mtn.cm\/wp-content\/uploads\/2024\/08\/Picc61.png 626w, https:\/\/mtn.cm\/wp-content\/uploads\/2024\/08\/Picc61-300x200.png 300w, https:\/\/mtn.cm\/wp-content\/uploads\/2024\/08\/Picc61-75x50.png 75w, https:\/\/mtn.cm\/wp-content\/uploads\/2024\/08\/Picc61-64x43.png 64w\" sizes=\"auto, (max-width: 626px) 100vw, 626px\" \/><\/figure>\n<\/div>\n<\/div>\n\n\n\n<div class=\"wp-block-columns is-layout-flex wp-container-core-columns-is-layout-28f84493 wp-block-columns-is-layout-flex\">\n<div class=\"wp-block-column is-layout-flow wp-block-column-is-layout-flow\" style=\"flex-basis:50%\">\n<p class=\"has-text-align-left has-black-color has-text-color has-link-color has-medium-font-size wp-elements-92639f312cd377101b500faa066aa888\"><\/p>\n\n\n\n<figure class=\"wp-block-table\"><table class=\"has-sunshine-yellow-background-color has-background has-fixed-layout\" style=\"border-style:none;border-width:0px\"><tbody><tr><td><strong>Option 2\u00a0:\u00a0Forfaits pays *123*15*1#<\/strong><\/td><\/tr><\/tbody><\/table><\/figure>\n<\/div>\n\n\n\n<div class=\"wp-block-column is-layout-flow wp-block-column-is-layout-flow\" style=\"flex-basis:40%\"><\/div>\n<\/div>\n\n\n\n<p>Ma\u00eetrisez votre consommation en souscrivant \u00e0 un forfait pays, valable 7 jours.<\/p>\n\n\n\n<p>Pour consulter la liste des offres et des prix, cliquez sur <a href=\"http:\/\/mtn.cm\/wp-content\/uploads\/2024\/08\/Country-bundle-Website.pdf\" data-type=\"link\" data-id=\"http:\/\/mtn.cm\/wp-content\/uploads\/2024\/08\/Country-bundle-Website.pdf\">ici<\/a><\/p>\n\n\n\n<div class=\"wp-block-columns is-layout-flex wp-container-core-columns-is-layout-28f84493 wp-block-columns-is-layout-flex\">\n<div class=\"wp-block-column is-layout-flow wp-block-column-is-layout-flow\" style=\"flex-basis:50%\">\n<p class=\"has-text-align-left has-black-color has-text-color has-link-color has-medium-font-size wp-elements-92639f312cd377101b500faa066aa888\"><\/p>\n\n\n\n<div style=\"height:53px\" aria-hidden=\"true\" class=\"wp-block-spacer\"><\/div>\n\n\n\n<figure class=\"wp-block-table\"><table class=\"has-sunshine-yellow-background-color has-background has-fixed-layout\" style=\"border-style:none;border-width:0px\"><tbody><tr><td><strong>Option 3 : forfaits r\u00e9gionaux *123*15*2#<\/strong><\/td><\/tr><\/tbody><\/table><\/figure>\n<\/div>\n\n\n\n<div class=\"wp-block-column is-layout-flow wp-block-column-is-layout-flow\" style=\"flex-basis:40%\"><\/div>\n<\/div>\n\n\n\n<p>Vous voyagez dans plusieurs pays d'une m\u00eame r\u00e9gion\u00a0? Forfaits r\u00e9gionaux<\/p>\n\n\n\n<p>vous offrent contr\u00f4le et flexibilit\u00e9. S\u00e9lectionnez votre pays. <a href=\"http:\/\/mtn.cm\/wp-content\/uploads\/2025\/01\/Regional-pass-Website.pdf\" data-type=\"link\" data-id=\"http:\/\/mtn.cm\/wp-content\/uploads\/2025\/01\/Regional-pass-Website.pdf\">ici<\/a><\/p>\n\n\n\n<p><\/p>\n\n\n\n<div class=\"wp-block-columns is-layout-flex wp-container-core-columns-is-layout-28f84493 wp-block-columns-is-layout-flex\">\n<div class=\"wp-block-column is-layout-flow wp-block-column-is-layout-flow\" style=\"flex-basis:50%\">\n<div style=\"height:100px\" aria-hidden=\"true\" class=\"wp-block-spacer\"><\/div>\n\n\n\n<p class=\"has-text-align-left has-medium-font-size\"><strong>AVANT DE SAUTER DANS L'AVION <\/strong><strong><em><u><\/u><\/em><\/strong><\/p>\n\n\n\n<ol class=\"wp-block-list\">\n<li>Si vous \u00eates client pr\u00e9pay\u00e9, assurez-vous de disposer de suffisamment d'unit\u00e9s ou d'un solde Mobile Money vous permettant de profiter sereinement de votre s\u00e9jour.<\/li>\n\n\n\n<li>Pour garantir un meilleur contr\u00f4le de votre budget, vous recevrez des notifications \u00e0 diff\u00e9rents niveaux de consommation.<\/li>\n<\/ol>\n\n\n\n<p class=\"has-text-align-left has-medium-font-size\"><\/p>\n<\/div>\n\n\n\n<div class=\"wp-block-column is-layout-flow wp-block-column-is-layout-flow\" style=\"flex-basis:50%\">\n<figure class=\"wp-block-image size-full is-resized has-custom-border\"><img loading=\"lazy\" decoding=\"async\" width=\"626\" height=\"418\" src=\"http:\/\/mtn.cm\/wp-content\/uploads\/2024\/08\/ED111.png\" alt=\"\" class=\"wp-image-18431\" style=\"border-radius:44px;object-fit:cover;width:500px;height:425px\" srcset=\"https:\/\/mtn.cm\/wp-content\/uploads\/2024\/08\/ED111.png 626w, https:\/\/mtn.cm\/wp-content\/uploads\/2024\/08\/ED111-300x200.png 300w, https:\/\/mtn.cm\/wp-content\/uploads\/2024\/08\/ED111-75x50.png 75w, https:\/\/mtn.cm\/wp-content\/uploads\/2024\/08\/ED111-64x43.png 64w\" sizes=\"auto, (max-width: 626px) 100vw, 626px\" \/><\/figure>\n<\/div>\n<\/div>\n\n\n\n<div class=\"wp-block-columns is-layout-flex wp-container-core-columns-is-layout-28f84493 wp-block-columns-is-layout-flex\">\n<div class=\"wp-block-column is-layout-flow wp-block-column-is-layout-flow\" style=\"flex-basis:50%\">\n<div style=\"height:100px\" aria-hidden=\"true\" class=\"wp-block-spacer\"><\/div>\n\n\n\n<p class=\"has-medium-font-size\"><strong>VOUS AVEZ DES DIFFICULT\u00c9S \u00c0 VOUS CONNECTER AUTOMATIQUEMENT\u00a0?<\/strong><\/p>\n\n\n\n<p>Si vous rencontrez des difficult\u00e9s pour vous connecter automatiquement au r\u00e9seau du pays h\u00f4te, suivez la proc\u00e9dure standard ci-dessous.<\/p>\n\n\n\n<p class=\"has-text-align-left has-medium-font-size\"><\/p>\n<\/div>\n\n\n\n<div class=\"wp-block-column is-layout-flow wp-block-column-is-layout-flow\" style=\"flex-basis:50%\">\n<figure class=\"wp-block-image size-full is-resized has-custom-border\"><img loading=\"lazy\" decoding=\"async\" width=\"626\" height=\"417\" src=\"http:\/\/mtn.cm\/wp-content\/uploads\/2024\/08\/JNN.png\" alt=\"\" class=\"wp-image-18429\" style=\"border-radius:44px;object-fit:cover;width:500px;height:425px\" srcset=\"https:\/\/mtn.cm\/wp-content\/uploads\/2024\/08\/JNN.png 626w, https:\/\/mtn.cm\/wp-content\/uploads\/2024\/08\/JNN-300x200.png 300w, https:\/\/mtn.cm\/wp-content\/uploads\/2024\/08\/JNN-75x50.png 75w, https:\/\/mtn.cm\/wp-content\/uploads\/2024\/08\/JNN-64x43.png 64w\" sizes=\"auto, (max-width: 626px) 100vw, 626px\" \/><\/figure>\n<\/div>\n<\/div>\n\n\n\n<div style=\"height:34px\" aria-hidden=\"true\" class=\"wp-block-spacer\"><\/div>\n\n\n\n<p class=\"has-text-align-right has-medium-font-size\"><\/p>\n\n\n\n<div class=\"wp-block-columns is-layout-flex wp-container-core-columns-is-layout-28f84493 wp-block-columns-is-layout-flex\">\n<div class=\"wp-block-column is-layout-flow wp-block-column-is-layout-flow\">\n<p class=\"has-text-align-center\"><strong>Android<\/strong><\/p>\n\n\n\n<ol class=\"wp-block-list\">\n<li>Faites glisser l'\u00e9cran vers le haut ou vers le bas pour voir les applications<\/li>\n\n\n\n<li>S\u00e9lectionnez les param\u00e8tres<\/li>\n\n\n\n<li>S\u00e9lectionnez les op\u00e9rateurs de r\u00e9seau<\/li>\n\n\n\n<li>Attendez que le t\u00e9l\u00e9phone recherche des r\u00e9seaux<\/li>\n\n\n\n<li>Les r\u00e9seaux disponibles sont r\u00e9pertori\u00e9s, s\u00e9lectionnez le r\u00e9seau que vous souhaitez utiliser<\/li>\n\n\n\n<li>Le t\u00e9l\u00e9phone est maintenant connect\u00e9 au r\u00e9seau mobile<\/li>\n<\/ol>\n<\/div>\n\n\n\n<div class=\"wp-block-column is-layout-flow wp-block-column-is-layout-flow\">\n<p class=\"has-text-align-center\"><strong>IOS<\/strong><\/p>\n\n\n\n<ol class=\"wp-block-list\">\n<li>S\u00e9lectionnez l'ic\u00f4ne des param\u00e8tres<\/li>\n\n\n\n<li>Ensuite, le menu des donn\u00e9es cellulaires puis s\u00e9lectionnez le menu de s\u00e9lection du r\u00e9seau<\/li>\n\n\n\n<li>D\u00e9sactiver le bouton automatique<\/li>\n\n\n\n<li>S\u00e9lectionnez votre r\u00e9seau<\/li>\n\n\n\n<li>D\u00e9sactiver automatiquement<\/li>\n\n\n\n<li>Votre Apple recherche les r\u00e9seaux disponibles\u2026<\/li>\n\n\n\n<li>Choisissez le r\u00e9seau souhait\u00e9<\/li>\n\n\n\n<li>Votre Apple a \u00e9t\u00e9 connect\u00e9 au r\u00e9seau s\u00e9lectionn\u00e9<\/li>\n<\/ol>\n<\/div>\n<\/div>\n\n\n\n<p class=\"has-text-align-right has-medium-font-size\"><\/p>\n\n\n\n<div style=\"height:34px\" aria-hidden=\"true\" class=\"wp-block-spacer\"><\/div>\n\n\n\n<p class=\"has-text-align-right has-medium-font-size\"><\/p>\n\n\n\n<div class=\"wp-block-media-text alignwide is-stacked-on-mobile\" style=\"grid-template-columns:44% auto\"><figure class=\"wp-block-media-text__media\"><img loading=\"lazy\" decoding=\"async\" width=\"374\" height=\"214\" src=\"https:\/\/mtn.cm\/wp-content\/uploads\/2023\/11\/Picture7.png\" alt=\"\" class=\"wp-image-17051 size-full\" srcset=\"https:\/\/mtn.cm\/wp-content\/uploads\/2023\/11\/Picture7.png 374w, https:\/\/mtn.cm\/wp-content\/uploads\/2023\/11\/Picture7-300x172.png 300w, https:\/\/mtn.cm\/wp-content\/uploads\/2023\/11\/Picture7-18x10.png 18w, https:\/\/mtn.cm\/wp-content\/uploads\/2023\/11\/Picture7-75x43.png 75w, https:\/\/mtn.cm\/wp-content\/uploads\/2023\/11\/Picture7-64x37.png 64w\" sizes=\"auto, (max-width: 374px) 100vw, 374px\" \/><\/figure><div class=\"wp-block-media-text__content\">\n<p><strong><mark style=\"background-color:rgba(0, 0, 0, 0)\" class=\"has-inline-color has-black-color\">BONNE VOIE ET \u200b\u200bAPPELEZ \u00c0 VOTRE ARRIV\u00c9E !<\/mark><\/strong><\/p>\n<\/div><\/div>\n\n\n\n<p class=\"has-text-align-right has-medium-font-size\"><\/p>","protected":false},"excerpt":{"rendered":"<p>FLY AWAY, KEEP YOUR SIM The Smart Network takes you to over 100 countries worldwide at SMALL PRICES. Thanks to the unbeatable generosity of our Roaming offer, you will LOVE using your SIM abroad. HOW TO ACTIVATE ROAMING&nbsp;? Prepaid customer Roaming is activated by default for all prepaid customers. You just have to choose how&#8230;<\/p>","protected":false},"author":19,"featured_media":0,"parent":16304,"menu_order":0,"comment_status":"closed","ping_status":"closed","template":"templates\/page-contained.php","meta":{"_acf_changed":false,"footnotes":""},"class_list":["post-16697","page","type-page","status-publish","hentry"],"acf":[],"_links":{"self":[{"href":"https:\/\/mtn.cm\/fr\/wp-json\/wp\/v2\/pages\/16697","targetHints":{"allow":["GET"]}}],"collection":[{"href":"https:\/\/mtn.cm\/fr\/wp-json\/wp\/v2\/pages"}],"about":[{"href":"https:\/\/mtn.cm\/fr\/wp-json\/wp\/v2\/types\/page"}],"author":[{"embeddable":true,"href":"https:\/\/mtn.cm\/fr\/wp-json\/wp\/v2\/users\/19"}],"replies":[{"embeddable":true,"href":"https:\/\/mtn.cm\/fr\/wp-json\/wp\/v2\/comments?post=16697"}],"version-history":[{"count":24,"href":"https:\/\/mtn.cm\/fr\/wp-json\/wp\/v2\/pages\/16697\/revisions"}],"predecessor-version":[{"id":19205,"href":"https:\/\/mtn.cm\/fr\/wp-json\/wp\/v2\/pages\/16697\/revisions\/19205"}],"up":[{"embeddable":true,"href":"https:\/\/mtn.cm\/fr\/wp-json\/wp\/v2\/pages\/16304"}],"wp:attachment":[{"href":"https:\/\/mtn.cm\/fr\/wp-json\/wp\/v2\/media?parent=16697"}],"curies":[{"name":"wp","href":"https:\/\/api.w.org\/{rel}","templated":true}]}}