{"id":16676,"date":"2023-10-10T15:20:58","date_gmt":"2023-10-10T15:20:58","guid":{"rendered":"https:\/\/mtn.cm\/?page_id=16676"},"modified":"2024-07-19T07:42:58","modified_gmt":"2024-07-19T07:42:58","slug":"mtn-save-my-contacts","status":"publish","type":"page","link":"https:\/\/mtn.cm\/fr\/services\/mtn-save-my-contacts\/","title":{"rendered":"MTN Enregistrer mes contacts"},"content":{"rendered":"<figure class=\"wp-block-image alignwide\"><img loading=\"lazy\" decoding=\"async\" width=\"1600\" height=\"619\" src=\"https:\/\/mtn.cm\/wp-content\/uploads\/2023\/04\/WhatsApp-Image-2023-04-04-at-11.56.56-2.jpeg\" alt=\"\" class=\"wp-image-15461\" srcset=\"https:\/\/mtn.cm\/wp-content\/uploads\/2023\/04\/WhatsApp-Image-2023-04-04-at-11.56.56-2.jpeg 1600w, https:\/\/mtn.cm\/wp-content\/uploads\/2023\/04\/WhatsApp-Image-2023-04-04-at-11.56.56-2-300x116.jpeg 300w, https:\/\/mtn.cm\/wp-content\/uploads\/2023\/04\/WhatsApp-Image-2023-04-04-at-11.56.56-2-1024x396.jpeg 1024w, https:\/\/mtn.cm\/wp-content\/uploads\/2023\/04\/WhatsApp-Image-2023-04-04-at-11.56.56-2-768x297.jpeg 768w, https:\/\/mtn.cm\/wp-content\/uploads\/2023\/04\/WhatsApp-Image-2023-04-04-at-11.56.56-2-1536x594.jpeg 1536w, https:\/\/mtn.cm\/wp-content\/uploads\/2023\/04\/WhatsApp-Image-2023-04-04-at-11.56.56-2-18x7.jpeg 18w, https:\/\/mtn.cm\/wp-content\/uploads\/2023\/04\/WhatsApp-Image-2023-04-04-at-11.56.56-2-75x29.jpeg 75w, https:\/\/mtn.cm\/wp-content\/uploads\/2023\/04\/WhatsApp-Image-2023-04-04-at-11.56.56-2-64x25.jpeg 64w\" sizes=\"auto, (max-width: 1600px) 100vw, 1600px\" \/><\/figure>\n\n\n\n<div style=\"height:20px\" aria-hidden=\"true\" class=\"wp-block-spacer\"><\/div>\n\n\n\n<p>Vous avez perdu votre t\u00e9l\u00e9phone et \u00eates certain de ne jamais pouvoir r\u00e9cup\u00e9rer vos contacts ? Avec MTN Save My Contacts, perdre un t\u00e9l\u00e9phone ne vous fera plus perdre vos contacts.<\/p>\n\n\n\n<p class=\"has-medium-font-size\"><strong>Qu'est-ce que c'est?<\/strong><\/p>\n\n\n\n<p><strong>MTN Enregistrer mes contacts<\/strong>&nbsp;est le service de sauvegarde et de r\u00e9cup\u00e9ration de vos contacts sans limitation de capacit\u00e9, o\u00f9 que vous soyez, quel que soit votre type de t\u00e9l\u00e9phone, et sans tracas.<\/p>\n\n\n\n<hr class=\"wp-block-separator has-text-color has-sunshine-yellow-color has-alpha-channel-opacity has-sunshine-yellow-background-color has-background\"\/>\n\n\n\n<p class=\"has-medium-font-size\"><strong>Comment \u00e7a marche?<\/strong><\/p>\n\n\n\n<p><strong>Par SMS<\/strong><\/p>\n\n\n\n<ul class=\"wp-block-list\">\n<li>Pour vous abonner, envoyez OK par SMS au 8757<\/li>\n\n\n\n<li>Cliquez sur le bouton Y'ello MTN<\/li>\n\n\n\n<li>Choisissez \"Services avanc\u00e9s\"<\/li>\n\n\n\n<li>Cliquez ensuite sur \u00ab MTN Save My contacts \u00bb, \u00ab Backup\/Restore \u00bb et OK.<\/li>\n<\/ul>\n\n\n\n<p><strong>Via l'application<\/strong><\/p>\n\n\n\n<ul class=\"wp-block-list\">\n<li>T\u00e9l\u00e9chargez l'App \"Save My Contacts\" sur AppStore ou PlayStore<\/li>\n\n\n\n<li>D\u00e9clenchez la synchronisation en choisissant \u00ab Backup \u00bb ou \u00ab Restore \u00bb<\/li>\n\n\n\n<li>Entrez votre num\u00e9ro de t\u00e9l\u00e9phone<\/li>\n\n\n\n<li>Cliquez sur \u00ab Identifier \u00bb.<\/li>\n<\/ul>\n\n\n\n<p class=\"translation-block\">Pour vous d\u00e9sabonner, envoyez STOP au 8757.<\/p>\n\n\n\n<ul class=\"wp-block-list\"><\/ul>\n\n\n\n<hr class=\"wp-block-separator aligncenter has-text-color has-sunshine-yellow-color has-alpha-channel-opacity has-sunshine-yellow-background-color has-background\"\/>\n\n\n\n<div class=\"wp-block-columns is-layout-flex wp-container-core-columns-is-layout-28f84493 wp-block-columns-is-layout-flex\">\n<div class=\"wp-block-column is-vertically-aligned-center has-white-background-color has-background is-content-justification-left is-layout-constrained wp-container-core-column-is-layout-06628af8 wp-block-column-is-layout-constrained\" style=\"border-style:none;border-width:0px;padding-top:0;padding-right:0;padding-bottom:0;padding-left:0;flex-basis:15%\">\n<div class=\"wp-block-outermost-icon-block items-justified-center\"><div class=\"icon-container\" style=\"width:60px\"><svg xmlns=\"http:\/\/www.w3.org\/2000\/svg\" viewbox=\"0 0 24 24\" aria-hidden=\"true\"><path d=\"M15 4H9c-1.1 0-2 .9-2 2v12c0 1.1.9 2 2 2h6c1.1 0 2-.9 2-2V6c0-1.1-.9-2-2-2zm.5 14c0 .3-.2.5-.5.5H9c-.3 0-.5-.2-.5-.5V6c0-.3.2-.5.5-.5h6c.3 0 .5.2.5.5v12zm-4.5-.5h2V16h-2v1.5z\"><\/path><\/svg><\/div><\/div>\n<\/div>\n\n\n\n<div class=\"wp-block-column is-layout-flow wp-block-column-is-layout-flow\" style=\"flex-basis:66.66%\">\n<h4 class=\"wp-block-heading\">Comment sauvegarder vos contacts ?<\/h4>\n\n\n\n<p>La sauvegarde est automatique chaque semaine une fois que vous avez souscrit au service. Mais vous pouvez \u00e9galement le faire manuellement en suivant les \u00e9tapes suivantes :<\/p>\n\n\n\n<ul class=\"wp-block-list\">\n<li>Cliquez sur l'ic\u00f4ne Y'ello MTN sur votre t\u00e9l\u00e9phone<\/li>\n\n\n\n<li>Choisissez \u00ab Services avanc\u00e9s \u00bb<\/li>\n\n\n\n<li>Cliquez ensuite sur \u00ab MTN Save My Contacts \u00bb, \u00ab Backup\/Restore \u00bb et validez.<\/li>\n<\/ul>\n\n\n\n<p><strong>Ou alors<\/strong><\/p>\n\n\n\n<ul class=\"wp-block-list\">\n<li>Lancer l'application<\/li>\n\n\n\n<li>Cliquez sur sauvegarde.<\/li>\n<\/ul>\n\n\n\n<p>La sauvegarde est automatique chaque semaine une fois que vous avez souscrit au service. Mais vous pouvez \u00e9galement le faire manuellement en suivant les \u00e9tapes suivantes :<\/p>\n\n\n\n<ul class=\"wp-block-list\">\n<li>Cliquez sur l'ic\u00f4ne Y'ello MTN sur votre t\u00e9l\u00e9phone<\/li>\n\n\n\n<li>Choisissez \u00ab Services avanc\u00e9s \u00bb<\/li>\n\n\n\n<li>Cliquez ensuite sur \u00ab MTN Save My Contacts \u00bb, \u00ab Backup\/Restore \u00bb et validez.<\/li>\n<\/ul>\n\n\n\n<p><strong>Ou alors<\/strong><\/p>\n\n\n\n<ul class=\"wp-block-list\">\n<li>Lancer l'application<\/li>\n\n\n\n<li>Cliquez sur sauvegarde.<\/li>\n<\/ul>\n<\/div>\n<\/div>\n\n\n\n<hr class=\"wp-block-separator has-text-color has-sunshine-yellow-color has-alpha-channel-opacity has-sunshine-yellow-background-color has-background\"\/>\n\n\n\n<div class=\"wp-block-columns are-vertically-aligned-center is-layout-flex wp-container-core-columns-is-layout-28f84493 wp-block-columns-is-layout-flex\">\n<div class=\"wp-block-column is-vertically-aligned-center is-layout-flow wp-block-column-is-layout-flow\" style=\"flex-basis:33.33%\">\n<div class=\"wp-block-outermost-icon-block aligncenter items-justified-center\"><div class=\"icon-container\" style=\"width:48px\"><svg xmlns=\"http:\/\/www.w3.org\/2000\/svg\" viewbox=\"0 0 24 24\" aria-hidden=\"true\"><path d=\"M19.647,16.706a1.134,1.134,0,0,0-.343-.833l-2.549-2.549a1.134,1.134,0,0,0-.833-.343,1.168,1.168,0,0,0-.883.392l.233.226q.2.189.264.264a2.922,2.922,0,0,1,.184.233.986.986,0,0,1,.159.312,1.242,1.242,0,0,1,.043.337,1.172,1.172,0,0,1-1.176,1.176,1.237,1.237,0,0,1-.337-.043,1,1,0,0,1-.312-.159,2.76,2.76,0,0,1-.233-.184q-.073-.068-.264-.264l-.226-.233a1.19,1.19,0,0,0-.4.895,1.134,1.134,0,0,0,.343.833L15.837,19.3a1.13,1.13,0,0,0,.833.331,1.18,1.18,0,0,0,.833-.318l1.8-1.789a1.12,1.12,0,0,0,.343-.821Zm-8.615-8.64a1.134,1.134,0,0,0-.343-.833L8.163,4.7a1.134,1.134,0,0,0-.833-.343,1.184,1.184,0,0,0-.833.331L4.7,6.473a1.12,1.12,0,0,0-.343.821,1.134,1.134,0,0,0,.343.833l2.549,2.549a1.13,1.13,0,0,0,.833.331,1.184,1.184,0,0,0,.883-.38L8.728,10.4q-.2-.189-.264-.264A2.922,2.922,0,0,1,8.28,9.9a.986.986,0,0,1-.159-.312,1.242,1.242,0,0,1-.043-.337A1.172,1.172,0,0,1,9.254,8.079a1.237,1.237,0,0,1,.337.043,1,1,0,0,1,.312.159,2.761,2.761,0,0,1,.233.184q.073.068.264.264l.226.233a1.19,1.19,0,0,0,.4-.895ZM22,16.706a3.343,3.343,0,0,1-1.042,2.488l-1.8,1.789a3.536,3.536,0,0,1-4.988-.025l-2.525-2.537a3.384,3.384,0,0,1-1.017-2.488,3.448,3.448,0,0,1,1.078-2.561l-1.078-1.078a3.434,3.434,0,0,1-2.549,1.078,3.4,3.4,0,0,1-2.5-1.029L3.029,9.794A3.4,3.4,0,0,1,2,7.294,3.343,3.343,0,0,1,3.042,4.806l1.8-1.789A3.384,3.384,0,0,1,7.331,2a3.357,3.357,0,0,1,2.5,1.042l2.525,2.537a3.384,3.384,0,0,1,1.017,2.488,3.448,3.448,0,0,1-1.078,2.561l1.078,1.078a3.551,3.551,0,0,1,5.049-.049l2.549,2.549A3.4,3.4,0,0,1,22,16.706Z\"><\/path><\/svg><\/div><\/div>\n<\/div>\n\n\n\n<div class=\"wp-block-column is-vertically-aligned-center is-layout-flow wp-block-column-is-layout-flow\" style=\"flex-basis:190%\">\n<h4 class=\"wp-block-heading\">Comment restaurer vos contacts ?<\/h4>\n\n\n\n<p>La synchronisation ou la restauration est le m\u00eame processus.<br>Si certains contacts manquent dans votre nouvelle carte SIM, ils seront restaur\u00e9s gr\u00e2ce \u00e0 la synchronisation.<\/p>\n<\/div>\n<\/div>\n\n\n\n<hr class=\"wp-block-separator has-text-color has-sunshine-yellow-color has-alpha-channel-opacity has-sunshine-yellow-background-color has-background\"\/>\n\n\n\n<div class=\"wp-block-columns are-vertically-aligned-center is-layout-flex wp-container-core-columns-is-layout-28f84493 wp-block-columns-is-layout-flex\">\n<div class=\"wp-block-column is-vertically-aligned-center is-layout-flow wp-block-column-is-layout-flow\" style=\"flex-basis:33.33%\">\n<div class=\"wp-block-outermost-icon-block aligncenter items-justified-center\"><div class=\"icon-container\" style=\"width:48px\"><svg xmlns=\"http:\/\/www.w3.org\/2000\/svg\" viewbox=\"0 0 24 24\" aria-hidden=\"true\"><path d=\"M19.647,16.706a1.134,1.134,0,0,0-.343-.833l-2.549-2.549a1.134,1.134,0,0,0-.833-.343,1.168,1.168,0,0,0-.883.392l.233.226q.2.189.264.264a2.922,2.922,0,0,1,.184.233.986.986,0,0,1,.159.312,1.242,1.242,0,0,1,.043.337,1.172,1.172,0,0,1-1.176,1.176,1.237,1.237,0,0,1-.337-.043,1,1,0,0,1-.312-.159,2.76,2.76,0,0,1-.233-.184q-.073-.068-.264-.264l-.226-.233a1.19,1.19,0,0,0-.4.895,1.134,1.134,0,0,0,.343.833L15.837,19.3a1.13,1.13,0,0,0,.833.331,1.18,1.18,0,0,0,.833-.318l1.8-1.789a1.12,1.12,0,0,0,.343-.821Zm-8.615-8.64a1.134,1.134,0,0,0-.343-.833L8.163,4.7a1.134,1.134,0,0,0-.833-.343,1.184,1.184,0,0,0-.833.331L4.7,6.473a1.12,1.12,0,0,0-.343.821,1.134,1.134,0,0,0,.343.833l2.549,2.549a1.13,1.13,0,0,0,.833.331,1.184,1.184,0,0,0,.883-.38L8.728,10.4q-.2-.189-.264-.264A2.922,2.922,0,0,1,8.28,9.9a.986.986,0,0,1-.159-.312,1.242,1.242,0,0,1-.043-.337A1.172,1.172,0,0,1,9.254,8.079a1.237,1.237,0,0,1,.337.043,1,1,0,0,1,.312.159,2.761,2.761,0,0,1,.233.184q.073.068.264.264l.226.233a1.19,1.19,0,0,0,.4-.895ZM22,16.706a3.343,3.343,0,0,1-1.042,2.488l-1.8,1.789a3.536,3.536,0,0,1-4.988-.025l-2.525-2.537a3.384,3.384,0,0,1-1.017-2.488,3.448,3.448,0,0,1,1.078-2.561l-1.078-1.078a3.434,3.434,0,0,1-2.549,1.078,3.4,3.4,0,0,1-2.5-1.029L3.029,9.794A3.4,3.4,0,0,1,2,7.294,3.343,3.343,0,0,1,3.042,4.806l1.8-1.789A3.384,3.384,0,0,1,7.331,2a3.357,3.357,0,0,1,2.5,1.042l2.525,2.537a3.384,3.384,0,0,1,1.017,2.488,3.448,3.448,0,0,1-1.078,2.561l1.078,1.078a3.551,3.551,0,0,1,5.049-.049l2.549,2.549A3.4,3.4,0,0,1,22,16.706Z\"><\/path><\/svg><\/div><\/div>\n<\/div>\n\n\n\n<div class=\"wp-block-column is-vertically-aligned-center is-layout-flow wp-block-column-is-layout-flow\" style=\"flex-basis:190%\">\n<h4 class=\"wp-block-heading\">Combien \u00e7a co\u00fbte?<\/h4>\n\n\n\n<p>100 FCFA pour deux (02) semaines de service, Renouvellement automatique.100 FCFA pour deux (02) semaines de service, Renouvellement automatique.<\/p>\n<\/div>\n<\/div>","protected":false},"excerpt":{"rendered":"<p>You have lost your phone and are sure you will never be able to get your contacts back? With MTN Save My Contacts, losing a phone will no longer make you lose your contacts. What is it? MTN Save My Contacts&nbsp;is the service for backing up and recovering your contacts without capacity limitation, wherever you&#8230;<\/p>","protected":false},"author":19,"featured_media":0,"parent":16304,"menu_order":0,"comment_status":"closed","ping_status":"closed","template":"templates\/page-contained.php","meta":{"_acf_changed":false,"footnotes":""},"class_list":["post-16676","page","type-page","status-publish","hentry"],"acf":[],"_links":{"self":[{"href":"https:\/\/mtn.cm\/fr\/wp-json\/wp\/v2\/pages\/16676","targetHints":{"allow":["GET"]}}],"collection":[{"href":"https:\/\/mtn.cm\/fr\/wp-json\/wp\/v2\/pages"}],"about":[{"href":"https:\/\/mtn.cm\/fr\/wp-json\/wp\/v2\/types\/page"}],"author":[{"embeddable":true,"href":"https:\/\/mtn.cm\/fr\/wp-json\/wp\/v2\/users\/19"}],"replies":[{"embeddable":true,"href":"https:\/\/mtn.cm\/fr\/wp-json\/wp\/v2\/comments?post=16676"}],"version-history":[{"count":9,"href":"https:\/\/mtn.cm\/fr\/wp-json\/wp\/v2\/pages\/16676\/revisions"}],"predecessor-version":[{"id":17733,"href":"https:\/\/mtn.cm\/fr\/wp-json\/wp\/v2\/pages\/16676\/revisions\/17733"}],"up":[{"embeddable":true,"href":"https:\/\/mtn.cm\/fr\/wp-json\/wp\/v2\/pages\/16304"}],"wp:attachment":[{"href":"https:\/\/mtn.cm\/fr\/wp-json\/wp\/v2\/media?parent=16676"}],"curies":[{"name":"wp","href":"https:\/\/api.w.org\/{rel}","templated":true}]}}