{"id":16669,"date":"2023-10-10T15:16:46","date_gmt":"2023-10-10T15:16:46","guid":{"rendered":"https:\/\/mtn.cm\/?page_id=16669"},"modified":"2024-07-19T07:46:43","modified_gmt":"2024-07-19T07:46:43","slug":"facebook-flex","status":"publish","type":"page","link":"https:\/\/mtn.cm\/fr\/services\/facebook-flex\/","title":{"rendered":"Facebook Flex"},"content":{"rendered":"<div class=\"wp-block-columns are-vertically-aligned-center is-layout-flex wp-container-core-columns-is-layout-28f84493 wp-block-columns-is-layout-flex\">\n<div class=\"wp-block-column is-vertically-aligned-center is-layout-flow wp-block-column-is-layout-flow\">\n<figure class=\"wp-block-image alignwide size-full\"><img loading=\"lazy\" decoding=\"async\" width=\"1013\" height=\"1002\" src=\"https:\/\/mtn.cm\/wp-content\/uploads\/2023\/10\/a-slant_active.png\" alt=\"\" class=\"wp-image-16428\" srcset=\"https:\/\/mtn.cm\/wp-content\/uploads\/2023\/10\/a-slant_active.png 1013w, https:\/\/mtn.cm\/wp-content\/uploads\/2023\/10\/a-slant_active-300x297.png 300w, https:\/\/mtn.cm\/wp-content\/uploads\/2023\/10\/a-slant_active-768x760.png 768w, https:\/\/mtn.cm\/wp-content\/uploads\/2023\/10\/a-slant_active-12x12.png 12w, https:\/\/mtn.cm\/wp-content\/uploads\/2023\/10\/a-slant_active-75x75.png 75w, https:\/\/mtn.cm\/wp-content\/uploads\/2023\/10\/a-slant_active-64x64.png 64w\" sizes=\"auto, (max-width: 1013px) 100vw, 1013px\" \/><\/figure>\n<\/div>\n\n\n\n<div class=\"wp-block-column is-vertically-aligned-center is-layout-flow wp-block-column-is-layout-flow\">\n<p><strong>Qu'est-ce que Facebook Flex (Mode Gratuit) ?<\/strong><\/p>\n\n\n\n<p>Facebook Flex est une version de Facebook qui vous permet de vous connecter \u00e0 Facebook gratuitement, sans aucun changement sur votre compte principal ou votre forfait Internet.<\/p>\n\n\n\n<p>Avec Facebook Flex, vous pouvez lire des publications, commenter, partager et discuter sur Messenger avec vos amis gratuitement. Facebook Flex est le \u00ab\u00a0mode gratuit\u00a0\u00bb de Facebook qui vous donne acc\u00e8s gratuitement \u00e0 tous les contenus de votre r\u00e9seau social pr\u00e9f\u00e9r\u00e9, \u00e0 l'exception des photos et des vid\u00e9os.<\/p>\n\n\n\n<p>Vous pouvez facilement vous d\u00e9sinscrire en passant en mode payant. Votre compte ou votre forfait internet sera alors d\u00e9bit\u00e9. Pour passer du mode gratuit au mode payant et inversement, un simple clic suffit.<\/p>\n\n\n\n<p><strong>Comment opter pour Facebook Flex (Mode Gratuit) ?<\/strong><\/p>\n\n\n\n<p class=\"translation-block\">Si vous n\u2019avez pas l\u2019application Facebook install\u00e9e sur votre t\u00e9l\u00e9phone, composez le *222# et suivez le lien que vous recevrez par SMS.<\/p>\n<\/div>\n<\/div>","protected":false},"excerpt":{"rendered":"<p>What is Facebook Flex (Free Mode) ? Facebook Flex is a version of Facebook that allows you to connect to Facebook for free, without any changes on your main account or your internet bundle. With Facebook Flex, you can read publications, comment, share and chat on Messenger with your friends without being charged. Facebook flex&#8230;<\/p>","protected":false},"author":19,"featured_media":0,"parent":16304,"menu_order":0,"comment_status":"closed","ping_status":"closed","template":"templates\/page-contained.php","meta":{"_acf_changed":false,"footnotes":""},"class_list":["post-16669","page","type-page","status-publish","hentry"],"acf":[],"_links":{"self":[{"href":"https:\/\/mtn.cm\/fr\/wp-json\/wp\/v2\/pages\/16669","targetHints":{"allow":["GET"]}}],"collection":[{"href":"https:\/\/mtn.cm\/fr\/wp-json\/wp\/v2\/pages"}],"about":[{"href":"https:\/\/mtn.cm\/fr\/wp-json\/wp\/v2\/types\/page"}],"author":[{"embeddable":true,"href":"https:\/\/mtn.cm\/fr\/wp-json\/wp\/v2\/users\/19"}],"replies":[{"embeddable":true,"href":"https:\/\/mtn.cm\/fr\/wp-json\/wp\/v2\/comments?post=16669"}],"version-history":[{"count":5,"href":"https:\/\/mtn.cm\/fr\/wp-json\/wp\/v2\/pages\/16669\/revisions"}],"predecessor-version":[{"id":17737,"href":"https:\/\/mtn.cm\/fr\/wp-json\/wp\/v2\/pages\/16669\/revisions\/17737"}],"up":[{"embeddable":true,"href":"https:\/\/mtn.cm\/fr\/wp-json\/wp\/v2\/pages\/16304"}],"wp:attachment":[{"href":"https:\/\/mtn.cm\/fr\/wp-json\/wp\/v2\/media?parent=16669"}],"curies":[{"name":"wp","href":"https:\/\/api.w.org\/{rel}","templated":true}]}}