{"id":16577,"date":"2023-10-09T16:55:55","date_gmt":"2023-10-09T16:55:55","guid":{"rendered":"https:\/\/mtn.cm\/?page_id=16577"},"modified":"2026-04-20T11:00:23","modified_gmt":"2026-04-20T11:00:23","slug":"mtn-prestige","status":"publish","type":"page","link":"https:\/\/mtn.cm\/fr\/services\/mtn-prestige\/","title":{"rendered":"MTN PRESTIGE"},"content":{"rendered":"<div class=\"slideshow-section\">\n        <div class=\"banner-slider slides2\">\n        \n            <div id=\"banner-block_804edba804c74cd467761b2f46ba46d4\" class=\"banner\">\n            <div class=\"banner-section desktop-only alignedTop textLight dark-overlay\" style=\"background:url(https:\/\/mtn.cm\/wp-content\/uploads\/2026\/04\/IMG-20260408-WA0006.jpg-1.jpeg);background-size:cover;background-position:center center;\">\n                    <div class =\"banner-heading-section\">   \n                        <div class=\"heading-section-container\">\n                                                                                              \n                        <\/div> \n                        \n                    <\/div>\n                    <div class=\"banner-cta-section ctaLight\">\n                        <a href=\"https:\/\/mtn.cm\/fr\/offers\/mtn-prestige-bundles\/\"><button>Plus de d\u00e9tails<\/button><\/a>\n                    <\/div>\n            <\/div>\n\n            <div class=\"banner-section mobile-only alignedTop textLight dark-overlay\" style=\"background:url(https:\/\/mtn.cm\/wp-content\/uploads\/2026\/04\/IMG-20260408-WA0006.jpg-1.jpeg);background-size:cover;background-position:center center;\">\n                    <div class =\"banner-heading-section\">   \n                        <div class=\"heading-section-container\">\n                                                                                                <\/div> \n                        \n                    <\/div>\n                    <div class=\"banner-cta-section ctaLight\">\n                        <a href=\"https:\/\/mtn.cm\/fr\/offers\/mtn-prestige-bundles\/\"><button>Plus de d\u00e9tails<\/button><\/a>\n                    <\/div>\n            <\/div>\n\n                <div class=\"banner-divider\">\n                <\/div>\n            <\/div>\n\n            \n            <div id=\"banner-block_804edba804c74cd467761b2f46ba46d4\" class=\"banner\">\n            <div class=\"banner-section desktop-only alignedTop textLight dark-overlay\" style=\"background:url(https:\/\/mtn.cm\/wp-content\/uploads\/2026\/04\/IMG-20260408-WA0007.jpg-2.jpeg);background-size:cover;background-position:center center;\">\n                    <div class =\"banner-heading-section\">   \n                        <div class=\"heading-section-container\">\n                                                                                              \n                        <\/div> \n                        \n                    <\/div>\n                    <div class=\"banner-cta-section ctaLight\">\n                        <a href=\"\"><button>Plus de d\u00e9tails<\/button><\/a>\n                    <\/div>\n            <\/div>\n\n            <div class=\"banner-section mobile-only alignedTop textLight dark-overlay\" style=\"background:url(https:\/\/mtn.cm\/wp-content\/uploads\/2026\/04\/IMG-20260408-WA0007.jpg-2.jpeg);background-size:cover;background-position:center center;\">\n                    <div class =\"banner-heading-section\">   \n                        <div class=\"heading-section-container\">\n                                                                                                <\/div> \n                        \n                    <\/div>\n                    <div class=\"banner-cta-section ctaLight\">\n                        <a href=\"\"><button>Plus de d\u00e9tails<\/button><\/a>\n                    <\/div>\n            <\/div>\n\n                <div class=\"banner-divider\">\n                <\/div>\n            <\/div>\n\n                    <\/div>\n\n    \n         <div class=\"slideshow-dots\"><\/div>\n<\/div>\n\n\n\n\n<div style=\"height:10px\" aria-hidden=\"true\" class=\"wp-block-spacer\"><\/div>\n\n\n\n<p class=\"has-medium-font-size\"><\/p>\n\n\n\n<h2 class=\"wp-block-heading\"><strong>QU'EST-CE QUE MTN PRESTIGE ?<\/strong><\/h2>\n\n\n\n<p>Plus qu\u2019un simple programme de fid\u00e9lit\u00e9, MTN Prestige est un partenaire de toute une vie. Parce que vous n\u2019\u00eates pas juste un client, nous vous accompagnons chaque jour avec des avantages exclusifs qui ajoutent de la valeur \u00e0 votre quotidien.<br>Votre statut de client Prestige vous donne acc\u00e8s \u00e0 jusqu'\u00e0<strong>50 % de r\u00e9duction dans plus de 160 magasins partenaires<\/strong> dans les dix r\u00e9gions du Cameroun.<br>Composez <strong>*123*177# <\/strong>pour v\u00e9rifier votre statut Prestige et d\u00e9couvrir nos partenaires, cliquez ici.<\/p>\n\n\n\n<h2 class=\"wp-block-heading\">LISTE DE NOS PARTENAIRES PRESTIGES<\/h2>\n\n\n\n\n    <div class=\"wp-block-bplugins-custom-html\" id='bPluginsCustomHtml-1'>\n    <div id=\"prestige-app\">\n  <div class=\"pp-band\">\n    <div>\n      <div class=\"pp-band__title\">R\u00e9pertoire des partenaires Prestige<\/div>\n      <div class=\"pp-band__desc\">Profitez de r\u00e9ductions exclusives dans les \u00e9tablissements partenaires de MTN \u00e0 travers le Cameroun.<\/div>\n    <\/div>\n  <\/div>\n\n  <div class=\"pp-statsbar\">\n    <div class=\"pp-statsbar__count\" id=\"pp-stats\"><\/div>\n    <div class=\"pp-tags\" id=\"pp-tags\"><\/div>\n  <\/div>\n  \n  <main class=\"pp-content\">\n    <div id=\"pp-results\"><\/div>\n  <\/main>\n<\/div>    <\/div>\n    \n\n\n\n\n<!--more-->\n\n\n\n<hr class=\"wp-block-separator has-alpha-channel-opacity\"\/>\n\n\n\n<div class=\"wp-block-contact-form-7-contact-form-selector\">\n<div class=\"wpcf7 no-js\" id=\"wpcf7-f25135-o1\" lang=\"en-US\" dir=\"ltr\" data-wpcf7-id=\"25135\">\n<div class=\"screen-reader-response\"><p role=\"status\" aria-live=\"polite\" aria-atomic=\"true\"><\/p> <ul><\/ul><\/div>\n<form action=\"\/fr\/wp-json\/wp\/v2\/pages\/16577#wpcf7-f25135-o1\" method=\"post\" class=\"wpcf7-form init\" aria-label=\"Contact form\" novalidate=\"novalidate\" data-status=\"init\" data-trp-original-action=\"\/fr\/wp-json\/wp\/v2\/pages\/16577#wpcf7-f25135-o1\">\n<fieldset class=\"hidden-fields-container\"><input type=\"hidden\" name=\"_wpcf7\" value=\"25135\" \/><input type=\"hidden\" name=\"_wpcf7_version\" value=\"6.1.5\" \/><input type=\"hidden\" name=\"_wpcf7_locale\" value=\"en_US\" \/><input type=\"hidden\" name=\"_wpcf7_unit_tag\" value=\"wpcf7-f25135-o1\" \/><input type=\"hidden\" name=\"_wpcf7_container_post\" value=\"0\" \/><input type=\"hidden\" name=\"_wpcf7_posted_data_hash\" value=\"\" \/>\n<\/fieldset>\n<div id=\"concert-app\">\n\t<style>\n #concert-app {\n font-family: 'Segoe UI', Tahoma, Geneva, Verdana, sans-serif;\n max-width: 600px;\n margin: 0 auto;\n background: #f9f9f9;\n padding: 20px;\n border-radius: 8px;\n }\n\n .pp-band__title {\n display: inline-block;\n position: relative;\n font-size: 2rem;\n font-weight: 800;\n color: #333;\n margin-bottom: 10px;\n border-bottom: 5px solid #FFCC00;\n padding-bottom: 4px;\n line-height: 1.2;\n }\n\n .pp-band__desc {\n color: #666;\n margin-bottom: 25px;\n font-size: 1.1rem;\n }\n\n #concert-app h3 {\n display: inline-block;\n position: relative;\n font-weight: bold;\n color: #333;\n margin-top: 25px;\n margin-bottom: 15px;\n border-bottom: 4px solid #FFCC00;\n padding-bottom: 4px;\n font-size: 1.3rem;\n }\n\n .pp-statsbar {\n display: flex;\n justify-content: space-between;\n align-items: center;\n background: #eee;\n padding: 10px;\n border-radius: 5px;\n margin-bottom: 20px;\n font-size: 0.9rem;\n }\n\n .pp-tags span {\n background: #333;\n color: #fff;\n padding: 2px 8px;\n border-radius: 12px;\n font-size: 0.75rem;\n margin-left: 5px;\n }\n\n #concert-app input[type=\"text\"],\n #concert-app input[type=\"tel\"],\n #concert-app select {\n width: 100% !important;\n padding: 14px 15px;\n margin: 8px 0 18px 0;\n border: 1px solid #ccc;\n border-radius: 6px;\n display: block;\n box-sizing: border-box;\n font-size: 1rem;\n }\n\n #concert-app label {\n font-weight: 600;\n color: #444;\n }\n\n .pp-accompagnant {\n background: #fff;\n padding: 15px;\n border-left: 5px solid #FFCC00;\n margin-bottom: 15px;\n box-shadow: 0 2px 4px rgba(0,0,0,0.05);\n }\n\n .pp-radio {\n display: flex;\n flex-direction: column;\n gap: 10px;\n margin-bottom: 20px;\n background: #fff;\n padding: 10px;\n border-radius: 6px;\n }\n\n #concert-app input[type=\"submit\"] {\n background-color: #FFCC00;\n color: #000;\n border: none;\n padding: 18px;\n width: 100%;\n font-weight: bold;\n font-size: 1.2rem;\n border-radius: 6px;\n cursor: pointer;\n transition: background 0.3s;\n text-transform: uppercase;\n }\n\n #concert-app input[type=\"submit\"]:hover {\n background-color: #e6b800;\n }\n\t<\/style>\n\t<div class=\"pp-band\">\n\t\t<div>\n\t\t\t<div class=\"pp-band__title\">\n\t\t\t\t<p>MTN MOVIE PREMIERE\n\t\t\t\t<\/p>\n\t\t\t<\/div>\n\t\t\t<div class=\"pp-band__desc\">\n\t\t\t\t<p>MTN vous offre en exclusivit\u00e9 le film \u00ab Le Diable s\u2019Habille en Prada 2 \u00bb ce mercredi 29 avril \u00e0 19h30, dans les salles de cin\u00e9ma MAJESTIC \u00e0 Douala &amp; Yaound\u00e9.<br \/>\nR\u00e9servez vos places d\u00e8s maintenant et pr\u00e9parez votre tenue de boss la plus chic pour le tapis rouge !\n\t\t\t\t<\/p>\n\t\t\t<\/div>\n\t\t<\/div>\n\t<\/div>\n\t<div class=\"pp-statsbar\">\n\t\t<div class=\"pp-statsbar__count\">\n\t\t\t<p>R\u00e9servez maintenant\n\t\t\t<\/p>\n\t\t<\/div>\n\t\t<div class=\"pp-tags\">\n\t\t\t<p><span>Places limit\u00e9es<\/span>\n\t\t\t<\/p>\n\t\t<\/div>\n\t<\/div>\n\t<main class=\"pp-content\">\n\t\t<div class=\"pp-form-container\">\n\t\t\t<div class=\"pp-form\">\n\t\t\t\t<p><label>Nom<\/label><br \/>\n<span class=\"wpcf7-form-control-wrap\" data-name=\"nom\"><input size=\"40\" maxlength=\"400\" class=\"wpcf7-form-control wpcf7-text wpcf7-validates-as-required\" aria-required=\"true\" aria-invalid=\"false\" value=\"\" type=\"text\" name=\"nom\" \/><\/span>\n\t\t\t\t<\/p>\n\t\t\t\t<p><label>Pr\u00e9nom<\/label><br \/>\n<span class=\"wpcf7-form-control-wrap\" data-name=\"prenom\"><input size=\"40\" maxlength=\"400\" class=\"wpcf7-form-control wpcf7-text wpcf7-validates-as-required\" aria-required=\"true\" aria-invalid=\"false\" value=\"\" type=\"text\" name=\"prenom\" \/><\/span>\n\t\t\t\t<\/p>\n\t\t\t\t<p><label>T\u00e9l\u00e9phone<\/label><br \/>\n<span class=\"wpcf7-form-control-wrap\" data-name=\"telephone\"><input size=\"40\" maxlength=\"400\" class=\"wpcf7-form-control wpcf7-tel wpcf7-validates-as-required wpcf7-text wpcf7-validates-as-tel\" aria-required=\"true\" aria-invalid=\"false\" placeholder=\"Num\u00e9ro de t\u00e9l\u00e9phone\" value=\"\" type=\"tel\" name=\"telephone\" \/><\/span>\n\t\t\t\t<\/p>\n\t\t\t\t<p><label>Choix de la salle<\/label>\n\t\t\t\t<\/p>\n\t\t\t\t<div class=\"pp-radio\">\n\t\t\t\t\t<p><label><input type=\"radio\" name=\"salle\" value=\"Douala\" required \/> Majestic Douala - Bessengue<\/label><br \/>\n<label><input type=\"radio\" name=\"salle\" value=\"Yaounde\" required \/> Majestic Yaounde - Yaound\u00e9 1<\/label>\n\t\t\t\t\t<\/p>\n\t\t\t\t<\/div>\n\t\t\t\t<h3>Guests\n\t\t\t\t<\/h3>\n\t\t\t\t<div class=\"pp-accompagnant\">\n\t\t\t\t\t<p><label>Accompagnant 1 - Nom &amp; Pr\u00e9nom<\/label><br \/>\n<span class=\"wpcf7-form-control-wrap\" data-name=\"acc1_nom\"><input size=\"40\" maxlength=\"400\" class=\"wpcf7-form-control wpcf7-text\" aria-invalid=\"false\" value=\"\" type=\"text\" name=\"acc1_nom\" \/><\/span><br \/>\n<label>T\u00e9l\u00e9phone<\/label><br \/>\n<span class=\"wpcf7-form-control-wrap\" data-name=\"acc1_tel\"><input size=\"40\" maxlength=\"400\" class=\"wpcf7-form-control wpcf7-tel wpcf7-text wpcf7-validates-as-tel\" aria-invalid=\"false\" placeholder=\"Num\u00e9ro de t\u00e9l\u00e9phone\" value=\"\" type=\"tel\" name=\"acc1_tel\" \/><\/span>\n\t\t\t\t\t<\/p>\n\t\t\t\t<\/div>\n\t\t\t\t<div class=\"pp-accompagnant\">\n\t\t\t\t\t<p><label>Accompagnant 2 - Nom &amp; Pr\u00e9nom<\/label><br \/>\n<span class=\"wpcf7-form-control-wrap\" data-name=\"acc2_nom\"><input size=\"40\" maxlength=\"400\" class=\"wpcf7-form-control wpcf7-text\" aria-invalid=\"false\" value=\"\" type=\"text\" name=\"acc2_nom\" \/><\/span><br \/>\n<label>T\u00e9l\u00e9phone<\/label><br \/>\n<span class=\"wpcf7-form-control-wrap\" data-name=\"acc2_tel\"><input size=\"40\" maxlength=\"400\" class=\"wpcf7-form-control wpcf7-tel wpcf7-text wpcf7-validates-as-tel\" aria-invalid=\"false\" placeholder=\"Num\u00e9ro de t\u00e9l\u00e9phone\" value=\"\" type=\"tel\" name=\"acc2_tel\" \/><\/span>\n\t\t\t\t\t<\/p>\n\t\t\t\t<\/div>\n\t\t\t\t<p><input class=\"wpcf7-form-control wpcf7-submit has-spinner\" type=\"submit\" value=\"Valider l&#039;inscription\" \/>\n\t\t\t\t<\/p>\n\t\t\t<\/div>\n\t\t<\/div>\n\t<\/main>\n<\/div><div class=\"wpcf7-response-output\" aria-hidden=\"true\"><\/div>\n<input type=\"hidden\" name=\"trp-form-language\" value=\"fr\"\/><\/form>\n<\/div>\n<\/div>\n\n\n\n<p><\/p>\n\n\n\n<h2 class=\"wp-block-heading\"><strong>QUELS SONT LES FORFAITS MTN PRESTIGE\u00a0?<\/strong><\/h2>\n\n\n\n<p>Access the MTN PRESTIGE all-in-one packages by entering the code <strong>*211#<\/strong><\/p>\n\n\n\n<h2 class=\"wp-block-heading translation-block\"><em>PRESTIGE TALK<\/em> pour ceux qui pr\u00e9f\u00e8rent plus de temps de conversation.<\/h2>\n\n\n\n<p><\/p>\n\n\n\n<table id=\"tablepress-69\" class=\"tablepress tablepress-id-69\">\n<thead>\n<tr class=\"row-1\">\n\t<th class=\"column-1\">Validit\u00e9<\/th><th class=\"column-2\">Frais<\/th><th colspan=\"2\" class=\"column-3\">Allocation<\/th>\n<\/tr>\n<\/thead>\n<tbody class=\"row-striping row-hover\">\n<tr class=\"row-2\">\n\t<td class=\"column-1\"><\/td><td class=\"column-2\"><\/td><td class=\"column-3\">VOIX ET SMS<\/td><td class=\"column-4\">LES DONN\u00c9ES<\/td>\n<\/tr>\n<tr class=\"row-3\">\n\t<td class=\"column-1\">JOUR<\/td><td class=\"column-2\">500<\/td><td class=\"column-3\">2,000<\/td><td class=\"column-4\">50 Mo<\/td>\n<\/tr>\n<tr class=\"row-4\">\n\t<td class=\"column-1\">SEMAINE<\/td><td class=\"column-2\">1,000<\/td><td class=\"column-3\">4,000<\/td><td class=\"column-4\">75MB<\/td>\n<\/tr>\n<tr class=\"row-5\">\n\t<td class=\"column-1\">SEMAINE<\/td><td class=\"column-2\">1,500<\/td><td class=\"column-3\">6,500<\/td><td class=\"column-4\">100 Mo<\/td>\n<\/tr>\n<tr class=\"row-6\">\n\t<td class=\"column-1\">MOIS<\/td><td class=\"column-2\">3,000<\/td><td class=\"column-3\">10,000<\/td><td class=\"column-4\">100 Mo<\/td>\n<\/tr>\n<tr class=\"row-7\">\n\t<td class=\"column-1\">MOIS<\/td><td class=\"column-2\">5,000<\/td><td class=\"column-3\">20,000<\/td><td class=\"column-4\">250MB<\/td>\n<\/tr>\n<tr class=\"row-8\">\n\t<td class=\"column-1\">MOIS<\/td><td class=\"column-2\">10,000<\/td><td class=\"column-3\">40,000<\/td><td class=\"column-4\">500MB<\/td>\n<\/tr>\n<tr class=\"row-9\">\n\t<td class=\"column-1\">MOIS<\/td><td class=\"column-2\">20,000<\/td><td class=\"column-3\">90,000<\/td><td class=\"column-4\">1 Go<\/td>\n<\/tr>\n<tr class=\"row-10\">\n\t<td class=\"column-1\">MOIS<\/td><td class=\"column-2\">35,000<\/td><td class=\"column-3\">130,000<\/td><td class=\"column-4\">1.5GB<\/td>\n<\/tr>\n<\/tbody>\n<\/table>\n<!-- #tablepress-69 from cache -->\n\n\n<p><\/p>\n\n\n\n<h2 class=\"wp-block-heading translation-block\"><em>PRESTIGE MIX<\/em> pour ceux qui pr\u00e9f\u00e8rent la libert\u00e9 sur Internet<\/h2>\n\n\n\n<p><\/p>\n\n\n\n<table id=\"tablepress-70\" class=\"tablepress tablepress-id-70\">\n<thead>\n<tr class=\"row-1\">\n\t<th class=\"column-1\">Validit\u00e9<\/th><th class=\"column-2\">Frais<\/th><th colspan=\"2\" class=\"column-3\">Allocation<\/th>\n<\/tr>\n<\/thead>\n<tbody class=\"row-striping row-hover\">\n<tr class=\"row-2\">\n\t<td class=\"column-1\"><\/td><td class=\"column-2\"><\/td><td class=\"column-3\">VOIX ET SMS<\/td><td class=\"column-4\">LES DONN\u00c9ES<\/td>\n<\/tr>\n<tr class=\"row-3\">\n\t<td class=\"column-1\">JOUR<\/td><td class=\"column-2\">500<\/td><td class=\"column-3\">1,500<\/td><td class=\"column-4\">100 Mo<\/td>\n<\/tr>\n<tr class=\"row-4\">\n\t<td class=\"column-1\">SEMAINE<\/td><td class=\"column-2\">1,000<\/td><td class=\"column-3\">3,000<\/td><td class=\"column-4\">150MB<\/td>\n<\/tr>\n<tr class=\"row-5\">\n\t<td class=\"column-1\">SEMAINE<\/td><td class=\"column-2\">1,500<\/td><td class=\"column-3\">5,000<\/td><td class=\"column-4\">300 Mo<\/td>\n<\/tr>\n<tr class=\"row-6\">\n\t<td class=\"column-1\">MOIS<\/td><td class=\"column-2\">3,000<\/td><td class=\"column-3\">8,000<\/td><td class=\"column-4\">500MB<\/td>\n<\/tr>\n<tr class=\"row-7\">\n\t<td class=\"column-1\">MOIS<\/td><td class=\"column-2\">5,000<\/td><td class=\"column-3\">15,000<\/td><td class=\"column-4\">1 Go<\/td>\n<\/tr>\n<tr class=\"row-8\">\n\t<td class=\"column-1\">MOIS<\/td><td class=\"column-2\">10,000<\/td><td class=\"column-3\">32,000<\/td><td class=\"column-4\">1.2GB<\/td>\n<\/tr>\n<tr class=\"row-9\">\n\t<td class=\"column-1\">MOIS<\/td><td class=\"column-2\">20,000<\/td><td class=\"column-3\">65,000<\/td><td class=\"column-4\">3Go<\/td>\n<\/tr>\n<tr class=\"row-10\">\n\t<td class=\"column-1\">MOIS<\/td><td class=\"column-2\">35,000<\/td><td class=\"column-3\">110,000<\/td><td class=\"column-4\">7GB<\/td>\n<\/tr>\n<\/tbody>\n<\/table>\n<!-- #tablepress-70 from cache -->\n\n\n<h2 class=\"wp-block-heading\">Chaque forfait Prestige vous offre la libert\u00e9 de passer des appels internationaux gr\u00e2ce \u00e0 votre forfait Voix et SMS. Les tarifs internationaux sont les suivants\u00a0:<\/h2>\n\n\n\n<table id=\"tablepress-71\" class=\"tablepress tablepress-id-71\">\n<thead>\n<tr class=\"row-1\">\n\t<th class=\"column-1\">DESTINATION<\/th><th class=\"column-2\">TARIFF PER SECONDE<\/th>\n<\/tr>\n<\/thead>\n<tbody class=\"row-striping row-hover\">\n<tr class=\"row-2\">\n\t<td class=\"column-1\">NIGERIA<\/td><td class=\"column-2\">5.361U<\/td>\n<\/tr>\n<tr class=\"row-3\">\n\t<td class=\"column-1\">WEST AFRICA<\/td><td class=\"column-2\">15U<\/td>\n<\/tr>\n<tr class=\"row-4\">\n\t<td class=\"column-1\">EUROPE<\/td><td class=\"column-2\">8U<\/td>\n<\/tr>\n<tr class=\"row-5\">\n\t<td class=\"column-1\">AMERICA, ASIA &amp; MIDDLE EAST<\/td><td class=\"column-2\">3U<\/td>\n<\/tr>\n<tr class=\"row-6\">\n\t<td class=\"column-1\">CENTRAL AFRICA<\/td><td class=\"column-2\">15.315U<\/td>\n<\/tr>\n<tr class=\"row-7\">\n\t<td class=\"column-1\">SOUTH AND EAST AFRICA<\/td><td class=\"column-2\">13.875U<\/td>\n<\/tr>\n<\/tbody>\n<\/table>\n<!-- #tablepress-71 from cache -->\n\n\n<h1 class=\"wp-block-heading has-sunshine-yellow-background-color has-background has-medium-font-size\"><a href=\"https:\/\/mtn.cm\/fr\/offers\/mtn-prestige-bundles\/\" data-type=\"page\" data-id=\"19327\"><mark style=\"background-color:rgba(0, 0, 0, 0)\" class=\"has-inline-color has-black-color\">Qu'est-ce que le forfait Prestige de MTN ?<\/mark><\/a><\/h1>\n\n\n\n<p>MTN Prestige est la nouvelle offre con\u00e7ue pour les clients en qu\u00eate de simplicit\u00e9 et de flexibilit\u00e9. Rempla\u00e7ant MTN Go et MTN Magic, elle propose des forfaits tout-en-un qui s'adaptent \u00e0 leurs habitudes de consommation, leur permettant de choisir entre la chaleur de la voix (Talk) et la libert\u00e9 des donn\u00e9es (Mix).<\/p>\n\n\n\n<p>Les forfaits MTN Prestige permettent aux clients de passer des appels locaux et internationaux directement \u00e0 partir de leur allocation de forfait.&nbsp;<\/p>\n\n\n\n<p>Les diff\u00e9rents forfaits et leur validit\u00e9 sont r\u00e9sum\u00e9s dans le tableau ci-dessous.<\/p>\n\n\n\n<p><\/p>\n\n\n\n<figure class=\"wp-block-image size-large\"><img loading=\"lazy\" decoding=\"async\" width=\"1024\" height=\"261\" src=\"https:\/\/mtn.cm\/wp-content\/uploads\/2025\/01\/Picture1-1024x261.png\" alt=\"\" class=\"wp-image-19225\" srcset=\"https:\/\/mtn.cm\/wp-content\/uploads\/2025\/01\/Picture1-1024x261.png 1024w, https:\/\/mtn.cm\/wp-content\/uploads\/2025\/01\/Picture1-300x76.png 300w, https:\/\/mtn.cm\/wp-content\/uploads\/2025\/01\/Picture1-768x196.png 768w, https:\/\/mtn.cm\/wp-content\/uploads\/2025\/01\/Picture1-18x5.png 18w, https:\/\/mtn.cm\/wp-content\/uploads\/2025\/01\/Picture1-75x19.png 75w, https:\/\/mtn.cm\/wp-content\/uploads\/2025\/01\/Picture1-64x16.png 64w, https:\/\/mtn.cm\/wp-content\/uploads\/2025\/01\/Picture1.png 1280w\" sizes=\"auto, (max-width: 1024px) 100vw, 1024px\" \/><\/figure>\n\n\n\n<h1 class=\"wp-block-heading has-medium-font-size\">How to subscribe to an MTN Prestige Plan?<\/h1>\n\n\n\n<p><br>To buy your MTN Prestige bundle, dial <strong>*211#.<\/strong><\/p>\n\n\n\n<h1 class=\"wp-block-heading has-medium-font-size\">Suis-je \u00e9ligible aux forfaits MTN Prestige ?<\/h1>\n\n\n\n<ul class=\"wp-block-list\">\n<li>Tous les clients pr\u00e9pay\u00e9s peuvent acc\u00e9der aux forfaits MTN Prestige. Plus pr\u00e9cis\u00e9ment, les clients des forfaits Go, Extra et Pro Control.<\/li>\n\n\n\n<li>Les nouveaux abonn\u00e9s sont automatiquement \u00e9ligibles apr\u00e8s l'activation de la carte SIM.<\/li>\n<\/ul>\n\n\n\n<h1 class=\"wp-block-heading has-medium-font-size\">Comment choisir mon forfait Prestige ?<\/h1>\n\n\n\n<p>Le forfait MTN Prestige propose deux types de forfaits :<\/p>\n\n\n\n<ul class=\"wp-block-list\">\n<li>Prestige Talk | Con\u00e7u pour ceux qui appr\u00e9cient la chaleur de la voix. Ils offrent plus de temps de conversation sur tous les r\u00e9seaux, au m\u00eame prix avantageux.<\/li>\n\n\n\n<li>Prestige Talk | Con\u00e7u pour ceux qui appr\u00e9cient la chaleur de la voix. Ils offrent plus de temps de conversation sur tous les r\u00e9seaux, au m\u00eame prix avantageux.&nbsp;<\/li>\n<\/ul>\n\n\n\n<table id=\"tablepress-72\" class=\"tablepress tablepress-id-72\">\n<thead>\n<tr class=\"row-1\">\n\t<td class=\"column-1\"><\/td><th class=\"column-2\">Discussion de prestige<\/th><th class=\"column-3\">Surf Prestige<\/th>\n<\/tr>\n<\/thead>\n<tbody class=\"row-striping row-hover\">\n<tr class=\"row-2\">\n\t<td class=\"column-1\">Quelle est votre pr\u00e9f\u00e9rence ?<\/td><td class=\"column-2\">Plus de temps de parole local et international<\/td><td class=\"column-3\">La libert\u00e9 de faire d\u00e9filer encore et encore\u2026<\/td>\n<\/tr>\n<\/tbody>\n<\/table>\n<!-- #tablepress-72 from cache -->\n\n\n<p><\/p>\n\n\n\n<figure class=\"wp-block-table\"><table class=\"has-fixed-layout\"><tbody><tr><td><strong>Quel est le prix des offres ?<\/strong><strong><\/strong><\/td><td>Les prix varient de 500U \u00e0 35\u00a0000. Les forfaits les plus populaires sont\u00a0: 500U valable 24\u00a0heures, 1\u00a0500U valable 7\u00a0jours et 5\u00a0000U valable 30\u00a0jours.<\/td><\/tr><tr><td><strong>Plus d'avantages <\/strong><strong><\/strong><\/td><td>\u2013 Appels locaux et internationaux avec la capacit\u00e9 vocale de votre forfait  \n\u2013 \u00c0 partir de 5 000U, profitez d'un essai de 3 mois sur MTN TV<\/td><\/tr><\/tbody><\/table><\/figure>\n\n\n\n<h1 class=\"wp-block-heading has-medium-font-size\">Comment v\u00e9rifier le solde de votre forfait Prestige ? <strong><em><\/em><\/strong><\/h1>\n\n\n\n<p>To check the balance of your MTN Prestige bundle, just dial <strong>*211*99#<\/strong><\/p>\n\n\n\n<h1 class=\"wp-block-heading has-medium-font-size\">Qu'en est-il de Go Plan\/Magic ?<\/h1>\n\n\n\n<p>Go Plan et Magic ont \u00e9t\u00e9 remplac\u00e9s par les plans MTN Prestige qui sont plus simples, plus flexibles et plus VOUS.<\/p>\n\n\n\n<h2 class=\"wp-block-heading\"><\/h2>\n\n\n<div id=\"section-heading-block_6dd54f238bfbdd1e412ee6fa947a5a70\" class=\"section-heading has-text-align-left\">\n<div class=\"mtn-section\">\n<h3 class=\"mtn-heading size- section-heading\"><\/h3>\n<\/div>\n<\/div>","protected":false},"excerpt":{"rendered":"<p>WHAT IS MTN PRESTIGE? More than just a loyalty program, MTN Prestige is a lifelong partner. Because you\u2019re not just a customer, we support you every day with exclusive benefits that add value to your daily life.Your Prestige customer status gives you access to up to 50% off at over 160 partner shops across Cameroon\u2019s&#8230;<\/p>","protected":false},"author":19,"featured_media":0,"parent":16304,"menu_order":0,"comment_status":"closed","ping_status":"closed","template":"templates\/page-contained.php","meta":{"_acf_changed":false,"footnotes":""},"class_list":["post-16577","page","type-page","status-publish","hentry"],"acf":[],"_links":{"self":[{"href":"https:\/\/mtn.cm\/fr\/wp-json\/wp\/v2\/pages\/16577","targetHints":{"allow":["GET"]}}],"collection":[{"href":"https:\/\/mtn.cm\/fr\/wp-json\/wp\/v2\/pages"}],"about":[{"href":"https:\/\/mtn.cm\/fr\/wp-json\/wp\/v2\/types\/page"}],"author":[{"embeddable":true,"href":"https:\/\/mtn.cm\/fr\/wp-json\/wp\/v2\/users\/19"}],"replies":[{"embeddable":true,"href":"https:\/\/mtn.cm\/fr\/wp-json\/wp\/v2\/comments?post=16577"}],"version-history":[{"count":149,"href":"https:\/\/mtn.cm\/fr\/wp-json\/wp\/v2\/pages\/16577\/revisions"}],"predecessor-version":[{"id":25187,"href":"https:\/\/mtn.cm\/fr\/wp-json\/wp\/v2\/pages\/16577\/revisions\/25187"}],"up":[{"embeddable":true,"href":"https:\/\/mtn.cm\/fr\/wp-json\/wp\/v2\/pages\/16304"}],"wp:attachment":[{"href":"https:\/\/mtn.cm\/fr\/wp-json\/wp\/v2\/media?parent=16577"}],"curies":[{"name":"wp","href":"https:\/\/api.w.org\/{rel}","templated":true}]}}