{"id":16536,"date":"2023-10-09T16:13:50","date_gmt":"2023-10-09T16:13:50","guid":{"rendered":"https:\/\/mtn.cm\/?page_id=16536"},"modified":"2025-06-11T09:20:24","modified_gmt":"2025-06-11T09:20:24","slug":"momo-app","status":"publish","type":"page","link":"https:\/\/mtn.cm\/fr\/apps\/momo-app\/","title":{"rendered":"MTN MoMo App"},"content":{"rendered":"<div class=\"wp-block-columns is-layout-flex wp-container-core-columns-is-layout-28f84493 wp-block-columns-is-layout-flex\">\n<div class=\"wp-block-column is-layout-flow wp-block-column-is-layout-flow\">\n<figure class=\"wp-block-image aligncenter size-large is-resized\"><img loading=\"lazy\" decoding=\"async\" width=\"1024\" height=\"812\" src=\"https:\/\/mtn.cm\/wp-content\/uploads\/2023\/10\/Icon_MoMo-1-1024x812.png\" alt=\"\" class=\"wp-image-16250\" style=\"width:456px;height:361px\"\/><\/figure>\n<\/div>\n\n\n\n<div class=\"wp-block-column is-layout-flow wp-block-column-is-layout-flow\">\n<div class=\"wp-block-columns alignwide are-vertically-aligned-bottom is-layout-flex wp-container-core-columns-is-layout-28f84493 wp-block-columns-is-layout-flex\">\n<div class=\"wp-block-column is-vertically-aligned-bottom is-layout-flow wp-block-column-is-layout-flow\" style=\"flex-basis:100%\">\n<p><strong>Qu'est-ce que l'application MoMo<\/strong> <strong>?<\/strong><\/p>\n\n\n\n<p>Bienvenue dans un monde de services adapt\u00e9s \u00e0 tous les besoins. Avec MTN MoMo, rechargez votre cr\u00e9dit, achetez des forfaits, payez vos factures et bien plus encore. Tout est r\u00e9uni au m\u00eame endroit. G\u00e9rez votre argent mobile en toute simplicit\u00e9 avec MTN MoMo. MTN MoMo offre \u00e0 ses abonn\u00e9s un meilleur contr\u00f4le sur leurs services d'argent mobile, leur permettant d'acc\u00e9der aux services MTN et de r\u00e9soudre leurs probl\u00e8mes sans avoir \u00e0 contacter un conseiller.<\/p>\n\n\n\n<p class=\"translation-block\">Comment t\u00e9l\u00e9charger MTN MoMo\u00a0? Vous pouvez acc\u00e9der \u00e0 l'application mobile sur Google Play Store ou iOS. Vous pouvez \u00e9galement appuyer sur le bouton mobile de votre application myMTN Cameroun pour \u00eatre redirig\u00e9.<\/p>\n<\/div>\n<\/div>\n\n\n\n<div class=\"wp-block-columns is-layout-flex wp-container-core-columns-is-layout-28f84493 wp-block-columns-is-layout-flex\">\n<div class=\"wp-block-column is-layout-flow wp-block-column-is-layout-flow\">\n<figure class=\"wp-block-image size-large\"><a href=\"https:\/\/play.google.com\/store\/apps\/details?id=mtnft.momo.consumer\"><img loading=\"lazy\" decoding=\"async\" width=\"1024\" height=\"296\" src=\"http:\/\/mtn.cm\/wp-content\/uploads\/2024\/03\/Google-Play-4-1024x296.png\" alt=\"\" class=\"wp-image-17279\" srcset=\"https:\/\/mtn.cm\/wp-content\/uploads\/2024\/03\/Google-Play-4-1024x296.png 1024w, https:\/\/mtn.cm\/wp-content\/uploads\/2024\/03\/Google-Play-4-300x87.png 300w, https:\/\/mtn.cm\/wp-content\/uploads\/2024\/03\/Google-Play-4-768x222.png 768w, https:\/\/mtn.cm\/wp-content\/uploads\/2024\/03\/Google-Play-4-18x5.png 18w, https:\/\/mtn.cm\/wp-content\/uploads\/2024\/03\/Google-Play-4-75x22.png 75w, https:\/\/mtn.cm\/wp-content\/uploads\/2024\/03\/Google-Play-4-64x18.png 64w, https:\/\/mtn.cm\/wp-content\/uploads\/2024\/03\/Google-Play-4.png 1080w\" sizes=\"auto, (max-width: 1024px) 100vw, 1024px\" \/><\/a><\/figure>\n<\/div>\n\n\n\n<div class=\"wp-block-column is-layout-flow wp-block-column-is-layout-flow\">\n<figure class=\"wp-block-image size-large\"><a href=\" https:\/\/apps.apple.com\/us\/app\/momo-app\/id6532622230\"><img loading=\"lazy\" decoding=\"async\" width=\"1024\" height=\"296\" src=\"http:\/\/mtn.cm\/wp-content\/uploads\/2024\/03\/App-Store-10-1024x296.png\" alt=\"\" class=\"wp-image-17278\" srcset=\"https:\/\/mtn.cm\/wp-content\/uploads\/2024\/03\/App-Store-10-1024x296.png 1024w, https:\/\/mtn.cm\/wp-content\/uploads\/2024\/03\/App-Store-10-300x87.png 300w, https:\/\/mtn.cm\/wp-content\/uploads\/2024\/03\/App-Store-10-768x222.png 768w, https:\/\/mtn.cm\/wp-content\/uploads\/2024\/03\/App-Store-10-18x5.png 18w, https:\/\/mtn.cm\/wp-content\/uploads\/2024\/03\/App-Store-10-75x22.png 75w, https:\/\/mtn.cm\/wp-content\/uploads\/2024\/03\/App-Store-10-64x18.png 64w, https:\/\/mtn.cm\/wp-content\/uploads\/2024\/03\/App-Store-10.png 1080w\" sizes=\"auto, (max-width: 1024px) 100vw, 1024px\" \/><\/a><\/figure>\n<\/div>\n<\/div>\n<\/div>\n<\/div>","protected":false},"excerpt":{"rendered":"<p>What is MoMo app ? Welcome to the world of services to suit everyone&#8217;s needs. With MTN MoMo you can topup airtime, purchase bundles, pay your bills and much more. It&#8217;s everything you need, all in one place. Manage your mobile money the easy way with MTN MoMo. MTN MoMo give to subscribers greater control&#8230;<\/p>","protected":false},"author":19,"featured_media":0,"parent":13303,"menu_order":0,"comment_status":"closed","ping_status":"closed","template":"templates\/page-contained.php","meta":{"_acf_changed":false,"footnotes":""},"class_list":["post-16536","page","type-page","status-publish","hentry"],"acf":[],"_links":{"self":[{"href":"https:\/\/mtn.cm\/fr\/wp-json\/wp\/v2\/pages\/16536","targetHints":{"allow":["GET"]}}],"collection":[{"href":"https:\/\/mtn.cm\/fr\/wp-json\/wp\/v2\/pages"}],"about":[{"href":"https:\/\/mtn.cm\/fr\/wp-json\/wp\/v2\/types\/page"}],"author":[{"embeddable":true,"href":"https:\/\/mtn.cm\/fr\/wp-json\/wp\/v2\/users\/19"}],"replies":[{"embeddable":true,"href":"https:\/\/mtn.cm\/fr\/wp-json\/wp\/v2\/comments?post=16536"}],"version-history":[{"count":17,"href":"https:\/\/mtn.cm\/fr\/wp-json\/wp\/v2\/pages\/16536\/revisions"}],"predecessor-version":[{"id":20759,"href":"https:\/\/mtn.cm\/fr\/wp-json\/wp\/v2\/pages\/16536\/revisions\/20759"}],"up":[{"embeddable":true,"href":"https:\/\/mtn.cm\/fr\/wp-json\/wp\/v2\/pages\/13303"}],"wp:attachment":[{"href":"https:\/\/mtn.cm\/fr\/wp-json\/wp\/v2\/media?parent=16536"}],"curies":[{"name":"wp","href":"https:\/\/api.w.org\/{rel}","templated":true}]}}