{"id":16480,"date":"2023-10-09T15:12:10","date_gmt":"2023-10-09T15:12:10","guid":{"rendered":"https:\/\/mtn.cm\/?page_id=16480"},"modified":"2025-05-23T13:45:55","modified_gmt":"2025-05-23T13:45:55","slug":"esim","status":"publish","type":"page","link":"https:\/\/mtn.cm\/fr\/services\/esim\/","title":{"rendered":"eSIM"},"content":{"rendered":"<div class=\"wp-block-columns are-vertically-aligned-center is-layout-flex wp-container-core-columns-is-layout-28f84493 wp-block-columns-is-layout-flex\">\n<div class=\"wp-block-column is-vertically-aligned-center is-layout-flow wp-block-column-is-layout-flow\">\n<figure class=\"wp-block-image size-large\"><img loading=\"lazy\" decoding=\"async\" width=\"1024\" height=\"1024\" src=\"https:\/\/mtn.cm\/wp-content\/uploads\/2023\/10\/1080x1080-SIM-3-1024x1024.png\" alt=\"\" class=\"wp-image-16645\" srcset=\"https:\/\/mtn.cm\/wp-content\/uploads\/2023\/10\/1080x1080-SIM-3-1024x1024.png 1024w, https:\/\/mtn.cm\/wp-content\/uploads\/2023\/10\/1080x1080-SIM-3-300x300.png 300w, https:\/\/mtn.cm\/wp-content\/uploads\/2023\/10\/1080x1080-SIM-3-150x150.png 150w, https:\/\/mtn.cm\/wp-content\/uploads\/2023\/10\/1080x1080-SIM-3-768x768.png 768w, https:\/\/mtn.cm\/wp-content\/uploads\/2023\/10\/1080x1080-SIM-3-12x12.png 12w, https:\/\/mtn.cm\/wp-content\/uploads\/2023\/10\/1080x1080-SIM-3-75x75.png 75w, https:\/\/mtn.cm\/wp-content\/uploads\/2023\/10\/1080x1080-SIM-3-64x64.png 64w, https:\/\/mtn.cm\/wp-content\/uploads\/2023\/10\/1080x1080-SIM-3.png 1080w\" sizes=\"auto, (max-width: 1024px) 100vw, 1024px\" \/><\/figure>\n<\/div>\n\n\n\n<div class=\"wp-block-column is-vertically-aligned-center is-layout-flow wp-block-column-is-layout-flow\">\n<p class=\"has-medium-font-size\"><strong>What is an eSIM?<\/strong><\/p>\n\n\n\n<p class=\"translation-block\">Une \u00ab\u00a0SIM int\u00e9gr\u00e9e\u00a0\u00bb ou eSIM est une carte SIM virtuelle int\u00e9gr\u00e9e \u00e0 un appareil mobile qui connecte un client \u00e0 un op\u00e9rateur proposant des services eSIM. Son fonctionnement est identique \u00e0 celui d'une carte SIM traditionnelle, mais vous n'avez pas besoin d'une carte SIM physique pour l'utiliser.<\/p>\n\n\n\n<p class=\"has-medium-font-size\"><strong>Quels sont les avantages ?<\/strong><\/p>\n\n\n\n<ul class=\"wp-block-list\">\n<li>Un processus d\u2019int\u00e9gration rapide, simple et enti\u00e8rement num\u00e9rique ;<\/li>\n\n\n\n<li>L'avantage d'avoir plusieurs num\u00e9ros de t\u00e9l\u00e9phone : Vous pouvez avoir plusieurs num\u00e9ros de t\u00e9l\u00e9phone sur un m\u00eame appareil ;<\/li>\n<\/ul>\n\n\n\n<p class=\"has-medium-font-size\"><strong>Admissibilit\u00e9<\/strong><\/p>\n\n\n\n<p class=\"translation-block\">L'eSIM est disponible pour tous les clients MTNC qui poss\u00e8dent un appareil compatible eSIM.<\/p>\n\n\n\n<p class=\"translation-block\">Cliquez <a href=\"https:\/\/vietnamesim.com\/esim-compatible-devices\/\" target=\"_self\">ici <\/a> pour voir la liste des appareils compatibles.<\/p>\n<\/div>\n<\/div>\n\n\n\n<div class=\"wp-block-columns are-vertically-aligned-center is-layout-flex wp-container-core-columns-is-layout-28f84493 wp-block-columns-is-layout-flex\">\n<div class=\"wp-block-column is-vertically-aligned-center is-layout-flow wp-block-column-is-layout-flow\">\n<p><strong>Comment activer le num\u00e9ro eSIM ?<\/strong><\/p>\n\n\n\n<p><strong>iPhone\/iOS :<\/strong><\/p>\n\n\n\n<p>Pour t\u00e9l\u00e9charger une eSIM sur un appareil iOS, vous devez suivre ces \u00e9tapes\u00a0:<\/p>\n\n\n\n<ul class=\"wp-block-list\">\n<li>Acc\u00e9dez \u00e0 l\u2019application Param\u00e8tres sur votre iPhone.<\/li>\n\n\n\n<li>Acc\u00e9dez aux donn\u00e9es mobiles (ou cellulaires dans certaines zones)<\/li>\n\n\n\n<li>S\u00e9lectionnez Ajouter une eSIM.<\/li>\n\n\n\n<li>Suivez les instructions \u00e0 l\u2019\u00e9cran pour scanner le code QR fourni par votre op\u00e9rateur ou saisissez les informations manuellement.<\/li>\n<\/ul>\n<\/div>\n\n\n\n<div class=\"wp-block-column is-vertically-aligned-center is-layout-flow wp-block-column-is-layout-flow\">\n<p><strong>Android :<\/strong><\/p>\n\n\n\n<p>Pour t\u00e9l\u00e9charger une eSIM sur un appareil Android, vous devez suivre ces \u00e9tapes\u00a0:<\/p>\n\n\n\n<ul class=\"wp-block-list\">\n<li>Acc\u00e9dez \u00e0 l'application Param\u00e8tres sur votre t\u00e9l\u00e9phone Android<\/li>\n\n\n\n<li>Acc\u00e9der \u00e0 R\u00e9seau et Internet<\/li>\n\n\n\n<li>Acc\u00e9dez au r\u00e9seau mobile<\/li>\n\n\n\n<li>S\u00e9lectionnez Avanc\u00e9<\/li>\n\n\n\n<li>S\u00e9lectionnez le transporteur<\/li>\n\n\n\n<li>S\u00e9lectionnez Ajouter un op\u00e9rateur<\/li>\n\n\n\n<li>Suivez les instructions \u00e0 l'\u00e9cran pour scanner le code QR fourni par votre op\u00e9rateur ou saisissez les informations manuellement<\/li>\n<\/ul>\n<\/div>\n<\/div>\n\n\n\n<div class=\"wp-block-columns is-layout-flex wp-container-core-columns-is-layout-28f84493 wp-block-columns-is-layout-flex\">\n<div class=\"wp-block-column is-layout-flow wp-block-column-is-layout-flow\">\n<figure class=\"wp-block-image size-large\"><img loading=\"lazy\" decoding=\"async\" width=\"1024\" height=\"576\" src=\"https:\/\/mtn.cm\/wp-content\/uploads\/2023\/10\/e-sim-1-1024x576.jpeg\" alt=\"\" class=\"wp-image-16354\" srcset=\"https:\/\/mtn.cm\/wp-content\/uploads\/2023\/10\/e-sim-1-1024x576.jpeg 1024w, https:\/\/mtn.cm\/wp-content\/uploads\/2023\/10\/e-sim-1-300x169.jpeg 300w, https:\/\/mtn.cm\/wp-content\/uploads\/2023\/10\/e-sim-1-768x432.jpeg 768w, https:\/\/mtn.cm\/wp-content\/uploads\/2023\/10\/e-sim-1-18x10.jpeg 18w, https:\/\/mtn.cm\/wp-content\/uploads\/2023\/10\/e-sim-1-75x42.jpeg 75w, https:\/\/mtn.cm\/wp-content\/uploads\/2023\/10\/e-sim-1-64x36.jpeg 64w, https:\/\/mtn.cm\/wp-content\/uploads\/2023\/10\/e-sim-1.jpeg 1281w\" sizes=\"auto, (max-width: 1024px) 100vw, 1024px\" \/><\/figure>\n<\/div>\n<\/div>","protected":false},"excerpt":{"rendered":"<p>What is an eSIM? An &#8220;embedded SIM&#8221; or eSIM is a virtual SIM card embedded in a mobile device that connects a customer to an operator offering eSIM services. It works in the same way as a traditional SIM card, but you don&#8217;t need a physical SIM card to use it. What are the benefits?&#8230;<\/p>","protected":false},"author":19,"featured_media":0,"parent":16304,"menu_order":0,"comment_status":"closed","ping_status":"closed","template":"templates\/page-contained.php","meta":{"_acf_changed":false,"footnotes":""},"class_list":["post-16480","page","type-page","status-publish","hentry"],"acf":[],"_links":{"self":[{"href":"https:\/\/mtn.cm\/fr\/wp-json\/wp\/v2\/pages\/16480","targetHints":{"allow":["GET"]}}],"collection":[{"href":"https:\/\/mtn.cm\/fr\/wp-json\/wp\/v2\/pages"}],"about":[{"href":"https:\/\/mtn.cm\/fr\/wp-json\/wp\/v2\/types\/page"}],"author":[{"embeddable":true,"href":"https:\/\/mtn.cm\/fr\/wp-json\/wp\/v2\/users\/19"}],"replies":[{"embeddable":true,"href":"https:\/\/mtn.cm\/fr\/wp-json\/wp\/v2\/comments?post=16480"}],"version-history":[{"count":25,"href":"https:\/\/mtn.cm\/fr\/wp-json\/wp\/v2\/pages\/16480\/revisions"}],"predecessor-version":[{"id":20309,"href":"https:\/\/mtn.cm\/fr\/wp-json\/wp\/v2\/pages\/16480\/revisions\/20309"}],"up":[{"embeddable":true,"href":"https:\/\/mtn.cm\/fr\/wp-json\/wp\/v2\/pages\/16304"}],"wp:attachment":[{"href":"https:\/\/mtn.cm\/fr\/wp-json\/wp\/v2\/media?parent=16480"}],"curies":[{"name":"wp","href":"https:\/\/api.w.org\/{rel}","templated":true}]}}