{"id":16435,"date":"2023-10-09T14:14:42","date_gmt":"2023-10-09T14:14:42","guid":{"rendered":"https:\/\/mtn.cm\/?page_id=16435"},"modified":"2024-07-11T11:36:37","modified_gmt":"2024-07-11T11:36:37","slug":"prolongation","status":"publish","type":"page","link":"https:\/\/mtn.cm\/fr\/services\/prolongation\/","title":{"rendered":"MTN Prolongation"},"content":{"rendered":"<div class=\"wp-block-media-text is-stacked-on-mobile is-vertically-aligned-center\"><figure class=\"wp-block-media-text__media\"><img loading=\"lazy\" decoding=\"async\" width=\"1018\" height=\"738\" src=\"https:\/\/mtn.cm\/wp-content\/uploads\/2023\/10\/WhatsApp-Image-2023-10-11-at-18.34.19.jpeg\" alt=\"\" class=\"wp-image-16743 size-full\" srcset=\"https:\/\/mtn.cm\/wp-content\/uploads\/2023\/10\/WhatsApp-Image-2023-10-11-at-18.34.19.jpeg 1018w, https:\/\/mtn.cm\/wp-content\/uploads\/2023\/10\/WhatsApp-Image-2023-10-11-at-18.34.19-300x217.jpeg 300w, https:\/\/mtn.cm\/wp-content\/uploads\/2023\/10\/WhatsApp-Image-2023-10-11-at-18.34.19-768x557.jpeg 768w, https:\/\/mtn.cm\/wp-content\/uploads\/2023\/10\/WhatsApp-Image-2023-10-11-at-18.34.19-18x12.jpeg 18w, https:\/\/mtn.cm\/wp-content\/uploads\/2023\/10\/WhatsApp-Image-2023-10-11-at-18.34.19-75x54.jpeg 75w, https:\/\/mtn.cm\/wp-content\/uploads\/2023\/10\/WhatsApp-Image-2023-10-11-at-18.34.19-64x46.jpeg 64w\" sizes=\"auto, (max-width: 1018px) 100vw, 1018px\" \/><\/figure><div class=\"wp-block-media-text__content\">\n<h2 class=\"wp-block-heading\" id=\"block-78f21fed-4539-4c1b-80e6-29cb35baad52\">Qu'est-ce que la prolongation du MTN ?<\/h2>\n\n\n\n<p class=\"translation-block\">Vous vous sentez inquiet lorsque votre forfait est \u00e9puis\u00e9\u00a0? Besoin d'utiliser plus de cr\u00e9dit que votre forfait mobile\u00a0? Vous souhaitez naviguer sur Internet et n'avez plus de forfait de donn\u00e9es actif\u00a0? La prolongation MTN est faite pour vous\u00a0! Avec cette prolongation, vous pouvez emprunter du cr\u00e9dit ou des forfaits de donn\u00e9es et les rembourser ult\u00e9rieurement lors de votre prochaine recharge.<\/p>\n\n\n\n<p class=\"translation-block\">Combien \u00e7a co\u00fbte\u00a0?\nLes remboursements sont effectu\u00e9s lors de la prochaine recharge avec un int\u00e9r\u00eat de 10\u00a0%, repr\u00e9sentant les frais de service.<\/p>\n\n\n\n<p class=\"translation-block\">Comment consulter votre solde de Prolongation MTN ? Vous pouvez consulter le solde de vos pr\u00eats en cours en :<\/p>\n\n\n\n<ul class=\"wp-block-list\">\n<li>Composer <strong>*121#<\/strong><\/li>\n\n\n\n<li>Composer <strong>&#8220;#&#8221;<\/strong><\/li>\n\n\n\n<li>Composer <strong>&#8220;3&#8221;<\/strong><\/li>\n<\/ul>\n\n\n\n<p class=\"translation-block\">Qui peut b\u00e9n\u00e9ficier de la prolongation MTN\u00a0? Les utilisateurs \u00e9ligibles \u00e0 ce service doivent avoir enregistr\u00e9 leur carte SIM pour une dur\u00e9e de 3\u00a0mois. Le montant maximum disponible d\u00e9pend du tarif de recharge de votre mobile. Seuls les abonn\u00e9s pr\u00e9pay\u00e9s peuvent b\u00e9n\u00e9ficier de la prolongation MTN.<\/p>\n\n\n\n<p class=\"translation-block\">Comment v\u00e9rifier le solde de localisation de votre moteur\u00a0? Vous pouvez consulter le solde de vos pr\u00eats en cours en :<\/p>\n\n\n\n<ul class=\"wp-block-list\">\n<li>Composer <strong>*121#<\/strong><\/li>\n\n\n\n<li>Composer <strong>&#8220;#&#8221;<\/strong><\/li>\n\n\n\n<li>Composer <strong>&#8220;3&#8221;<\/strong><\/li>\n<\/ul>\n<\/div><\/div>","protected":false},"excerpt":{"rendered":"","protected":false},"author":19,"featured_media":0,"parent":16304,"menu_order":0,"comment_status":"closed","ping_status":"closed","template":"templates\/page-contained.php","meta":{"_acf_changed":false,"footnotes":""},"class_list":["post-16435","page","type-page","status-publish","hentry"],"acf":[],"_links":{"self":[{"href":"https:\/\/mtn.cm\/fr\/wp-json\/wp\/v2\/pages\/16435","targetHints":{"allow":["GET"]}}],"collection":[{"href":"https:\/\/mtn.cm\/fr\/wp-json\/wp\/v2\/pages"}],"about":[{"href":"https:\/\/mtn.cm\/fr\/wp-json\/wp\/v2\/types\/page"}],"author":[{"embeddable":true,"href":"https:\/\/mtn.cm\/fr\/wp-json\/wp\/v2\/users\/19"}],"replies":[{"embeddable":true,"href":"https:\/\/mtn.cm\/fr\/wp-json\/wp\/v2\/comments?post=16435"}],"version-history":[{"count":23,"href":"https:\/\/mtn.cm\/fr\/wp-json\/wp\/v2\/pages\/16435\/revisions"}],"predecessor-version":[{"id":17667,"href":"https:\/\/mtn.cm\/fr\/wp-json\/wp\/v2\/pages\/16435\/revisions\/17667"}],"up":[{"embeddable":true,"href":"https:\/\/mtn.cm\/fr\/wp-json\/wp\/v2\/pages\/16304"}],"wp:attachment":[{"href":"https:\/\/mtn.cm\/fr\/wp-json\/wp\/v2\/media?parent=16435"}],"curies":[{"name":"wp","href":"https:\/\/api.w.org\/{rel}","templated":true}]}}