{"id":16333,"date":"2023-10-09T11:16:23","date_gmt":"2023-10-09T11:16:23","guid":{"rendered":"https:\/\/mtn.cm\/?page_id=16333"},"modified":"2023-10-10T04:28:57","modified_gmt":"2023-10-10T04:28:57","slug":"mtn-magic","status":"publish","type":"page","link":"https:\/\/mtn.cm\/fr\/offers\/mtn-magic\/","title":{"rendered":"MTN Magic"},"content":{"rendered":"<div class=\"wp-block-columns is-layout-flex wp-container-core-columns-is-layout-28f84493 wp-block-columns-is-layout-flex\">\n<div class=\"wp-block-column is-layout-flow wp-block-column-is-layout-flow\">\n<figure class=\"wp-block-image size-large\"><img loading=\"lazy\" decoding=\"async\" width=\"1024\" height=\"1024\" src=\"https:\/\/mtn.cm\/wp-content\/uploads\/2023\/10\/1080x1080-Magic-number-3_1080x1080-TL-VA-min-1024x1024.png\" alt=\"\" class=\"wp-image-16338\" srcset=\"https:\/\/mtn.cm\/wp-content\/uploads\/2023\/10\/1080x1080-Magic-number-3_1080x1080-TL-VA-min-1024x1024.png 1024w, https:\/\/mtn.cm\/wp-content\/uploads\/2023\/10\/1080x1080-Magic-number-3_1080x1080-TL-VA-min-300x300.png 300w, https:\/\/mtn.cm\/wp-content\/uploads\/2023\/10\/1080x1080-Magic-number-3_1080x1080-TL-VA-min-150x150.png 150w, https:\/\/mtn.cm\/wp-content\/uploads\/2023\/10\/1080x1080-Magic-number-3_1080x1080-TL-VA-min-768x768.png 768w, https:\/\/mtn.cm\/wp-content\/uploads\/2023\/10\/1080x1080-Magic-number-3_1080x1080-TL-VA-min-12x12.png 12w, https:\/\/mtn.cm\/wp-content\/uploads\/2023\/10\/1080x1080-Magic-number-3_1080x1080-TL-VA-min-75x75.png 75w, https:\/\/mtn.cm\/wp-content\/uploads\/2023\/10\/1080x1080-Magic-number-3_1080x1080-TL-VA-min-64x64.png 64w, https:\/\/mtn.cm\/wp-content\/uploads\/2023\/10\/1080x1080-Magic-number-3_1080x1080-TL-VA-min.png 1080w\" sizes=\"auto, (max-width: 1024px) 100vw, 1024px\" \/><\/figure>\n<\/div>\n\n\n\n<div class=\"wp-block-column is-layout-flow wp-block-column-is-layout-flow\">\n<h4 class=\"wp-block-heading\">Appels illimit\u00e9s et gratuits<\/h4>\n\n\n\n<ul class=\"wp-block-list\">\n<li>Attentionn\u00e9: Appels illimit\u00e9s et gratuits avec un proche&nbsp;toute la dur\u00e9e de votre forfait, qu\u2019il soit de 24 Heures, 3 Jours, 7Jours (1 semaine) ou 1 mois (30 Jours)<\/li>\n\n\n\n<li>Economique&nbsp;: Les appels vers les r\u00e9seaux au Cameroun sont au M\u00caME PRIX.<\/li>\n\n\n\n<li>Adapt\u00e9 \u00e0 votre style:\n<ul class=\"wp-block-list\">\n<li>Magic Talk pour les appels tous r\u00e9seaux et l\u2019international<\/li>\n\n\n\n<li>Magic Mix pour les appels tous r\u00e9seaux et l\u2019international + internet<\/li>\n<\/ul>\n<\/li>\n\n\n\n<li>C\u2019est MAGIC ! Chaque client trouve des forfaits adapt\u00e9s \u00e0 ses besoins et \u00e0 son style tout en prenant soin de sa \u00ab personne personnelle \u00bb, son Num\u00e9ro Magique.<\/li>\n<\/ul>\n<\/div>\n<\/div>\n\n\n\n<div class=\"wp-block-columns is-layout-flex wp-container-core-columns-is-layout-28f84493 wp-block-columns-is-layout-flex\">\n<div class=\"wp-block-column is-layout-flow wp-block-column-is-layout-flow\">\n<p><strong>Activation<\/strong><\/p>\n\n\n\n<p><a href=\"tel:*211%23\">*211#<\/a><\/p>\n\n\n\n<p><\/p>\n<\/div>\n\n\n\n<div class=\"wp-block-column is-layout-flow wp-block-column-is-layout-flow\">\n<p><strong>Comment consulter le solde&nbsp;de son forfait (bonus principal) ?<\/strong><\/p>\n\n\n\n<p><a href=\"tel:*211*99%23\">*211*99#<\/a><\/p>\n\n\n\n<p><\/p>\n<\/div>\n\n\n\n<div class=\"wp-block-column is-layout-flow wp-block-column-is-layout-flow\">\n<p><strong>Comment activer le renouvellement automatique de son forfait&nbsp;?<\/strong><\/p>\n\n\n\n<p><a href=\"tel:*211*100%23\">*211*100#<\/a>&nbsp;puis choisissez 1<\/p>\n\n\n\n<p><strong>Comment d\u00e9sactiver le renouvellement automatique de son forfait&nbsp;?<\/strong><\/p>\n\n\n\n<p><a href=\"tel:*211*100%23\">*211*100#<\/a>&nbsp;puis choisissez 2<\/p>\n<\/div>\n<\/div>","protected":false},"excerpt":{"rendered":"<p>Appels illimit\u00e9s et gratuits Activation *211# Comment consulter le solde&nbsp;de son forfait (bonus principal) ? *211*99# Comment activer le renouvellement automatique de son forfait&nbsp;? *211*100#&nbsp;puis choisissez 1 Comment d\u00e9sactiver le renouvellement automatique de son forfait&nbsp;? *211*100#&nbsp;puis choisissez 2<\/p>","protected":false},"author":11,"featured_media":0,"parent":16291,"menu_order":0,"comment_status":"closed","ping_status":"closed","template":"templates\/page-contained.php","meta":{"_acf_changed":false,"footnotes":""},"class_list":["post-16333","page","type-page","status-publish","hentry"],"acf":[],"_links":{"self":[{"href":"https:\/\/mtn.cm\/fr\/wp-json\/wp\/v2\/pages\/16333","targetHints":{"allow":["GET"]}}],"collection":[{"href":"https:\/\/mtn.cm\/fr\/wp-json\/wp\/v2\/pages"}],"about":[{"href":"https:\/\/mtn.cm\/fr\/wp-json\/wp\/v2\/types\/page"}],"author":[{"embeddable":true,"href":"https:\/\/mtn.cm\/fr\/wp-json\/wp\/v2\/users\/11"}],"replies":[{"embeddable":true,"href":"https:\/\/mtn.cm\/fr\/wp-json\/wp\/v2\/comments?post=16333"}],"version-history":[{"count":6,"href":"https:\/\/mtn.cm\/fr\/wp-json\/wp\/v2\/pages\/16333\/revisions"}],"predecessor-version":[{"id":16591,"href":"https:\/\/mtn.cm\/fr\/wp-json\/wp\/v2\/pages\/16333\/revisions\/16591"}],"up":[{"embeddable":true,"href":"https:\/\/mtn.cm\/fr\/wp-json\/wp\/v2\/pages\/16291"}],"wp:attachment":[{"href":"https:\/\/mtn.cm\/fr\/wp-json\/wp\/v2\/media?parent=16333"}],"curies":[{"name":"wp","href":"https:\/\/api.w.org\/{rel}","templated":true}]}}