{"id":16313,"date":"2023-10-10T15:01:23","date_gmt":"2023-10-10T15:01:23","guid":{"rendered":"https:\/\/mtn.cm\/?page_id=16313"},"modified":"2025-06-09T10:31:57","modified_gmt":"2025-06-09T10:31:57","slug":"number-for-life","status":"publish","type":"page","link":"https:\/\/mtn.cm\/fr\/services\/number-for-life\/","title":{"rendered":"Num\u00e9ro pour la vie"},"content":{"rendered":"<div class=\"wp-block-columns are-vertically-aligned-center is-layout-flex wp-container-core-columns-is-layout-28f84493 wp-block-columns-is-layout-flex\">\n<div class=\"wp-block-column is-vertically-aligned-center is-layout-flow wp-block-column-is-layout-flow\">\n<figure class=\"wp-block-image alignwide size-large\"><img loading=\"lazy\" decoding=\"async\" width=\"1024\" height=\"571\" src=\"https:\/\/mtn.cm\/wp-content\/uploads\/2023\/10\/MECHANIC2-1024x571.jpg\" alt=\"\" class=\"wp-image-16731\" srcset=\"https:\/\/mtn.cm\/wp-content\/uploads\/2023\/10\/MECHANIC2-1024x571.jpg 1024w, https:\/\/mtn.cm\/wp-content\/uploads\/2023\/10\/MECHANIC2-300x167.jpg 300w, https:\/\/mtn.cm\/wp-content\/uploads\/2023\/10\/MECHANIC2-768x428.jpg 768w, https:\/\/mtn.cm\/wp-content\/uploads\/2023\/10\/MECHANIC2-1536x857.jpg 1536w, https:\/\/mtn.cm\/wp-content\/uploads\/2023\/10\/MECHANIC2-2048x1143.jpg 2048w, https:\/\/mtn.cm\/wp-content\/uploads\/2023\/10\/MECHANIC2-18x10.jpg 18w, https:\/\/mtn.cm\/wp-content\/uploads\/2023\/10\/MECHANIC2-75x42.jpg 75w, https:\/\/mtn.cm\/wp-content\/uploads\/2023\/10\/MECHANIC2-64x36.jpg 64w\" sizes=\"auto, (max-width: 1024px) 100vw, 1024px\" \/><\/figure>\n<\/div>\n\n\n\n<div class=\"wp-block-column is-vertically-aligned-center is-layout-flow wp-block-column-is-layout-flow\">\n<p><strong>Le num\u00e9ro pour la vie<\/strong><\/p>\n\n\n\n<p>Ce service a \u00e9t\u00e9 lanc\u00e9 afin de permettre aux clients qui ne peuvent pas utiliser leur num\u00e9ro pendant une longue p\u00e9riode d'\u00e9viter le recyclage. Ainsi, les clients voyageant \u00e0 l'\u00e9tranger pendant une longue p\u00e9riode peuvent d\u00e9sormais conserver leur num\u00e9ro MTN.<\/p>\n\n\n\n<p><strong>Access Number for Life<\/strong> : Every customer can access this service by simply dialing&nbsp;<strong><em>*123*6#<\/em>.<\/strong><\/p>\n\n\n\n<p><strong>Comment \u00e7a marche<\/strong> :<\/p>\n\n\n\n<ul class=\"wp-block-list\">\n<li class=\"translation-block\">Cost : La prestation co\u00fbte 5000F<\/li>\n\n\n\n<li class=\"translation-block\">Validity : Le service est valable 1 an et renouvelable<\/li>\n\n\n\n<li><strong>Who can enjoy the service :&nbsp;<\/strong>The service is accessible for all the customers through <strong><em>*123*6#<\/em><\/strong><\/li>\n<\/ul>\n\n\n\n<div class=\"wp-block-group is-layout-constrained wp-block-group-is-layout-constrained\">\n<p><strong>To check if the service is still active for a Customer Number<\/strong> : You can easily check the status of the service selecting option 2 on the USSD Menu (<strong>*123*6#<\/strong>) or dialing directly (<strong>*123*6*1#<\/strong>).<\/p>\n<\/div>\n<\/div>\n<\/div>","protected":false},"excerpt":{"rendered":"<p>The number for Life It is a service launched in order to allow customers who are not able to use their Number for a long period to avoid recycling. So customers who travel out of the country for a long period can keep their MTN Number from now. Access Number for Life : Every customer&#8230;<\/p>","protected":false},"author":19,"featured_media":0,"parent":16304,"menu_order":0,"comment_status":"closed","ping_status":"closed","template":"templates\/page-contained.php","meta":{"_acf_changed":false,"footnotes":""},"class_list":["post-16313","page","type-page","status-publish","hentry"],"acf":[],"_links":{"self":[{"href":"https:\/\/mtn.cm\/fr\/wp-json\/wp\/v2\/pages\/16313","targetHints":{"allow":["GET"]}}],"collection":[{"href":"https:\/\/mtn.cm\/fr\/wp-json\/wp\/v2\/pages"}],"about":[{"href":"https:\/\/mtn.cm\/fr\/wp-json\/wp\/v2\/types\/page"}],"author":[{"embeddable":true,"href":"https:\/\/mtn.cm\/fr\/wp-json\/wp\/v2\/users\/19"}],"replies":[{"embeddable":true,"href":"https:\/\/mtn.cm\/fr\/wp-json\/wp\/v2\/comments?post=16313"}],"version-history":[{"count":10,"href":"https:\/\/mtn.cm\/fr\/wp-json\/wp\/v2\/pages\/16313\/revisions"}],"predecessor-version":[{"id":20713,"href":"https:\/\/mtn.cm\/fr\/wp-json\/wp\/v2\/pages\/16313\/revisions\/20713"}],"up":[{"embeddable":true,"href":"https:\/\/mtn.cm\/fr\/wp-json\/wp\/v2\/pages\/16304"}],"wp:attachment":[{"href":"https:\/\/mtn.cm\/fr\/wp-json\/wp\/v2\/media?parent=16313"}],"curies":[{"name":"wp","href":"https:\/\/api.w.org\/{rel}","templated":true}]}}