{"id":16297,"date":"2023-10-09T10:52:52","date_gmt":"2023-10-09T10:52:52","guid":{"rendered":"https:\/\/mtn.cm\/?page_id=16297"},"modified":"2024-09-25T05:59:14","modified_gmt":"2024-09-25T05:59:14","slug":"mtn-international-bundles","status":"publish","type":"page","link":"https:\/\/mtn.cm\/fr\/offers\/mtn-international-bundles\/","title":{"rendered":"MTN International Bundles"},"content":{"rendered":"<div class=\"wp-block-columns is-layout-flex wp-container-core-columns-is-layout-28f84493 wp-block-columns-is-layout-flex\">\n<div class=\"wp-block-column is-layout-flow wp-block-column-is-layout-flow\">\n<figure class=\"wp-block-image size-large\"><img loading=\"lazy\" decoding=\"async\" width=\"1024\" height=\"599\" src=\"https:\/\/mtn.cm\/wp-content\/uploads\/2023\/10\/download-3-1024x599.png\" alt=\"\" class=\"wp-image-16399\" srcset=\"https:\/\/mtn.cm\/wp-content\/uploads\/2023\/10\/download-3-1024x599.png 1024w, https:\/\/mtn.cm\/wp-content\/uploads\/2023\/10\/download-3-300x176.png 300w, https:\/\/mtn.cm\/wp-content\/uploads\/2023\/10\/download-3-768x449.png 768w, https:\/\/mtn.cm\/wp-content\/uploads\/2023\/10\/download-3-18x12.png 18w, https:\/\/mtn.cm\/wp-content\/uploads\/2023\/10\/download-3-75x44.png 75w, https:\/\/mtn.cm\/wp-content\/uploads\/2023\/10\/download-3-64x37.png 64w, https:\/\/mtn.cm\/wp-content\/uploads\/2023\/10\/download-3.png 1369w\" sizes=\"auto, (max-width: 1024px) 100vw, 1024px\" \/><\/figure>\n<\/div>\n\n\n\n<div class=\"wp-block-column is-layout-flow wp-block-column-is-layout-flow\">\n<p>Parler est moins cher. Et les appels internationaux sont encore moins chers.<\/p>\n\n\n\n<p>Chez MTN, les forfaits d\u2019appels internationaux vous offrent toujours les tarifs les plus bas pour prendre des nouvelles de vos proches ou de vos affaires \u00e0 travers le monde. Profitez de la meilleure qualit\u00e9 de r\u00e9seau aux tarifs tr\u00e8s, tr\u00e8s, tr\u00e8s bas.<\/p>\n\n\n\n<p>Pour activer un forfait d\u2019appels internationaux, tapez le code \u00a0<strong>*123*13#<\/strong>.<\/p>\n\n\n\n<p>Pour v\u00e9rifier votre solde, tapez <strong>\u00a0<strong>*123*13#<\/strong><\/strong> et choississez<strong> 99<\/strong>.<\/p>\n\n\n\n<p>Vous pouvez ainsi appelez vers&nbsp;<strong>les pays<\/strong>&nbsp;suivants:&nbsp;<strong>Nigeria, Chine, Inde, \u00c9tats-Unis, Canada, Allemagne, France, Italie, Malaisie, Bangladesh, Cor\u00e9e du Sud, Singapour, Australie, Suisse, Espagne, Pays-Bas, Belgique, Portugal, Gr\u00e8ce, Chypre, Norv\u00e8ge, Roumanie, Pologne, Danemark, Irlande, \u00c9mirats arabes unis, Liban, Arabie saoudite, Kowe\u00eft, Isra\u00ebl, Bahre\u00efn, B\u00e9nin, Ghana, Niger.<\/strong><\/p>\n<\/div>\n<\/div>\n\n\n\n<ul class=\"wp-block-list\">\n<li><\/li>\n<\/ul>","protected":false},"excerpt":{"rendered":"<p>Parler est moins cher. Et les appels internationaux sont encore moins chers. Chez MTN, les forfaits d\u2019appels internationaux vous offrent toujours les tarifs les plus bas pour prendre des nouvelles de vos proches ou de vos affaires \u00e0 travers le monde. Profitez de la meilleure qualit\u00e9 de r\u00e9seau aux tarifs tr\u00e8s, tr\u00e8s, tr\u00e8s bas. Pour&#8230;<\/p>","protected":false},"author":11,"featured_media":0,"parent":16291,"menu_order":0,"comment_status":"closed","ping_status":"closed","template":"templates\/page-contained.php","meta":{"_acf_changed":false,"footnotes":""},"class_list":["post-16297","page","type-page","status-publish","hentry"],"acf":[],"_links":{"self":[{"href":"https:\/\/mtn.cm\/fr\/wp-json\/wp\/v2\/pages\/16297","targetHints":{"allow":["GET"]}}],"collection":[{"href":"https:\/\/mtn.cm\/fr\/wp-json\/wp\/v2\/pages"}],"about":[{"href":"https:\/\/mtn.cm\/fr\/wp-json\/wp\/v2\/types\/page"}],"author":[{"embeddable":true,"href":"https:\/\/mtn.cm\/fr\/wp-json\/wp\/v2\/users\/11"}],"replies":[{"embeddable":true,"href":"https:\/\/mtn.cm\/fr\/wp-json\/wp\/v2\/comments?post=16297"}],"version-history":[{"count":12,"href":"https:\/\/mtn.cm\/fr\/wp-json\/wp\/v2\/pages\/16297\/revisions"}],"predecessor-version":[{"id":18515,"href":"https:\/\/mtn.cm\/fr\/wp-json\/wp\/v2\/pages\/16297\/revisions\/18515"}],"up":[{"embeddable":true,"href":"https:\/\/mtn.cm\/fr\/wp-json\/wp\/v2\/pages\/16291"}],"wp:attachment":[{"href":"https:\/\/mtn.cm\/fr\/wp-json\/wp\/v2\/media?parent=16297"}],"curies":[{"name":"wp","href":"https:\/\/api.w.org\/{rel}","templated":true}]}}