{"id":16296,"date":"2023-10-09T10:52:29","date_gmt":"2023-10-09T10:52:29","guid":{"rendered":"https:\/\/mtn.cm\/?page_id=16296"},"modified":"2023-10-30T17:02:35","modified_gmt":"2023-10-30T17:02:35","slug":"mtn-roaming-bundles","status":"publish","type":"page","link":"https:\/\/mtn.cm\/fr\/offers\/mtn-roaming-bundles\/","title":{"rendered":"Forfaits d'itin\u00e9rance MTN"},"content":{"rendered":"<div class=\"wp-block-columns is-layout-flex wp-container-core-columns-is-layout-28f84493 wp-block-columns-is-layout-flex\">\n<div class=\"wp-block-column is-layout-flow wp-block-column-is-layout-flow\">\n<figure class=\"wp-block-image size-large\"><img loading=\"lazy\" decoding=\"async\" width=\"1024\" height=\"536\" src=\"https:\/\/mtn.cm\/wp-content\/uploads\/2023\/10\/download-9-1-1024x536.jpg\" alt=\"\" class=\"wp-image-16397\" srcset=\"https:\/\/mtn.cm\/wp-content\/uploads\/2023\/10\/download-9-1-1024x536.jpg 1024w, https:\/\/mtn.cm\/wp-content\/uploads\/2023\/10\/download-9-1-300x157.jpg 300w, https:\/\/mtn.cm\/wp-content\/uploads\/2023\/10\/download-9-1-768x402.jpg 768w, https:\/\/mtn.cm\/wp-content\/uploads\/2023\/10\/download-9-1-18x9.jpg 18w, https:\/\/mtn.cm\/wp-content\/uploads\/2023\/10\/download-9-1-75x39.jpg 75w, https:\/\/mtn.cm\/wp-content\/uploads\/2023\/10\/download-9-1-64x33.jpg 64w, https:\/\/mtn.cm\/wp-content\/uploads\/2023\/10\/download-9-1.jpg 1200w\" sizes=\"auto, (max-width: 1024px) 100vw, 1024px\" \/><\/figure>\n<\/div>\n\n\n\n<div class=\"wp-block-column is-layout-flow wp-block-column-is-layout-flow\">\n<p>Profitez des forfaits Hajj lors de vos d\u00e9placements en Arabie Saoudite.<\/p>\n\n\n\n<p>Pour vous abonner \u00e0 un ensemble Hajj, composez simplement le&nbsp;<strong>*123*15#,<\/strong>&nbsp;puis s\u00e9lectionnez&nbsp;<strong>l\u2019option 3<\/strong>&nbsp;ou entrez directement le&nbsp;<strong>*123*15*3#.<\/strong><\/p>\n\n\n\n<p>Que ce soit en p\u00e8lerinage ou \u00e0 d\u2019autres fins, restez connect\u00e9 aux tarifs les plus abordables d\u2019Arabie saoudite.<\/p>\n\n\n\n<h4 class=\"wp-block-heading\"><\/h4>\n\n\n\n<h6 class=\"wp-block-heading\">Comment \u00e7a marche?<\/h6>\n\n\n\n<ul class=\"wp-block-list\">\n<li>S\u00e9lectionnez le r\u00e9seau MOBILY NETWORK pour profiter des offres Hajj.<\/li>\n\n\n\n<li>La souscription peut \u00eatre effectu\u00e9e directement au Cameroun ou en Arabie saoudite ou \u00eatre offerte par tout autre client de MTN.<\/li>\n\n\n\n<li>3 forfaits sont disponibles : 2 forfaits hebdomadaires et un forfait mensuel comme suit :<\/li>\n<\/ul>\n<\/div>\n<\/div>","protected":false},"excerpt":{"rendered":"<p>Profitez des forfaits Hajj lors de vos d\u00e9placements en Arabie Saoudite. Pour vous abonner \u00e0 un ensemble Hajj, composez simplement le&nbsp;*123*15#,&nbsp;puis s\u00e9lectionnez&nbsp;l\u2019option 3&nbsp;ou entrez directement le&nbsp;*123*15*3#. Que ce soit en p\u00e8lerinage ou \u00e0 d\u2019autres fins, restez connect\u00e9 aux tarifs les plus abordables d\u2019Arabie saoudite. Comment \u00e7a marche?<\/p>","protected":false},"author":11,"featured_media":0,"parent":16291,"menu_order":0,"comment_status":"closed","ping_status":"closed","template":"templates\/page-contained.php","meta":{"_acf_changed":false,"footnotes":""},"class_list":["post-16296","page","type-page","status-publish","hentry"],"acf":[],"_links":{"self":[{"href":"https:\/\/mtn.cm\/fr\/wp-json\/wp\/v2\/pages\/16296","targetHints":{"allow":["GET"]}}],"collection":[{"href":"https:\/\/mtn.cm\/fr\/wp-json\/wp\/v2\/pages"}],"about":[{"href":"https:\/\/mtn.cm\/fr\/wp-json\/wp\/v2\/types\/page"}],"author":[{"embeddable":true,"href":"https:\/\/mtn.cm\/fr\/wp-json\/wp\/v2\/users\/11"}],"replies":[{"embeddable":true,"href":"https:\/\/mtn.cm\/fr\/wp-json\/wp\/v2\/comments?post=16296"}],"version-history":[{"count":9,"href":"https:\/\/mtn.cm\/fr\/wp-json\/wp\/v2\/pages\/16296\/revisions"}],"predecessor-version":[{"id":16433,"href":"https:\/\/mtn.cm\/fr\/wp-json\/wp\/v2\/pages\/16296\/revisions\/16433"}],"up":[{"embeddable":true,"href":"https:\/\/mtn.cm\/fr\/wp-json\/wp\/v2\/pages\/16291"}],"wp:attachment":[{"href":"https:\/\/mtn.cm\/fr\/wp-json\/wp\/v2\/media?parent=16296"}],"curies":[{"name":"wp","href":"https:\/\/api.w.org\/{rel}","templated":true}]}}