{"id":16294,"date":"2023-10-09T10:32:42","date_gmt":"2023-10-09T10:32:42","guid":{"rendered":"https:\/\/mtn.cm\/?page_id=16294"},"modified":"2024-07-04T10:12:45","modified_gmt":"2024-07-04T10:12:45","slug":"mtn-wanda","status":"publish","type":"page","link":"https:\/\/mtn.cm\/fr\/offers\/mtn-wanda\/","title":{"rendered":"MTN Wanda"},"content":{"rendered":"<div class=\"wp-block-columns is-layout-flex wp-container-core-columns-is-layout-28f84493 wp-block-columns-is-layout-flex\">\n<div class=\"wp-block-column is-layout-flow wp-block-column-is-layout-flow\">\n<figure class=\"wp-block-image size-large\"><img loading=\"lazy\" decoding=\"async\" width=\"1024\" height=\"1024\" src=\"https:\/\/mtn.cm\/wp-content\/uploads\/2023\/10\/378777104_717309347105369_7560213426050419838_n-1024x1024.jpg\" alt=\"\" class=\"wp-image-16328\" srcset=\"https:\/\/mtn.cm\/wp-content\/uploads\/2023\/10\/378777104_717309347105369_7560213426050419838_n-1024x1024.jpg 1024w, https:\/\/mtn.cm\/wp-content\/uploads\/2023\/10\/378777104_717309347105369_7560213426050419838_n-300x300.jpg 300w, https:\/\/mtn.cm\/wp-content\/uploads\/2023\/10\/378777104_717309347105369_7560213426050419838_n-150x150.jpg 150w, https:\/\/mtn.cm\/wp-content\/uploads\/2023\/10\/378777104_717309347105369_7560213426050419838_n-768x768.jpg 768w, https:\/\/mtn.cm\/wp-content\/uploads\/2023\/10\/378777104_717309347105369_7560213426050419838_n-1536x1536.jpg 1536w, https:\/\/mtn.cm\/wp-content\/uploads\/2023\/10\/378777104_717309347105369_7560213426050419838_n-12x12.jpg 12w, https:\/\/mtn.cm\/wp-content\/uploads\/2023\/10\/378777104_717309347105369_7560213426050419838_n-75x75.jpg 75w, https:\/\/mtn.cm\/wp-content\/uploads\/2023\/10\/378777104_717309347105369_7560213426050419838_n-64x64.jpg 64w, https:\/\/mtn.cm\/wp-content\/uploads\/2023\/10\/378777104_717309347105369_7560213426050419838_n.jpg 2000w\" sizes=\"auto, (max-width: 1024px) 100vw, 1024px\" \/><\/figure>\n<\/div>\n\n\n\n<div class=\"wp-block-column is-layout-flow wp-block-column-is-layout-flow\">\n<p><strong>Nouveau!<\/strong>&nbsp;Appelez d\u00e8s maintenant \u00e9galement les num\u00e9ros MTN gratuits et illimit\u00e9s en choisissant votre<strong>&nbsp;forfait journ\u00e9e illimit\u00e9<\/strong>&nbsp;MTN Wanda (<strong>*123*11*1*0#<\/strong>)<\/p>\n\n\n\n<p>Profitez des offres&nbsp;<strong>MTN Wanda!<\/strong><\/p>\n\n\n\n<p>Des forfaits qui offrent \u00e0 chaque client de super bonus pour tout faire!<\/p>\n\n\n\n<ul class=\"wp-block-list\">\n<li>Appels locaux vers tous les r\u00e9seaux<\/li>\n\n\n\n<li>Appel international<\/li>\n\n\n\n<li>SMS<\/li>\n\n\n\n<li>l\u2019Internet<\/li>\n<\/ul>\n\n\n\n<p>Plus de contraintes et vous avez un super bonus pour faire ce que vous voulez!<\/p>\n\n\n\n<p>Composez&nbsp;<strong>*123*11#<\/strong><\/p>\n\n\n\n<p>Vous avez le choix parmi les forfaits journaliers (valables 24h), hebdomadaires ou mensuels<\/p>\n\n\n\n<p><\/p>\n<\/div>\n<\/div>\n\n\n\n<div class=\"wp-block-columns is-layout-flex wp-container-core-columns-is-layout-28f84493 wp-block-columns-is-layout-flex\">\n<div class=\"wp-block-column is-layout-flow wp-block-column-is-layout-flow\">\n<p><strong>Comment s\u2019inscrire?<\/strong><\/p>\n\n\n\n<ul class=\"wp-block-list\">\n<li>Composez simplement&nbsp;<strong>*123*11#<\/strong><\/li>\n<\/ul>\n\n\n\n<p><\/p>\n<\/div>\n\n\n\n<div class=\"wp-block-column is-layout-flow wp-block-column-is-layout-flow\">\n<p><strong>Comment v\u00e9rifier mon solde?<\/strong><\/p>\n\n\n\n<ul class=\"wp-block-list\">\n<li>Appuyer sur&nbsp;<strong>*123*11*99#<\/strong><\/li>\n<\/ul>\n<\/div>\n\n\n\n<div class=\"wp-block-column is-layout-flow wp-block-column-is-layout-flow\">\n<h4 class=\"wp-block-heading\">Je veux que mon paquet Wanda soit automatiquement renouvel\u00e9?<\/h4>\n\n\n\n<ul class=\"wp-block-list\">\n<li>Il suffit de composer&nbsp;<strong>*123*100#<\/strong>&nbsp;pour le renouvellement automatique<\/li>\n<\/ul>\n<\/div>\n<\/div>","protected":false},"excerpt":{"rendered":"<p>Nouveau!&nbsp;Appelez d\u00e8s maintenant \u00e9galement les num\u00e9ros MTN gratuits et illimit\u00e9s en choisissant votre&nbsp;forfait journ\u00e9e illimit\u00e9&nbsp;MTN Wanda (*123*11*1*0#) Profitez des offres&nbsp;MTN Wanda! Des forfaits qui offrent \u00e0 chaque client de super bonus pour tout faire! Plus de contraintes et vous avez un super bonus pour faire ce que vous voulez! Composez&nbsp;*123*11# Vous avez le choix parmi&#8230;<\/p>","protected":false},"author":11,"featured_media":0,"parent":16291,"menu_order":0,"comment_status":"closed","ping_status":"closed","template":"templates\/page-contained.php","meta":{"_acf_changed":false,"footnotes":""},"class_list":["post-16294","page","type-page","status-publish","hentry"],"acf":[],"_links":{"self":[{"href":"https:\/\/mtn.cm\/fr\/wp-json\/wp\/v2\/pages\/16294","targetHints":{"allow":["GET"]}}],"collection":[{"href":"https:\/\/mtn.cm\/fr\/wp-json\/wp\/v2\/pages"}],"about":[{"href":"https:\/\/mtn.cm\/fr\/wp-json\/wp\/v2\/types\/page"}],"author":[{"embeddable":true,"href":"https:\/\/mtn.cm\/fr\/wp-json\/wp\/v2\/users\/11"}],"replies":[{"embeddable":true,"href":"https:\/\/mtn.cm\/fr\/wp-json\/wp\/v2\/comments?post=16294"}],"version-history":[{"count":12,"href":"https:\/\/mtn.cm\/fr\/wp-json\/wp\/v2\/pages\/16294\/revisions"}],"predecessor-version":[{"id":17653,"href":"https:\/\/mtn.cm\/fr\/wp-json\/wp\/v2\/pages\/16294\/revisions\/17653"}],"up":[{"embeddable":true,"href":"https:\/\/mtn.cm\/fr\/wp-json\/wp\/v2\/pages\/16291"}],"wp:attachment":[{"href":"https:\/\/mtn.cm\/fr\/wp-json\/wp\/v2\/media?parent=16294"}],"curies":[{"name":"wp","href":"https:\/\/api.w.org\/{rel}","templated":true}]}}