{"id":16150,"date":"2023-10-06T06:25:12","date_gmt":"2023-10-06T06:25:12","guid":{"rendered":"https:\/\/mtn.cm\/?page_id=16150"},"modified":"2023-10-10T05:40:26","modified_gmt":"2023-10-10T05:40:26","slug":"report-fraud","status":"publish","type":"page","link":"https:\/\/mtn.cm\/fr\/help\/report-fraud\/","title":{"rendered":"Report a Fraud"},"content":{"rendered":"<div class=\"wpforms-container wpforms-container-full wpforms-block\" id=\"wpforms-16528\"><form id=\"wpforms-form-16528\" class=\"wpforms-validate wpforms-form wpforms-ajax-form\" data-formid=\"16528\" method=\"post\" enctype=\"multipart\/form-data\" action=\"\/fr\/wp-json\/wp\/v2\/pages\/16150\" data-token=\"a7dd4e19bd7da7c454b147e0ecd074c6\" data-token-time=\"1777190990\" data-trp-original-action=\"\/fr\/wp-json\/wp\/v2\/pages\/16150\"><noscript class=\"wpforms-error-noscript\">Veuillez activer JavaScript dans votre navigateur pour remplir ce formulaire.<\/noscript><div class=\"wpforms-field-container\"><div id=\"wpforms-16528-field_0-container\" class=\"wpforms-field wpforms-field-name\" data-field-id=\"0\"><label class=\"wpforms-field-label\">Nom <span class=\"wpforms-required-label\">*<\/span><\/label><div class=\"wpforms-field-row wpforms-field-medium\"><div class=\"wpforms-field-row-block wpforms-first wpforms-one-half\"><input type=\"text\" id=\"wpforms-16528-field_0\" class=\"wpforms-field-name-first wpforms-field-required\" name=\"wpforms[fields][0][first]\" required><label for=\"wpforms-16528-field_0\" class=\"wpforms-field-sublabel after\">Pr\u00e9nom<\/label><\/div><div class=\"wpforms-field-row-block wpforms-one-half\"><input type=\"text\" id=\"wpforms-16528-field_0-last\" class=\"wpforms-field-name-last wpforms-field-required\" name=\"wpforms[fields][0][last]\" required><label for=\"wpforms-16528-field_0-last\" class=\"wpforms-field-sublabel after\">Nom<\/label><\/div><\/div><\/div><div id=\"wpforms-16528-field_7-container\" class=\"wpforms-field wpforms-field-number\" data-field-id=\"7\"><label class=\"wpforms-field-label\" for=\"wpforms-16528-field_7\">Num\u00e9ro de t\u00e9l\u00e9phone MTN <span class=\"wpforms-required-label\">*<\/span><\/label><input type=\"number\" id=\"wpforms-16528-field_7\" class=\"wpforms-field-medium wpforms-field-required\" name=\"wpforms[fields][7]\" step=\"any\" required><\/div><div id=\"wpforms-16528-field_1-container\" class=\"wpforms-field wpforms-field-email\" data-field-id=\"1\"><label class=\"wpforms-field-label\" for=\"wpforms-16528-field_1\">E-mail <span class=\"wpforms-required-label\">*<\/span><\/label><input type=\"email\" id=\"wpforms-16528-field_1\" class=\"wpforms-field-medium wpforms-field-required\" name=\"wpforms[fields][1]\" spellcheck=\"false\" required><\/div><div id=\"wpforms-16528-field_6-container\" class=\"wpforms-field wpforms-field-radio wpforms-list-inline\" data-field-id=\"6\"><label class=\"wpforms-field-label\">Was money deducted from your account? <span class=\"wpforms-required-label\">*<\/span><\/label><ul id=\"wpforms-16528-field_6\" class=\"wpforms-field-required\"><li class=\"choice-1 depth-1\"><input type=\"radio\" id=\"wpforms-16528-field_6_1\" name=\"wpforms[fields][6]\" value=\"Yes\" required><label class=\"wpforms-field-label-inline\" for=\"wpforms-16528-field_6_1\">Oui<\/label><\/li><li class=\"choice-2 depth-1\"><input type=\"radio\" id=\"wpforms-16528-field_6_2\" name=\"wpforms[fields][6]\" value=\"No\" required><label class=\"wpforms-field-label-inline\" for=\"wpforms-16528-field_6_2\">Non<\/label><\/li><\/ul><\/div><div id=\"wpforms-16528-field_5-container\" class=\"wpforms-field wpforms-field-text\" data-field-id=\"5\"><label class=\"wpforms-field-label\" for=\"wpforms-16528-field_5\">Please enter the main phone number involved<\/label><input type=\"text\" id=\"wpforms-16528-field_5\" class=\"wpforms-field-medium\" name=\"wpforms[fields][5]\" ><\/div><div id=\"wpforms-16528-field_3-container\" class=\"wpforms-field wpforms-field-select wpforms-field-select-style-modern\" data-field-id=\"3\"><label class=\"wpforms-field-label\" for=\"wpforms-16528-field_3\">Type of Fraud<\/label><select id=\"wpforms-16528-field_3\" class=\"wpforms-field-medium choicesjs-select\" data-size-class=\"wpforms-field-row wpforms-field-medium\" data-search-enabled=\"\" name=\"wpforms[fields][3][]\" multiple=\"multiple\"><option value=\"\" class=\"placeholder\" disabled><\/option><option value=\"Fake SMS\" >Fake SMS<\/option><option value=\"Someone called me\" >Someone called me<\/option><option value=\"Someone sent me a transaction to validate\" >Someone sent me a transaction to validate<\/option><option value=\"I received an OTP that i did not request\" >I received an OTP that i did not request<\/option><option value=\"Other\" >Other<\/option><\/select><\/div><div id=\"wpforms-16528-field_2-container\" class=\"wpforms-field wpforms-field-textarea\" data-field-id=\"2\"><label class=\"wpforms-field-label\" for=\"wpforms-16528-field_2\">Commentaire ou message<\/label><textarea id=\"wpforms-16528-field_2\" class=\"wpforms-field-medium\" name=\"wpforms[fields][2]\" ><\/textarea><\/div><\/div><!-- .wpforms-field-container --><div class=\"wpforms-submit-container\" ><input type=\"hidden\" name=\"wpforms[id]\" value=\"16528\"><input type=\"hidden\" name=\"page_title\" value=\"\"><input type=\"hidden\" name=\"page_url\" value=\"https:\/\/mtn.cm\/fr\/wp-json\/wp\/v2\/pages\/16150\"><input type=\"hidden\" name=\"url_referer\" value=\"\"><button type=\"submit\" name=\"wpforms[submit]\" id=\"wpforms-submit-16528\" class=\"wpforms-submit\" data-alt-text=\"Sending...\" data-submit-text=\"Submit\" aria-live=\"assertive\" value=\"wpforms-submit\">Soumettre<\/button><img loading=\"lazy\" decoding=\"async\" src=\"https:\/\/mtn.cm\/wp-content\/plugins\/wpforms\/assets\/images\/submit-spin.svg\" class=\"wpforms-submit-spinner\" style=\"display: none;\" width=\"26\" height=\"26\" alt=\"Chargement en cours\"><\/div><input type=\"hidden\" name=\"trp-form-language\" value=\"fr\"\/><\/form><\/div>  <!-- .wpforms-container -->","protected":false},"excerpt":{"rendered":"","protected":false},"author":11,"featured_media":0,"parent":16203,"menu_order":0,"comment_status":"closed","ping_status":"closed","template":"templates\/page-contained.php","meta":{"_acf_changed":false,"footnotes":""},"class_list":["post-16150","page","type-page","status-publish","hentry"],"acf":[],"_links":{"self":[{"href":"https:\/\/mtn.cm\/fr\/wp-json\/wp\/v2\/pages\/16150","targetHints":{"allow":["GET"]}}],"collection":[{"href":"https:\/\/mtn.cm\/fr\/wp-json\/wp\/v2\/pages"}],"about":[{"href":"https:\/\/mtn.cm\/fr\/wp-json\/wp\/v2\/types\/page"}],"author":[{"embeddable":true,"href":"https:\/\/mtn.cm\/fr\/wp-json\/wp\/v2\/users\/11"}],"replies":[{"embeddable":true,"href":"https:\/\/mtn.cm\/fr\/wp-json\/wp\/v2\/comments?post=16150"}],"version-history":[{"count":7,"href":"https:\/\/mtn.cm\/fr\/wp-json\/wp\/v2\/pages\/16150\/revisions"}],"predecessor-version":[{"id":21855,"href":"https:\/\/mtn.cm\/fr\/wp-json\/wp\/v2\/pages\/16150\/revisions\/21855"}],"up":[{"embeddable":true,"href":"https:\/\/mtn.cm\/fr\/wp-json\/wp\/v2\/pages\/16203"}],"wp:attachment":[{"href":"https:\/\/mtn.cm\/fr\/wp-json\/wp\/v2\/media?parent=16150"}],"curies":[{"name":"wp","href":"https:\/\/api.w.org\/{rel}","templated":true}]}}