{"id":15912,"date":"2023-08-29T19:03:15","date_gmt":"2023-08-29T19:03:15","guid":{"rendered":"https:\/\/mtn.cm\/?page_id=15912"},"modified":"2023-09-18T08:15:46","modified_gmt":"2023-09-18T08:15:46","slug":"momo-soukoul","status":"publish","type":"page","link":"https:\/\/mtn.cm\/fr\/momo-soukoul\/","title":{"rendered":"MoMo Soukoul\u00a0\u00a0"},"content":{"rendered":"<div class=\"single-banner-section\">\n    \n            <div id=\"banner-block_6c8bfa8bee9dbf6b4e2c8a249a44d571\" class=\"banner\">\n                <div class=\"banner-section desktop-only alignedTop textDark no-overlay\" style=\"background:url(https:\/\/mtn.cm\/wp-content\/uploads\/2023\/08\/BTS-MoMo-Webpage.jpeg);background-size: cover;background-position:center center;\">\n                    <div class =\"banner-heading-section\">    \n                        <div class=\"banner-section-container\">\n                                                                                                 \n                \n            \n                        <\/div>\n                      \n                    <\/div>\n                <\/div>\n                \n                <div class=\"banner-section mobile-only alignedTop textDark no-overlay\" style=\"background:url(https:\/\/mtn.cm\/wp-content\/uploads\/2023\/08\/BTS-MoMo-Webpage.jpeg);background-size: cover;background-position:center center;\">\n                    <div class =\"banner-heading-section\">    \n                        <div class=\"banner-section-container\">\n                                                                              \n                        <\/div>\n                      \n                    <\/div>\n\n                <\/div>\n\n                <div class=\"banner-divider\">\n                <\/div>\n            <\/div>\n    \n            <\/div>\n\n\n<div id=\"section-heading-block_20d1b5bd48c6722bcfa65ea3d61a9c9e\" class=\"section-heading has-text-align-center\">\n<div class=\"mtn-section\">\n<h3 class=\"mtn-heading size-Responsive section-heading\">MoMo Soukoul  <\/h3>\n<\/div>\n<\/div>\n\n\n<div style=\"height:33px\" aria-hidden=\"true\" class=\"wp-block-spacer\"><\/div>\n\n\n<div id=\"accordion-block_beae426d6e9fed96eef390dbcb69c93d\" class=\"accordion widthNarrow\">\n\n\t<div class=\"mtn-accordion\">\n\t\t\t\t\t<details class=\"mtn-accordion-item\">\n\t\t\t\t<summary class=\"title accordion-toggle\"><span class=\"accordion-title\">Qu\u2019est-ce que l\u2019invasion des bourses MoMo ? <\/span><span><img class =\"downchevron\"\n\t\t\t\t\t\t\t\t\tsrc=\"https:\/\/mtn.cm\/wp-content\/themes\/mtn-vivid-wp\/public\/img\/svgs\/accordion-icon.svg\"\n\t\t\t\t\t\t\t\t\talt=\"What is MoMo Scholarship Invasion? \"><\/span><\/summary>\n\t\t\t   <div class=\"panel\">\n\t\t\t\t<p>MoMo Scholarship Invasion is a back-to-school promotion to support households nationwide with cash gifts up to 25000FCFA. This promotion is going to run in two phases for a duration of 1 month each (August 17 to September 16 2023 and September 22 to October 22, 2023)<\/p>\n\t\t\t   <\/div>\n\n\t\t\t\t\n\t\t\t<\/details>\n\t\t\t\t\t\t\t<details class=\"mtn-accordion-item\">\n\t\t\t\t<summary class=\"title accordion-toggle\"><span class=\"accordion-title\">Quelles sont les r\u00e9compenses dans MoMo School Invasion ?<\/span><span><img class =\"downchevron\"\n\t\t\t\t\t\t\t\t\tsrc=\"https:\/\/mtn.cm\/wp-content\/themes\/mtn-vivid-wp\/public\/img\/svgs\/accordion-icon.svg\"\n\t\t\t\t\t\t\t\t\talt=\"What are the rewards in MoMo School Invasion?\"><\/span><\/summary>\n\t\t\t   <div class=\"panel\">\n\t\t\t\t<p>Toutes les heures de 9h \u00e0 20h59, 5 clients ayant effectu\u00e9 une transaction \u00e9ligible recevront des cadeaux en esp\u00e8ces directement sur leur compte MoMo.<\/p>\n<table>\n<tbody>\n<tr>\n<td width=\"301\">R\u00e9partition des 5 gagnants<\/td>\n<td width=\"301\">R\u00e9compense<\/td>\n<\/tr>\n<tr>\n<td width=\"301\" class=\"translation-block\">1<sup>er<\/sup> abonn\u00e9 s\u00e9lectionn\u00e9<\/td>\n<td width=\"301\">25000Frs<\/td>\n<\/tr>\n<tr>\n<td width=\"301\" class=\"translation-block\">2<sup>\u00e9me<\/sup> abonn\u00e9 s\u00e9lectionn\u00e9<\/td>\n<td width=\"301\">25,000Frs<\/td>\n<\/tr>\n<tr>\n<td width=\"301\" class=\"translation-block\">3<sup>\u00e9me<\/sup> abonn\u00e9 s\u00e9lectionn\u00e9<\/td>\n<td width=\"301\">15,000Frs<\/td>\n<\/tr>\n<tr>\n<td width=\"301\" class=\"translation-block\">4<sup>\u00e8me<\/sup> abonn\u00e9 s\u00e9lectionn\u00e9<\/td>\n<td width=\"301\">10,000Frs<\/td>\n<\/tr>\n<tr>\n<td width=\"301\" class=\"translation-block\">5<sup>\u00e8me<\/sup> abonn\u00e9 s\u00e9lectionn\u00e9<\/td>\n<td width=\"301\">10,000Frs<\/td>\n<\/tr>\n<\/tbody>\n<\/table>\n\t\t\t   <\/div>\n\n\t\t\t\t\n\t\t\t<\/details>\n\t\t\t\t\t\t\t<details class=\"mtn-accordion-item\">\n\t\t\t\t<summary class=\"title accordion-toggle\"><span class=\"accordion-title\">Qui est \u00e9ligible?<\/span><span><img class =\"downchevron\"\n\t\t\t\t\t\t\t\t\tsrc=\"https:\/\/mtn.cm\/wp-content\/themes\/mtn-vivid-wp\/public\/img\/svgs\/accordion-icon.svg\"\n\t\t\t\t\t\t\t\t\talt=\"Who is eligible?\"><\/span><\/summary>\n\t\t\t   <div class=\"panel\">\n\t\t\t\t<p>Les clients MoMo qui effectuent une transaction \u00e9ligible peuvent gagner l'un des prix ci-dessus toutes les heures.<\/p>\n\t\t\t   <\/div>\n\n\t\t\t\t\n\t\t\t<\/details>\n\t\t\t\t\t\t\t<details class=\"mtn-accordion-item\">\n\t\t\t\t<summary class=\"title accordion-toggle\"><span class=\"accordion-title\">Quelles sont les transactions \u00e9ligibles ?<\/span><span><img class =\"downchevron\"\n\t\t\t\t\t\t\t\t\tsrc=\"https:\/\/mtn.cm\/wp-content\/themes\/mtn-vivid-wp\/public\/img\/svgs\/accordion-icon.svg\"\n\t\t\t\t\t\t\t\t\talt=\"What are the eligible transactions?\"><\/span><\/summary>\n\t\t\t   <div class=\"panel\">\n\t\t\t\t<ul>\n<li>une transaction MoMoPay d'au moins 5000F OU<\/li>\n<li>un Paiement au commer\u00e7ant (P2M) d'au moins 5000F OU<\/li>\n<li>un paiement de frais de scolarit\u00e9 d'au moins 5000F OU,<\/li>\n<li>contracter un pr\u00eat scolaire via MoMoKash<\/li>\n<\/ul>\n\t\t\t   <\/div>\n\n\t\t\t\t\n\t\t\t<\/details>\n\t\t\t\t\t\t\t<details class=\"mtn-accordion-item\">\n\t\t\t\t<summary class=\"title accordion-toggle\"><span class=\"accordion-title\">Y a-t-il d'autres avantages pour les clients MoMo dans cette promotion ?<\/span><span><img class =\"downchevron\"\n\t\t\t\t\t\t\t\t\tsrc=\"https:\/\/mtn.cm\/wp-content\/themes\/mtn-vivid-wp\/public\/img\/svgs\/accordion-icon.svg\"\n\t\t\t\t\t\t\t\t\talt=\"Are there any other benefits for MoMo customers in this promotion?\"><\/span><\/summary>\n\t\t\t   <div class=\"panel\">\n\t\t\t\t<p>Les clients MoMo qui contractent un pr\u00eat jusqu'\u00e0 100 000Frs peuvent le rembourser sans frais dans un d\u00e9lai de 7 jours.<\/p>\n<p>Pass\u00e9 7 jours, les frais appliqu\u00e9s sont<\/p>\n<ul>\n<li><em>5% de frais de service sur le montant pris en pr\u00eat entre le 8\u00e8me et le 15\u00e8me jour,\u00a0<\/em><\/li>\n<li><em>Frais de service de 5% sur le solde d\u00fb entre le 16\u00e8me et le 30\u00e8me jour.\u00a0<\/em><\/li>\n<li><em>Au bout de 30 jours le client entre en p\u00e9nalit\u00e9 (dus pour des frais de 5 000F mais non encore applicables) et son compte peut \u00eatre automatiquement d\u00e9bit\u00e9.<\/em><\/li>\n<\/ul>\n\t\t\t   <\/div>\n\n\t\t\t\t\n\t\t\t<\/details>\n\t\t\t\t\t\t\t<details class=\"mtn-accordion-item\">\n\t\t\t\t<summary class=\"title accordion-toggle\"><span class=\"accordion-title\">Quels sont les canaux \u00e9ligibles via lesquels les clients peuvent effectuer un paiement \u00e9ligible et gagner gr\u00e2ce \u00e0 la promotion\u00a0?<\/span><span><img class =\"downchevron\"\n\t\t\t\t\t\t\t\t\tsrc=\"https:\/\/mtn.cm\/wp-content\/themes\/mtn-vivid-wp\/public\/img\/svgs\/accordion-icon.svg\"\n\t\t\t\t\t\t\t\t\talt=\"What are the eligible canals via which customers can make an eligible payment and win from the promotion?\"><\/span><\/summary>\n\t\t\t   <div class=\"panel\">\n\t\t\t\t<p>Canal USSD *126# et MoMo App ou paiements via le web<\/p>\n\t\t\t   <\/div>\n\n\t\t\t\t\n\t\t\t<\/details>\n\t\t\t\t\t\t\t<details class=\"mtn-accordion-item\">\n\t\t\t\t<summary class=\"title accordion-toggle\"><span class=\"accordion-title\">Quels sont les codes ou liens USSD \u00e0 retenir pour cette promotion ?<\/span><span><img class =\"downchevron\"\n\t\t\t\t\t\t\t\t\tsrc=\"https:\/\/mtn.cm\/wp-content\/themes\/mtn-vivid-wp\/public\/img\/svgs\/accordion-icon.svg\"\n\t\t\t\t\t\t\t\t\talt=\"What are some USSD codes or links to remember for this promotion?\"><\/span><\/summary>\n\t\t\t   <div class=\"panel\">\n\t\t\t\t<ul>\n<li>Frais de scolarit\u00e9 *126*007# ou minesecpay.cm<\/li>\n<li>MoMoPay *126*4*code marchand*montant#<\/li>\n<li>MoMoKash *126# option 6<\/li>\n<\/ul>\n\t\t\t   <\/div>\n\n\t\t\t\t\n\t\t\t<\/details>\n\t\t\t\t\t<\/div>\n<\/div>","protected":false},"excerpt":{"rendered":"","protected":false},"author":2,"featured_media":0,"parent":0,"menu_order":0,"comment_status":"closed","ping_status":"closed","template":"","meta":{"_acf_changed":false,"footnotes":""},"class_list":["post-15912","page","type-page","status-publish","hentry"],"acf":[],"_links":{"self":[{"href":"https:\/\/mtn.cm\/fr\/wp-json\/wp\/v2\/pages\/15912","targetHints":{"allow":["GET"]}}],"collection":[{"href":"https:\/\/mtn.cm\/fr\/wp-json\/wp\/v2\/pages"}],"about":[{"href":"https:\/\/mtn.cm\/fr\/wp-json\/wp\/v2\/types\/page"}],"author":[{"embeddable":true,"href":"https:\/\/mtn.cm\/fr\/wp-json\/wp\/v2\/users\/2"}],"replies":[{"embeddable":true,"href":"https:\/\/mtn.cm\/fr\/wp-json\/wp\/v2\/comments?post=15912"}],"version-history":[{"count":34,"href":"https:\/\/mtn.cm\/fr\/wp-json\/wp\/v2\/pages\/15912\/revisions"}],"predecessor-version":[{"id":21421,"href":"https:\/\/mtn.cm\/fr\/wp-json\/wp\/v2\/pages\/15912\/revisions\/21421"}],"wp:attachment":[{"href":"https:\/\/mtn.cm\/fr\/wp-json\/wp\/v2\/media?parent=15912"}],"curies":[{"name":"wp","href":"https:\/\/api.w.org\/{rel}","templated":true}]}}