{"id":15846,"date":"2023-08-09T13:47:11","date_gmt":"2023-08-09T13:47:11","guid":{"rendered":"https:\/\/mtn.cm\/?page_id=15846"},"modified":"2023-08-11T04:57:25","modified_gmt":"2023-08-11T04:57:25","slug":"protectchildonline","status":"publish","type":"page","link":"https:\/\/mtn.cm\/fr\/foundation\/protectchildonline\/","title":{"rendered":"protectchildonline"},"content":{"rendered":"<div class=\"slideshow-section\">\n        <div class=\"banner-slider slides1\">\n        \n            <div id=\"banner-block_4dc22c84bcabb3706871252ff85639f1\" class=\"banner\">\n            <div class=\"banner-section desktop-only alignedTop textLight dark-overlay\" style=\"background:url(https:\/\/mtn.cm\/wp-content\/uploads\/2023\/08\/MTN-Child-Online-Protection-Web-Banner-2.png);background-size:cover;background-position:center center;\">\n                    <div class =\"banner-heading-section\">   \n                        <div class=\"heading-section-container\">\n                                                                                              \n                        <\/div> \n                        \n                    <\/div>\n                    <div class=\"banner-cta-section ctaYellow\">\n                        <a href=\"https:\/\/report.iwf.org.uk\/cm_en\/\"><button>Signaler<\/button><\/a>\n                    <\/div>\n            <\/div>\n\n            <div class=\"banner-section mobile-only alignedTop textLight dark-overlay\" style=\"background:url(https:\/\/mtn.cm\/wp-content\/uploads\/2023\/08\/MTN-Child-Online-Protection-Web-Banner-2.png);background-size:cover;background-position:center center;\">\n                    <div class =\"banner-heading-section\">   \n                        <div class=\"heading-section-container\">\n                                                                                                <\/div> \n                        \n                    <\/div>\n                    <div class=\"banner-cta-section ctaYellow\">\n                        <a href=\"https:\/\/report.iwf.org.uk\/cm_en\/\"><button>Signaler<\/button><\/a>\n                    <\/div>\n            <\/div>\n\n                <div class=\"banner-divider\">\n                <\/div>\n            <\/div>\n\n                    <\/div>\n\n    \n         <div class=\"slideshow-dots\"><\/div>\n<\/div>\n\n\n\n\n<div id=\"section-paragraph-block_18f786494d38b62fa101a008ffeb496a\" class=\"section-paragraph has-text-align-left\">\n<div class=\"mtn-body-text mtn-section paragraph\"><p>Au Cameroun, comme dans de nombreux autres pays, la protection des enfants contre les dangers potentiels des services en ligne est devenue une priorit\u00e9 absolue.\nMTN a une approche de tol\u00e9rance z\u00e9ro face \u00e0 la maltraitance et \u00e0 toutes les formes d'abus et d'exploitation des enfants.<\/p>\n<p>Dans ses efforts continus pour lutter contre l'exploitation des enfants sur Internet, la Fondation MTN a sign\u00e9 un partenariat avec Internet Watch Foundation (IWF) pour la mise en place d'un portail de signalement donnant la possibilit\u00e9 aux personnes vivant au Cameroun un moyen de signaler les abus sur les enfants.<\/p>\n<p>Le grand public est encourag\u00e9 \u00e0 utiliser ce portail pour signaler en toute s\u00e9curit\u00e9 et de fa\u00e7on anonyme, tout contenu malsain mis en ligne.<\/p>\n<p><strong>IWF enqu\u00eatera sur tous les rapports et veillera \u00e0 ce que les cas confirm\u00e9s de contenu d'abus sexuels sur des enfants sur Internet soient supprim\u00e9s \u00e0 la source.<\/strong>.<\/p>\n<p>.<\/p>\n<\/div>\n<\/div>","protected":false},"excerpt":{"rendered":"","protected":false},"author":2,"featured_media":0,"parent":43,"menu_order":0,"comment_status":"closed","ping_status":"closed","template":"","meta":{"_acf_changed":false,"footnotes":""},"class_list":["post-15846","page","type-page","status-publish","hentry"],"acf":[],"_links":{"self":[{"href":"https:\/\/mtn.cm\/fr\/wp-json\/wp\/v2\/pages\/15846","targetHints":{"allow":["GET"]}}],"collection":[{"href":"https:\/\/mtn.cm\/fr\/wp-json\/wp\/v2\/pages"}],"about":[{"href":"https:\/\/mtn.cm\/fr\/wp-json\/wp\/v2\/types\/page"}],"author":[{"embeddable":true,"href":"https:\/\/mtn.cm\/fr\/wp-json\/wp\/v2\/users\/2"}],"replies":[{"embeddable":true,"href":"https:\/\/mtn.cm\/fr\/wp-json\/wp\/v2\/comments?post=15846"}],"version-history":[{"count":43,"href":"https:\/\/mtn.cm\/fr\/wp-json\/wp\/v2\/pages\/15846\/revisions"}],"predecessor-version":[{"id":15902,"href":"https:\/\/mtn.cm\/fr\/wp-json\/wp\/v2\/pages\/15846\/revisions\/15902"}],"up":[{"embeddable":true,"href":"https:\/\/mtn.cm\/fr\/wp-json\/wp\/v2\/pages\/43"}],"wp:attachment":[{"href":"https:\/\/mtn.cm\/fr\/wp-json\/wp\/v2\/media?parent=15846"}],"curies":[{"name":"wp","href":"https:\/\/api.w.org\/{rel}","templated":true}]}}