{"id":15062,"date":"2023-03-01T14:30:23","date_gmt":"2023-03-01T14:30:23","guid":{"rendered":"https:\/\/mtn.cm\/\/?page_id=15062"},"modified":"2023-03-02T20:54:38","modified_gmt":"2023-03-02T20:54:38","slug":"reycreo-webpage","status":"publish","type":"page","link":"https:\/\/mtn.cm\/fr\/play\/gaming\/reycreo-webpage\/","title":{"rendered":"Reycreo Games"},"content":{"rendered":"<div class=\"single-banner-section\">\n    \n            <div id=\"banner-block_3cad6f7980ff009ae71ea03592d4b9c4\" class=\"banner\">\n                <div class=\"banner-section desktop-only alignedBottom textLight no-overlay\" style=\"background:url(https:\/\/mtn.cm\/wp-content\/uploads\/2023\/03\/pexels-evg-kowalievska-1174746-scaled.jpeg);background-size: cover;background-position:center center;\">\n                    <div class =\"banner-heading-section\">    \n                        <div class=\"banner-section-container\">\n                                                     <p class=\"mtn-page-title yello-title\">Jeux<\/p>\n                                                                                  <h1 class=\"mtn-heading yello-heading\"><p>Reycreo Games<\/p>\n<\/h1>\n                                                                        \n                \n            \n                        <\/div>\n                      \n                    <\/div>\n                <\/div>\n                \n                <div class=\"banner-section mobile-only alignedBottom textLight no-overlay\" style=\"background:url(https:\/\/mtn.cm\/wp-content\/uploads\/2023\/03\/pexels-evg-kowalievska-1174746-scaled.jpeg);background-size: cover;background-position:center center;\">\n                    <div class =\"banner-heading-section\">    \n                        <div class=\"banner-section-container\">\n                                                     <p class=\"mtn-page-title yello-title\">Jeux<\/p>\n                                                                                  <h1 class=\"mtn-heading yello-heading\"><p>Reycreo Games<\/p>\n<\/h1>\n                                                     \n                        <\/div>\n                      \n                    <\/div>\n\n                <\/div>\n\n                <div class=\"banner-divider\">\n                <\/div>\n            <\/div>\n    \n            <\/div>\n\n\n\n<div id=\"section-paragraph-block_4d408fa7ba11819add8945512f3ba1b0\" class=\"section-paragraph has-text-align-left\">\n<div class=\"mtn-body-text mtn-section paragraph\"><ol>\n<li>Qu'est-ce que Reycreo Games ?<\/li>\n<\/ol>\n<p>Reycreo Games est un service de jeu mobile qui permet aux clients de jouer \u00e0 des jeux en ligne sur une page Web.<\/p>\n<ol start=\"2\">\n<li>Comment acc\u00e9der \u00e0 Reycreo Games ?<\/li>\n<\/ol>\n<p>Un abonn\u00e9 MTN peut acc\u00e9der \u00e0 Reycreo Games en cliquant sur les publicit\u00e9s en ligne et \u00eatre redirig\u00e9 vers une page web o\u00f9 il peut s'abonner (https:\/\/cmr.reycreo.com\/gaming)<\/p>\n<ol start=\"3\">\n<li>Comment \u00e7a marche?<\/li>\n<\/ol>\n<p>Pour acc\u00e9der \u00e0 Reycreo Games, l'abonn\u00e9 doit s'inscrire via cette adresse et https:\/\/cmr.reycreo.com\/gaming ; C'est le m\u00eame lien qu'il utilisera pour jouer \u00e0 des jeux. Apr\u00e8s la souscription, Reycreo envoie \u00e0 l'Abonn\u00e9 une notification de Bienvenue avec une URL vers le Portail des Jeux<\/p>\n<p>Pour se d\u00e9sabonner, les clients envoient :<\/p>\n<ul>\n<li>STOP RCJ au 8738 pour journalier<\/li>\n<li>STOP RCS au 8738 pour mensuel<\/li>\n<li>STOP RCM au 8738 pour le mois<\/li>\n<\/ul>\n<ol start=\"4\">\n<li>Combien \u00e7a co\u00fbte?<\/li>\n<\/ol>\n<p>Les clients sont factur\u00e9s pour les frais d'abonnement comme d\u00e9crit ci-dessous (un jour d'essai gratuit)  :<\/p>\n<p>Journalier : 50CFA Hebdomadaire : 200CFA Mensuel : 300CFA<\/p>\n<\/div>\n<\/div>","protected":false},"excerpt":{"rendered":"","protected":false},"author":2,"featured_media":0,"parent":814,"menu_order":0,"comment_status":"closed","ping_status":"closed","template":"","meta":{"_acf_changed":false,"footnotes":""},"class_list":["post-15062","page","type-page","status-publish","hentry"],"acf":[],"_links":{"self":[{"href":"https:\/\/mtn.cm\/fr\/wp-json\/wp\/v2\/pages\/15062","targetHints":{"allow":["GET"]}}],"collection":[{"href":"https:\/\/mtn.cm\/fr\/wp-json\/wp\/v2\/pages"}],"about":[{"href":"https:\/\/mtn.cm\/fr\/wp-json\/wp\/v2\/types\/page"}],"author":[{"embeddable":true,"href":"https:\/\/mtn.cm\/fr\/wp-json\/wp\/v2\/users\/2"}],"replies":[{"embeddable":true,"href":"https:\/\/mtn.cm\/fr\/wp-json\/wp\/v2\/comments?post=15062"}],"version-history":[{"count":13,"href":"https:\/\/mtn.cm\/fr\/wp-json\/wp\/v2\/pages\/15062\/revisions"}],"predecessor-version":[{"id":15138,"href":"https:\/\/mtn.cm\/fr\/wp-json\/wp\/v2\/pages\/15062\/revisions\/15138"}],"up":[{"embeddable":true,"href":"https:\/\/mtn.cm\/fr\/wp-json\/wp\/v2\/pages\/814"}],"wp:attachment":[{"href":"https:\/\/mtn.cm\/fr\/wp-json\/wp\/v2\/media?parent=15062"}],"curies":[{"name":"wp","href":"https:\/\/api.w.org\/{rel}","templated":true}]}}