{"id":15056,"date":"2023-03-01T13:58:01","date_gmt":"2023-03-01T13:58:01","guid":{"rendered":"https:\/\/mtn.cm\/\/?page_id=15056"},"modified":"2023-03-01T14:03:21","modified_gmt":"2023-03-01T14:03:21","slug":"xgames","status":"publish","type":"page","link":"https:\/\/mtn.cm\/fr\/play\/gaming\/xgames\/","title":{"rendered":"XGames"},"content":{"rendered":"<div class=\"single-banner-section\">\n    \n            <div id=\"banner-block_1855194cd0ddbb28fb896496f5b9efe7\" class=\"banner\">\n                <div class=\"banner-section desktop-only alignedBottom textLight no-overlay\" style=\"background:url(https:\/\/mtn.cm\/wp-content\/uploads\/2023\/03\/pexels-bastian-riccardi-7069031-scaled.jpeg);background-size: cover;background-position:center center;\">\n                    <div class =\"banner-heading-section\">    \n                        <div class=\"banner-section-container\">\n                                                     <p class=\"mtn-page-title yello-title\">Jeux<\/p>\n                                                                                  <h1 class=\"mtn-heading yello-heading\"><p>XGames<\/p>\n<\/h1>\n                                                                        \n                \n            \n                        <\/div>\n                      \n                    <\/div>\n                <\/div>\n                \n                <div class=\"banner-section mobile-only alignedBottom textLight no-overlay\" style=\"background:url(https:\/\/mtn.cm\/wp-content\/uploads\/2023\/03\/pexels-bastian-riccardi-7069031-scaled.jpeg);background-size: cover;background-position:center center;\">\n                    <div class =\"banner-heading-section\">    \n                        <div class=\"banner-section-container\">\n                                                     <p class=\"mtn-page-title yello-title\">Jeux<\/p>\n                                                                                  <h1 class=\"mtn-heading yello-heading\"><p>XGames<\/p>\n<\/h1>\n                                                     \n                        <\/div>\n                      \n                    <\/div>\n\n                <\/div>\n\n                <div class=\"banner-divider\">\n                <\/div>\n            <\/div>\n    \n            <\/div>\n\n\n\n<div id=\"section-paragraph-block_caff02d400bf736dbf39f9bb0bd11986\" class=\"section-paragraph has-text-align-left\">\n<div class=\"mtn-body-text mtn-section paragraph\"><h2><a name=\"_Toc106091484\"><\/a>1.    Qu'est-ce que X-Games ?<\/h2>\n<p>X-Games est un portail de jeux par abonnement o\u00f9 les utilisateurs peuvent jouer \u00e0 des centaines de jeux HTML ; acc\u00e9dez \u00e0 des jeux de tir, des jeux de puzzle, des jeux de guerre, des jeux de voiture, des jeux d'objets cach\u00e9s et bien d'autres.<\/p>\n<h2><a name=\"_Toc106091485\"><\/a>2. Comment acc\u00e9der aux X-Games ?<\/h2>\n<p class=\"translation-block\">Un abonn\u00e9 MTN peut acc\u00e9der \u00e0 X-Games via la page web http:\/\/mtncmr.livexgames.com. L'utilisateur peut \u00e9galement envoyer XG1 au 8725 pour un abonnement quotidien.<\/p>\n<h2><a name=\"_Toc106091486\"><\/a>3. Comment \u00e7a marche ?<\/h2>\n<p class=\"translation-block\">Les utilisateurs doivent d'abord s'abonner via le lien http:\/\/mtncmr.livexgames.com et choisir leur plan d'abonnement (journalier ou hebdomadaire). Apr\u00e8s l'abonnement, les utilisateurs ouvrent la m\u00eame page pour jouer \u00e0 des jeux.<\/p>\n<p>Pour se d\u00e9sabonner, les clients envoient :<\/p>\n<ul>\n<li>STOP XG au 8725<\/li>\n<\/ul>\n<h2><a name=\"_Toc106091487\"><\/a>Combien \u00e7a co\u00fbte?<\/h2>\n<p>Les clients sont factur\u00e9s pour les frais d'abonnement comme d\u00e9crit ci-dessous :<\/p>\n<ul>\n<li>Journalier : 100FCFA<\/li>\n<\/ul>\n<\/div>\n<\/div>","protected":false},"excerpt":{"rendered":"","protected":false},"author":2,"featured_media":0,"parent":814,"menu_order":0,"comment_status":"closed","ping_status":"closed","template":"","meta":{"_acf_changed":false,"footnotes":""},"class_list":["post-15056","page","type-page","status-publish","hentry"],"acf":[],"_links":{"self":[{"href":"https:\/\/mtn.cm\/fr\/wp-json\/wp\/v2\/pages\/15056","targetHints":{"allow":["GET"]}}],"collection":[{"href":"https:\/\/mtn.cm\/fr\/wp-json\/wp\/v2\/pages"}],"about":[{"href":"https:\/\/mtn.cm\/fr\/wp-json\/wp\/v2\/types\/page"}],"author":[{"embeddable":true,"href":"https:\/\/mtn.cm\/fr\/wp-json\/wp\/v2\/users\/2"}],"replies":[{"embeddable":true,"href":"https:\/\/mtn.cm\/fr\/wp-json\/wp\/v2\/comments?post=15056"}],"version-history":[{"count":4,"href":"https:\/\/mtn.cm\/fr\/wp-json\/wp\/v2\/pages\/15056\/revisions"}],"predecessor-version":[{"id":15061,"href":"https:\/\/mtn.cm\/fr\/wp-json\/wp\/v2\/pages\/15056\/revisions\/15061"}],"up":[{"embeddable":true,"href":"https:\/\/mtn.cm\/fr\/wp-json\/wp\/v2\/pages\/814"}],"wp:attachment":[{"href":"https:\/\/mtn.cm\/fr\/wp-json\/wp\/v2\/media?parent=15056"}],"curies":[{"name":"wp","href":"https:\/\/api.w.org\/{rel}","templated":true}]}}