{"id":14978,"date":"2023-03-01T10:54:24","date_gmt":"2023-03-01T10:54:24","guid":{"rendered":"https:\/\/mtn.cm\/\/?page_id=14978"},"modified":"2023-03-01T12:36:15","modified_gmt":"2023-03-01T12:36:15","slug":"cash-a-gogo","status":"publish","type":"page","link":"https:\/\/mtn.cm\/fr\/play\/value-added-services\/cash-a-gogo\/","title":{"rendered":"Cash A Gogo"},"content":{"rendered":"<div class=\"single-banner-section\">\n    \n            <div id=\"banner-block_6d7af4c5b67a540fa6d43f80ad040488\" class=\"banner\">\n                <div class=\"banner-section desktop-only alignedBottom textLight dark-overlay\" style=\"background:url(https:\/\/mtn.cm\/wp-content\/uploads\/2023\/03\/pexels-ketut-subiyanto-4560076-scaled.jpeg);background-size: cover;background-position:center center;\">\n                    <div class =\"banner-heading-section\">    \n                        <div class=\"banner-section-container\">\n                                                     <p class=\"mtn-page-title yello-title\">Services \u00e0 valeur ajout\u00e9e<\/p>\n                                                                                  <h1 class=\"mtn-heading yello-heading\"><p>Cash A Gogo<\/p>\n<\/h1>\n                                                                        \n                \n            \n                        <\/div>\n                      \n                    <\/div>\n                <\/div>\n                \n                <div class=\"banner-section mobile-only alignedBottom textLight dark-overlay\" style=\"background:url(https:\/\/mtn.cm\/wp-content\/uploads\/2023\/03\/pexels-ketut-subiyanto-4560076-scaled.jpeg);background-size: cover;background-position:center center;\">\n                    <div class =\"banner-heading-section\">    \n                        <div class=\"banner-section-container\">\n                                                     <p class=\"mtn-page-title yello-title\">Services \u00e0 valeur ajout\u00e9e<\/p>\n                                                                                  <h1 class=\"mtn-heading yello-heading\"><p>Cash A Gogo<\/p>\n<\/h1>\n                                                     \n                        <\/div>\n                      \n                    <\/div>\n\n                <\/div>\n\n                <div class=\"banner-divider\">\n                <\/div>\n            <\/div>\n    \n            <\/div>\n\n\n\n<div id=\"section-paragraph-block_4c1b87e444f56dcc7a39c58d0cc5a512\" class=\"section-paragraph has-text-align-left\">\n<div class=\"mtn-body-text mtn-section paragraph\"><h2><a name=\"_Toc2695819\"><\/a>1. Qu'est-ce que le service Cash A Gogo ?<\/h2>\n<p>Cash A Gogo est un service qui permet aux clients de r\u00e9pondre \u00e0 des questions par SMS et de gagner des points. Les utilisateurs qui participent au jeu sont \u00e9ligibles pour un tirage au sort et peuvent gagner des prix.<\/p>\n<h2><a name=\"_Toc2695821\"><\/a>2. Comment souscrire au service ?<\/h2>\n<p>Pour s'abonner, le client doit :<\/p>\n<ul>\n<li>Envoyer CASH au 8139 ou<\/li>\n<li>Composer *044#<\/li>\n<\/ul>\n<h2><a name=\"_Toc2695822\"><\/a>3. Comment \u00e7a marche ?<\/h2>\n<p>Apr\u00e8s souscription :<\/p>\n<ol>\n<li>Le client choisit le th\u00e8me des questions en envoyant la lettre appropri\u00e9e par SMS au 8139<\/li>\n<li>Le client re\u00e7oit 3 questions auxquelles il peut r\u00e9pondre en envoyant 1 ou 2 au 8139<\/li>\n<li>L'utilisateur peut librement consulter son score \u00e0 tout moment en envoyant SCORE au 8139.<\/li>\n<li>L'utilisateur peut se d\u00e9sinscrire en envoyant STOPCASH au 8139.<\/li>\n<\/ol>\n<h2><a name=\"_Toc2695823\"><\/a>Combien \u00e7a co\u00fbte?<\/h2>\n<p>Le service co\u00fbte 100F\/jour avec des paliers de microfacturation \u00e0 75F, 50F et 25F par jour.<\/p>\n<\/div>\n<\/div>","protected":false},"excerpt":{"rendered":"","protected":false},"author":2,"featured_media":0,"parent":818,"menu_order":0,"comment_status":"closed","ping_status":"closed","template":"","meta":{"_acf_changed":false,"footnotes":""},"class_list":["post-14978","page","type-page","status-publish","hentry"],"acf":[],"_links":{"self":[{"href":"https:\/\/mtn.cm\/fr\/wp-json\/wp\/v2\/pages\/14978","targetHints":{"allow":["GET"]}}],"collection":[{"href":"https:\/\/mtn.cm\/fr\/wp-json\/wp\/v2\/pages"}],"about":[{"href":"https:\/\/mtn.cm\/fr\/wp-json\/wp\/v2\/types\/page"}],"author":[{"embeddable":true,"href":"https:\/\/mtn.cm\/fr\/wp-json\/wp\/v2\/users\/2"}],"replies":[{"embeddable":true,"href":"https:\/\/mtn.cm\/fr\/wp-json\/wp\/v2\/comments?post=14978"}],"version-history":[{"count":10,"href":"https:\/\/mtn.cm\/fr\/wp-json\/wp\/v2\/pages\/14978\/revisions"}],"predecessor-version":[{"id":15037,"href":"https:\/\/mtn.cm\/fr\/wp-json\/wp\/v2\/pages\/14978\/revisions\/15037"}],"up":[{"embeddable":true,"href":"https:\/\/mtn.cm\/fr\/wp-json\/wp\/v2\/pages\/818"}],"wp:attachment":[{"href":"https:\/\/mtn.cm\/fr\/wp-json\/wp\/v2\/media?parent=14978"}],"curies":[{"name":"wp","href":"https:\/\/api.w.org\/{rel}","templated":true}]}}