{"id":14975,"date":"2023-03-01T10:53:55","date_gmt":"2023-03-01T10:53:55","guid":{"rendered":"https:\/\/mtn.cm\/\/?page_id=14975"},"modified":"2023-03-01T12:05:14","modified_gmt":"2023-03-01T12:05:14","slug":"fan-de-foot","status":"publish","type":"page","link":"https:\/\/mtn.cm\/fr\/play\/value-added-services\/fan-de-foot\/","title":{"rendered":"Fan de foot"},"content":{"rendered":"<div class=\"single-banner-section\">\n    \n            <div id=\"banner-block_ac159067c13834a4399fbe1ffbbe340d\" class=\"banner\">\n                <div class=\"banner-section desktop-only alignedBottom textLight dark-overlay\" style=\"background:url(https:\/\/mtn.cm\/wp-content\/uploads\/2023\/03\/pexels-pixabay-54308-scaled.jpeg);background-size: cover;background-position:center center;\">\n                    <div class =\"banner-heading-section\">    \n                        <div class=\"banner-section-container\">\n                                                     <p class=\"mtn-page-title yello-title\">Services \u00e0 valeur ajout\u00e9e<\/p>\n                                                                                  <h1 class=\"mtn-heading yello-heading\"><p>Fan de foot<\/p>\n<\/h1>\n                                                                        \n                \n            \n                        <\/div>\n                      \n                    <\/div>\n                <\/div>\n                \n                <div class=\"banner-section mobile-only alignedBottom textLight dark-overlay\" style=\"background:url(https:\/\/mtn.cm\/wp-content\/uploads\/2023\/03\/pexels-pixabay-54308-scaled.jpeg);background-size: cover;background-position:center center;\">\n                    <div class =\"banner-heading-section\">    \n                        <div class=\"banner-section-container\">\n                                                     <p class=\"mtn-page-title yello-title\">Services \u00e0 valeur ajout\u00e9e<\/p>\n                                                                                  <h1 class=\"mtn-heading yello-heading\"><p>Fan de foot<\/p>\n<\/h1>\n                                                     \n                        <\/div>\n                      \n                    <\/div>\n\n                <\/div>\n\n                <div class=\"banner-divider\">\n                <\/div>\n            <\/div>\n    \n            <\/div>\n\n\n\n<div id=\"section-paragraph-block_daf96fc2649fcdc9afbe6f00bf47df0f\" class=\"section-paragraph has-text-align-left\">\n<div class=\"mtn-body-text mtn-section paragraph\"><h2><a name=\"_Toc2695819\"><\/a>1. Qu'est-ce que le service Fan de foot ?<\/h2>\n<p>Fan de foot est un service qui permet aux clients de r\u00e9pondre \u00e0 des questions par SMS et de gagner des points. Les utilisateurs qui participent au jeu s'affrontent pour obtenir le meilleur score et gagner des prix quotidiens ou hebdomadaires. Les questions tournent autour du football.<\/p>\n<h2><a name=\"_Toc2695821\"><\/a>2. Comment souscrire au service ?<\/h2>\n<p>Pour s'abonner, le client doit :<\/p>\n<ul>\n<li>Envoyer FAN au 8408<\/li>\n<\/ul>\n<h2><a name=\"_Toc2695822\"><\/a>3. Comment \u00e7a marche ?<\/h2>\n<p><a name=\"_Toc2695823\"><\/a>\u2022 Le prix de l'abonnement est de 250 XAF par jour (et 50 XAF pour les questions \u00e0 la demande).<\/p>\n<p>\u2022 Les abonn\u00e9s qui rejoignent le service obtiennent 10 points<\/p>\n<p>\u2022 Les utilisateurs r\u00e9pondent \u00e0 un ensemble r\u00e9gulier de 5 questions avec chaque bonne r\u00e9ponse leur donnant 10 points.<\/p>\n<p>\u2022 Les utilisateurs peuvent choisir de continuer \u00e0 jouer et de r\u00e9pondre \u00e0 plusieurs s\u00e9ries de 2 questions, payant ainsi 50 XAF suppl\u00e9mentaires pour chaque s\u00e9rie.<\/p>\n<p>\u2022 Pour obtenir des s\u00e9ries de questions suppl\u00e9mentaires, les utilisateurs enverront \"PLUS\" au 8408<\/p>\n<p>\u2022 Les prix quotidiens r\u00e9compensent 5 joueurs avec le score le plus \u00e9lev\u00e9<\/p>\n<p>\u2022 Les abonn\u00e9s peuvent concourir pour des prix sp\u00e9ciaux lors de d\u00e9fis hebdomadaires occasionnels avec un ensemble sp\u00e9cifique de points (par exemple : collectez 5 000 points pour gagner un smartphone)<\/p>\n<p>\u2022 Les abonn\u00e9s pourront se d\u00e9sabonner \u00e0 tout moment en envoyant le mot-cl\u00e9 STOP FAN au 8408<\/p>\n<h2>Combien \u00e7a co\u00fbte?<\/h2>\n<p>L\u2019abonnement co\u00fbte 250F\/jour pour 5 questions. Chaque pack suppl\u00e9mentaire de deux questions co\u00fbte 50F.<\/p>\n<p>&nbsp;<\/p>\n<\/div>\n<\/div>","protected":false},"excerpt":{"rendered":"","protected":false},"author":2,"featured_media":0,"parent":818,"menu_order":0,"comment_status":"closed","ping_status":"closed","template":"","meta":{"_acf_changed":false,"footnotes":""},"class_list":["post-14975","page","type-page","status-publish","hentry"],"acf":[],"_links":{"self":[{"href":"https:\/\/mtn.cm\/fr\/wp-json\/wp\/v2\/pages\/14975","targetHints":{"allow":["GET"]}}],"collection":[{"href":"https:\/\/mtn.cm\/fr\/wp-json\/wp\/v2\/pages"}],"about":[{"href":"https:\/\/mtn.cm\/fr\/wp-json\/wp\/v2\/types\/page"}],"author":[{"embeddable":true,"href":"https:\/\/mtn.cm\/fr\/wp-json\/wp\/v2\/users\/2"}],"replies":[{"embeddable":true,"href":"https:\/\/mtn.cm\/fr\/wp-json\/wp\/v2\/comments?post=14975"}],"version-history":[{"count":9,"href":"https:\/\/mtn.cm\/fr\/wp-json\/wp\/v2\/pages\/14975\/revisions"}],"predecessor-version":[{"id":19729,"href":"https:\/\/mtn.cm\/fr\/wp-json\/wp\/v2\/pages\/14975\/revisions\/19729"}],"up":[{"embeddable":true,"href":"https:\/\/mtn.cm\/fr\/wp-json\/wp\/v2\/pages\/818"}],"wp:attachment":[{"href":"https:\/\/mtn.cm\/fr\/wp-json\/wp\/v2\/media?parent=14975"}],"curies":[{"name":"wp","href":"https:\/\/api.w.org\/{rel}","templated":true}]}}