{"id":14972,"date":"2023-03-01T10:53:15","date_gmt":"2023-03-01T10:53:15","guid":{"rendered":"https:\/\/mtn.cm\/\/?page_id=14972"},"modified":"2023-03-01T16:18:48","modified_gmt":"2023-03-01T16:18:48","slug":"games-club","status":"publish","type":"page","link":"https:\/\/mtn.cm\/fr\/play\/gaming\/games-club\/","title":{"rendered":"Games Club"},"content":{"rendered":"<div class=\"single-banner-section\">\n    \n            <div id=\"banner-block_ba301f4705ee08cdb097327e62737282\" class=\"banner\">\n                <div class=\"banner-section desktop-only alignedBottom textLight dark-overlay\" style=\"background:url(https:\/\/mtn.cm\/wp-content\/uploads\/2023\/03\/pexels-matthias-zomer-344034-scaled.jpeg);background-size: cover;background-position:center center;\">\n                    <div class =\"banner-heading-section\">    \n                        <div class=\"banner-section-container\">\n                                                     <p class=\"mtn-page-title yello-title\">Jeux<\/p>\n                                                                                  <h1 class=\"mtn-heading yello-heading\"><p>Games Club<\/p>\n<\/h1>\n                                                                        \n                \n            \n                        <\/div>\n                      \n                    <\/div>\n                <\/div>\n                \n                <div class=\"banner-section mobile-only alignedBottom textLight dark-overlay\" style=\"background:url(https:\/\/mtn.cm\/wp-content\/uploads\/2023\/03\/pexels-matthias-zomer-344034-scaled.jpeg);background-size: cover;background-position:center center;\">\n                    <div class =\"banner-heading-section\">    \n                        <div class=\"banner-section-container\">\n                                                     <p class=\"mtn-page-title yello-title\">Jeux<\/p>\n                                                                                  <h1 class=\"mtn-heading yello-heading\"><p>Games Club<\/p>\n<\/h1>\n                                                     \n                        <\/div>\n                      \n                    <\/div>\n\n                <\/div>\n\n                <div class=\"banner-divider\">\n                <\/div>\n            <\/div>\n    \n            <\/div>\n\n\n\n<div id=\"section-paragraph-block_abe59477e41e5ffd2d267424329eece8\" class=\"section-paragraph has-text-align-left\">\n<div class=\"mtn-body-text mtn-section paragraph\"><ol>\n<li><strong>Qu'est-ce que le Games Club ?<\/strong><\/li>\n<\/ol>\n<p>Games Club est un service de jeu mobile qui permet aux clients de jouer \u00e0 des jeux en ligne sur une page Web.<\/p>\n<ol start=\"2\">\n<li><strong>Comment acc\u00e9der au Games Club ?<\/strong><\/li>\n<\/ol>\n<p>Un abonn\u00e9 MTN peut acc\u00e9der au Games Club en ouvrant la page : http:\/\/mtncm.gamesclub.mobi. Sur cette page, il peut jouer \u00e0 des jeux.<\/p>\n<ol start=\"3\">\n<li><strong> Comment \u00e7a marche?<\/strong><\/li>\n<\/ol>\n<p>Pour acc\u00e9der au Games Club, l'abonn\u00e9 doit s'inscrire via cette adresse et http:\/\/mtncm.gamesclub.mobi ou utiliser la m\u00e9thode SMS ci-dessous :<\/p>\n<ul>\n<li>Envoyer GC1 au 8726 pour l\u2019abonnement journalier<\/li>\n<li>Envoyer GC7 au 8726 pour l\u2019abonnement hebdomadaire<\/li>\n<li>Envoyer GC30 au 8726 pour l\u2019abonnement mensuel<\/li>\n<\/ul>\n<p>Apr\u00e8s l'abonnement, Games Club envoie \u00e0 l'abonn\u00e9 une notification de bienvenue avec une URL vers le portail des jeux (http:\/\/mtncm.gamesclub.mobi)<\/p>\n<p>Pour se d\u00e9sabonner, les clients envoient :<\/p>\n<ul>\n<li>STOP GC1 au 8726 pour l\u2019abonnement journalier<\/li>\n<li>STOP GC7 au 8726 pour l\u2019abonnement hebdomadaire<\/li>\n<li>STOP GC30 au 8726 pour l\u2019abonnement mensuel<\/li>\n<\/ul>\n<ol start=\"4\">\n<li><strong> Combien \u00e7a co\u00fbte?<\/strong><\/li>\n<\/ol>\n<p>Les clients sont factur\u00e9s pour les frais d'abonnement comme d\u00e9crit ci-dessous :<\/p>\n<p>Abonnement journalier: 50CFA<\/p>\n<p>Abonnement hebdomadaire : 250CFA<\/p>\n<p>Abonnement mensuel : 1000CFA<\/p>\n<\/div>\n<\/div>","protected":false},"excerpt":{"rendered":"","protected":false},"author":2,"featured_media":0,"parent":814,"menu_order":0,"comment_status":"closed","ping_status":"closed","template":"","meta":{"_acf_changed":false,"footnotes":""},"class_list":["post-14972","page","type-page","status-publish","hentry"],"acf":[],"_links":{"self":[{"href":"https:\/\/mtn.cm\/fr\/wp-json\/wp\/v2\/pages\/14972","targetHints":{"allow":["GET"]}}],"collection":[{"href":"https:\/\/mtn.cm\/fr\/wp-json\/wp\/v2\/pages"}],"about":[{"href":"https:\/\/mtn.cm\/fr\/wp-json\/wp\/v2\/types\/page"}],"author":[{"embeddable":true,"href":"https:\/\/mtn.cm\/fr\/wp-json\/wp\/v2\/users\/2"}],"replies":[{"embeddable":true,"href":"https:\/\/mtn.cm\/fr\/wp-json\/wp\/v2\/comments?post=14972"}],"version-history":[{"count":9,"href":"https:\/\/mtn.cm\/fr\/wp-json\/wp\/v2\/pages\/14972\/revisions"}],"predecessor-version":[{"id":15086,"href":"https:\/\/mtn.cm\/fr\/wp-json\/wp\/v2\/pages\/14972\/revisions\/15086"}],"up":[{"embeddable":true,"href":"https:\/\/mtn.cm\/fr\/wp-json\/wp\/v2\/pages\/814"}],"wp:attachment":[{"href":"https:\/\/mtn.cm\/fr\/wp-json\/wp\/v2\/media?parent=14972"}],"curies":[{"name":"wp","href":"https:\/\/api.w.org\/{rel}","templated":true}]}}