{"id":14966,"date":"2023-03-01T10:51:52","date_gmt":"2023-03-01T10:51:52","guid":{"rendered":"https:\/\/mtn.cm\/\/?page_id=14966"},"modified":"2023-03-01T13:34:24","modified_gmt":"2023-03-01T13:34:24","slug":"digster","status":"publish","type":"page","link":"https:\/\/mtn.cm\/fr\/play\/music\/digster\/","title":{"rendered":"Digster"},"content":{"rendered":"<div class=\"single-banner-section\">\n    \n            <div id=\"banner-block_cab34eceb41f0c789f681cdb8f459137\" class=\"banner\">\n                <div class=\"banner-section desktop-only alignedBottom textLight dark-overlay\" style=\"background:url(https:\/\/mtn.cm\/wp-content\/uploads\/2023\/03\/Bitmap.png);background-size: cover;background-position:center center;\">\n                    <div class =\"banner-heading-section\">    \n                        <div class=\"banner-section-container\">\n                                                     <p class=\"mtn-page-title yello-title\">Musique<\/p>\n                                                                                  <h1 class=\"mtn-heading yello-heading\"><p>Digster<\/p>\n<\/h1>\n                                                                        \n                \n            \n                        <\/div>\n                      \n                    <\/div>\n                <\/div>\n                \n                <div class=\"banner-section mobile-only alignedBottom textLight dark-overlay\" style=\"background:url(https:\/\/mtn.cm\/wp-content\/uploads\/2023\/03\/Bitmap.png);background-size: cover;background-position:center center;\">\n                    <div class =\"banner-heading-section\">    \n                        <div class=\"banner-section-container\">\n                                                     <p class=\"mtn-page-title yello-title\">Musique<\/p>\n                                                                                  <h1 class=\"mtn-heading yello-heading\"><p>Digster<\/p>\n<\/h1>\n                                                     \n                        <\/div>\n                      \n                    <\/div>\n\n                <\/div>\n\n                <div class=\"banner-divider\">\n                <\/div>\n            <\/div>\n    \n            <\/div>\n\n\n\n<div id=\"section-paragraph-block_ab6074427b6dbcfd27b7db83ddf47e55\" class=\"section-paragraph has-text-align-left\">\n<div class=\"mtn-body-text mtn-section paragraph\"><ol>\n<li>\n<h3>Qu'est-ce que Digster ?<\/h3>\n<\/li>\n<\/ol>\n<p>Digster est un service de musique en ligne qui permet \u00e0 ses abonn\u00e9s d'\u00e9couter leurs artistes pr\u00e9f\u00e9r\u00e9s.<\/p>\n<ol start=\"2\">\n<li>\n<h3>Comment acc\u00e9der \u00e0 Digster ?<\/h3>\n<\/li>\n<\/ol>\n<p>Un abonn\u00e9 MTN peut acc\u00e9der \u00e0 Digster via la page web https:\/\/digster-music.com\/selectcountry ou via l'application mobile disponible sur PlayStore et Appstore.<\/p>\n<ol start=\"3\">\n<li>\n<h3>Comment \u00e7a marche?<\/h3>\n<\/li>\n<\/ol>\n<p>L\u2019utilisateur doit d'abord s'inscrire via le lien https:\/\/nautilus-dev.contactdve.com\/pdigcm\/mtn-lp_audiolizer. Puis il re\u00e7oit un SMS avec un identifiant et un mot de passe. Il peut t\u00e9l\u00e9charger l'application Digster sur Playstore ou App Store et se connecter avec ses informations d'identification, ou utiliser le site Web Digster (https:\/\/digster-music.com\/selectcountry).<\/p>\n<p>Pour se d\u00e9sabonner, les clients envoient :<\/p>\n<ul>\n<li>STOP DIG au 8710<\/li>\n<\/ul>\n<ol start=\"4\">\n<li>\n<h4>Combien \u00e7a co\u00fbte?<\/h4>\n<\/li>\n<\/ol>\n<p>Les clients sont factur\u00e9s pour les frais d'abonnement comme d\u00e9crit ci-dessous :<\/p>\n<p>-    Journalier : 150 FCFA<\/p>\n<p>\u2013\u00a0\u00a0\u00a0Microfacturation : 100FCFA, 75FCFA, 50FCFA, 25FCFA<\/p>\n<\/div>\n<\/div>","protected":false},"excerpt":{"rendered":"","protected":false},"author":2,"featured_media":0,"parent":808,"menu_order":0,"comment_status":"closed","ping_status":"closed","template":"","meta":{"_acf_changed":false,"footnotes":""},"class_list":["post-14966","page","type-page","status-publish","hentry"],"acf":[],"_links":{"self":[{"href":"https:\/\/mtn.cm\/fr\/wp-json\/wp\/v2\/pages\/14966","targetHints":{"allow":["GET"]}}],"collection":[{"href":"https:\/\/mtn.cm\/fr\/wp-json\/wp\/v2\/pages"}],"about":[{"href":"https:\/\/mtn.cm\/fr\/wp-json\/wp\/v2\/types\/page"}],"author":[{"embeddable":true,"href":"https:\/\/mtn.cm\/fr\/wp-json\/wp\/v2\/users\/2"}],"replies":[{"embeddable":true,"href":"https:\/\/mtn.cm\/fr\/wp-json\/wp\/v2\/comments?post=14966"}],"version-history":[{"count":8,"href":"https:\/\/mtn.cm\/fr\/wp-json\/wp\/v2\/pages\/14966\/revisions"}],"predecessor-version":[{"id":15055,"href":"https:\/\/mtn.cm\/fr\/wp-json\/wp\/v2\/pages\/14966\/revisions\/15055"}],"up":[{"embeddable":true,"href":"https:\/\/mtn.cm\/fr\/wp-json\/wp\/v2\/pages\/808"}],"wp:attachment":[{"href":"https:\/\/mtn.cm\/fr\/wp-json\/wp\/v2\/media?parent=14966"}],"curies":[{"name":"wp","href":"https:\/\/api.w.org\/{rel}","templated":true}]}}