{"id":14963,"date":"2023-03-01T10:51:16","date_gmt":"2023-03-01T10:51:16","guid":{"rendered":"https:\/\/mtn.cm\/\/?page_id=14963"},"modified":"2023-03-01T11:49:43","modified_gmt":"2023-03-01T11:49:43","slug":"kiwi","status":"publish","type":"page","link":"https:\/\/mtn.cm\/fr\/play\/video\/kiwi\/","title":{"rendered":"Kiwi"},"content":{"rendered":"<div class=\"single-banner-section\">\n    \n            <div id=\"banner-block_a98ed753fd6b0dcde5d9235a3ba3df88\" class=\"banner\">\n                <div class=\"banner-section desktop-only alignedBottom textLight no-overlay\" style=\"background:url(https:\/\/mtn.cm\/wp-content\/uploads\/2023\/03\/pexels-tima-miroshnichenko-7991579-scaled.jpeg);background-size: cover;background-position:center center;\">\n                    <div class =\"banner-heading-section\">    \n                        <div class=\"banner-section-container\">\n                                                     <p class=\"mtn-page-title yello-title\">Vid\u00e9o<\/p>\n                                                                                  <h1 class=\"mtn-heading yello-heading\"><p>Kiwi<\/p>\n<\/h1>\n                                                                        \n                \n            \n                        <\/div>\n                      \n                    <\/div>\n                <\/div>\n                \n                <div class=\"banner-section mobile-only alignedBottom textLight no-overlay\" style=\"background:url(https:\/\/mtn.cm\/wp-content\/uploads\/2023\/03\/pexels-tima-miroshnichenko-7991579-scaled.jpeg);background-size: cover;background-position:center center;\">\n                    <div class =\"banner-heading-section\">    \n                        <div class=\"banner-section-container\">\n                                                     <p class=\"mtn-page-title yello-title\">Vid\u00e9o<\/p>\n                                                                                  <h1 class=\"mtn-heading yello-heading\"><p>Kiwi<\/p>\n<\/h1>\n                                                     \n                        <\/div>\n                      \n                    <\/div>\n\n                <\/div>\n\n                <div class=\"banner-divider\">\n                <\/div>\n            <\/div>\n    \n            <\/div>\n\n\n\n<div id=\"section-paragraph-block_a401c231c68018d2080188661fbe0150\" class=\"section-paragraph has-text-align-left\">\n<div class=\"mtn-body-text mtn-section paragraph\"><h2><a name=\"_Toc2695819\"><\/a>1. Qu'est-ce que le service Kiwi ?<\/h2>\n<p>Kiwi est un portail Web qui permet aux clients de MTN d'acc\u00e9der \u00e0 des films et \u00e0 des s\u00e9ries \u00e0 un prix abordable sur une base quotidienne, hebdomadaire et mensuelle. Le catalogue comprend des s\u00e9ries africaines, des telenovelas et des films internationaux.<\/p>\n<p>&nbsp;<\/p>\n<h2><a name=\"_Toc2695821\"><\/a>2. Comment souscrire au service ?<\/h2>\n<p>Pour s'abonner, le client dispose de plusieurs moyens :<\/p>\n<p>a.\tSMS \u2013 Envoyer un SMS au 8404<\/p>\n<p>(Les textes suivants ne sont pas sensibles \u00e0 la casse)<\/p>\n\n<table id=\"tablepress-36\" class=\"tablepress tablepress-id-36 tbody-has-connected-cells\">\n<thead>\n<tr class=\"row-1\">\n\t<td class=\"column-1\"><\/td><th class=\"column-2\">Abonner<\/th><th class=\"column-3\">Se d\u00e9sabonner<\/th>\n<\/tr>\n<\/thead>\n<tbody class=\"row-striping row-hover\">\n<tr class=\"row-2\">\n\t<td rowspan=\"2\" class=\"column-1\">Abonnement journalier<\/td><td rowspan=\"2\" class=\"column-2\">KIWI1<\/td><td rowspan=\"2\" class=\"column-3\">ARR\u00caTKIWI1<\/td>\n<\/tr>\n<tr class=\"row-3\">\n\t\n<\/tr>\n<tr class=\"row-4\">\n\t<td rowspan=\"2\" class=\"column-1\">Abonnement hebdomadaire<\/td><td rowspan=\"2\" class=\"column-2\">KIWI7<\/td><td rowspan=\"2\" class=\"column-3\">ARR\u00caT KIWI7<\/td>\n<\/tr>\n<tr class=\"row-5\">\n\t\n<\/tr>\n<tr class=\"row-6\">\n\t<td class=\"column-1\">Abonnement mensuel<\/td><td class=\"column-2\">KIWI30<\/td><td class=\"column-3\">ARR\u00caT KIWI30<\/td>\n<\/tr>\n<\/tbody>\n<\/table>\n<!-- #tablepress-36 from cache -->\n<p>Portail Web\/WAP \u2013 Les utilisateurs peuvent s'abonner via le portail Web http:\/\/kiwi.cm <a href=\"http:\/\/kiwi.cm\">http:\/\/kiwi.cm<\/a><\/p>\n<h2><a name=\"_Toc2695822\"><\/a>3. Comment \u00e7a marche ?<\/h2>\n<p>Apr\u00e8s l'abonnement, l'utilisateur ouvre le site Web de Kiwi ici : http:\/\/kiwi.cm pour commencer \u00e0 regarder des films et des s\u00e9ries. <a href=\"http:\/\/kiwi.cm\">http:\/\/kiwi.cm<\/a> to start watching movies and series. Data charges will apply.<\/p>\n<h2><a name=\"_Toc2695823\"><\/a>Combien \u00e7a co\u00fbte?<\/h2>\n<p>Les frais de service<\/p>\n<ul>\n<li>100U\/jour<\/li>\n<li>500U\/semaine<\/li>\n<li>2500U\/mois<\/li>\n<\/ul>\n<\/div>\n<\/div>","protected":false},"excerpt":{"rendered":"","protected":false},"author":2,"featured_media":0,"parent":802,"menu_order":0,"comment_status":"closed","ping_status":"closed","template":"","meta":{"_acf_changed":false,"footnotes":""},"class_list":["post-14963","page","type-page","status-publish","hentry"],"acf":[],"_links":{"self":[{"href":"https:\/\/mtn.cm\/fr\/wp-json\/wp\/v2\/pages\/14963","targetHints":{"allow":["GET"]}}],"collection":[{"href":"https:\/\/mtn.cm\/fr\/wp-json\/wp\/v2\/pages"}],"about":[{"href":"https:\/\/mtn.cm\/fr\/wp-json\/wp\/v2\/types\/page"}],"author":[{"embeddable":true,"href":"https:\/\/mtn.cm\/fr\/wp-json\/wp\/v2\/users\/2"}],"replies":[{"embeddable":true,"href":"https:\/\/mtn.cm\/fr\/wp-json\/wp\/v2\/comments?post=14963"}],"version-history":[{"count":10,"href":"https:\/\/mtn.cm\/fr\/wp-json\/wp\/v2\/pages\/14963\/revisions"}],"predecessor-version":[{"id":15018,"href":"https:\/\/mtn.cm\/fr\/wp-json\/wp\/v2\/pages\/14963\/revisions\/15018"}],"up":[{"embeddable":true,"href":"https:\/\/mtn.cm\/fr\/wp-json\/wp\/v2\/pages\/802"}],"wp:attachment":[{"href":"https:\/\/mtn.cm\/fr\/wp-json\/wp\/v2\/media?parent=14963"}],"curies":[{"name":"wp","href":"https:\/\/api.w.org\/{rel}","templated":true}]}}