{"id":14957,"date":"2023-03-01T10:49:45","date_gmt":"2023-03-01T10:49:45","guid":{"rendered":"https:\/\/mtn.cm\/\/?page_id=14957"},"modified":"2023-03-01T11:32:36","modified_gmt":"2023-03-01T11:32:36","slug":"livefootball-tv","status":"publish","type":"page","link":"https:\/\/mtn.cm\/fr\/play\/video\/livefootball-tv\/","title":{"rendered":"Livefootball.tv"},"content":{"rendered":"<div class=\"single-banner-section\">\n    \n            <div id=\"banner-block_cc9befd1fcf58ee62be94c969f240845\" class=\"banner\">\n                <div class=\"banner-section desktop-only alignedBottom textLight no-overlay\" style=\"background:url(https:\/\/mtn.cm\/wp-content\/uploads\/2023\/03\/pexels-sebastian-angarita-11953753-scaled.jpeg);background-size: cover;background-position:center center;\">\n                    <div class =\"banner-heading-section\">    \n                        <div class=\"banner-section-container\">\n                                                     <p class=\"mtn-page-title yello-title\">Vid\u00e9o<\/p>\n                                                                                  <h1 class=\"mtn-heading yello-heading\"><p>Livefootball.TV<\/p>\n<\/h1>\n                                                                        \n                \n            \n                        <\/div>\n                      \n                    <\/div>\n                <\/div>\n                \n                <div class=\"banner-section mobile-only alignedBottom textLight no-overlay\" style=\"background:url(https:\/\/mtn.cm\/wp-content\/uploads\/2023\/03\/pexels-sebastian-angarita-11953753-scaled.jpeg);background-size: cover;background-position:center center;\">\n                    <div class =\"banner-heading-section\">    \n                        <div class=\"banner-section-container\">\n                                                     <p class=\"mtn-page-title yello-title\">Vid\u00e9o<\/p>\n                                                                                  <h1 class=\"mtn-heading yello-heading\"><p>Livefootball.TV<\/p>\n<\/h1>\n                                                     \n                        <\/div>\n                      \n                    <\/div>\n\n                <\/div>\n\n                <div class=\"banner-divider\">\n                <\/div>\n            <\/div>\n    \n            <\/div>\n\n\n\n<div id=\"section-paragraph-block_5c8af3ddd8b91d7b0728f87b2d7da2b3\" class=\"section-paragraph has-text-align-left\">\n<div class=\"mtn-body-text mtn-section paragraph\"><h2><a name=\"_Toc100834033\"><\/a>1. Qu'est-ce que le portail Livefootball.tv ?<\/h2>\n<p>Livefootball.tv est un portail qui fournit des vid\u00e9os de matchs de Bundesliga en direct et des contenus d'OPTA, des moments marquants \/ d'avant-match \/ d'apr\u00e8s-match et les derniers r\u00e9sultats, analyses et statistiques \u00e0 jour de la Premier League, de la Ligue des champions et de la Ligue Europa<\/p>\n<h2><a name=\"_Toc100834034\"><\/a>2. Comment acc\u00e9der au portail Livefootball.tv ?<\/h2>\n<p>Un abonn\u00e9 MTN peut acc\u00e9der au portail Livefootball.tv via la page web https:\/\/app.cm-mtn.livefootball.tv . Il peut \u00e9galement s\u2019abonner en cliquant sur les publicit\u00e9s en ligne et \u00eatre redirig\u00e9 vers cette page Web(https:\/\/app.cm-mtn.livefootball.tv ).<\/p>\n<p>&nbsp;<\/p>\n<h2><a name=\"_Toc100834035\"><\/a>3. Comment \u00e7a marche ?<\/h2>\n<p>Pour acc\u00e9der au portail Livefootball.tv, l'abonn\u00e9 doit s'abonner via cette adresse https:\/\/app.cm-mtn.livefootball.tv. C'est le m\u00eame lien qu'il utilisera pour voir les vid\u00e9os. Apr\u00e8s l'abonnement, Livefootball.TV envoie \u00e0 l'abonn\u00e9 une notification de bienvenue avec une URL vers le portail Livefootball.TV.<\/p>\n<p>Pour se d\u00e9sabonner, les clients envoient :<\/p>\n<ul>\n<li>STOP FOOT au 8748<\/li>\n<\/ul>\n<h2><a name=\"_Toc100834036\"><\/a>Combien \u00e7a co\u00fbte?<\/h2>\n<p>Les clients sont factur\u00e9s pour les frais d'abonnement comme d\u00e9crit ci-dessous :<\/p>\n<ul>\n<li>Journalier: 200FCFA<\/li>\n<li>Microfacturation : 140FCFA et 100FCFA<\/li>\n<\/ul>\n<\/div>\n<\/div>","protected":false},"excerpt":{"rendered":"","protected":false},"author":2,"featured_media":0,"parent":802,"menu_order":0,"comment_status":"closed","ping_status":"closed","template":"","meta":{"_acf_changed":false,"footnotes":""},"class_list":["post-14957","page","type-page","status-publish","hentry"],"acf":[],"_links":{"self":[{"href":"https:\/\/mtn.cm\/fr\/wp-json\/wp\/v2\/pages\/14957","targetHints":{"allow":["GET"]}}],"collection":[{"href":"https:\/\/mtn.cm\/fr\/wp-json\/wp\/v2\/pages"}],"about":[{"href":"https:\/\/mtn.cm\/fr\/wp-json\/wp\/v2\/types\/page"}],"author":[{"embeddable":true,"href":"https:\/\/mtn.cm\/fr\/wp-json\/wp\/v2\/users\/2"}],"replies":[{"embeddable":true,"href":"https:\/\/mtn.cm\/fr\/wp-json\/wp\/v2\/comments?post=14957"}],"version-history":[{"count":13,"href":"https:\/\/mtn.cm\/fr\/wp-json\/wp\/v2\/pages\/14957\/revisions"}],"predecessor-version":[{"id":15007,"href":"https:\/\/mtn.cm\/fr\/wp-json\/wp\/v2\/pages\/14957\/revisions\/15007"}],"up":[{"embeddable":true,"href":"https:\/\/mtn.cm\/fr\/wp-json\/wp\/v2\/pages\/802"}],"wp:attachment":[{"href":"https:\/\/mtn.cm\/fr\/wp-json\/wp\/v2\/media?parent=14957"}],"curies":[{"name":"wp","href":"https:\/\/api.w.org\/{rel}","templated":true}]}}