{"id":14916,"date":"2023-02-28T15:44:29","date_gmt":"2023-02-28T15:44:29","guid":{"rendered":"https:\/\/mtn.cm\/\/?page_id=14916"},"modified":"2023-06-06T16:59:05","modified_gmt":"2023-06-06T16:59:05","slug":"ayo-insurance","status":"publish","type":"page","link":"https:\/\/mtn.cm\/fr\/personal\/explore\/insurance-2\/ayo-insurance\/","title":{"rendered":"Assurance aYo"},"content":{"rendered":"<div class=\"single-banner-section\">\n    \n            <div id=\"banner-block_822f1bb37ab7f0895bb70a1d5856e7b5\" class=\"banner\">\n                <div class=\"banner-section desktop-only alignedBottom textLight no-overlay\" style=\"background:url(https:\/\/mtn.cm\/wp-content\/uploads\/2023\/02\/Bitmap.png);background-size: cover;background-position:center center;\">\n                    <div class =\"banner-heading-section\">    \n                        <div class=\"banner-section-container\">\n                                                     <p class=\"mtn-page-title yello-title\">Assurance<\/p>\n                                                                                  <h1 class=\"mtn-heading yello-heading\"><p>Assurance aYo<\/p>\n<\/h1>\n                                                                             <p class=\"mtn-subheading yello-subheading\">Pr\u00e9parez-vous pour l'avenir<\/p>\n                                                   \n                \n            \n                        <\/div>\n                      \n                    <\/div>\n                <\/div>\n                \n                <div class=\"banner-section mobile-only alignedBottom textLight no-overlay\" style=\"background:url(https:\/\/mtn.cm\/wp-content\/uploads\/2023\/02\/Bitmap.png);background-size: cover;background-position:center center;\">\n                    <div class =\"banner-heading-section\">    \n                        <div class=\"banner-section-container\">\n                                                     <p class=\"mtn-page-title yello-title\">Assurance<\/p>\n                                                                                  <h1 class=\"mtn-heading yello-heading\"><p>Assurance aYo<\/p>\n<\/h1>\n                                                                             <p class=\"mtn-subheading yello-subheading\">Pr\u00e9parez-vous pour l'avenir<\/p>\n                                \n                        <\/div>\n                      \n                    <\/div>\n\n                <\/div>\n\n                <div class=\"banner-divider\">\n                <\/div>\n            <\/div>\n    \n            <\/div>\n\n\n\n<div id=\"section-paragraph-block_ec4ad20853858e12f3801190584f0905\" class=\"section-paragraph has-text-align-left\">\n<div class=\"mtn-body-text mtn-section paragraph\"><div id=\"section-paragraph-block_4c6baeb98c7ca97f06fea489b41c9b2d\" class=\"section-paragraph has-text-align-left\">\n<h3 style=\"text-align: center\"><strong>aYo Recharge +<\/strong><\/h3>\n<p>En tant qu'abonn\u00e9 aYo Recharge+, vous b\u00e9n\u00e9ficierez d'une couverture gratuite chaque fois que vous ach\u00e8terez des forfaits \u00e0 partir de votre compte MTN MoMo. Plus vous achetez de forfaits, plus le montant de votre couverture augmente. Vous recevrez une indemnisation via votre compte MTN MoMo qui vous sera vers\u00e9e si vous \u00eates hospitalis\u00e9 au moins 1 nuit, suite \u00e0 un accident ou un \u00e9v\u00e9nement traumatisant. Dans l'\u00e9ventualit\u00e9 malheureuse de votre d\u00e9c\u00e8s, la prestation de d\u00e9c\u00e8s que vous avez accumul\u00e9e sera vers\u00e9e \u00e0 votre b\u00e9n\u00e9ficiaire d\u00e9sign\u00e9.<\/p>\n<p>Composez * 126 * 296 # \u00e0 partir de votre num\u00e9ro MTN et abonnez-vous maintenant ou via l'application mobile sur ayo.co.cm<\/p>\n<h3>Indemnit\u00e9 d'hospitalisation en cas d'accident<\/h3>\n<p>En tant qu'abonn\u00e9 aYo Recharge+, si vous passez au moins 1 nuit \u00e0 l'h\u00f4pital suite \u00e0 un traumatisme (accident, blessure, etc.), la couverture accumul\u00e9e gr\u00e2ce \u00e0 vos achats de forfaits via MoMo vous sera vers\u00e9e via votre compte MTN MoMo.<\/p>\n<h3>Prestation de d\u00e9c\u00e8s<\/h3>\n<p>En cas de d\u00e9c\u00e8s du souscripteur au service, le capital d\u00e9c\u00e8s accumul\u00e9 sera vers\u00e9 au b\u00e9n\u00e9ficiaire d\u00e9sign\u00e9 par le souscripteur.<\/p>\n<\/div>\n<\/div>\n<\/div>\n\n<div id=\"information-carousel-block_3f455dd015edbc9b70d57d3aef78b259\" class=\"information-carousel\">\n    <div class=\"information-carousel-section textDark\"\n        style=\"background: url(),#FCD818;background-size:cover;background-position:center top;\">\n                   <h3 class=\"mtn-heading\">Rechargez avec soin<\/h3>\n                           <div class=\"information-carousel-slider\">\n            \n            <div class=\"information-carousel-slide\">\n               \n                <div class=\"slide-image-section\">\n                                    <img decoding=\"async\" src=\"https:\/\/mtn.cm\/wp-content\/uploads\/2023\/02\/mobile-payment-app-phone-smartphone-svgrepo-com.svg\" alt=\"\">\n                                    <\/div>\n                                <h4 class=\"mtn-heading\">Recharge<\/h4>\n                                <p class=\"mtn-body-text\">Recharge your MTN airtime, data or bundle purchases and receive insurance cover at the same time<\/p>\n                            <\/div>\n\n            \n            <div class=\"information-carousel-slide\">\n               \n                <div class=\"slide-image-section\">\n                                    <img decoding=\"async\" src=\"https:\/\/mtn.cm\/wp-content\/uploads\/2023\/02\/love-svgrepo-com.svg\" alt=\"\">\n                                    <\/div>\n                                <h4 class=\"mtn-heading\">Profite<\/h4>\n                                <p class=\"mtn-body-text\">Enjoy free cover valid for a minimum of 30 days, every time you purchase bundles via MoMo.<\/p>\n                            <\/div>\n\n            \n            <div class=\"information-carousel-slide\">\n               \n                <div class=\"slide-image-section\">\n                                    <img decoding=\"async\" src=\"https:\/\/mtn.cm\/wp-content\/uploads\/2023\/02\/health-svgrepo-com.svg\" alt=\"\">\n                                    <\/div>\n                                <h4 class=\"mtn-heading\">Be Covered<\/h4>\n                                <p class=\"mtn-body-text\">MyLife cover \u2013 In the event that you pass away\r\nMyHospital cover \u2013 if you spend at least 1 night in hospital.<\/p>\n                            <\/div>\n\n                    <\/div>\n        \n    <\/div>\n<\/div>\n\n<div id=\"section-heading-block_8702b3af292df0393ea63fa18e679f4e\" class=\"section-heading has-text-align-center\">\n<div class=\"mtn-section\">\n<h3 class=\"mtn-heading size-Responsive section-heading\">Frequently Asked Questions ( FAQs)<\/h3>\n<\/div>\n<\/div>\n\n<div id=\"accordion-block_0cd71320ce94b5696a98c21f9c93a9e5\" class=\"accordion widthFull\">\n\n\t<div class=\"mtn-accordion\">\n\t\t\t\t\t<details class=\"mtn-accordion-item\">\n\t\t\t\t<summary class=\"title accordion-toggle\"><span class=\"accordion-title\">Quel \u00e2ge dois-je avoir pour m'inscrire au service aYo Recharge+ ?<\/span><span><img class =\"downchevron\"\n\t\t\t\t\t\t\t\t\tsrc=\"https:\/\/mtn.cm\/wp-content\/themes\/mtn-vivid-wp\/public\/img\/svgs\/accordion-icon.svg\"\n\t\t\t\t\t\t\t\t\talt=\"How old do I have to be to register for the aYo Recharge+ service?\"><\/span><\/summary>\n\t\t\t   <div class=\"panel\">\n\t\t\t\t<p>Vous devez avoir entre 18 et 65 ans pour vous inscrire \u00e0 aYo Recharge+.<\/p>\n<p>&nbsp;<\/p>\n\t\t\t   <\/div>\n\n\t\t\t\t\n\t\t\t<\/details>\n\t\t\t\t\t\t\t<details class=\"mtn-accordion-item\">\n\t\t\t\t<summary class=\"title accordion-toggle\"><span class=\"accordion-title\">Qu'adviendra-t-il de ma couverture lorsque j'aurai 70\u00a0ans\u00a0?<\/span><span><img class =\"downchevron\"\n\t\t\t\t\t\t\t\t\tsrc=\"https:\/\/mtn.cm\/wp-content\/themes\/mtn-vivid-wp\/public\/img\/svgs\/accordion-icon.svg\"\n\t\t\t\t\t\t\t\t\talt=\"What will happen to my coverage when I turn 70\"><\/span><\/summary>\n\t\t\t   <div class=\"panel\">\n\t\t\t\t<p>Si vous \u00eates d\u00e9j\u00e0 inscrit aupr\u00e8s d'aYo (avant 65 ans), vous pouvez continuer \u00e0 b\u00e9n\u00e9ficier des avantages d'aYo jusqu'\u00e0 l'\u00e2ge de 70 ans.<\/p>\n<p>A partir de 70 ans, vous ne pourrez plus profiter d'aYo Recharge+ et ne pourrez plus augmenter votre couverture. Le solde de la couverture restera en place jusqu'\u00e0 son expiration, apr\u00e8s quoi votre adh\u00e9sion \u00e0 aYo sera r\u00e9sili\u00e9e et votre police d'assurance sera annul\u00e9e.<\/p>\n\t\t\t   <\/div>\n\n\t\t\t\t\n\t\t\t<\/details>\n\t\t\t\t\t\t\t<details class=\"mtn-accordion-item\">\n\t\t\t\t<summary class=\"title accordion-toggle\"><span class=\"accordion-title\">Vais-je recevoir un document de police d'assurance physique<\/span><span><img class =\"downchevron\"\n\t\t\t\t\t\t\t\t\tsrc=\"https:\/\/mtn.cm\/wp-content\/themes\/mtn-vivid-wp\/public\/img\/svgs\/accordion-icon.svg\"\n\t\t\t\t\t\t\t\t\talt=\"Will I receive a physical insurance policy document\"><\/span><\/summary>\n\t\t\t   <div class=\"panel\">\n\t\t\t\t<p class=\"translation-block\">Aucun document papier n'est d\u00e9livr\u00e9. Toutes les conditions g\u00e9n\u00e9rales et autres informations n\u00e9cessaires sont disponibles en ligne sur notre application mobile \u00e0 <a href=\"http:\/\/www.ayo.co.cm\" target=\"_self\">www.ayo.co.cm<\/a><\/p>\n\t\t\t   <\/div>\n\n\t\t\t\t\n\t\t\t<\/details>\n\t\t\t\t\t\t\t<details class=\"mtn-accordion-item\">\n\t\t\t\t<summary class=\"title accordion-toggle\"><span class=\"accordion-title\">\u00c0 quelle couverture gratuite ai-je droit<\/span><span><img class =\"downchevron\"\n\t\t\t\t\t\t\t\t\tsrc=\"https:\/\/mtn.cm\/wp-content\/themes\/mtn-vivid-wp\/public\/img\/svgs\/accordion-icon.svg\"\n\t\t\t\t\t\t\t\t\talt=\"How much free coverage am I eligible for\"><\/span><\/summary>\n\t\t\t   <div class=\"panel\">\n\t\t\t\t<p>Le montant de la couverture gratuite que vous recevez d\u00e9pend du nombre de forfaits que vous achetez via votre compte MTN MoMo\u00a0:<\/p>\n<p>Pour l'indemnisation hospitalisation accident, aYo multiplie par 8 chacun de vos achats de forfaits avec votre compte MTN MoMo et constitue une indemnit\u00e9 qui vous sera vers\u00e9e en cas d'hospitalisation suite \u00e0 un accident ou un traumatisme.<\/p>\n<p>Pour votre capital d\u00e9c\u00e8s, \u00e0 chaque fois que vous achetez vos forfaits depuis votre compte MTN MoMo, aYo multiplie le montant de votre achat par 12 pour constituer votre indemnit\u00e9 en cas de d\u00e9c\u00e8s.<\/p>\n<p>&nbsp;<\/p>\n\t\t\t   <\/div>\n\n\t\t\t\t\n\t\t\t<\/details>\n\t\t\t\t\t\t\t<details class=\"mtn-accordion-item\">\n\t\t\t\t<summary class=\"title accordion-toggle\"><span class=\"accordion-title\">Combien de temps dure ma couverture ? Est-ce qu'il expire?<\/span><span><img class =\"downchevron\"\n\t\t\t\t\t\t\t\t\tsrc=\"https:\/\/mtn.cm\/wp-content\/themes\/mtn-vivid-wp\/public\/img\/svgs\/accordion-icon.svg\"\n\t\t\t\t\t\t\t\t\talt=\"How long does my cover last? Does it expire?\"><\/span><\/summary>\n\t\t\t   <div class=\"panel\">\n\t\t\t\t<p>Votre couverture expire au moins 30 jours apr\u00e8s sa date de d\u00e9but<\/p>\n\t\t\t   <\/div>\n\n\t\t\t\t\n\t\t\t<\/details>\n\t\t\t\t\t\t\t<details class=\"mtn-accordion-item\">\n\t\t\t\t<summary class=\"title accordion-toggle\"><span class=\"accordion-title\">Puis-je augmenter la valeur de ma couverture gratuite ?<\/span><span><img class =\"downchevron\"\n\t\t\t\t\t\t\t\t\tsrc=\"https:\/\/mtn.cm\/wp-content\/themes\/mtn-vivid-wp\/public\/img\/svgs\/accordion-icon.svg\"\n\t\t\t\t\t\t\t\t\talt=\"Can I increase the value of my free cover?\"><\/span><\/summary>\n\t\t\t   <div class=\"panel\">\n\t\t\t\t<p>Oui, vous pouvez. Plus vous achetez de forfaits via votre compte MTN MoMo, plus vous augmentez votre couverture (sous r\u00e9serve d'atteindre la limite de couverture maximale<\/p>\n\t\t\t   <\/div>\n\n\t\t\t\t\n\t\t\t<\/details>\n\t\t\t\t\t\t\t<details class=\"mtn-accordion-item\">\n\t\t\t\t<summary class=\"title accordion-toggle\"><span class=\"accordion-title\">Y a-t-il une limite maximale au montant de couverture que je peux avoir?<\/span><span><img class =\"downchevron\"\n\t\t\t\t\t\t\t\t\tsrc=\"https:\/\/mtn.cm\/wp-content\/themes\/mtn-vivid-wp\/public\/img\/svgs\/accordion-icon.svg\"\n\t\t\t\t\t\t\t\t\talt=\"Is there a maximum limit to the amount of coverage I can have?\"><\/span><\/summary>\n\t\t\t   <div class=\"panel\">\n\t\t\t\t<p>Oui, il y a des limites maximales aux couvertures que vous pouvez poss\u00e9der dans les 30 jours<\/p>\n\t\t\t   <\/div>\n\n\t\t\t\t\n\t\t\t<\/details>\n\t\t\t\t\t\t\t<details class=\"mtn-accordion-item\">\n\t\t\t\t<summary class=\"title accordion-toggle\"><span class=\"accordion-title\">Quand puis-je d\u00e9clarer un sinistre<\/span><span><img class =\"downchevron\"\n\t\t\t\t\t\t\t\t\tsrc=\"https:\/\/mtn.cm\/wp-content\/themes\/mtn-vivid-wp\/public\/img\/svgs\/accordion-icon.svg\"\n\t\t\t\t\t\t\t\t\talt=\"When can I report a claim\"><\/span><\/summary>\n\t\t\t   <div class=\"panel\">\n\t\t\t\t<ul>\n<li>Si vous avez pass\u00e9 au moins 1 nuit \u00e0 l'h\u00f4pital suite \u00e0 un \u00e9v\u00e9nement traumatisant ayant entra\u00een\u00e9 des l\u00e9sions corporelles (accident domestique, etc.) une d\u00e9claration peut \u00eatre faite.<\/li>\n<li>En cas de d\u00e9c\u00e8s, votre b\u00e9n\u00e9ficiaire, ou votre tuteur que vous avez pr\u00e9alablement d\u00e9sign\u00e9, peut d\u00e9clarer le sinistre.<\/li>\n<\/ul>\n\t\t\t   <\/div>\n\n\t\t\t\t\n\t\t\t<\/details>\n\t\t\t\t\t<\/div>\n<\/div>","protected":false},"excerpt":{"rendered":"","protected":false},"author":2,"featured_media":0,"parent":13343,"menu_order":0,"comment_status":"closed","ping_status":"closed","template":"","meta":{"_acf_changed":false,"footnotes":""},"class_list":["post-14916","page","type-page","status-publish","hentry"],"acf":[],"_links":{"self":[{"href":"https:\/\/mtn.cm\/fr\/wp-json\/wp\/v2\/pages\/14916","targetHints":{"allow":["GET"]}}],"collection":[{"href":"https:\/\/mtn.cm\/fr\/wp-json\/wp\/v2\/pages"}],"about":[{"href":"https:\/\/mtn.cm\/fr\/wp-json\/wp\/v2\/types\/page"}],"author":[{"embeddable":true,"href":"https:\/\/mtn.cm\/fr\/wp-json\/wp\/v2\/users\/2"}],"replies":[{"embeddable":true,"href":"https:\/\/mtn.cm\/fr\/wp-json\/wp\/v2\/comments?post=14916"}],"version-history":[{"count":11,"href":"https:\/\/mtn.cm\/fr\/wp-json\/wp\/v2\/pages\/14916\/revisions"}],"predecessor-version":[{"id":15673,"href":"https:\/\/mtn.cm\/fr\/wp-json\/wp\/v2\/pages\/14916\/revisions\/15673"}],"up":[{"embeddable":true,"href":"https:\/\/mtn.cm\/fr\/wp-json\/wp\/v2\/pages\/13343"}],"wp:attachment":[{"href":"https:\/\/mtn.cm\/fr\/wp-json\/wp\/v2\/media?parent=14916"}],"curies":[{"name":"wp","href":"https:\/\/api.w.org\/{rel}","templated":true}]}}