{"id":13899,"date":"2023-01-11T14:09:12","date_gmt":"2023-01-11T14:09:12","guid":{"rendered":"https:\/\/mtn.cm\/\/?page_id=13899"},"modified":"2025-06-10T13:10:00","modified_gmt":"2025-06-10T13:10:00","slug":"about-foundation","status":"publish","type":"page","link":"https:\/\/mtn.cm\/fr\/foundation\/about-foundation\/","title":{"rendered":"About Foundation"},"content":{"rendered":"<div class=\"single-banner-section\">\n    \n            <div id=\"banner-block_9216660a2393745f27669969b50a58ad\" class=\"banner\">\n                <div class=\"banner-section desktop-only alignedTop textLight dark-overlay\" style=\"background:url(https:\/\/mtn.cm\/wp-content\/uploads\/2023\/01\/ouvrage-nlobesse-1024x665-1.jpg);background-size: cover;background-position:center center;\">\n                    <div class =\"banner-heading-section\">    \n                        <div class=\"banner-section-container\">\n                                                     <p class=\"mtn-page-title yello-title\">\u00c0 propos<\/p>\n                                                                                  <h1 class=\"mtn-heading yello-heading\"><p>Fondation MTN<\/p>\n<\/h1>\n                                                                        \n                \n            \n                        <\/div>\n                      \n                    <\/div>\n                <\/div>\n                \n                <div class=\"banner-section mobile-only alignedTop textLight dark-overlay\" style=\"background:url(https:\/\/mtn.cm\/wp-content\/uploads\/2023\/01\/ouvrage-nlobesse-1024x665-1.jpg);background-size: cover;background-position:center center;\">\n                    <div class =\"banner-heading-section\">    \n                        <div class=\"banner-section-container\">\n                                                     <p class=\"mtn-page-title yello-title\">\u00c0 propos<\/p>\n                                                                                  <h1 class=\"mtn-heading yello-heading\"><p>Fondation MTN<\/p>\n<\/h1>\n                                                     \n                        <\/div>\n                      \n                    <\/div>\n\n                <\/div>\n\n                <div class=\"banner-divider\">\n                <\/div>\n            <\/div>\n    \n            <\/div>\n\n\n\n<div id=\"section-paragraph-block_07ccce1b73d036f05bcac575c9e1d6dc\" class=\"section-paragraph has-text-align-left\">\n<div class=\"mtn-body-text mtn-section paragraph\"><p>Fondation MTN<\/p>\n<p>En 2005, MTN Cameroun a cr\u00e9\u00e9 la premi\u00e8re fondation d'entreprise (Fondation MTN) au Cameroun et a depuis lors fait don de 1% de son b\u00e9n\u00e9fice apr\u00e8s imp\u00f4t chaque ann\u00e9e pour financer ses activit\u00e9s. La Fondation MTN contribue au bien-\u00eatre des communaut\u00e9s en travaillant dans les domaines de la sant\u00e9, du d\u00e9veloppement communautaire, de l'\u00e9ducation, de l'art et de la culture et de l'environnement avec des r\u00e9sultats tr\u00e8s impressionnants.<\/p>\n<\/div>\n<\/div>\n\n<div id=\"section-heading-block_703193af25b364900b3de3bf00d33787\" class=\"section-heading has-text-align-center\">\n<div class=\"mtn-section\">\n<h3 class=\"mtn-heading size-Responsive section-heading\">Nos partenaires<\/h3>\n<\/div>\n<\/div>\n\n\n<div style=\"height:50px\" aria-hidden=\"true\" class=\"wp-block-spacer\"><\/div>\n\n\n\n<div id=\"section-paragraph-block_e182967ec8f3ff23f966d370d0332c99\" class=\"section-paragraph has-text-align-left\">\n<div class=\"mtn-body-text mtn-section paragraph\"><\/div>\n<\/div>\n\n<div id=\"callout-large-block_526931abb0702e7d7190f484a7369f20\" class=\"callout-large\">\n    <div class=\"callout-section desktop-only overlaydark callout-contentTop\" style=\"background:url(https:\/\/mtn.cm\/wp-content\/uploads\/2023\/01\/DSC_2094-1024x680-1.jpg);background-size:cover;background-position:center;\">\n        <div class =\"callout-cta-section textLight\">    \n            <h4 class = \"mtn-heading\">Entrer en contact<\/h4>\n            <p class =\"mtn-body-text\">Faites \u00e9quipe avec nous <\/p>\n                        <a href =\"https:\/\/mtn.cm\/fr\/call-me-back\/\"><button class = \"mtn-button calloutJaune\" >Rappelle-moi<\/button><\/a>\n                    <\/div>\n    <\/div>\n\n    <div class=\"callout-section mobile-only overlaydark callout-contentTop\" style=\"background:url(https:\/\/mtn.cm\/wp-content\/uploads\/2023\/01\/DSC_2094-1024x680-1.jpg);background-size:cover;background-position:center;\">\n        <div class =\"callout-cta-section textLight\">    \n            <h4 class = \"mtn-heading\">Entrer en contact<\/h4>\n            <p class =\"mtn-body-text\">Faites \u00e9quipe avec nous <\/p>\n                        <a href =\"https:\/\/mtn.cm\/fr\/call-me-back\/\"><button class = \"mtn-button calloutJaune\" >Rappelle-moi<\/button><\/a>\n                    <\/div>\n    <\/div>\n<\/div>\n\n<div id=\"section-heading-block_e0e5f7b0d38cea0cdb3c23042acd3ed8\" class=\"section-heading has-text-align-center\">\n<div class=\"mtn-section\">\n<h3 class=\"mtn-heading size-Responsive section-heading\">Nous contacter<\/h3>\n<\/div>\n<\/div>\n\n\n<div id=\"section-paragraph-block_babd7fd695d442563f4911a7351a61da\" class=\"section-paragraph has-text-align-left\">\n<div class=\"mtn-body-text mtn-section paragraph\"><h3><img loading=\"lazy\" decoding=\"async\" class=\"alignnone size-small\" src=\"https:\/\/mtn.cm\/wp-content\/uploads\/2022\/12\/location-svgrepo-com.svg\" width=\"30\" height=\"30\" align=\"center\" \/>\u00a0 360 Rue Drouot, B.P. 15574 Douala Cameroon.<\/h3>\n<\/div>\n<\/div>\n\n\n<div id=\"section-paragraph-block_23ee87e09d3b24e065f3921aaaab9ab6\" class=\"section-paragraph has-text-align-left\">\n<div class=\"mtn-body-text mtn-section paragraph\"><h3><img loading=\"lazy\" decoding=\"async\" class=\"alignnone size-small\" src=\"https:\/\/mtn.cm\/wp-content\/uploads\/2022\/12\/call-svgrepo-com.svg\" width=\"30\" height=\"30\" align=\"center\" \/> 679 00 97 07 \/ 679 00 97 00<\/h3>\n<\/div>\n<\/div>\n\n\n<div id=\"section-paragraph-block_d844d1ddb20e44a09d2cea6f2ecb1dd7\" class=\"section-paragraph has-text-align-left\">\n<div class=\"mtn-body-text mtn-section paragraph\"><h3><strong><img loading=\"lazy\" decoding=\"async\" class=\"alignnone size-small\" src=\"https:\/\/mtn.cm\/wp-content\/uploads\/2022\/12\/email-svgrepo-com.svg\" width=\"30\" height=\"30\" align=\"center\" \/><\/strong> <a href=\"mailto:foundation.cm@mtn.com\">\u00a0 foundation.CM@mtn.com<\/a><\/h3>\n<\/div>\n<\/div>","protected":false},"excerpt":{"rendered":"","protected":false},"author":2,"featured_media":0,"parent":43,"menu_order":0,"comment_status":"closed","ping_status":"closed","template":"","meta":{"_acf_changed":false,"footnotes":""},"class_list":["post-13899","page","type-page","status-publish","hentry"],"acf":[],"_links":{"self":[{"href":"https:\/\/mtn.cm\/fr\/wp-json\/wp\/v2\/pages\/13899","targetHints":{"allow":["GET"]}}],"collection":[{"href":"https:\/\/mtn.cm\/fr\/wp-json\/wp\/v2\/pages"}],"about":[{"href":"https:\/\/mtn.cm\/fr\/wp-json\/wp\/v2\/types\/page"}],"author":[{"embeddable":true,"href":"https:\/\/mtn.cm\/fr\/wp-json\/wp\/v2\/users\/2"}],"replies":[{"embeddable":true,"href":"https:\/\/mtn.cm\/fr\/wp-json\/wp\/v2\/comments?post=13899"}],"version-history":[{"count":54,"href":"https:\/\/mtn.cm\/fr\/wp-json\/wp\/v2\/pages\/13899\/revisions"}],"predecessor-version":[{"id":20723,"href":"https:\/\/mtn.cm\/fr\/wp-json\/wp\/v2\/pages\/13899\/revisions\/20723"}],"up":[{"embeddable":true,"href":"https:\/\/mtn.cm\/fr\/wp-json\/wp\/v2\/pages\/43"}],"wp:attachment":[{"href":"https:\/\/mtn.cm\/fr\/wp-json\/wp\/v2\/media?parent=13899"}],"curies":[{"name":"wp","href":"https:\/\/api.w.org\/{rel}","templated":true}]}}