{"id":13524,"date":"2022-12-22T14:19:00","date_gmt":"2022-12-22T14:19:00","guid":{"rendered":"https:\/\/mtn.cm\/\/?page_id=13524"},"modified":"2023-01-17T10:30:27","modified_gmt":"2023-01-17T10:30:27","slug":"save-my-contact","status":"publish","type":"page","link":"https:\/\/mtn.cm\/fr\/play\/value-added-services\/save-my-contact\/","title":{"rendered":"Enregistrer mon contact"},"content":{"rendered":"<div class=\"single-banner-section\">\n    \n            <div id=\"banner-block_52923543067bba492812b5ef1110c5e0\" class=\"banner\">\n                <div class=\"banner-section desktop-only alignedBottom textLight dark-overlay\" style=\"background:url(https:\/\/mtn.cm\/wp-content\/uploads\/2022\/12\/Save-My-Contact.jpg);background-size: cover;background-position:center center;\">\n                    <div class =\"banner-heading-section\">    \n                        <div class=\"banner-section-container\">\n                                                     <p class=\"mtn-page-title yello-title\">Services \u00e0 valeur ajout\u00e9e<\/p>\n                                                                                  <h1 class=\"mtn-heading yello-heading\"><p>Enregistrer mon contact<\/p>\n<\/h1>\n                                                                        \n                \n            \n                        <\/div>\n                      \n                    <\/div>\n                <\/div>\n                \n                <div class=\"banner-section mobile-only alignedBottom textLight dark-overlay\" style=\"background:url(https:\/\/mtn.cm\/wp-content\/uploads\/2022\/12\/Save-My-Contact.jpg);background-size: cover;background-position:center center;\">\n                    <div class =\"banner-heading-section\">    \n                        <div class=\"banner-section-container\">\n                                                     <p class=\"mtn-page-title yello-title\">Services \u00e0 valeur ajout\u00e9e<\/p>\n                                                                                  <h1 class=\"mtn-heading yello-heading\"><p>Enregistrer mon contact<\/p>\n<\/h1>\n                                                     \n                        <\/div>\n                      \n                    <\/div>\n\n                <\/div>\n\n                <div class=\"banner-divider\">\n                <\/div>\n            <\/div>\n    \n            <\/div>\n\n\n\n<div id=\"section-paragraph-block_e1c2f8302a912745a8f2a68786c29670\" class=\"section-paragraph has-text-align-left\">\n<div class=\"mtn-body-text mtn-section paragraph\"><p><span lang=\"en-US\">Vous avez perdu votre t\u00e9l\u00e9phone et \u00eates certain de ne jamais pouvoir r\u00e9cup\u00e9rer vos contacts ? Avec MTN Save My Contacts, perdre un t\u00e9l\u00e9phone ne vous fera plus perdre vos contacts.<br \/>\nQu'est-ce que c'est?<\/span><\/p>\n<p><span lang=\"en-US\"><b>MTN Enregistrer mes contacts<\/b><\/span><span lang=\"en-US\">\u00a0est le service de sauvegarde et de r\u00e9cup\u00e9ration de vos contacts sans limitation de capacit\u00e9, o\u00f9 que vous soyez, quel que soit votre type de t\u00e9l\u00e9phone, et sans tracas.<br \/>\nComment \u00e7a marche?<\/span><\/p>\n<h3><span lang=\"en-US\"><b>Par SMS<\/b><\/span><\/h3>\n<ul>\n<li><span lang=\"en-US\">Pour vous abonner, envoyez OK par SMS au 8757<\/span><\/li>\n<li><span lang=\"en-US\">Cliquez sur le bouton Y'ello MTN<\/span><\/li>\n<li><span lang=\"en-US\">Choisissez \"Services avanc\u00e9s\"<\/span><\/li>\n<li><span lang=\"en-US\">Cliquez ensuite sur \u00ab MTN Save My contacts \u00bb, \u00ab Backup\/Restore \u00bb et OK.<\/span><\/li>\n<\/ul>\n<h3><span lang=\"en-US\"><b>Via l'application<\/b><\/span><\/h3>\n<ul>\n<li><span lang=\"en-US\">T\u00e9l\u00e9chargez l'App \"Save My Contacts\" sur AppStore ou PlayStore<\/span><\/li>\n<li><span lang=\"en-US\">D\u00e9clenchez la synchronisation en choisissant \u00ab Backup \u00bb ou \u00ab Restore \u00bb<\/span><\/li>\n<li><span lang=\"en-US\">Entrez votre num\u00e9ro de t\u00e9l\u00e9phone<\/span><\/li>\n<li><span lang=\"en-US\">Cliquez sur \u00ab Identifier \u00bb.<\/span><\/li>\n<\/ul>\n<p>&nbsp;<\/p>\n<\/div>\n<\/div>\n\n<div id=\"accordion-block_1700adf5c17a7ca46a46e686042405f0\" class=\"accordion widthNarrow\">\n\n\t<div class=\"mtn-accordion\">\n\t\t\t\t\t<details class=\"mtn-accordion-item\">\n\t\t\t\t<summary class=\"title accordion-toggle\"><span class=\"accordion-title\">Comment enregistrez-vous vos contacts ?<\/span><span><img class =\"downchevron\"\n\t\t\t\t\t\t\t\t\tsrc=\"https:\/\/mtn.cm\/wp-content\/themes\/mtn-vivid-wp\/public\/img\/svgs\/accordion-icon.svg\"\n\t\t\t\t\t\t\t\t\talt=\"How do you save your contacts?\"><\/span><\/summary>\n\t\t\t   <div class=\"panel\">\n\t\t\t\t<p><span lang=\"en-US\">La sauvegarde est automatique chaque semaine une fois que vous avez souscrit au service. Mais vous pouvez \u00e9galement le faire manuellement en suivant les \u00e9tapes suivantes :<\/span><\/p>\n<ul>\n<li><span lang=\"en-US\">Cliquez sur l'ic\u00f4ne Y'ello MTN sur votre t\u00e9l\u00e9phone<\/span><\/li>\n<li><span lang=\"en-US\">Choisissez \u00ab Services avanc\u00e9s \u00bb<\/span><\/li>\n<li><span lang=\"en-US\">Cliquez ensuite sur \u00ab MTN Save My Contacts \u00bb, \u00ab Backup\/Restore \u00bb et validez.<\/span><\/li>\n<\/ul>\n<p><span lang=\"en-US\"><b>Ou alors<\/b><\/span><\/p>\n<ul>\n<li><span lang=\"en-US\">Lancer l'application<\/span><\/li>\n<li><span lang=\"en-US\">Cliquez sur sauvegarde.<\/span><\/li>\n<\/ul>\n<p><span lang=\"en-US\">La sauvegarde est automatique chaque semaine une fois que vous avez souscrit au service. Mais vous pouvez \u00e9galement le faire manuellement en suivant les \u00e9tapes suivantes :<\/span><\/p>\n<ul>\n<li><span lang=\"en-US\">Cliquez sur l'ic\u00f4ne Y'ello MTN sur votre t\u00e9l\u00e9phone<\/span><\/li>\n<li><span lang=\"en-US\">Choisissez \u00ab Services avanc\u00e9s \u00bb<\/span><\/li>\n<li><span lang=\"en-US\">Cliquez ensuite sur \u00ab MTN Save My Contacts \u00bb, \u00ab Backup\/Restore \u00bb et validez.<\/span><\/li>\n<\/ul>\n<p><span lang=\"en-US\"><b>Ou alors<\/b><\/span><\/p>\n<ul>\n<li><span lang=\"en-US\">Lancer l'application<\/span><\/li>\n<li><span lang=\"en-US\">Cliquez sur sauvegarde.<\/span><\/li>\n<\/ul>\n\t\t\t   <\/div>\n\n\t\t\t\t\n\t\t\t<\/details>\n\t\t\t\t\t\t\t<details class=\"mtn-accordion-item\">\n\t\t\t\t<summary class=\"title accordion-toggle\"><span class=\"accordion-title\">Comment restaurer vos contacts ?<\/span><span><img class =\"downchevron\"\n\t\t\t\t\t\t\t\t\tsrc=\"https:\/\/mtn.cm\/wp-content\/themes\/mtn-vivid-wp\/public\/img\/svgs\/accordion-icon.svg\"\n\t\t\t\t\t\t\t\t\talt=\"How do you restore your contacts?\"><\/span><\/summary>\n\t\t\t   <div class=\"panel\">\n\t\t\t\t<div class=\"mtn-icon-w-text\">\n<div class=\"mtn-icon-w-text__info\">\n<p>La synchronisation ou la restauration est le m\u00eame processus.<br \/>\nSi certains contacts manquent dans votre nouvelle carte SIM, ils seront restaur\u00e9s gr\u00e2ce \u00e0 la synchronisation.<br \/>\nLe processus de restauration peut \u00e9galement \u00eatre r\u00e9alis\u00e9 via la page de support client accessible via ce lien : mtncm.webllynis.gemalto.com\/cloudBackupSynchronizing ou la restauration est le m\u00eame processus.<br \/>\nSi certains contacts manquent dans votre nouvelle carte SIM, ils seront restaur\u00e9s gr\u00e2ce \u00e0 la synchronisation.<br \/>\nLe processus de restauration peut \u00e9galement \u00eatre r\u00e9alis\u00e9 via la page de support client accessible via ce lien : mtncm.webllynis.gemalto.com\/cloudBackup<\/p>\n<\/div>\n<\/div>\n\t\t\t   <\/div>\n\n\t\t\t\t\n\t\t\t<\/details>\n\t\t\t\t\t\t\t<details class=\"mtn-accordion-item\">\n\t\t\t\t<summary class=\"title accordion-toggle\"><span class=\"accordion-title\">Quel est le co\u00fbt?<\/span><span><img class =\"downchevron\"\n\t\t\t\t\t\t\t\t\tsrc=\"https:\/\/mtn.cm\/wp-content\/themes\/mtn-vivid-wp\/public\/img\/svgs\/accordion-icon.svg\"\n\t\t\t\t\t\t\t\t\talt=\"What is the cost?\"><\/span><\/summary>\n\t\t\t   <div class=\"panel\">\n\t\t\t\t<p><span lang=\"en-US\">100 FCFA pour deux (02) semaines de service, Renouvellement tacite.<\/span><span lang=\"en-US\">100 FCFA pour deux (02) semaines de service, Renouvellement tacite.<\/span><\/p>\n\t\t\t   <\/div>\n\n\t\t\t\t\n\t\t\t<\/details>\n\t\t\t\t\t<\/div>\n<\/div>","protected":false},"excerpt":{"rendered":"","protected":false},"author":2,"featured_media":0,"parent":818,"menu_order":0,"comment_status":"closed","ping_status":"closed","template":"","meta":{"_acf_changed":false,"footnotes":""},"class_list":["post-13524","page","type-page","status-publish","hentry"],"acf":[],"_links":{"self":[{"href":"https:\/\/mtn.cm\/fr\/wp-json\/wp\/v2\/pages\/13524","targetHints":{"allow":["GET"]}}],"collection":[{"href":"https:\/\/mtn.cm\/fr\/wp-json\/wp\/v2\/pages"}],"about":[{"href":"https:\/\/mtn.cm\/fr\/wp-json\/wp\/v2\/types\/page"}],"author":[{"embeddable":true,"href":"https:\/\/mtn.cm\/fr\/wp-json\/wp\/v2\/users\/2"}],"replies":[{"embeddable":true,"href":"https:\/\/mtn.cm\/fr\/wp-json\/wp\/v2\/comments?post=13524"}],"version-history":[{"count":6,"href":"https:\/\/mtn.cm\/fr\/wp-json\/wp\/v2\/pages\/13524\/revisions"}],"predecessor-version":[{"id":13532,"href":"https:\/\/mtn.cm\/fr\/wp-json\/wp\/v2\/pages\/13524\/revisions\/13532"}],"up":[{"embeddable":true,"href":"https:\/\/mtn.cm\/fr\/wp-json\/wp\/v2\/pages\/818"}],"wp:attachment":[{"href":"https:\/\/mtn.cm\/fr\/wp-json\/wp\/v2\/media?parent=13524"}],"curies":[{"name":"wp","href":"https:\/\/api.w.org\/{rel}","templated":true}]}}