{"id":13514,"date":"2022-12-22T14:11:11","date_gmt":"2022-12-22T14:11:11","guid":{"rendered":"https:\/\/mtn.cm\/\/?page_id=13514"},"modified":"2022-12-22T14:50:07","modified_gmt":"2022-12-22T14:50:07","slug":"mtn-game","status":"publish","type":"page","link":"https:\/\/mtn.cm\/fr\/play\/gaming\/mtn-game\/","title":{"rendered":"MTN Game+"},"content":{"rendered":"<div class=\"single-banner-section\">\n    \n            <div id=\"banner-block_98085472a7f054fe53657fb421ca5185\" class=\"banner\">\n                <div class=\"banner-section desktop-only alignedTop textLight dark-overlay\" style=\"background:url(https:\/\/mtn.cm\/wp-content\/uploads\/2022\/12\/WhatsApp-Image-2019-10-05-at-11.00.24-PM.jpeg);background-size: cover;background-position:center center;\">\n                    <div class =\"banner-heading-section\">    \n                        <div class=\"banner-section-container\">\n                                                     <p class=\"mtn-page-title yello-title\">Jeu<\/p>\n                                                                                  <h1 class=\"mtn-heading yello-heading\"><p>Jeu MTN +<\/p>\n<\/h1>\n                                                                        \n                \n            \n                        <\/div>\n                      \n                    <\/div>\n                <\/div>\n                \n                <div class=\"banner-section mobile-only alignedTop textLight dark-overlay\" style=\"background:url(https:\/\/mtn.cm\/wp-content\/uploads\/2022\/12\/WhatsApp-Image-2019-10-05-at-11.00.24-PM.jpeg);background-size: cover;background-position:center center;\">\n                    <div class =\"banner-heading-section\">    \n                        <div class=\"banner-section-container\">\n                                                     <p class=\"mtn-page-title yello-title\">Jeu<\/p>\n                                                                                  <h1 class=\"mtn-heading yello-heading\"><p>Jeu MTN +<\/p>\n<\/h1>\n                                                     \n                        <\/div>\n                      \n                    <\/div>\n\n                <\/div>\n\n                <div class=\"banner-divider\">\n                <\/div>\n            <\/div>\n    \n            <\/div>\n\n\n\n<div id=\"section-paragraph-block_1df9bfca3f8ffca74fd4c8faa071325e\" class=\"section-paragraph has-text-align-left\">\n<div class=\"mtn-body-text mtn-section paragraph\"><h2>Qu'est-ce que MTN GAME+<\/h2>\n<p>MTN Game+ est un service qui vous permet de t\u00e9l\u00e9charger et de jouer \u00e0 des jeux mobiles sur vos t\u00e9l\u00e9phones et appareils pouvant se connecter \u00e0 Internet. Ce service vous propose diff\u00e9rentes cat\u00e9gories de jeux parmi lesquelles vous pouvez choisir et profiter d'une exp\u00e9rience num\u00e9rique unique (disponible sous forme de plateforme mobile et d'application Android). En tant qu'abonn\u00e9, vous \u00eates automatiquement \u00e9ligible.<\/p>\n<h2>Comment \u00e7a marche<\/h2>\n<p>Vous pouvez acc\u00e9der \u00e0 MTN Game+ via le portail mobile \u00e0 cette adresse :\u00a0<a href=\"https:\/\/m.mtngame.cm\/\" target=\"_blank\" rel=\"noopener noreferrer\">https:\/\/m.mtngame.cm\/<\/a>. Sur ce portail, vous pouvez t\u00e9l\u00e9charger des jeux, vous abonner au service ou t\u00e9l\u00e9charger l'application Android Game+. Vous pouvez \u00e9galement acc\u00e9der \u00e0 Game+ par SMS en envoyant les mots-cl\u00e9s appropri\u00e9s au 8773 (voir ci-dessous). Vous recevrez alors la notification d'abonnement et le lien pour t\u00e9l\u00e9charger l'application Android. Selon votre mot-cl\u00e9 envoy\u00e9, vous aurez acc\u00e8s au service pendant 1 jour, 7 jours ou 30 jours. Pour le premier abonnement, vous disposez de 3 jours d'acc\u00e8s gratuit, et vous n'\u00eates factur\u00e9 qu'\u00e0 la fin de la p\u00e9riode d'essai.<\/p>\n\n<table id=\"tablepress-32\" class=\"tablepress tablepress-id-32\">\n<thead>\n<tr class=\"row-1\">\n\t<th class=\"column-1\">Plan<\/th><th class=\"column-2\">Mot cl\u00e9 \u00e0 envoyer par SMS<br \/>\n<\/th><th class=\"column-3\">P\u00e9riode<\/th>\n<\/tr>\n<\/thead>\n<tbody class=\"row-striping row-hover\">\n<tr class=\"row-2\">\n\t<td class=\"column-1\">journalier<\/td><td class=\"column-2\">JEU1<\/td><td class=\"column-3\">Un jour<\/td>\n<\/tr>\n<tr class=\"row-3\">\n\t<td class=\"column-1\">Hebdomadaire<\/td><td class=\"column-2\">JEU2<\/td><td class=\"column-3\">7 jours<\/td>\n<\/tr>\n<tr class=\"row-4\">\n\t<td class=\"column-1\">Mensuel<\/td><td class=\"column-2\">JEU3<\/td><td class=\"column-3\">30 jours<br \/>\n<\/td>\n<\/tr>\n<\/tbody>\n<\/table>\n<!-- #tablepress-32 from cache -->\n<p>Vous pouvez \u00e9galement vous abonner via le portail mobile (<a href=\"https:\/\/m.mtngame.cm\/\" target=\"_blank\" rel=\"noopener noreferrer\">https:\/\/m.mtngame.cm\/<\/a>) en cliquant sur le lien \u00ab Rejoindre le club \u00bb. Vous choisirez parmi les 3 cycles d'abonnement.<\/p>\n<h2>Combien \u00e7a co\u00fbte?<\/h2>\n\n<table id=\"tablepress-31\" class=\"tablepress tablepress-id-31\">\n<thead>\n<tr class=\"row-1\">\n\t<th class=\"column-1\">Validit\u00e9<\/th><th class=\"column-2\">Prix \u200b\u200b(FCFA)<\/th>\n<\/tr>\n<\/thead>\n<tbody class=\"row-striping row-hover\">\n<tr class=\"row-2\">\n\t<td class=\"column-1\">journalier<\/td><td class=\"column-2\">50<\/td>\n<\/tr>\n<tr class=\"row-3\">\n\t<td class=\"column-1\">Hebdomadaire<\/td><td class=\"column-2\">300<\/td>\n<\/tr>\n<tr class=\"row-4\">\n\t<td class=\"column-1\">Mensuel<\/td><td class=\"column-2\">700<\/td>\n<\/tr>\n<\/tbody>\n<\/table>\n<!-- #tablepress-31 from cache -->\n<section>\n<div class=\"container-fluid\">\n<div class=\"container\">\n<div class=\"row\">\n<p>Votre compte de donn\u00e9es est d\u00e9bit\u00e9 lorsque vous t\u00e9l\u00e9chargez un jeu. Lorsque vous n'avez pas de compte de donn\u00e9es, vous \u00eates factur\u00e9 \u00e0 partir de votre compte principal pour tous les t\u00e9l\u00e9chargements. Les achats effectu\u00e9s dans l'application sont factur\u00e9s \u00e0 partir du compte principal.<\/p>\n<\/div>\n<\/div>\n<\/div>\n<\/section>\n<section>\n<div class=\"container-fluid\">\n<div class=\"container\">\n<div class=\"row\">\n<div class=\"col-md-7\"><\/div>\n<\/div>\n<\/div>\n<\/div>\n<\/section>\n<\/div>\n<\/div>","protected":false},"excerpt":{"rendered":"","protected":false},"author":2,"featured_media":0,"parent":814,"menu_order":0,"comment_status":"closed","ping_status":"closed","template":"","meta":{"_acf_changed":false,"footnotes":""},"class_list":["post-13514","page","type-page","status-publish","hentry"],"acf":[],"_links":{"self":[{"href":"https:\/\/mtn.cm\/fr\/wp-json\/wp\/v2\/pages\/13514","targetHints":{"allow":["GET"]}}],"collection":[{"href":"https:\/\/mtn.cm\/fr\/wp-json\/wp\/v2\/pages"}],"about":[{"href":"https:\/\/mtn.cm\/fr\/wp-json\/wp\/v2\/types\/page"}],"author":[{"embeddable":true,"href":"https:\/\/mtn.cm\/fr\/wp-json\/wp\/v2\/users\/2"}],"replies":[{"embeddable":true,"href":"https:\/\/mtn.cm\/fr\/wp-json\/wp\/v2\/comments?post=13514"}],"version-history":[{"count":4,"href":"https:\/\/mtn.cm\/fr\/wp-json\/wp\/v2\/pages\/13514\/revisions"}],"predecessor-version":[{"id":13523,"href":"https:\/\/mtn.cm\/fr\/wp-json\/wp\/v2\/pages\/13514\/revisions\/13523"}],"up":[{"embeddable":true,"href":"https:\/\/mtn.cm\/fr\/wp-json\/wp\/v2\/pages\/814"}],"wp:attachment":[{"href":"https:\/\/mtn.cm\/fr\/wp-json\/wp\/v2\/media?parent=13514"}],"curies":[{"name":"wp","href":"https:\/\/api.w.org\/{rel}","templated":true}]}}